{"id":734,"date":"2011-10-02T01:01:22","date_gmt":"2011-10-02T01:01:22","guid":{"rendered":"http:\/\/banbientan.wordpress.com\/?page_id=734"},"modified":"2011-10-02T01:01:22","modified_gmt":"2011-10-02T01:01:22","slug":"k3ma-f","status":"publish","type":"page","link":"https:\/\/hunglong.banbientan.com\/?page_id=734","title":{"rendered":"K3MA-F \u0111o t\u1ea7n s\u1ed1"},"content":{"rendered":"<p><strong>\u0110\u1ed3ng h\u1ed3 \u0111o t\u1ea7n s\u1ed1 \/ t\u1ed1c \u0111\u1ed9\u00a0K3MA-F \u00a0<\/strong><br \/>\n<a href=\"https:\/\/banbientan.com\/wp-content\/uploads\/2011\/10\/k3ma-f_small.jpg\"><img loading=\"lazy\" decoding=\"async\" class=\"alignnone size-full wp-image-5007\" title=\"k3ma-f_small\" src=\"https:\/\/banbientan.com\/wp-content\/uploads\/2011\/10\/k3ma-f_small.jpg\" alt=\"\" width=\"180\" height=\"131\" \/><\/a><br \/>\n<strong><a href=\"https:\/\/banbientan.com\/wp-content\/uploads\/2011\/10\/tai-lieu-tieng-viet-K3MA-F.pdf\">T\u00e0i li\u1ec7u ti\u1ebfng vi\u1ec7t K3MA-F<\/a><\/strong><br \/>\n<strong><a href=\"https:\/\/banbientan.com\/wp-content\/uploads\/2011\/10\/tai-lieu-tieng-anh-K3MA-F.pdf\">T\u00e0i li\u1ec7u ti\u1ebfng anh K3MA-F<\/a><\/strong><br \/>\nM\u00e0n h\u00ecnh LCD c\u00f3 \u0111\u1ed9 hi\u1ec3n th\u1ecb cao v\u1edbi 2 m\u00e0u LED (\u0111\u1ecf v\u00e0 xanh).<br \/>\n\u0083\u00a0 \u0110\u1ea7u v\u00e0o ti\u1ebfp \u0111i\u1ec3m, NPN, PNP ho\u1eb7c xung \u0111i\u1ec7n \u00e1p<br \/>\n\u0083\u00a0 C\u00e0i \u0111\u1eb7t d\u1ec5 d\u00e0ng b\u1eb1ng ph\u00edm m\u1eb7t tr\u01b0\u1edbc<br \/>\n\u0083\u00a0 Ch\u1ee9c n\u0103ng \u0111o trung b\u00ecnh tri\u1ec7t ti\u00eau s\u1ef1 nh\u1ea5p nh\u00e1y m\u00e0n\u00a0 h\u00ecnh.<br \/>\n\u0083\u00a0 C\u00e1c ch\u1ee9c n\u0103ng bi\u1ebfn \u0111\u1ed5i t\u1ef7 l\u1ec7, th\u1eddi gian t\u1ef1 \u0111\u1ed9ng tr\u1edf v\u1ec1 0,\u00a0th\u1eddi gian b\u00f9 kh\u1edfi \u0111\u1ed9ng.<br \/>\n\u0083\u00a0 D\u1ec5 theo d\u00f5i gi\u00e1 tr\u1ecb t\u1ed1i \u0111a \/ t\u1ed1i thi\u1ec3u.<br \/>\n\u0083\u00a0 \u0110\u1ed9 s\u00e2u ch\u1ec9 80 mm (\u0111o t\u1eeb m\u00e9p m\u1eb7t tr\u01b0\u1edbc).<br \/>\n\u0083\u00a0 B\u1ecdc an to\u00e0n b\u1ea3o v\u1ec7 ch\u1ed1ng \u0111i\u1ec7n gi\u1eadt.<br \/>\n\u0083\u00a0 M\u1eb7t tr\u01b0\u1edbc kh\u00f4ng th\u1ea5m n\u01b0\u1edbc v\u00e0 b\u1ee5i ti\u00eau chu\u1ea9n\u0083\u00a0 NEMA4X (IP66).<br \/>\n<strong>Th\u00f4ng tin \u0111\u1eb7t h\u00e0ng<\/strong><\/p>\n<table style=\"width: 760px;\" border=\"0\" cellspacing=\"0\" cellpadding=\"0\">\n<tbody>\n<tr>\n<td valign=\"bottom\" nowrap=\"nowrap\" width=\"105\"><span style=\"font-size: small;\">Lo\u1ea1i \u0111\u1ea7u v\u00e0o<\/span><\/td>\n<td valign=\"bottom\" nowrap=\"nowrap\" width=\"183\"><span style=\"font-size: small;\">\u0110i\u1ec7n \u00e1p ngu\u1ed3n<\/span><\/td>\n<td valign=\"bottom\" nowrap=\"nowrap\" width=\"225\"><span style=\"font-size: small;\">\u0110\u1ea7u ra<\/span><\/td>\n<td valign=\"bottom\" nowrap=\"nowrap\" width=\"247\"><span style=\"font-size: small;\">Model<\/span><\/td>\n<\/tr>\n<tr>\n<td rowspan=\"4\" nowrap=\"nowrap\" width=\"105\">\n<p align=\"center\"><span style=\"font-size: small;\">Xung v\u00f2ng quay<\/span><\/p>\n<\/td>\n<td rowspan=\"2\" nowrap=\"nowrap\" width=\"183\">\n<p align=\"center\"><span style=\"font-size: small;\">100 &#8211; 240 VAC<\/span><\/p>\n<\/td>\n<td valign=\"bottom\" nowrap=\"nowrap\" width=\"225\"><span style=\"font-size: small;\">Kh\u00f4ng<\/span><\/td>\n<td valign=\"bottom\" nowrap=\"nowrap\" width=\"247\"><span style=\"font-size: small;\">K3MA-F 100-240VAC<\/span><\/td>\n<\/tr>\n<tr>\n<td valign=\"bottom\" nowrap=\"nowrap\" width=\"225\"><span style=\"font-size: small;\">2 \u0111\u1ea7u ra ti\u1ebfp \u0111i\u1ec3m r\u01a1 le (SPST-NO<\/span><\/td>\n<td valign=\"bottom\" nowrap=\"nowrap\" width=\"247\"><span style=\"font-size: small;\">K3MA-F-A2 100-240VAC<\/span><\/td>\n<\/tr>\n<tr>\n<td rowspan=\"2\" nowrap=\"nowrap\" width=\"183\">\n<p align=\"center\"><span style=\"font-size: small;\">24 VAC\/VDC<\/span><\/p>\n<\/td>\n<td valign=\"bottom\" nowrap=\"nowrap\" width=\"225\"><span style=\"font-size: small;\">Kh\u00f4ng<\/span><\/td>\n<td valign=\"bottom\" nowrap=\"nowrap\" width=\"247\"><span style=\"font-size: small;\">K3MA-F 24VAC\/VDC<\/span><\/td>\n<\/tr>\n<tr>\n<td valign=\"bottom\" nowrap=\"nowrap\" width=\"225\"><span style=\"font-size: small;\">2 \u0111\u1ea7u ra ti\u1ebfp \u0111i\u1ec3m r\u01a1 le (SPST-NO<\/span><\/td>\n<td valign=\"bottom\" nowrap=\"nowrap\" width=\"247\"><span style=\"font-size: small;\">K3MA-F-A2 24VAC\/VDC.<\/span><\/td>\n<\/tr>\n<\/tbody>\n<\/table>\n<p><strong>C\u00e1c v\u00ed d\u1ee5 \u1ee9ng d\u1ee5ng\u00a0<\/strong><br \/>\nHi\u1ec3n th\u1ecb t\u1ed1c \u0111\u1ed9 v\u1eadn chuy\u1ec3n d\u00e2y \u0111ai b\u0103ng t\u1ea3i<br \/>\n* Theo d\u00f5i t\u1ed1c\u00a0 \u0111\u1ed9 d\u00e2y chuy\u1ec1n trong ch\u1ebf bi\u1ebfn th\u1ef1c ph\u1ea9m, b\u0103ng t\u1ea3i.<br \/>\n<a href=\"https:\/\/banbientan.com\/wp-content\/uploads\/2011\/10\/K3MA_App07_conveyor_speed.jpg\"><img loading=\"lazy\" decoding=\"async\" class=\"alignnone size-full wp-image-5010\" title=\"K3MA_App07_conveyor_speed\" src=\"https:\/\/banbientan.com\/wp-content\/uploads\/2011\/10\/K3MA_App07_conveyor_speed.jpg\" alt=\"\" width=\"250\" height=\"186\" \/><\/a><br \/>\nTheo d\u00f5i v\u00f2ng quay c\u1ee7a\u00a0 m\u00e1y tr\u1ed9n<br \/>\n* C\u00e1c m\u00e1y tr\u1ed9n cho\u00a0 \u0111\u00fac khu\u00f4n ch\u1ea5t d\u1ebbo.<br \/>\n<a href=\"https:\/\/banbientan.com\/wp-content\/uploads\/2011\/10\/K3MA_App08_mixer_churner.jpg\"><img loading=\"lazy\" decoding=\"async\" class=\"alignnone size-full wp-image-5009\" title=\"K3MA_App08_mixer_churner\" src=\"https:\/\/banbientan.com\/wp-content\/uploads\/2011\/10\/K3MA_App08_mixer_churner.jpg\" alt=\"\" width=\"250\" height=\"186\" \/><\/a><br \/>\n* M\u00e1y ch\u1ebf bi\u1ebfn d\u1ea1ng b\u1ed9t \/ vi\u00ean, m\u00e1y t\u00e1ch ly t\u00e2m.<br \/>\nHi\u1ec3n th\u1ecb v\u00f2ng quay ho\u1eb7c t\u1ed1c \u0111\u1ed9 d\u00e2y chuy\u1ec1n t\u1eeb \u0111\u1ea7u ra c\u1ee7a bi\u1ebfn t\u1ea7n<br \/>\n<a href=\"https:\/\/banbientan.com\/wp-content\/uploads\/2011\/10\/K3MA_App09_inverter.jpg\"><img loading=\"lazy\" decoding=\"async\" class=\"alignnone size-full wp-image-5011\" title=\"K3MA_App09_inverter\" src=\"https:\/\/banbientan.com\/wp-content\/uploads\/2011\/10\/K3MA_App09_inverter.jpg\" alt=\"\" width=\"249\" height=\"186\" \/><\/a><br \/>\nL\u01b0u \u00fd: N\u1ebfu\u00a0 \u0111\u1ea7u ra t\u1eeb bi\u1ebfn t\u1ea7n l\u00e0 analog, d\u1ea1ng 0 t\u1edbi 10V: s\u1eed d\u1ee5ng K3MA-J.<br \/>\n* Theo d\u00f5i t\u1ed1c \u0111\u1ed9 b\u0103ng t\u1ea3i. * Thi\u1ebft b\u1ecb c\u01a1 gi\u1edbi (m\u00e1y nghi\u1ec1n,\u00a0 m\u00e1y \u0111\u00e1nh b\u00f3ng).<\/p>\n","protected":false},"excerpt":{"rendered":"<p>\u0110\u1ed3ng h\u1ed3 \u0111o t\u1ea7n s\u1ed1 \/ t\u1ed1c \u0111\u1ed9\u00a0K3MA-F \u00a0 T\u00e0i li\u1ec7u ti\u1ebfng vi\u1ec7t K3MA-F T\u00e0i li\u1ec7u ti\u1ebfng anh K3MA-F M\u00e0n h\u00ecnh LCD c\u00f3 \u0111\u1ed9 hi\u1ec3n th\u1ecb cao v\u1edbi 2 m\u00e0u LED (\u0111\u1ecf v\u00e0 xanh). \u0083\u00a0 \u0110\u1ea7u v\u00e0o ti\u1ebfp \u0111i\u1ec3m, NPN, PNP ho\u1eb7c xung \u0111i\u1ec7n \u00e1p \u0083\u00a0 C\u00e0i \u0111\u1eb7t d\u1ec5 d\u00e0ng b\u1eb1ng ph\u00edm m\u1eb7t tr\u01b0\u1edbc \u0083\u00a0 [&hellip;]<\/p>\n","protected":false},"author":2,"featured_media":5007,"parent":728,"menu_order":3,"comment_status":"open","ping_status":"open","template":"","meta":{"footnotes":""},"class_list":["post-734","page","type-page","status-publish","has-post-thumbnail","hentry"],"_links":{"self":[{"href":"https:\/\/hunglong.banbientan.com\/index.php?rest_route=\/wp\/v2\/pages\/734","targetHints":{"allow":["GET"]}}],"collection":[{"href":"https:\/\/hunglong.banbientan.com\/index.php?rest_route=\/wp\/v2\/pages"}],"about":[{"href":"https:\/\/hunglong.banbientan.com\/index.php?rest_route=\/wp\/v2\/types\/page"}],"author":[{"embeddable":true,"href":"https:\/\/hunglong.banbientan.com\/index.php?rest_route=\/wp\/v2\/users\/2"}],"replies":[{"embeddable":true,"href":"https:\/\/hunglong.banbientan.com\/index.php?rest_route=%2Fwp%2Fv2%2Fcomments&post=734"}],"version-history":[{"count":0,"href":"https:\/\/hunglong.banbientan.com\/index.php?rest_route=\/wp\/v2\/pages\/734\/revisions"}],"up":[{"embeddable":true,"href":"https:\/\/hunglong.banbientan.com\/index.php?rest_route=\/wp\/v2\/pages\/728"}],"wp:featuredmedia":[{"embeddable":true,"href":"https:\/\/hunglong.banbientan.com\/index.php?rest_route=\/"}],"wp:attachment":[{"href":"https:\/\/hunglong.banbientan.com\/index.php?rest_route=%2Fwp%2Fv2%2Fmedia&parent=734"}],"curies":[{"name":"wp","href":"https:\/\/api.w.org\/{rel}","templated":true}]}}