{"id":738,"date":"2011-10-02T01:03:20","date_gmt":"2011-10-01T18:03:20","guid":{"rendered":"http:\/\/banbientan.wordpress.com\/?page_id=738"},"modified":"2011-10-02T01:03:20","modified_gmt":"2011-10-01T18:03:20","slug":"e2a","status":"publish","type":"page","link":"https:\/\/hunglong.banbientan.com\/?page_id=738","title":{"rendered":"E2A th\u00f4ng d\u1ee5ng"},"content":{"rendered":"<p>C\u1ea3m bi\u1ebfn ti\u1ec7m c\u1eadn E2A, th\u00f4ng d\u1ee5ng, kinh t\u1ebf.<br \/>\n<a href=\"https:\/\/banbientan.com\/wp-content\/uploads\/2011\/10\/cam-bien-tiem-can-E2E.jpg\"><img loading=\"lazy\" decoding=\"async\" class=\"alignnone size-full wp-image-4798\" title=\"cam bien tiem can E2E\" src=\"https:\/\/banbientan.com\/wp-content\/uploads\/2011\/10\/cam-bien-tiem-can-E2E.jpg\" alt=\"\" width=\"292\" height=\"184\" \/><\/a><br \/>\n<strong><a href=\"https:\/\/banbientan.com\/wp-content\/uploads\/2011\/09\/e2a.pdf\">T\u00e0i li\u1ec7u ti\u1ebfng vi\u1ec7t E2A<\/a><\/strong><br \/>\n<strong><a href=\"https:\/\/banbientan.com\/wp-content\/uploads\/2011\/10\/e2a.pdf\">Catalog ti\u1ebfng anh E2A<\/a><\/strong><\/p>\n<ul>\n<li>\u0110a ch\u1ee9c n\u0103ng, kho\u1ea3ng c\u00e1ch ph\u00e1t hi\u1ec7n t\u1edbi 30mm<\/li>\n<li>\u0083 Ti\u00eau chu\u1ea9n \u0111\u1ed9 k\u00edn n\u01b0\u1edbc t\u1edbi IP69k (cao nh\u1ea5t).<\/li>\n<li>\u0083 V\u1ecf b\u1ecdc \u0111\u1ed3ng thau ho\u1eb7c th\u00e9p kh\u00f4ng g\u1ec9 cho \u0111\u1ed9 b\u1ec1n cao<\/li>\n<li>\u0083 C\u00f3 \u0111\u1ee7 c\u00e1c k\u00edch c\u1ee1 ti\u00eau chu\u1ea9n (M8, M12, M18 v\u00e0 M30), th\u00e2n d\u00e0i ho\u1eb7c ng\u1eafn, d\u00e2y n\u1ed1i ho\u1eb7c d\u00e2y li\u1ec1n<\/li>\n<li>\u0083 C\u00e1c model DC 2 d\u00e2y, 3 d\u00e2y v\u00e0 4 d\u00e2y (NO+NC)<\/li>\n<li>\u00a0Gi\u00e1 th\u1ea5p nh\u1ea5t cho lo\u1ea1i h\u00ecnh tr\u1ee5 v\u1ecf kim lo\u1ea1i<\/li>\n<li>\u00a0Ngu\u1ed3n\u00a012-24\u00a0DC<\/li>\n<\/ul>\n<p>Model th\u00f4ng d\u1ee5ng:<\/p>\n<table style=\"width: 601px;\" border=\"0\" cellspacing=\"0\" cellpadding=\"0\">\n<tbody>\n<tr>\n<td valign=\"bottom\" nowrap=\"nowrap\" width=\"49\">kich th\u01b0\u1edbc<\/td>\n<td valign=\"bottom\" nowrap=\"nowrap\" width=\"48\">\u0110\u1ea7u ra<\/td>\n<td valign=\"bottom\" nowrap=\"nowrap\" width=\"252\">Ch\u1ebf \u0111\u1ed9 ho\u1ea1t \u0111\u1ed9ng th\u01b0\u1eddng m\u1edf(NO)<\/td>\n<td valign=\"bottom\" nowrap=\"nowrap\" width=\"252\">Ch\u1ebf \u0111\u1ed9 ho\u1ea1t \u0111\u1ed9ng th\u01b0\u1eddng \u0111\u00f3ng(NC)<\/td>\n<\/tr>\n<tr>\n<td valign=\"bottom\" nowrap=\"nowrap\" width=\"49\">\u00a0M8<\/td>\n<td valign=\"bottom\" nowrap=\"nowrap\" width=\"48\">PNP<\/td>\n<td valign=\"bottom\" nowrap=\"nowrap\" width=\"252\">E2A-S08KN04-WP-B1 2M<\/td>\n<td valign=\"bottom\" nowrap=\"nowrap\" width=\"252\">E2A-S08KN04-WP-B2 2M<\/td>\n<\/tr>\n<tr>\n<td valign=\"bottom\" nowrap=\"nowrap\" width=\"49\">\u00a0M8<\/td>\n<td valign=\"bottom\" nowrap=\"nowrap\" width=\"48\">NPN<\/td>\n<td valign=\"bottom\" nowrap=\"nowrap\" width=\"252\">E2A-S08KN04-WP-C1 2M<\/td>\n<td valign=\"bottom\" nowrap=\"nowrap\" width=\"252\">E2A-S08KN04-WP-C2 2M<\/td>\n<\/tr>\n<tr>\n<td valign=\"bottom\" nowrap=\"nowrap\" width=\"49\">M12<\/td>\n<td valign=\"bottom\" nowrap=\"nowrap\" width=\"48\">PNP<\/td>\n<td valign=\"bottom\" nowrap=\"nowrap\" width=\"252\">E2A-M12KN08-WP-B1 2M<\/td>\n<td valign=\"bottom\" nowrap=\"nowrap\" width=\"252\">E2A-M12KN08-WP-B2 2M<\/td>\n<\/tr>\n<tr>\n<td valign=\"bottom\" nowrap=\"nowrap\" width=\"49\">M12<\/td>\n<td valign=\"bottom\" nowrap=\"nowrap\" width=\"48\">NPN<\/td>\n<td valign=\"bottom\" nowrap=\"nowrap\" width=\"252\">E2A-M12KN08-WP-C1 2M<\/td>\n<td valign=\"bottom\" nowrap=\"nowrap\" width=\"252\">E2A-M12KN08-WP-C2 2M<\/td>\n<\/tr>\n<tr>\n<td valign=\"bottom\" nowrap=\"nowrap\" width=\"49\">M18<\/td>\n<td valign=\"bottom\" nowrap=\"nowrap\" width=\"48\">PNP<\/td>\n<td valign=\"bottom\" nowrap=\"nowrap\" width=\"252\">E2A-M18KN16-WP-B1 2M<\/td>\n<td valign=\"bottom\" nowrap=\"nowrap\" width=\"252\">E2A-M18KN16-WP-B2 2M<\/td>\n<\/tr>\n<tr>\n<td valign=\"bottom\" nowrap=\"nowrap\" width=\"49\">M18<\/td>\n<td valign=\"bottom\" nowrap=\"nowrap\" width=\"48\">NPN<\/td>\n<td valign=\"bottom\" nowrap=\"nowrap\" width=\"252\">E2A-M18KN16-WP-C1 2M<\/td>\n<td valign=\"bottom\" nowrap=\"nowrap\" width=\"252\">E2A-M18KN16-WP-C2 2M<\/td>\n<\/tr>\n<tr>\n<td valign=\"bottom\" nowrap=\"nowrap\" width=\"49\">M30<\/td>\n<td valign=\"bottom\" nowrap=\"nowrap\" width=\"48\">PNP<\/td>\n<td valign=\"bottom\" nowrap=\"nowrap\" width=\"252\">E2A-M30KN20-WP-B1 2M<\/td>\n<td valign=\"bottom\" nowrap=\"nowrap\" width=\"252\">E2A-M30KN20-WP-B2 2M<\/td>\n<\/tr>\n<tr>\n<td valign=\"bottom\" nowrap=\"nowrap\" width=\"49\">M30<\/td>\n<td valign=\"bottom\" nowrap=\"nowrap\" width=\"48\">NPN<\/td>\n<td valign=\"bottom\" nowrap=\"nowrap\" width=\"252\">E2A-M30KN20-WP-C1 2M<\/td>\n<td valign=\"bottom\" nowrap=\"nowrap\" width=\"252\">E2A-M30KN20-WP-C2 2M<\/td>\n<\/tr>\n<\/tbody>\n<\/table>\n","protected":false},"excerpt":{"rendered":"<p>C\u1ea3m bi\u1ebfn ti\u1ec7m c\u1eadn E2A, th\u00f4ng d\u1ee5ng, kinh t\u1ebf. T\u00e0i li\u1ec7u ti\u1ebfng vi\u1ec7t E2A Catalog ti\u1ebfng anh E2A \u0110a ch\u1ee9c n\u0103ng, kho\u1ea3ng c\u00e1ch ph\u00e1t hi\u1ec7n t\u1edbi 30mm \u0083 Ti\u00eau chu\u1ea9n \u0111\u1ed9 k\u00edn n\u01b0\u1edbc t\u1edbi IP69k (cao nh\u1ea5t). \u0083 V\u1ecf b\u1ecdc \u0111\u1ed3ng thau ho\u1eb7c th\u00e9p kh\u00f4ng g\u1ec9 cho \u0111\u1ed9 b\u1ec1n cao \u0083 C\u00f3 \u0111\u1ee7 c\u00e1c k\u00edch [&hellip;]<\/p>\n","protected":false},"author":2,"featured_media":0,"parent":101,"menu_order":2,"comment_status":"open","ping_status":"closed","template":"","meta":{"footnotes":""},"class_list":["post-738","page","type-page","status-publish","hentry"],"_links":{"self":[{"href":"https:\/\/hunglong.banbientan.com\/index.php?rest_route=\/wp\/v2\/pages\/738","targetHints":{"allow":["GET"]}}],"collection":[{"href":"https:\/\/hunglong.banbientan.com\/index.php?rest_route=\/wp\/v2\/pages"}],"about":[{"href":"https:\/\/hunglong.banbientan.com\/index.php?rest_route=\/wp\/v2\/types\/page"}],"author":[{"embeddable":true,"href":"https:\/\/hunglong.banbientan.com\/index.php?rest_route=\/wp\/v2\/users\/2"}],"replies":[{"embeddable":true,"href":"https:\/\/hunglong.banbientan.com\/index.php?rest_route=%2Fwp%2Fv2%2Fcomments&post=738"}],"version-history":[{"count":0,"href":"https:\/\/hunglong.banbientan.com\/index.php?rest_route=\/wp\/v2\/pages\/738\/revisions"}],"up":[{"embeddable":true,"href":"https:\/\/hunglong.banbientan.com\/index.php?rest_route=\/wp\/v2\/pages\/101"}],"wp:attachment":[{"href":"https:\/\/hunglong.banbientan.com\/index.php?rest_route=%2Fwp%2Fv2%2Fmedia&parent=738"}],"curies":[{"name":"wp","href":"https:\/\/api.w.org\/{rel}","templated":true}]}}