{"id":7405,"date":"2012-07-30T09:57:34","date_gmt":"2012-07-30T02:57:34","guid":{"rendered":"https:\/\/banbientan.com\/?page_id=7405"},"modified":"2012-07-30T09:57:34","modified_gmt":"2012-07-30T02:57:34","slug":"inverter-invt","status":"publish","type":"page","link":"https:\/\/hunglong.banbientan.com\/?page_id=7405","title":{"rendered":"\u1ee8ng d\u1ee5ng"},"content":{"rendered":"<p><a href=\"https:\/\/banbientan.com\/wp-content\/uploads\/2012\/07\/980-x-230-industries.jpg\"><img loading=\"lazy\" decoding=\"async\" class=\"alignnone size-full wp-image-7663\" title=\"980-x-230-industries\" src=\"https:\/\/banbientan.com\/wp-content\/uploads\/2012\/07\/980-x-230-industries.jpg\" alt=\"\" width=\"980\" height=\"230\" \/><\/a><br \/>\nThi\u1ebft b\u1ecb OMRON v\u00e0\u00a0Control Techniques S\u1eed d\u1ee5ng cho nhi\u1ec1u \u1ee9ng d\u1ee5ng v\u00e0 nhi\u1ec1u ng\u00e0nh c\u00f4ng nghi\u1ec7p kh\u00e1c nhau, t\u1eeb \u0111\u01a1n gi\u1ea3n \u0111\u1ebfn ph\u1ee9c t\u1ea1p, lu\u00f4n c\u00f3 s\u1ea3n ph\u1ea9m \u0111\u1ec3 \u0111\u00e1p \u1ee9ng c\u00e1c nhu c\u1ea7u.<\/p>\n<ol>\n<li><a title=\"Permalink to Gi\u1ea5y\" href=\"https:\/\/banbientan.com\/ung-dung-tu-dong-hoa-trong-cong-nghiep\/giay\/\" rel=\"bookmark\">Gi\u1ea5y<\/a><\/li>\n<li><a title=\"Permalink to D\u00e2y v\u00e0 c\u00e1p\" href=\"https:\/\/banbientan.com\/ung-dung-tu-dong-hoa-trong-cong-nghiep\/day-va-cap\/\" rel=\"bookmark\">D\u00e2y v\u00e0 c\u00e1p<\/a><\/li>\n<li><a title=\"Permalink to N\u01b0\u1edbc v\u00e0 n\u01b0\u1edbc th\u1ea3i\" href=\"https:\/\/banbientan.com\/ung-dung-tu-dong-hoa-trong-cong-nghiep\/nuoc-va-nuoc-thai\/\" rel=\"bookmark\">N\u01b0\u1edbc v\u00e0 n\u01b0\u1edbc th\u1ea3i<\/a><\/li>\n<li><a title=\"Permalink to N\u0103ng l\u01b0\u1ee3ng m\u1eb7t tr\u1eddi\" href=\"https:\/\/banbientan.com\/ung-dung-tu-dong-hoa-trong-cong-nghiep\/nang-luong-mat-troi\/\" rel=\"bookmark\">N\u0103ng l\u01b0\u1ee3ng m\u1eb7t tr\u1eddi<\/a><\/li>\n<li><a title=\"Permalink to Nh\u1ef1a v\u00e0 cao su\" href=\"https:\/\/banbientan.com\/ung-dung-tu-dong-hoa-trong-cong-nghiep\/nhua-va-cao-su\/\" rel=\"bookmark\">Nh\u1ef1a v\u00e0 cao su<\/a><\/li>\n<li><a title=\"Permalink to Nghi\u00ean c\u1ee9u n\u0103ng l\u01b0\u1ee3ng\" href=\"https:\/\/banbientan.com\/ung-dung-tu-dong-hoa-trong-cong-nghiep\/nghien-cuu-nang-luong-tai-tao\/\" rel=\"bookmark\">Nghi\u00ean c\u1ee9u n\u0103ng l\u01b0\u1ee3ng<\/a><\/li>\n<li><a title=\"Permalink to In \u1ea5n\" href=\"https:\/\/banbientan.com\/ung-dung-tu-dong-hoa-trong-cong-nghiep\/in-an\/\" rel=\"bookmark\">In \u1ea5n<\/a><\/li>\n<li><a title=\"Permalink to V\u1eadn chuy\u1ec3n v\u00e0 h\u00e0ng h\u00f3a\" href=\"https:\/\/banbientan.com\/ung-dung-tu-dong-hoa-trong-cong-nghiep\/van-chuyen-va-hang-hoa\/\" rel=\"bookmark\">V\u1eadn chuy\u1ec3n v\u00e0 h\u00e0ng h\u00f3a<\/a><\/li>\n<li><a title=\"Permalink to M\u00e1y \u0111\u00f3ng g\u00f3i\" href=\"https:\/\/banbientan.com\/ung-dung-tu-dong-hoa-trong-cong-nghiep\/may-dong-goi\/\" rel=\"bookmark\">M\u00e1y \u0111\u00f3ng g\u00f3i<\/a><\/li>\n<li><a title=\"Permalink to Ch\u1ebf t\u1ea1o m\u00e1y\" href=\"https:\/\/banbientan.com\/ung-dung-tu-dong-hoa-trong-cong-nghiep\/che-tao-may\/\" rel=\"bookmark\">Ch\u1ebf t\u1ea1o m\u00e1y<\/a><\/li>\n<li><a title=\"Permalink to Khai kho\u00e1ng &amp; Xi m\u0103ng\" href=\"https:\/\/banbientan.com\/ung-dung-tu-dong-hoa-trong-cong-nghiep\/khai-khoang-xi-mang\/\" rel=\"bookmark\">Khai kho\u00e1ng &amp; Xi m\u0103ng<\/a><\/li>\n<li><a title=\"Permalink to Kim lo\u1ea1i\" href=\"https:\/\/banbientan.com\/ung-dung-tu-dong-hoa-trong-cong-nghiep\/kim-loai\/\" rel=\"bookmark\">Kim lo\u1ea1i<\/a><\/li>\n<li><a title=\"Permalink to V\u1eadn chuy\u1ec3n l\u01b0u d\u1eef v\u1eadt li\u1ec7u\" href=\"https:\/\/banbientan.com\/ung-dung-tu-dong-hoa-trong-cong-nghiep\/van-chuyen-va-luu-du-vat-lieu\/\" rel=\"bookmark\">V\u1eadn chuy\u1ec3n l\u01b0u d\u1eef v\u1eadt li\u1ec7u<\/a><\/li>\n<li><a title=\"Permalink to Thang m\u00e1y &amp; Thang cu\u1ed1n\" href=\"https:\/\/banbientan.com\/ung-dung-tu-dong-hoa-trong-cong-nghiep\/thang-may-thang-cuon\/\" rel=\"bookmark\">Thang m\u00e1y &amp; Thang cu\u1ed1n<\/a><\/li>\n<li><a title=\"Permalink to L\u00e2m nghi\u1ec7p &amp; Ch\u1ebf bi\u1ebfn g\u1ed7\" href=\"https:\/\/banbientan.com\/ung-dung-tu-dong-hoa-trong-cong-nghiep\/lam-nghiep-che-bien-go\/\" rel=\"bookmark\">L\u00e2m nghi\u1ec7p &amp; Ch\u1ebf bi\u1ebfn g\u1ed7<\/a><\/li>\n<li><a title=\"Permalink to C\u1ea7u tr\u1ee5c &amp; C\u1ea7u c\u1ea3ng\" href=\"https:\/\/banbientan.com\/ung-dung-tu-dong-hoa-trong-cong-nghiep\/cau-truc-va-cau-cang\/\" rel=\"bookmark\">C\u1ea7u tr\u1ee5c &amp; C\u1ea7u c\u1ea3ng<\/a><\/li>\n<\/ol>\n","protected":false},"excerpt":{"rendered":"<p>Thi\u1ebft b\u1ecb OMRON v\u00e0\u00a0Control Techniques S\u1eed d\u1ee5ng cho nhi\u1ec1u \u1ee9ng d\u1ee5ng v\u00e0 nhi\u1ec1u ng\u00e0nh c\u00f4ng nghi\u1ec7p kh\u00e1c nhau, t\u1eeb \u0111\u01a1n gi\u1ea3n \u0111\u1ebfn ph\u1ee9c t\u1ea1p, lu\u00f4n c\u00f3 s\u1ea3n ph\u1ea9m \u0111\u1ec3 \u0111\u00e1p \u1ee9ng c\u00e1c nhu c\u1ea7u. Gi\u1ea5y D\u00e2y v\u00e0 c\u00e1p N\u01b0\u1edbc v\u00e0 n\u01b0\u1edbc th\u1ea3i N\u0103ng l\u01b0\u1ee3ng m\u1eb7t tr\u1eddi Nh\u1ef1a v\u00e0 cao su Nghi\u00ean c\u1ee9u n\u0103ng l\u01b0\u1ee3ng In [&hellip;]<\/p>\n","protected":false},"author":2,"featured_media":0,"parent":0,"menu_order":6,"comment_status":"open","ping_status":"closed","template":"","meta":{"footnotes":""},"class_list":["post-7405","page","type-page","status-publish","hentry"],"_links":{"self":[{"href":"https:\/\/hunglong.banbientan.com\/index.php?rest_route=\/wp\/v2\/pages\/7405","targetHints":{"allow":["GET"]}}],"collection":[{"href":"https:\/\/hunglong.banbientan.com\/index.php?rest_route=\/wp\/v2\/pages"}],"about":[{"href":"https:\/\/hunglong.banbientan.com\/index.php?rest_route=\/wp\/v2\/types\/page"}],"author":[{"embeddable":true,"href":"https:\/\/hunglong.banbientan.com\/index.php?rest_route=\/wp\/v2\/users\/2"}],"replies":[{"embeddable":true,"href":"https:\/\/hunglong.banbientan.com\/index.php?rest_route=%2Fwp%2Fv2%2Fcomments&post=7405"}],"version-history":[{"count":0,"href":"https:\/\/hunglong.banbientan.com\/index.php?rest_route=\/wp\/v2\/pages\/7405\/revisions"}],"wp:attachment":[{"href":"https:\/\/hunglong.banbientan.com\/index.php?rest_route=%2Fwp%2Fv2%2Fmedia&parent=7405"}],"curies":[{"name":"wp","href":"https:\/\/api.w.org\/{rel}","templated":true}]}}