{"id":7407,"date":"2012-07-30T10:05:00","date_gmt":"2012-07-30T03:05:00","guid":{"rendered":"https:\/\/banbientan.com\/?page_id=7407"},"modified":"2012-07-30T10:05:00","modified_gmt":"2012-07-30T03:05:00","slug":"cau-truc-va-cau-cang","status":"publish","type":"page","link":"https:\/\/hunglong.banbientan.com\/?page_id=7407","title":{"rendered":"C\u1ea7u tr\u1ee5c &#038; C\u1ea7u c\u1ea3ng"},"content":{"rendered":"<p><strong>C\u1ea6U C\u1ea2NG<\/strong><br \/>\n<a href=\"https:\/\/banbientan.com\/wp-content\/uploads\/2012\/07\/cau-truc.jpg\"><img loading=\"lazy\" decoding=\"async\" class=\"alignnone size-large wp-image-7408\" title=\"cau truc\" src=\"https:\/\/banbientan.com\/wp-content\/uploads\/2012\/07\/cau-truc-1024x222.jpg\" alt=\"\" width=\"620\" height=\"134\" \/><\/a><br \/>\nC\u00e1c b\u1ed9 \u0111i\u1ec1u khi\u1ec3n c\u1ee7a Control Techniques \u0111\u00e3 \u0111\u01b0\u1ee3c l\u1eafp \u0111\u1eb7t nhi\u1ec1u c\u1ea3ng tr\u00ean to\u00e0n th\u1ebf gi\u1edbi. C\u00e1c b\u1ed9 \u0111i\u1ec1u khi\u1ec3n v\u1edbi t\u00ednh n\u0103ng linh ho\u1ea1t cao c\u1ea5p, \u0111\u00e1p \u1ee9ng \u0111\u1ed9ng m\u1ea1nh m\u1ebd, r\u1ea5t g\u1ecdn v\u00e0 gi\u1ea3i c\u00f4ng su\u1ea5t r\u1ed9ng, l\u00e0 gi\u1ea3i ph\u00e1p l\u00fd t\u01b0\u1edfng cho vi\u1ec7c l\u1eafp \u0111\u1eb7t ngay tr\u00ean c\u00e1c c\u1ea7u c\u1ea3ng v\u00e0 thi\u1ebft b\u1ecb. C\u00e1c \u1ee9ng d\u1ee5ng ti\u00eau bi\u1ec3u l\u00e0 :<br \/>\n<strong>C\u1ea7u tr\u1ee5c Container<\/strong><strong><\/strong><br \/>\n\u00b7\u00a0\u00a0\u00a0\u00a0\u00a0\u00a0\u00a0\u00a0Chuy\u1ec3n t\u1eeb t\u00e0u v\u00e0o b\u1edd (ship to shore).<br \/>\n\u00b7\u00a0\u00a0\u00a0\u00a0\u00a0\u00a0\u00a0\u00a0C\u1ea9u b\u00e1nh cao su (Rubber type grantry- RTG)<br \/>\n\u00b7\u00a0\u00a0\u00a0\u00a0\u00a0\u00a0\u00a0\u00a0C\u1ea9u tr\u00ean\u00a0 ray (rail mounted grantry- RMG)<br \/>\n\u00b7\u00a0\u00a0\u00a0\u00a0\u00a0\u00a0\u00a0\u00a0C\u1ea9u ch\u00e2n \u0111\u1ebf (Straddle Carriers)<br \/>\n<strong>V\u1eadn chuy\u1ec3n h\u00e0ng h\u00f3a<\/strong><strong><\/strong><br \/>\n\u00b7\u00a0\u00a0\u00a0\u00a0\u00a0\u00a0\u00a0D\u1ee1 h\u00e0ng t\u1eeb thuy\u1ec1n (Ship Unloaders).<br \/>\n\u00b7\u00a0\u00a0\u00a0\u00a0\u00a0\u00a0\u00a0D\u1ee1 h\u00e0ng b\u1eb1ng g\u00e0u ngo\u1eb7m ( Grab Unloaders ).<br \/>\n\u00b7\u00a0\u00a0\u00a0\u00a0\u00a0\u00a0\u00a0G\u00e0u quay (Slewing Grab).<br \/>\n\u00b7\u00a0\u00a0\u00a0\u00a0\u00a0\u00a0\u00a0G\u00e0u tr\u00ean x\u00e0 lan (Barge Mounted Grab)<strong>\u00a0<\/strong><br \/>\n<strong>H\u00e0ng h\u00f3a<\/strong><strong><\/strong><br \/>\n\u00b7\u00a0\u00a0\u00a0\u00a0\u00a0\u00a0\u00a0C\u1ea7n c\u1ea9u \u0111\u01a1n (Single Boom).<br \/>\n\u00b7\u00a0\u00a0\u00a0\u00a0\u00a0\u00a0\u00a0C\u1ea7n c\u1ea9u \u0111\u00f4i (Double Boom )<br \/>\n\u00b7\u00a0\u00a0\u00a0\u00a0\u00a0\u00a0\u00a0C\u1ea7n tr\u1ee5c c\u1ef1c l\u1edbn (Goliath Overhead )\u00a0<strong>\u00a0<\/strong><br \/>\n<strong>C\u1ea6U TR\u1ee4C TRONG NH\u00c0 M\u00c1Y<\/strong><br \/>\nGi\u1ea3i s\u1ea3n ph\u1ea9m Unidrive SP &amp; Commander SK v\u1edbi t\u00ednh n\u0103ng linh ho\u1ea1t , \u0111\u00e1p \u1ee9ng \u0111\u1ed9ng m\u1ea1nh m\u1ebd v\u00e0 c\u00f4ng su\u1ea5t r\u1ed9ng \u0111\u00e1p \u1ee9ng cho c\u00e1c \u1ee9ng d\u1ee5ng n\u00e2ng &amp; h\u1ea1 c\u1ee7a b\u1ea1n. T\u1eeb t\u1ea3i c\u00f3 t\u1ea3i tr\u1ecdng nh\u1ecf \u0111\u1ebfn t\u1ea3i l\u00ean h\u00e0ng tr\u0103m t\u1ea5n th\u00e9p n\u00f3ng ch\u1ea3y, c\u00e1c b\u1ed9 \u0111i\u1ec1u khi\u1ec3n c\u1ee7a Control Techniques b\u1ea3o \u0111\u1ea3m ho\u1ea1t \u0111\u1ed9ng tin c\u1eady.<br \/>\nC\u00e1c \u1ee9ng d\u1ee5ng ti\u00eau bi\u1ec3u trong c\u00f4ng nghi\u1ec7p l\u00e0 :<br \/>\n\u00b7\u00a0\u00a0\u00a0\u00a0\u00a0\u00a0\u00a0Th\u00e9p cu\u1ed9n, th\u00e9p thanh v\u00e0 th\u00e9p t\u1ea5m.<br \/>\n\u00b7\u00a0\u00a0\u00a0\u00a0\u00a0\u00a0\u00a0S\u1ea3n xu\u1ea5t &amp; ch\u1ebf bi\u1ebfn gi\u1ea5y.<br \/>\n\u00b7\u00a0\u00a0\u00a0\u00a0\u00a0\u00a0\u00a0V\u1eadn chuy\u1ec3n th\u1ef1c ph\u1ea9m s\u1ed1 l\u01b0\u1ee3ng l\u1edbn.<br \/>\n\u00b7\u00a0\u00a0\u00a0\u00a0\u00a0\u00a0\u00a0Trong ng\u00e0nh c\u00f4ng nghi\u1ec7p \u00f4 t\u00f4.<br \/>\n\u00b7\u00a0\u00a0\u00a0\u00a0\u00a0\u00a0\u00a0Trong ng\u00e0nh v\u1eadt li\u1ec7u x\u00e2y d\u1ef1ng.<br \/>\n<strong>KHO<\/strong><br \/>\n<strong><\/strong><strong><span style=\"text-decoration: underline;\">\u00a0\u00a0<\/span><\/strong>H\u1ec7 th\u1ed1ng v\u1eadn chuy\u1ec3n l\u01b0u tr\u1eef kho t\u1ef1 \u0111\u1ed9ng l\u00e0 th\u00e0nh ph\u1ea7n quan tr\u1ecdng trong c\u00e1c d\u1ecbch v\u1ee5 h\u1eadu c\u1ea7n hi\u1ec7n \u0111\u1ea1i. C\u00e1c si\u00eau th\u1ecb, kh\u00e1ch s\u1ea1n v\u00e0 c\u00e1c c\u00f4ng ty xu\u1ea5t nh\u1eadp kh\u1ea9u v\u00e0 c\u00e1c c\u00f4ng ty chuy\u00ean ph\u1ee5 v\u1ee5 h\u1eadu c\u1ea7n y\u00eau c\u1ea7u kh\u1ea3 n\u0103ng c\u1ea5t gi\u1eef h\u00e0ng h\u00f3a l\u01a1n \u0111\u1ec3 ph\u1ee5c v\u1ee5 kh\u00e1ch h\u00e0ng. C\u00e1c b\u1ed9 \u0111i\u1ec1u khi\u1ec3n c\u1ee7a ch\u00fang t\u00f4i \u0111\u01b0\u1ee3c s\u1eed d\u1ee5ng r\u1ed9ng r\u00e3i trong h\u1ec7 th\u1ed1ng c\u1ea7u tr\u1ee5c trong kho tr\u00ean to\u00e0n c\u1ea7u.<br \/>\n<strong>H\u1ec7 th\u1ed1ng \u0111i\u1ec1u khi\u1ec3n m\u1edbi cho c\u00e1c c\u1ea7u tr\u1ee5c \u0111ang s\u1eed d\u1ee5ng<\/strong><br \/>\nC\u00f4ng ngh\u1ec7 \u0111i\u1ec1u khi\u1ec3n AC &amp; DC c\u1ee7a Control Techniques cho ph\u00e9p ch\u00fang t\u00f4i cung c\u1ea5p th\u00f4ng tin v\u00e0 t\u01b0 v\u1ea5n chi\u1ec1n l\u01b0\u1ee3c n\u00e2ng c\u1ea5p \u0111\u00f9ng v\u00e0 ch\u00ednh x\u00e1c cho c\u00e1c c\u1ea7u tr\u1ee5c hi\u1ec7n \u0111ang s\u1eed d\u1ee5ng c\u1ee7a kh\u00e1ch h\u00e0ng. Trong r\u1ea5t nhi\u1ec1u tr\u01b0\u1eddng h\u1ee3p, vi\u1ec7c gi\u1eef l\u1ea1i \u0111\u1ed9ng c\u01a1 DC v\u00e0 n\u00e2ng c\u1ea5p h\u1ec7 th\u1ed1ng \u0111i\u1ec1u khi\u1ec3n truy\u1ec1n \u0111\u1ed9ng d\u00f9ng b\u1ed9 \u0111i\u1ec1u khi\u1ec3n DC v\u1edbi s\u1ea3n ph\u1ea9m Mentor MP l\u00e0 \u0111\u01a1n gi\u1ea3n v\u00e0 hi\u1ec7u qu\u1ea3 v\u1ec1 gi\u00e1 th\u00e0nh trong vi\u1ec7c n\u00e2ng c\u1ea5p t\u1eebng ph\u1ea7n v\u00e0 gi\u1ea3m thi\u1ec3u th\u1eddi gian ng\u1eebng m\u00e1y.<br \/>\n<strong>Ki\u1ec3m so\u00e1t k\u1ef9 thu\u1eadt s\u1ea3n ph\u1ea9m cho ng\u00e0nh c\u00f4ng nghi\u1ec7p C\u1ea7u tr\u1ee5c &amp; C\u1ea7u c\u1ea3ng<\/strong><br \/>\n<a href=\"https:\/\/banbientan.com\/dc-driver\/mentor-mp\/\"><strong>Mentor MP\u00a0<\/strong><\/a><\/p>\n<div>\n<strong>B\u1ed9 \u0111i\u1ec1u khi\u1ec3n t\u00ednh n\u0103ng , hi\u1ec7u su\u1ea5t v\u00e0 \u0111\u00e1p \u1ee9ng c\u1ea5p cao ( 25A- 7400A).<\/strong><strong><\/strong><br \/>\nMentor MP l\u00e0 b\u1ed9 \u0111i\u1ec1u khi\u1ec3n DC hi\u1ec7n \u0111\u1ea1i d\u1ef1a tr\u00ean n\u1ec1n t\u1ea3ng c\u00f4ng ngh\u1ec7 \u0111i\u1ec1u khi\u1ec3n AC hi\u1ec7n t\u1ea1i c\u1ee7a Control Techniques.<br \/>\n<a href=\"https:\/\/banbientan.com\/wp-content\/uploads\/2012\/07\/mentor-mp-2.jpg\"><img loading=\"lazy\" decoding=\"async\" title=\"mentor-mp-2\" src=\"https:\/\/banbientan.com\/wp-content\/uploads\/2012\/07\/mentor-mp-2.jpg\" alt=\"mentor mp 2 Mentor MP\" width=\"170\" height=\"230\" \/><\/a><a href=\"https:\/\/banbientan.com\/wp-content\/uploads\/2012\/07\/mentor-mp-3.jpg\"><img loading=\"lazy\" decoding=\"async\" title=\"mentor-mp-3\" src=\"https:\/\/banbientan.com\/wp-content\/uploads\/2012\/07\/mentor-mp-3.jpg\" alt=\"mentor mp 3 Mentor MP\" width=\"170\" height=\"230\" \/><\/a><a href=\"https:\/\/banbientan.com\/wp-content\/uploads\/2012\/07\/mentor-mp-6.jpg\"><img loading=\"lazy\" decoding=\"async\" title=\"mentor-mp-6\" src=\"https:\/\/banbientan.com\/wp-content\/uploads\/2012\/07\/mentor-mp-6.jpg\" alt=\"mentor mp 6 Mentor MP\" width=\"170\" height=\"250\" \/><\/a><\/p>\n<div><\/div>\n<div><a href=\"https:\/\/banbientan.com\/bien-tan\/unidrive-sp-modular\/\"><strong>UniDrive SP Modular\u00a0<\/strong><\/a><\/div>\n<div>\n<strong>B\u1ed9 \u0111i\u1ec1u khi\u1ec3n gh\u00e9p m\u00f4 \u0111un c\u00f4ng su\u1ea5t l\u1edbn (45-1.9MW)<\/strong><strong><\/strong><br \/>\nUnidrive SP modular d\u00f9ng cho gh\u00e9p n\u1ed1i c\u00f4ng su\u1ea5t theo ng\u01b0\u1eddi s\u1eed d\u1ee5ng h\u1ed7 tr\u1ee3 thi\u1ebft k\u1ebf h\u1ec7 th\u1ed1ng linh ho\u1ea1t.<br \/>\n<strong><a href=\"https:\/\/banbientan.com\/wp-content\/uploads\/2012\/07\/unidrive-spm-1.jpg\"><img loading=\"lazy\" decoding=\"async\" title=\"unidrive-spm-1\" src=\"https:\/\/banbientan.com\/wp-content\/uploads\/2012\/07\/unidrive-spm-1.jpg\" alt=\"unidrive spm 1 Unidrive SP Modular \" width=\"170\" height=\"120\" \/><\/a>\u00a0 \u00a0\u00a0<a href=\"https:\/\/banbientan.com\/wp-content\/uploads\/2012\/07\/unidrive-spm-5.jpg\"><img loading=\"lazy\" decoding=\"async\" title=\"unidrive-spm-5\" src=\"https:\/\/banbientan.com\/wp-content\/uploads\/2012\/07\/unidrive-spm-5.jpg\" alt=\"unidrive spm 5 Unidrive SP Modular \" width=\"170\" height=\"200\" \/><\/a><\/strong><\/p>\n<div><\/div>\n<div><a href=\"https:\/\/banbientan.com\/bien-tan\/unidrive-sp\/\"><strong>UniDrive SP Panel Mount<\/strong>\u00a0<\/a><\/div>\n<div>\n<a href=\"https:\/\/banbientan.com\/bien-tan\/unidrive-sp\/\"><strong>B\u1ed9 \u0111i\u1ec1u khi\u1ec3n hi\u1ec7u su\u1ea5t cao, t\u00ednh n\u0103ng m\u1ea1nh &amp; c\u1ea5p cao(0.37-132kW)<\/strong><strong><\/strong><\/a><br \/>\nB\u1ed9 \u0111i\u1ec1u khi\u1ec3n d\u00e0nh cho \u0111\u1ed9ng c\u01a1 servo v\u00e0 \u0111\u1ed9ng c\u01a1 AC c\u1ea5p cao, h\u1ed7 tr\u1ee3 t\u00ednh n\u0103ng \u0111i\u1ec1u khi\u1ec3n cao c\u1ea5p, ti\u00ean ti\u1ebfn v\u00e0 c\u00e1c t\u00ednh n\u0103ng t\u00edch h\u1ee3p h\u1ec7 th\u1ed1ng linh ho\u1ea1t<br \/>\n<a href=\"https:\/\/banbientan.com\/wp-content\/uploads\/2012\/07\/sp-panel-1.jpg\"><img loading=\"lazy\" decoding=\"async\" title=\"sp-panel-1\" src=\"https:\/\/banbientan.com\/wp-content\/uploads\/2012\/07\/sp-panel-1.jpg\" alt=\"sp panel 1 Unidrive SP Panel Mount \" width=\"170\" height=\"160\" \/><\/a>\u00a0 \u00a0\u00a0<a href=\"https:\/\/banbientan.com\/wp-content\/uploads\/2012\/07\/sp-panel-2.jpg\"><img loading=\"lazy\" decoding=\"async\" title=\"sp-panel-2\" src=\"https:\/\/banbientan.com\/wp-content\/uploads\/2012\/07\/sp-panel-2.jpg\" alt=\"sp panel 2 Unidrive SP Panel Mount \" width=\"170\" height=\"176\" \/><\/a>\n<\/div>\n<\/div>\n<\/div>\n","protected":false},"excerpt":{"rendered":"<p>C\u1ea6U C\u1ea2NG C\u00e1c b\u1ed9 \u0111i\u1ec1u khi\u1ec3n c\u1ee7a Control Techniques \u0111\u00e3 \u0111\u01b0\u1ee3c l\u1eafp \u0111\u1eb7t nhi\u1ec1u c\u1ea3ng tr\u00ean to\u00e0n th\u1ebf gi\u1edbi. C\u00e1c b\u1ed9 \u0111i\u1ec1u khi\u1ec3n v\u1edbi t\u00ednh n\u0103ng linh ho\u1ea1t cao c\u1ea5p, \u0111\u00e1p \u1ee9ng \u0111\u1ed9ng m\u1ea1nh m\u1ebd, r\u1ea5t g\u1ecdn v\u00e0 gi\u1ea3i c\u00f4ng su\u1ea5t r\u1ed9ng, l\u00e0 gi\u1ea3i ph\u00e1p l\u00fd t\u01b0\u1edfng cho vi\u1ec7c l\u1eafp \u0111\u1eb7t ngay tr\u00ean c\u00e1c c\u1ea7u [&hellip;]<\/p>\n","protected":false},"author":2,"featured_media":7408,"parent":7405,"menu_order":1,"comment_status":"open","ping_status":"closed","template":"","meta":{"footnotes":""},"class_list":["post-7407","page","type-page","status-publish","has-post-thumbnail","hentry"],"_links":{"self":[{"href":"https:\/\/hunglong.banbientan.com\/index.php?rest_route=\/wp\/v2\/pages\/7407","targetHints":{"allow":["GET"]}}],"collection":[{"href":"https:\/\/hunglong.banbientan.com\/index.php?rest_route=\/wp\/v2\/pages"}],"about":[{"href":"https:\/\/hunglong.banbientan.com\/index.php?rest_route=\/wp\/v2\/types\/page"}],"author":[{"embeddable":true,"href":"https:\/\/hunglong.banbientan.com\/index.php?rest_route=\/wp\/v2\/users\/2"}],"replies":[{"embeddable":true,"href":"https:\/\/hunglong.banbientan.com\/index.php?rest_route=%2Fwp%2Fv2%2Fcomments&post=7407"}],"version-history":[{"count":0,"href":"https:\/\/hunglong.banbientan.com\/index.php?rest_route=\/wp\/v2\/pages\/7407\/revisions"}],"up":[{"embeddable":true,"href":"https:\/\/hunglong.banbientan.com\/index.php?rest_route=\/wp\/v2\/pages\/7405"}],"wp:featuredmedia":[{"embeddable":true,"href":"https:\/\/hunglong.banbientan.com\/index.php?rest_route=\/"}],"wp:attachment":[{"href":"https:\/\/hunglong.banbientan.com\/index.php?rest_route=%2Fwp%2Fv2%2Fmedia&parent=7407"}],"curies":[{"name":"wp","href":"https:\/\/api.w.org\/{rel}","templated":true}]}}