{"id":741,"date":"2011-10-02T01:04:12","date_gmt":"2011-10-01T18:04:12","guid":{"rendered":"http:\/\/banbientan.wordpress.com\/?page_id=741"},"modified":"2011-10-02T01:04:12","modified_gmt":"2011-10-01T18:04:12","slug":"e2e","status":"publish","type":"page","link":"https:\/\/hunglong.banbientan.com\/?page_id=741","title":{"rendered":"E2E ti\u00eau chu\u1ea9n"},"content":{"rendered":"<p style=\"text-align: left;\">C\u1ea3m bi\u1ebfn ti\u1ec7m c\u1eadn E2E<\/p>\n<p style=\"text-align: left;\"><a href=\"https:\/\/banbientan.com\/wp-content\/uploads\/2011\/10\/cam-bien-tiem-can-omron-E2E.jpg\"><img loading=\"lazy\" decoding=\"async\" class=\"alignnone size-full wp-image-4805\" title=\"cam bien tiem can omron E2E\" src=\"https:\/\/banbientan.com\/wp-content\/uploads\/2011\/10\/cam-bien-tiem-can-omron-E2E.jpg\" alt=\"\" width=\"300\" height=\"243\" \/><\/a><\/p>\n<p style=\"text-align: left;\"><strong><a href=\"https:\/\/banbientan.com\/wp-content\/uploads\/2011\/09\/e2e.pdf\">T\u00e0i li\u1ec7u ti\u1ebfng vi\u1ec7t E2E<\/a><\/strong><\/p>\n<p style=\"text-align: left;\"><strong><a href=\"https:\/\/banbientan.com\/wp-content\/uploads\/2011\/10\/e2e.pdf\">Catalog ti\u1ebfng anh E2E<\/a><\/strong><\/p>\n<ul>\n<li>C\u1ea3m bi\u1ebfn ti\u1ec7m c\u1eadn th\u00e2n tr\u00f2n b\u1eb1ng kim lo\u1ea1i v\u1edbi nhi\u1ec1u ch\u1ee9c n\u0103ng<\/li>\n<li>\u0083 C\u00f3 s\u1eb5n d\u00e2y n\u1ed1i ho\u1eb7c c\u1eafm gi\u1eafc.<\/li>\n<li>\u00a0C\u00e1c lo\u1ea1i th\u00e1o nhanh c\u00f3 gi\u1eafc c\u1eafm kim lo\u1ea1i \u0111\u1ed9 b\u1ec1n cao<\/li>\n<li>\u0083 Ch\u1ec9 th\u1ecb LED d\u1ec5 nh\u00ecn<\/li>\n<li>\u0083 C\u00f3 c\u00e1c g\u00f3c ph\u1eb3ng gi\u00fap v\u1eb7n ch\u1eb7t \u1ed1c<\/li>\n<li>\u0083 L\u00fd t\u01b0\u1edfng cho nhi\u1ec1u \u1ee9ng d\u1ee5ng kh\u00e1c nhau<\/li>\n<li>\u00a0C\u00f3 \u0111\u00e8n ch\u1ec9 th\u1ecb g\u00f3c nh\u00ecn 180o; c\u00f3 b\u1ea3o v\u1ec7 d\u00e2y d\u1eabn<\/li>\n<li>\u00a0C\u00f3 lo\u1ea1i DC 2 d\u00e2y, 3 d\u00e2y ho\u1eb7c AC (2 d\u00e2y)<\/li>\n<li>Ngu\u1ed3n:\u00a012-24VDC, 24-240VAC<\/li>\n<\/ul>\n<p>C\u00e1c model th\u00f4ng d\u1ee5ng &amp; kho\u1ea3ng c\u00e1ch ph\u00e1t hi\u1ec7n:<br \/>\nLo\u1ea1iDC\u00a0:<\/p>\n<table style=\"width: 457px;\" border=\"1\" cellspacing=\"0\" cellpadding=\"0\">\n<tbody>\n<tr>\n<td valign=\"bottom\" nowrap=\"nowrap\" width=\"217\">M8 (phi 8, kho\u1ea3ng c\u00e1ch 2mm)<\/td>\n<td valign=\"bottom\" nowrap=\"nowrap\" width=\"240\">M12 (phi 12, kho\u1ea3ng c\u00e1ch 5mm)<\/td>\n<\/tr>\n<tr>\n<td valign=\"bottom\" nowrap=\"nowrap\" width=\"217\">NPN NO\u00a0 E2E-X2ME1<\/td>\n<td valign=\"bottom\" nowrap=\"nowrap\" width=\"240\">NPN NO\u00a0 E2E-X5ME1<\/td>\n<\/tr>\n<tr>\n<td valign=\"bottom\" nowrap=\"nowrap\" width=\"217\">NPN NC\u00a0 E2E-X2ME2<\/td>\n<td valign=\"bottom\" nowrap=\"nowrap\" width=\"240\">NPN NC\u00a0 E2E-X5ME2<\/td>\n<\/tr>\n<tr>\n<td valign=\"bottom\" nowrap=\"nowrap\" width=\"217\">PNP NO\u00a0 E2E-X2MF1<\/td>\n<td valign=\"bottom\" nowrap=\"nowrap\" width=\"240\">PNP NO\u00a0 E2E-X5MF1<\/td>\n<\/tr>\n<tr>\n<td valign=\"bottom\" nowrap=\"nowrap\" width=\"217\">PNP NC\u00a0 E2E-X2MF2<\/td>\n<td valign=\"bottom\" nowrap=\"nowrap\" width=\"240\">PNP NC\u00a0 E2E-X5MF2<\/td>\n<\/tr>\n<tr>\n<td valign=\"bottom\" nowrap=\"nowrap\" width=\"217\">M18 10 mm<\/td>\n<td valign=\"bottom\" nowrap=\"nowrap\" width=\"240\">M30 18 mm<\/td>\n<\/tr>\n<tr>\n<td valign=\"bottom\" nowrap=\"nowrap\" width=\"217\">NPN NO\u00a0 E2E-X10ME1<\/td>\n<td valign=\"bottom\" nowrap=\"nowrap\" width=\"240\">NPN NO\u00a0 E2E-X18ME1<\/td>\n<\/tr>\n<tr>\n<td valign=\"bottom\" nowrap=\"nowrap\" width=\"217\">NPN NC\u00a0 E2E-X10ME2<\/td>\n<td valign=\"bottom\" nowrap=\"nowrap\" width=\"240\">NPN NC\u00a0 E2E-X18ME2<\/td>\n<\/tr>\n<tr>\n<td valign=\"bottom\" nowrap=\"nowrap\" width=\"217\">PNP NO\u00a0 E2E-X10MF1<\/td>\n<td valign=\"bottom\" nowrap=\"nowrap\" width=\"240\">PNP NO\u00a0 E2E-X18MF1<\/td>\n<\/tr>\n<tr>\n<td valign=\"bottom\" nowrap=\"nowrap\" width=\"217\">PNP NC\u00a0 E2E-X10MF2<\/td>\n<td valign=\"bottom\" nowrap=\"nowrap\" width=\"240\">PNP NC\u00a0 E2E-X18MF2<\/td>\n<\/tr>\n<\/tbody>\n<\/table>\n<p>Lo\u1ea1i AC\u00a0:\u00a0\u00a0E2E-X2Y1: 2mm\u00a0\u00a0E2E-X5Y1 : 5mm<br \/>\nE2E-X10Y1 : 10mm<\/p>\n","protected":false},"excerpt":{"rendered":"<p>C\u1ea3m bi\u1ebfn ti\u1ec7m c\u1eadn E2E T\u00e0i li\u1ec7u ti\u1ebfng vi\u1ec7t E2E Catalog ti\u1ebfng anh E2E C\u1ea3m bi\u1ebfn ti\u1ec7m c\u1eadn th\u00e2n tr\u00f2n b\u1eb1ng kim lo\u1ea1i v\u1edbi nhi\u1ec1u ch\u1ee9c n\u0103ng \u0083 C\u00f3 s\u1eb5n d\u00e2y n\u1ed1i ho\u1eb7c c\u1eafm gi\u1eafc. \u00a0C\u00e1c lo\u1ea1i th\u00e1o nhanh c\u00f3 gi\u1eafc c\u1eafm kim lo\u1ea1i \u0111\u1ed9 b\u1ec1n cao \u0083 Ch\u1ec9 th\u1ecb LED d\u1ec5 nh\u00ecn \u0083 C\u00f3 [&hellip;]<\/p>\n","protected":false},"author":2,"featured_media":0,"parent":101,"menu_order":3,"comment_status":"open","ping_status":"closed","template":"","meta":{"footnotes":""},"class_list":["post-741","page","type-page","status-publish","hentry"],"_links":{"self":[{"href":"https:\/\/hunglong.banbientan.com\/index.php?rest_route=\/wp\/v2\/pages\/741","targetHints":{"allow":["GET"]}}],"collection":[{"href":"https:\/\/hunglong.banbientan.com\/index.php?rest_route=\/wp\/v2\/pages"}],"about":[{"href":"https:\/\/hunglong.banbientan.com\/index.php?rest_route=\/wp\/v2\/types\/page"}],"author":[{"embeddable":true,"href":"https:\/\/hunglong.banbientan.com\/index.php?rest_route=\/wp\/v2\/users\/2"}],"replies":[{"embeddable":true,"href":"https:\/\/hunglong.banbientan.com\/index.php?rest_route=%2Fwp%2Fv2%2Fcomments&post=741"}],"version-history":[{"count":0,"href":"https:\/\/hunglong.banbientan.com\/index.php?rest_route=\/wp\/v2\/pages\/741\/revisions"}],"up":[{"embeddable":true,"href":"https:\/\/hunglong.banbientan.com\/index.php?rest_route=\/wp\/v2\/pages\/101"}],"wp:attachment":[{"href":"https:\/\/hunglong.banbientan.com\/index.php?rest_route=%2Fwp%2Fv2%2Fmedia&parent=741"}],"curies":[{"name":"wp","href":"https:\/\/api.w.org\/{rel}","templated":true}]}}