{"id":743,"date":"2011-10-02T01:05:35","date_gmt":"2011-10-02T01:05:35","guid":{"rendered":"http:\/\/banbientan.wordpress.com\/?page_id=743"},"modified":"2011-10-02T01:05:35","modified_gmt":"2011-10-02T01:05:35","slug":"k3hb-x","status":"publish","type":"page","link":"https:\/\/hunglong.banbientan.com\/?page_id=743","title":{"rendered":"K3HB-X \u0111a n\u0103ng cao c\u1ea5p"},"content":{"rendered":"<p><span style=\"font-size: large;\"><strong>\u0110a n\u0103ng cao c\u1ea5p: K3HB-X<\/strong><\/span><br \/>\n<a href=\"https:\/\/banbientan.com\/wp-content\/uploads\/2011\/10\/k3hb-x.jpg\"><img loading=\"lazy\" decoding=\"async\" class=\"alignnone size-full wp-image-5015\" title=\"k3hb-x\" src=\"https:\/\/banbientan.com\/wp-content\/uploads\/2011\/10\/k3hb-x.jpg\" alt=\"\" width=\"240\" height=\"179\" \/><\/a><br \/>\n<a href=\"https:\/\/banbientan.com\/wp-content\/uploads\/2011\/10\/tai-lieu-tieng-viet-K3HB-X.pdf\">T\u00e0i li\u1ec7u ti\u1ebfng vi\u1ec7t K3HB-X<\/a><br \/>\n\u0110\u1ed3ng h\u1ed3 x\u1eed l\u00fd hi\u1ec3n th\u1ecb t\u00edn hi\u1ec7u cao c\u1ea5p K3HB-X<br \/>\nX\u1eed l\u00fd v\u00e0 hi\u1ec3n th\u1ecb k\u1ebft qu\u1ea3 c\u00e1c ph\u00e9p \u0111o t\u1eeb\u00a0 t\u00edn hi\u1ec7u d\u00f2ng \/ \u0111i\u1ec7n \u00e1p<br \/>\n\u0083\u00a0 M\u00e0n hi\u1ec3n th\u1ecb chuy\u1ec3n m\u00e0u xanh v\u00e0 \u0111\u1ecf gi\u00fap d\u1ec5 d\u00e0ng nh\u1eadn bi\u1ebft c\u00e1c k\u1ebft qu\u1ea3 t\u1eeb xa.<br \/>\n\u0083\u00a0 C\u1ed9t \u0111\u00e8n d\u1ea1ng thanh \u0111\u1ee9ng gi\u00fap gi\u00e1m s\u00e1t c\u00e1c ch\u1ebf \u0111\u1ed9 ho\u1ea1t \u0111\u1ed9ng ti\u1ec7n l\u1ee3i.<br \/>\n\u0110\u1ea7u v\u00e0o s\u1ef1 ki\u1ec7n b\u00ean ngo\u00e0i d\u00f9ng cho c\u00e1c ph\u00e9p \u0111o v\u00e0 c\u00e1c \u1ee9ng d\u1ee5ng kh\u00e1c nhau.<br \/>\n\u0083\u00a0 H\u1ed7 tr\u1ee3 m\u1ea1ng Device Net.<br \/>\n\u0083\u00a0 Th\u00e2n ng\u1eafn: 95mm (97mm v\u1edbi c\u00e1c Model DeviceNet).<br \/>\n\u0083\u00a0 T\u1ed1c \u0111\u1ed9 l\u1ea5y m\u1eabu 50 l\u1ea7n\/ gi\u00e2y (20ms)<br \/>\n\u0083\u00a0 \u0110\u1eb7t bi\u1ebfn \u0111\u1ed5i t\u1ec9 l\u1ec7 2 \u0111i\u1ec3m cho ph\u00e9p hi\u1ec3n th\u1ecb b\u1ea5t c\u1ee9 gi\u00e1 tr\u1ecb \u0111\u1eb7t n\u00e0o<br \/>\n<strong>Ph\u1ee5 ki\u1ec7n \u0111\u1eb7t ri\u00eang<\/strong><br \/>\n<strong>Card b\u1ed9 ngu\u1ed3n sensor \/ \u0111\u1ea7u ra K33- x<\/strong><br \/>\nK33- CPA: \u0110\u1ea7u ra r\u01a1le (PASS: SPDT) + ngu\u1ed3n sensor (12VDC +\/-10%, 80mA) *1<br \/>\nK33- L1A: \u0110\u1ea7u ra d\u00f2ng tuy\u1ebfn t\u00ednh (DC0(4) \u2013 20mA) + ngu\u1ed3n sensor (12 VDC +\/-10%, 80 mA) *2<br \/>\nK33- L2A: \u0110\u1ea7u ra \u0111i\u1ec7n \u00e1p tuy\u1ebfn t\u00ednh (DC0(1) \u2013 5V, 0 \u0111\u1ebfn 10V) + ngu\u1ed3n sensor (12 VDC +\/-10%, 80mA) *2<br \/>\nK33- A:\u00a0 Ngu\u1ed3n sensor (12 VDC +\/-10%, 80 mA)<br \/>\nK33- FLK1A: Truy\u1ec1n tin (RS-232C) + ngu\u1ed3n sensor (12 VDC +\/- 10%, 80 mA) *2<br \/>\nK33- FLK3A: Truy\u1ec1n tin (RS-485) + ngu\u1ed3n sensor (12 VDC +\/-10%, 80 mA) *2<br \/>\n<strong>Card \u0111\u1ea7u ra R\u01a1le\/ Transistor K34- x<\/strong><br \/>\nK34-C1:\u00a0 Ti\u1ebfp \u0111i\u1ec3m r\u01a1le (H\/L: SPDT)<br \/>\nK34-C2:\u00a0 Ti\u1ebfp \u0111i\u1ec3m r\u01a1le (HH\/H\/L\/LL: SPST-NO)<br \/>\nK34-T1:\u00a0\u00a0 Transistor (collector h\u1edf NPN: HH\/H\/PASS\/L\/LL)<br \/>\nK34-T2:\u00a0\u00a0 Transistor (collector h\u1edf PNP: HH\/H\/PASS\/L\/LL)<br \/>\nK34-BCD:\u00a0\u00a0 \u0110\u1ea7u ra BCD + \u0111\u1ea7u ra transistor (collector h\u1edf NPN: \u00a0HH\/H\/PASS\/L\/LL)<br \/>\nK34-DRT: DeviceNet*2<br \/>\n<strong>Card \u0111\u1ea7u v\u00e0o s\u1ef1 ki\u1ec7n K35- x<br \/>\n<\/strong>K35- 1:\u00a0 5 \u0111i\u1ec3m (c\u00e1c h\u1ed9p \u0111\u1ea7u n\u1ed1i M3)\u00a0 collector h\u1edf NPN<br \/>\nK35- 2:\u00a0 8 \u0111i\u1ec3m (b\u1ed9 \u0111\u1ea5u n\u1ed1i 10 ch\u00e2n) collector h\u1edf NPN<br \/>\nK35- 3:\u00a0 5 \u0111i\u1ec3m (c\u00e1c h\u1ed9p \u0111\u1ea5u n\u1ed1i M3) collector h\u1edf PNP<br \/>\nK35- 4:\u00a0 8 \u0111i\u1ec3m (b\u1ed9 \u0111\u1ea5u n\u1ed1i 10 ch\u00e2n) collector h\u1edf PNP<br \/>\n<strong>Ch\u00fa \u00fd:<br \/>\n<\/strong><em>\u00a01. CPA ch\u1ec9 c\u00f3 th\u1ec3 k\u1ebft h\u1ee3p v\u1edbi c\u00e1c \u0111\u1ea7u ra r\u01a1le.<\/em><br \/>\n<em>2. B\u1ed9 ch\u1ec9 th\u1ecb ch\u1ec9 c\u00f3 th\u1ec3 d\u00f9ng \u0111\u01b0\u1ee3c v\u1edbi m\u1ed9t trong c\u00e1c ph\u1ee5 ki\u1ec7n sau: Truy\u1ec1n tin RS-232C\/RS-485, \u0111\u1ea7u ra tuy\u1ebfn t\u00ednh\u00a0ho\u1eb7c truy\u1ec1n tin DeviceNet.<\/em><br \/>\n<strong><span style=\"font-size: large;\"><span style=\"line-height: 16px;\">C\u00e1c \u1ee9ng d\u1ee5ng:\u00a0<\/span><\/span><\/strong><br \/>\n\u1ee8ng d\u1ee5ng ki\u1ec3m tra d\u00f2ng \u0111\u1ed9ng c\u01a1<br \/>\n<a href=\"https:\/\/banbientan.com\/wp-content\/uploads\/2011\/10\/k3hb-x_app.jpg\"><img loading=\"lazy\" decoding=\"async\" class=\"alignnone size-full wp-image-5017\" title=\"k3hb-x_app\" src=\"https:\/\/banbientan.com\/wp-content\/uploads\/2011\/10\/k3hb-x_app.jpg\" alt=\"\" width=\"481\" height=\"344\" \/><\/a><br \/>\n<span style=\"font-size: xx-small;\"><span style=\"line-height: 15px;\"><strong><a href=\"https:\/\/banbientan.com\/wp-content\/uploads\/2011\/10\/k3hb_pic03.jpg\"><img loading=\"lazy\" decoding=\"async\" class=\"alignnone size-full wp-image-5018\" title=\"k3hb_pic03\" src=\"https:\/\/banbientan.com\/wp-content\/uploads\/2011\/10\/k3hb_pic03.jpg\" alt=\"\" width=\"398\" height=\"255\" \/><\/a><\/strong><\/span><\/span><br \/>\n&nbsp;<\/p>\n","protected":false},"excerpt":{"rendered":"<p>\u0110a n\u0103ng cao c\u1ea5p: K3HB-X T\u00e0i li\u1ec7u ti\u1ebfng vi\u1ec7t K3HB-X \u0110\u1ed3ng h\u1ed3 x\u1eed l\u00fd hi\u1ec3n th\u1ecb t\u00edn hi\u1ec7u cao c\u1ea5p K3HB-X X\u1eed l\u00fd v\u00e0 hi\u1ec3n th\u1ecb k\u1ebft qu\u1ea3 c\u00e1c ph\u00e9p \u0111o t\u1eeb\u00a0 t\u00edn hi\u1ec7u d\u00f2ng \/ \u0111i\u1ec7n \u00e1p \u0083\u00a0 M\u00e0n hi\u1ec3n th\u1ecb chuy\u1ec3n m\u00e0u xanh v\u00e0 \u0111\u1ecf gi\u00fap d\u1ec5 d\u00e0ng nh\u1eadn bi\u1ebft c\u00e1c k\u1ebft qu\u1ea3 [&hellip;]<\/p>\n","protected":false},"author":2,"featured_media":5015,"parent":728,"menu_order":4,"comment_status":"open","ping_status":"open","template":"","meta":{"footnotes":""},"class_list":["post-743","page","type-page","status-publish","has-post-thumbnail","hentry"],"_links":{"self":[{"href":"https:\/\/hunglong.banbientan.com\/index.php?rest_route=\/wp\/v2\/pages\/743","targetHints":{"allow":["GET"]}}],"collection":[{"href":"https:\/\/hunglong.banbientan.com\/index.php?rest_route=\/wp\/v2\/pages"}],"about":[{"href":"https:\/\/hunglong.banbientan.com\/index.php?rest_route=\/wp\/v2\/types\/page"}],"author":[{"embeddable":true,"href":"https:\/\/hunglong.banbientan.com\/index.php?rest_route=\/wp\/v2\/users\/2"}],"replies":[{"embeddable":true,"href":"https:\/\/hunglong.banbientan.com\/index.php?rest_route=%2Fwp%2Fv2%2Fcomments&post=743"}],"version-history":[{"count":0,"href":"https:\/\/hunglong.banbientan.com\/index.php?rest_route=\/wp\/v2\/pages\/743\/revisions"}],"up":[{"embeddable":true,"href":"https:\/\/hunglong.banbientan.com\/index.php?rest_route=\/wp\/v2\/pages\/728"}],"wp:featuredmedia":[{"embeddable":true,"href":"https:\/\/hunglong.banbientan.com\/index.php?rest_route=\/"}],"wp:attachment":[{"href":"https:\/\/hunglong.banbientan.com\/index.php?rest_route=%2Fwp%2Fv2%2Fmedia&parent=743"}],"curies":[{"name":"wp","href":"https:\/\/api.w.org\/{rel}","templated":true}]}}