{"id":7459,"date":"2012-07-30T11:07:57","date_gmt":"2012-07-30T04:07:57","guid":{"rendered":"https:\/\/banbientan.com\/?page_id=7459"},"modified":"2012-07-30T11:07:57","modified_gmt":"2012-07-30T04:07:57","slug":"van-chuyen-va-luu-du-vat-lieu","status":"publish","type":"page","link":"https:\/\/hunglong.banbientan.com\/?page_id=7459","title":{"rendered":"V\u1eadn chuy\u1ec3n l\u01b0u d\u1eef v\u1eadt li\u1ec7u"},"content":{"rendered":"<div>\n<a href=\"https:\/\/banbientan.com\/wp-content\/uploads\/2012\/07\/MATERIAL-HANDLING.jpg\"><img loading=\"lazy\" decoding=\"async\" class=\"alignnone size-large wp-image-7460\" title=\"MATERIAL HANDLING\" src=\"https:\/\/banbientan.com\/wp-content\/uploads\/2012\/07\/MATERIAL-HANDLING-1024x222.jpg\" alt=\"\" width=\"620\" height=\"134\" \/><\/a><br \/>\nX\u1eed l\u00fd h\u00e0ng h\u00f3a li\u00ean quan \u0111\u1ebfn vi\u1ec7c v\u1eadn chuy\u1ec3n v\u00e0 c\u1ea5t gi\u1eef h\u00e0ng h\u00f3a. C\u00e1c b\u1ed9 \u0111i\u1ec1u khi\u1ec3n c\u1ee7a Control Techniques v\u1edbi c\u00f4ng su\u1ea5t v\u00e0 \u0111i\u1ec1u khi\u1ec3n c\u1ea5p cao \u0111\u1ec3 di chuy\u1ec3n v\u1eadt li\u1ec7u\/ h\u00e0ng h\u00f3a hi\u1ec7u qu\u1ea3 v\u00e0 an to\u00e0n.<br \/>\nC\u00e1c \u1ee9ng d\u1ee5ng ti\u00eau bi\u1ec3u bao g\u1ed3m :<br \/>\n\u00b7\u00a0\u00a0\u00a0\u00a0\u00a0\u00a0\u00a0B\u0103ng t\u1ea3i<br \/>\n\u00b7\u00a0\u00a0\u00a0\u00a0\u00a0\u00a0\u00a0B\u0103ng t\u1ea3i t\u1ed5ng h\u1ee3p.<br \/>\n\u00b7\u00a0\u00a0\u00a0\u00a0\u00a0\u00a0\u00a0X\u1ebfp palet t\u1ef1 \u0111\u1ed9ng.<br \/>\n\u00b7\u00a0\u00a0\u00a0\u00a0\u00a0\u00a0\u00a0H\u1ec7 th\u1ed1ng kho ch\u1ee9a t\u1ef1 \u0111\u1ed9ng<br \/>\n<strong>Kho ch\u1ee9a<\/strong><br \/>\n<strong><\/strong>H\u1ec7 th\u1ed1ng v\u1eadn chuy\u1ec3n l\u01b0u tr\u1eef kho t\u1ef1 \u0111\u1ed9ng l\u00e0 th\u00e0nh ph\u1ea7n quan tr\u1ecdng trong c\u00e1c d\u1ecbch v\u1ee5 h\u1eadu c\u1ea7n hi\u1ec7n \u0111\u1ea1i. C\u00e1c si\u00eau th\u1ecb, kh\u00e1ch s\u1ea1n v\u00e0 c\u00e1c c\u00f4ng ty xu\u1ea5t nh\u1eadp kh\u1ea9u v\u00e0 c\u00e1c c\u00f4ng ty chuy\u00ean ph\u1ee5 v\u1ee5 h\u1eadu c\u1ea7n y\u00eau c\u1ea7u kh\u1ea3 n\u0103ng c\u1ea5t gi\u1eef h\u00e0ng h\u00f3a l\u01a1n \u0111\u1ec3 ph\u1ee5c v\u1ee5 kh\u00e1ch h\u00e0ng. C\u00e1c b\u1ed9 \u0111i\u1ec1u khi\u1ec3n c\u1ee7a ch\u00fang t\u00f4i \u0111\u01b0\u1ee3c s\u1eed d\u1ee5ng r\u1ed9ng r\u00e3i trong h\u1ec7 th\u1ed1ng c\u1ea7u tr\u1ee5c trong kho tr\u00ean to\u00e0n c\u1ea7u.<br \/>\n<strong>Ki\u1ec3m so\u00e1t k\u1ef9 thu\u1eadt s\u1ea3n ph\u1ea9m cho ng\u00e0nh c\u00f4ng nghi\u1ec7p V\u1eadn chuy\u1ec3n v\u00e0 l\u01b0u d\u1eef v\u1eadt li\u1ec7u<\/strong>\n<\/div>\n<div>\n<div id=\"nav_menu-20\">\n<h3>THI\u1ebeT B\u1eca OMRON<\/h3>\n<div>\n<ul id=\"menu-omron\">\n<li id=\"menu-item-425\"><a href=\"https:\/\/banbientan.com\/tu-dong-hoa-omron\/inverter_omron\/\">B\u1ed9 bi\u1ebfn t\u1ea7n \u2013 (Inverter)<\/a><\/li>\n<li id=\"menu-item-428\"><a href=\"https:\/\/banbientan.com\/tu-dong-hoa-omron\/bo-lap-trinh-plc\/\">B\u1ed9 l\u1eadp tr\u00ecnh PLC<\/a><\/li>\n<li id=\"menu-item-429\"><a href=\"https:\/\/banbientan.com\/tu-dong-hoa-omron\/bo-lap-trinh-zen-omron\/\">B\u1ed9 l\u1eadp tr\u00ecnh \u0111\u01a1n gi\u1ea3n \u2013 ZEN<\/a><\/li>\n<li id=\"menu-item-432\"><a href=\"https:\/\/banbientan.com\/tu-dong-hoa-omron\/bo-nguon-xung-24v\/\">B\u1ed9 ngu\u1ed3n xung \u1ed5n \u00e1p<\/a><\/li>\n<li id=\"menu-item-447\"><a href=\"https:\/\/banbientan.com\/tu-dong-hoa-omron\/bo-dem-counter-omron\/\">B\u1ed9 \u0111\u1ebfm (Counters)<\/a><\/li>\n<li id=\"menu-item-444\"><a href=\"https:\/\/banbientan.com\/tu-dong-hoa-omron\/bo-dat-thoi-gian-timer\/\">B\u1ed9 \u0111\u1eb7t th\u1eddi gian (Timer)<\/a><\/li>\n<li id=\"menu-item-448\"><a href=\"https:\/\/banbientan.com\/tu-dong-hoa-omron\/bo-dieu-khien-nhiet-do-e5c\/\">B\u1ed9 \u0111i\u1ec1u khi\u1ec3n nhi\u1ec7t \u0111\u1ed9<\/a><\/li>\n<li id=\"menu-item-442\"><a href=\"https:\/\/banbientan.com\/tu-dong-hoa-omron\/dong-ho-do\/\">B\u1ed9 x\u1eed l\u00fd t\u00edn hi\u1ec7u v\u00e0 hi\u1ec3n th\u1ecb s\u1ed1<\/a><\/li>\n<li id=\"menu-item-440\"><a href=\"https:\/\/banbientan.com\/tu-dong-hoa-omron\/ma-hoa-vong-quay-encoder\/\">B\u1ed9 m\u00e3 h\u00f3a v\u00f2ng quay (Encoder)<\/a><\/li>\n<li id=\"menu-item-433\"><a href=\"https:\/\/banbientan.com\/tu-dong-hoa-omron\/cam-bien-quang-photoelectric-sensors\/\">C\u1ea3m bi\u1ebfn quang (Photoelectric Sensors)<\/a><\/li>\n<li id=\"menu-item-436\"><a href=\"https:\/\/banbientan.com\/tu-dong-hoa-omron\/cam-bien-tiem-can-proximity-sensors\/\">C\u1ea3m bi\u1ebfn ti\u1ec7m c\u1eadn (Proximity Sensors)<\/a><\/li>\n<li id=\"menu-item-456\"><a href=\"https:\/\/banbientan.com\/tu-dong-hoa-omron\/cam-bien-tiem-can-dien-dung\/\">C\u1ea3m bi\u1ebfn ti\u1ec7m c\u1eadn \u0111i\u1ec7n dung<\/a><\/li>\n<li id=\"menu-item-454\"><a href=\"https:\/\/banbientan.com\/tu-dong-hoa-omron\/cam-bien-ap-suat\/\">C\u1ea3m bi\u1ebfn \u00e1p su\u1ea5t<\/a><\/li>\n<li id=\"menu-item-7128\"><a href=\"https:\/\/banbientan.com\/cam-bien-hong-ngoai-do-am\/\">C\u1ea3m bi\u1ebfn h\u1ed3ng ngo\u1ea1i &amp; \u0111\u1ed9 \u1ea9m<\/a><\/li>\n<li id=\"menu-item-5849\"><a href=\"https:\/\/banbientan.com\/cam-bien-an-toan\/\">C\u1ea3m bi\u1ebfn an to\u00e0n<\/a><\/li>\n<li id=\"menu-item-449\"><a href=\"https:\/\/banbientan.com\/tu-dong-hoa-omron\/cong-tac-hanh-trinh\/\">C\u00f4ng t\u1eafc h\u00e0nh tr\u00ecnh<\/a><\/li>\n<li id=\"menu-item-460\"><a href=\"https:\/\/banbientan.com\/tu-dong-hoa-omron\/dong-ho-can-omron\/\">\u0110\u1ed3ng h\u1ed3 hi\u1ec3n th\u1ecb c\u00e2n<\/a><\/li>\n<li id=\"menu-item-458\"><a href=\"https:\/\/banbientan.com\/tu-dong-hoa-omron\/ro-le-trung-gian-relay\/\">R\u01a1 le trung gian (Relay)<\/a><\/li>\n<li id=\"menu-item-459\"><a href=\"https:\/\/banbientan.com\/tu-dong-hoa-omron\/role-ban-dan-solid-state-relay\/\">R\u01a1le b\u00e1n d\u1eabn (Solid State Relay)<\/a><\/li>\n<li id=\"menu-item-457\"><a href=\"https:\/\/banbientan.com\/tu-dong-hoa-omron\/ro-le-mat-pha-qua-ap-dong\/\">R\u01a1 le b\u1ea3o v\u1ec7 pha, \u00e1p, d\u00f2ng<\/a><\/li>\n<li id=\"menu-item-437\"><a href=\"https:\/\/banbientan.com\/tu-dong-hoa-omron\/bo-bao-muc-nuoc\/\">B\u1ed9 di\u1ec1u khi\u1ec3n ki\u1ec3m tra m\u1ee9c n\u01b0\u1edbc<\/a><\/li>\n<li id=\"menu-item-5776\"><a href=\"https:\/\/banbientan.com\/cap-noi\/\">C\u00e1p n\u1ed1i<\/a><\/li>\n<li id=\"menu-item-466\"><a href=\"https:\/\/banbientan.com\/tu-dong-hoa-omron\/phan-mem-plc-software\/\">Ph\u1ea7n m\u1ec1m OMRON \u2013 Software<\/a><\/li>\n<li id=\"menu-item-518\"><a href=\"https:\/\/banbientan.com\/catalogue-omron-tieng-viet\/\">Catalogue Omron ti\u1ebfng vi\u1ec7t 28 trang<\/a><\/li>\n<\/ul>\n<\/div>\n<\/div>\n<div id=\"nav_menu-21\">\n<h3>Control Techniques &amp; Emerson<\/h3>\n<div>\n<ul id=\"menu-emerson\">\n<li id=\"menu-item-5394\"><a href=\"https:\/\/banbientan.com\/control-techniques-va-emerson\/commander-sk\/\">Commander SK<\/a><\/li>\n<li id=\"menu-item-5397\"><a href=\"https:\/\/banbientan.com\/control-techniques-va-emerson\/pv-series\/\">PV series<\/a><\/li>\n<li id=\"menu-item-5396\"><a href=\"https:\/\/banbientan.com\/control-techniques-va-emerson\/mentor-mp\/\">Mentor MP<\/a><\/li>\n<li id=\"menu-item-5395\"><a href=\"https:\/\/banbientan.com\/control-techniques-va-emerson\/fxmp25\/\">FXMP25<\/a><\/li>\n<li id=\"menu-item-5398\"><a href=\"https:\/\/banbientan.com\/control-techniques-va-emerson\/unidrive-sp-free-standing\/\">Unidrive SP free Standing<\/a><\/li>\n<li id=\"menu-item-5399\"><a href=\"https:\/\/banbientan.com\/control-techniques-va-emerson\/unidrive-sp-panel-mount\/\">Unidrive SP Panel Mount<\/a><\/li>\n<li id=\"menu-item-5400\"><a href=\"https:\/\/banbientan.com\/bien-tan\/unidrive-sp-modular\/\">Unidrive SP Modular<\/a><\/li>\n<\/ul>\n<\/div>\n<\/div>\n<\/div>\n","protected":false},"excerpt":{"rendered":"<p>X\u1eed l\u00fd h\u00e0ng h\u00f3a li\u00ean quan \u0111\u1ebfn vi\u1ec7c v\u1eadn chuy\u1ec3n v\u00e0 c\u1ea5t gi\u1eef h\u00e0ng h\u00f3a. C\u00e1c b\u1ed9 \u0111i\u1ec1u khi\u1ec3n c\u1ee7a Control Techniques v\u1edbi c\u00f4ng su\u1ea5t v\u00e0 \u0111i\u1ec1u khi\u1ec3n c\u1ea5p cao \u0111\u1ec3 di chuy\u1ec3n v\u1eadt li\u1ec7u\/ h\u00e0ng h\u00f3a hi\u1ec7u qu\u1ea3 v\u00e0 an to\u00e0n. C\u00e1c \u1ee9ng d\u1ee5ng ti\u00eau bi\u1ec3u bao g\u1ed3m : \u00b7\u00a0\u00a0\u00a0\u00a0\u00a0\u00a0\u00a0B\u0103ng t\u1ea3i \u00b7\u00a0\u00a0\u00a0\u00a0\u00a0\u00a0\u00a0B\u0103ng t\u1ea3i t\u1ed5ng [&hellip;]<\/p>\n","protected":false},"author":2,"featured_media":7460,"parent":7405,"menu_order":4,"comment_status":"open","ping_status":"closed","template":"","meta":{"footnotes":""},"class_list":["post-7459","page","type-page","status-publish","has-post-thumbnail","hentry"],"_links":{"self":[{"href":"https:\/\/hunglong.banbientan.com\/index.php?rest_route=\/wp\/v2\/pages\/7459","targetHints":{"allow":["GET"]}}],"collection":[{"href":"https:\/\/hunglong.banbientan.com\/index.php?rest_route=\/wp\/v2\/pages"}],"about":[{"href":"https:\/\/hunglong.banbientan.com\/index.php?rest_route=\/wp\/v2\/types\/page"}],"author":[{"embeddable":true,"href":"https:\/\/hunglong.banbientan.com\/index.php?rest_route=\/wp\/v2\/users\/2"}],"replies":[{"embeddable":true,"href":"https:\/\/hunglong.banbientan.com\/index.php?rest_route=%2Fwp%2Fv2%2Fcomments&post=7459"}],"version-history":[{"count":0,"href":"https:\/\/hunglong.banbientan.com\/index.php?rest_route=\/wp\/v2\/pages\/7459\/revisions"}],"up":[{"embeddable":true,"href":"https:\/\/hunglong.banbientan.com\/index.php?rest_route=\/wp\/v2\/pages\/7405"}],"wp:featuredmedia":[{"embeddable":true,"href":"https:\/\/hunglong.banbientan.com\/index.php?rest_route=\/"}],"wp:attachment":[{"href":"https:\/\/hunglong.banbientan.com\/index.php?rest_route=%2Fwp%2Fv2%2Fmedia&parent=7459"}],"curies":[{"name":"wp","href":"https:\/\/api.w.org\/{rel}","templated":true}]}}