{"id":7472,"date":"2012-07-30T11:28:38","date_gmt":"2012-07-30T04:28:38","guid":{"rendered":"https:\/\/banbientan.com\/?page_id=7472"},"modified":"2012-07-30T11:28:38","modified_gmt":"2012-07-30T04:28:38","slug":"may-dong-goi","status":"publish","type":"page","link":"https:\/\/hunglong.banbientan.com\/?page_id=7472","title":{"rendered":"M\u00e1y \u0111\u00f3ng g\u00f3i"},"content":{"rendered":"<p><a href=\"https:\/\/banbientan.com\/wp-content\/uploads\/2012\/07\/PACKAGING-MACHINERY.jpg\"><img loading=\"lazy\" decoding=\"async\" class=\"alignnone size-large wp-image-7473\" title=\"PACKAGING MACHINERY\" src=\"https:\/\/banbientan.com\/wp-content\/uploads\/2012\/07\/PACKAGING-MACHINERY-1024x222.jpg\" alt=\"\" width=\"620\" height=\"134\" \/><\/a><br \/>\nC\u00e1c nh\u00e0 ch\u1ebf t\u1ea1o m\u00e1y \u0111\u00f3ng g\u00f3i bao b\u00ec \u0111\u1ed1i di\u1ec7n v\u1edbi r\u1ea5t nhi\u1ec1u th\u00e1ch th\u1ee9c kh\u00e1c nhau t\u1eeb c\u00e1c v\u1ea5n \u0111\u1ec1 li\u00ean quan \u0111\u1ebfn c\u00f4ng ty v\u00e0 nh\u00e0 cung c\u1ea5p cho \u0111\u1ebfn c\u00e1c y\u00eau c\u1ea7u c\u1ee7a kh\u00e1ch h\u00e0ng v\u00e0 s\u1ee9c \u00e9p v\u1ec1 c\u1ea1nh tranh. Emerson c\u00f3 th\u1ec3 tr\u1ee3 gi\u00fap :<br \/>\nC\u00e1c gi\u1ea3i ph\u00e1p v\u1ec1 \u0111i\u1ec1u khi\u1ec3n chuy\u1ec3n \u0111\u1ed9ng v\u1edbi chi ph\u00ed hi\u1ec7u qu\u1ea3 c\u1ee7a Emerson gi\u00fap :<br \/>\n\u00b7\u00a0\u00a0\u00a0\u00a0\u00a0\u00a0\u00a0Th\u1eddi gian thi\u1ebft k\u1ebf ng\u1eafn.<br \/>\n\u00b7\u00a0\u00a0\u00a0\u00a0\u00a0\u00a0\u00a0Nhanh ch\u00f3ng chuy\u1ec3n \u0111\u1ed5i.<br \/>\n\u00b7\u00a0\u00a0\u00a0\u00a0\u00a0\u00a0\u00a0X\u1eed l\u00fd nhi\u1ec1u lo\u1ea1i v\u1eadt li\u1ec7u.<br \/>\n\u00b7\u00a0\u00a0\u00a0\u00a0\u00a0\u00a0\u00a0S\u1ea3n l\u01b0\u1ee3ng cao h\u01a1n.<br \/>\n\u00b7\u00a0\u00a0\u00a0\u00a0\u00a0\u00a0\u00a0C\u1ea3i ti\u1ebfn t\u00edch h\u1ee3p d\u00e2y chuy\u1ec1n.<br \/>\n\u00b7\u00a0\u00a0\u00a0\u00a0\u00a0\u00a0\u00a0Ch\u1ea5t l\u01b0\u1ee3ng v\u00e0 an to\u00e0n v\u01b0\u1ee3t tr\u1ed9i.<br \/>\n\u00b7\u00a0\u00a0\u00a0\u00a0\u00a0\u00a0\u00a0H\u1ed7 tr\u1ee3 t\u1ed1t nh\u1ea5t tr\u01b0\u1edbc v\u00e0 sau khi b\u00e1n h\u00e0ng.<br \/>\nB\u1ea1n c\u00f3 th\u1ec3 t\u1eadn d\u1ee5ng r\u1ea5t nhi\u1ec1u c\u00f4ng ngh\u1ec7 m\u00e1y \u0111\u00f3ng g\u00f3i do c\u00e1c C\u00f4ng ty c\u1ee7a Emerson<br \/>\ncung c\u1ea5p v\u00e0 ch\u00fang r\u1ea5t d\u1ec5 d\u00e0ng \u0111\u01b0\u1ee3c kh\u00e1ch h\u00e0ng c\u1ee7a b\u1ea1n ch\u1ea5p nh\u1eadn nh\u01b0 th\u1ebf n\u00e0o. V\u1ea5n \u0111\u1ec1 tr\u1ecdng t\u00e2m c\u1ee7a c\u00e1c m\u00e1y \u0111\u00f3ng g\u00f3i li\u00ean quan \u0111\u1ebfn chuy\u1ec3n \u0111\u1ed9ng v\u00ed tr\u00ed v\u00e0 ph\u1ea7n m\u1ec1m \u201c Motion made easy ( \u0111i\u1ec1u khi\u1ec3n v\u1ecb tr\u00ed d\u1ec5 d\u00e0ng)\u201d c\u1ee7a Control Techniques gi\u00fap d\u1ec5 d\u00e0ng \u0111i\u1ec1u khi\u1ec3n v\u1ecb tr\u00ed chuy\u1ec3n \u0111\u1ed9ng.<br \/>\n<strong>C\u00e1c \u1ee9ng d\u1ee5ng ti\u00eau bi\u1ec3u c\u1ee7a m\u00e1y \u0111\u00f3ng g\u00f3i<\/strong><br \/>\n&nbsp;<br \/>\n\u00b7\u00a0\u00a0\u00a0\u00a0\u00a0\u00a0\u00a0C\u00e1c m\u00e1y d\u00e1n\/ v\u00f4 bao\/ t\u1ea1o h\u00ecnh.<strong><\/strong><br \/>\n\u00b7\u00a0\u00a0\u00a0\u00a0\u00a0\u00a0\u00a0D\u00e1n nh\u00e3n.<strong><\/strong><br \/>\n\u00b7\u00a0\u00a0\u00a0\u00a0\u00a0\u00a0\u00a0\u0110\u00f3ng g\u00f3i theo th\u00f9ng.<strong><\/strong><br \/>\n\u00b7\u00a0\u00a0\u00a0\u00a0\u00a0\u00a0\u00a0C\u00e1c m\u00e1y l\u00e0m th\u00f9ng v\u00e0 h\u1ed9p.<strong><\/strong><br \/>\n\u00b7\u00a0\u00a0\u00a0\u00a0\u00a0\u00a0\u00a0C\u00e1c m\u00e1y l\u00e0m t\u00fai.<strong><\/strong><br \/>\n\u00b7\u00a0\u00a0\u00a0\u00a0\u00a0\u00a0\u00a0C\u00e1c m\u00e1y \u0111\u00f3ng g\u00f3i.<strong><\/strong><br \/>\n\u00b7\u00a0\u00a0\u00a0\u00a0\u00a0\u00a0\u00a0C\u00e1c b\u0103ng t\u1ea3i th\u00f4ng minh.<strong><\/strong><br \/>\n<strong>\u0110i\u1ec1u khi\u1ec3n t\u1ef1 \u0111\u1ed9ng<\/strong><br \/>\n&nbsp;<br \/>\n\u00b7\u00a0\u00a0\u00a0\u00a0\u00a0\u00a0\u00a0Gi\u1ea3m thi\u1ec3u th\u1eddi gian \u0111\u01b0a s\u1ea3n ph\u1ea9m ra th\u1ecb tr\u01b0\u1eddng v\u1edbi l\u1eadp tr\u00ecnh m\u00e0n h\u00ecnh r\u1ea5t d\u1ec5 v\u00e0 ph\u1ea7n m\u1ec1m \u201c Motion made easy\u201d.<strong><\/strong><br \/>\n\u00b7\u00a0\u00a0\u00a0\u00a0\u00a0\u00a0\u00a0M\u00e1y nh\u1ecf g\u1ecdn v\u1edbi c\u00e1c b\u1ed9 \u0111i\u1ec1u khi\u1ec3n c\u1ef1c g\u1ecdn v\u00e0 c\u00e1c b\u1ed9 \u0111i\u1ec1u khi\u1ec3n t\u00edch h\u1ee3p \u0111i\u1ec1u khi\u1ec3n PLC v\u00e0 \u0111i\u1ec1u khi\u1ec3n v\u1ecb tr\u00ed.<strong><\/strong><br \/>\n\u00b7\u00a0\u00a0\u00a0\u00a0\u00a0\u00a0\u00a0D\u1ec5 d\u00e0ng k\u1ebft h\u1ee3p nh\u1edd kh\u1ea3 n\u0103ng k\u1ebft n\u1ed1i Ethernet v\u00e0 Plantweb, v\u1edbi c\u00e1c module fa81n th\u00eam cho h\u1ea7u h\u1ebft c\u00e1c ki\u1ec3u truy\u1ec1n th\u00f4ng.<br \/>\n<strong>B\u1ed9 \u0111i\u1ec1u khi\u1ec3n v\u00e0 \u0111\u1ed9ng c\u01a1<\/strong><strong><\/strong><br \/>\n\u00b7\u00a0\u00a0\u00a0\u00a0\u00a0\u00a0\u00a0GI\u1ea3m chi ph\u00ed m\u00e1y m\u00f3c v\u1edbi b\u1ed9 \u0111i\u1ec1u khi\u1ec3n ph\u1ed5 th\u00f4ng v\u1edbi gi\u00e1 th\u00e0nh c\u1ef1c k\u00fd c\u1ea1nh tranh.<strong><\/strong><br \/>\n\u00b7\u00a0\u00a0\u00a0\u00a0\u00a0\u00a0\u00a0Thay \u0111\u1ed5i nhanh ch\u00f3ng v\u1edbi b\u1ed9 \u0111i\u1ec1u khi\u1ec3n servo v\u1edbi gi\u00e1 th\u00e0nh c\u1ee7a b\u1ed9 \u0111i\u1ec1u khi\u1ec3n \u0111\u1ed9ng c\u01a1 b\u01b0\u1edbc.<strong><\/strong><br \/>\n\u00b7\u00a0\u00a0\u00a0\u00a0\u00a0\u00a0\u00a0\u0110\u1ed9ng c\u01a1 servo kh\u1ea3 n\u0103ng m\u1edf r\u1ed9ng ph\u00f9 h\u1ee3p v\u1edbi c\u00e1c b\u1ed9 \u0111i\u1ec1u khi\u1ec3n servo gi\u00fap thay \u0111\u1ed5i v\u1eadt li\u1ec7u nhanh ch\u00f3ng.<strong><\/strong><br \/>\n\u00b7\u00a0\u00a0\u00a0\u00a0\u00a0\u00a0\u00a0An to\u00e0n h\u01a1n v\u1edbi c\u00f4ng ngh\u1ec7 an to\u00e0n ng\u1eaft v\u00e0 gi\u1edbi h\u1ea1n v\u1ec1 momen.<strong><\/strong><br \/>\n<strong>C\u00e1c th\u00e0nh ph\u1ea7n cho \u0111i\u1ec1u khi\u1ec3n chuy\u1ec3n \u0111\u1ed9ng<\/strong><br \/>\n&nbsp;<br \/>\n\u00b7\u00a0\u00a0\u00a0\u00a0\u00a0\u00a0\u00a0D\u1ec5 d\u00e0ng thay \u0111\u1ed5i v\u1eadt li\u1ec7u v\u1edbi nhi\u1ec1u gi\u1ea3i ph\u00e1p \u0111i\u1ec1u khi\u1ec3n v\u1ecb tr\u00ed .<strong><\/strong><br \/>\n\u00b7\u00a0\u00a0\u00a0\u00a0\u00a0\u00a0\u00a0Gi\u1ea3m th\u1eddi gian v\u00e0 thay \u0111\u1ed5i nhanh h\u01a1n v\u1edbi kh\u1ea3 n\u0103ng k\u1ebft n\u1ed1i m\u1ea1ng.<strong><\/strong><br \/>\n\u00b7\u00a0\u00a0\u00a0\u00a0\u00a0\u00a0\u00a0C\u00e1c gi\u1ea3i ph\u00e1p v\u1ec1 v\u1eadt li\u1ec7u linh ho\u1ea1t v\u00e0 c\u00e1ch t\u00e2n v\u1edbi m\u00e1y h\u00e0n si\u00eau \u00e2m.<br \/>\n<strong>Ki\u1ec3m so\u00e1t k\u1ef9 thu\u1eadt s\u1ea3n ph\u1ea9m cho ng\u00e0nh c\u00f4ng nghi\u1ec7p M\u00e1y \u0111\u00f3ng g\u00f3i<\/strong><\/p>\n<div id=\"nav_menu-20\">\n<h3>THI\u1ebeT B\u1eca OMRON<\/h3>\n<div>\n<ul id=\"menu-omron\">\n<li id=\"menu-item-425\"><a href=\"https:\/\/banbientan.com\/tu-dong-hoa-omron\/inverter_omron\/\">B\u1ed9 bi\u1ebfn t\u1ea7n \u2013 (Inverter)<\/a><\/li>\n<li id=\"menu-item-428\"><a href=\"https:\/\/banbientan.com\/tu-dong-hoa-omron\/bo-lap-trinh-plc\/\">B\u1ed9 l\u1eadp tr\u00ecnh PLC<\/a><\/li>\n<li id=\"menu-item-429\"><a href=\"https:\/\/banbientan.com\/tu-dong-hoa-omron\/bo-lap-trinh-zen-omron\/\">B\u1ed9 l\u1eadp tr\u00ecnh \u0111\u01a1n gi\u1ea3n \u2013 ZEN<\/a><\/li>\n<li id=\"menu-item-432\"><a href=\"https:\/\/banbientan.com\/tu-dong-hoa-omron\/bo-nguon-xung-24v\/\">B\u1ed9 ngu\u1ed3n xung \u1ed5n \u00e1p<\/a><\/li>\n<li id=\"menu-item-447\"><a href=\"https:\/\/banbientan.com\/tu-dong-hoa-omron\/bo-dem-counter-omron\/\">B\u1ed9 \u0111\u1ebfm (Counters)<\/a><\/li>\n<li id=\"menu-item-444\"><a href=\"https:\/\/banbientan.com\/tu-dong-hoa-omron\/bo-dat-thoi-gian-timer\/\">B\u1ed9 \u0111\u1eb7t th\u1eddi gian (Timer)<\/a><\/li>\n<li id=\"menu-item-448\"><a href=\"https:\/\/banbientan.com\/tu-dong-hoa-omron\/bo-dieu-khien-nhiet-do-e5c\/\">B\u1ed9 \u0111i\u1ec1u khi\u1ec3n nhi\u1ec7t \u0111\u1ed9<\/a><\/li>\n<li id=\"menu-item-442\"><a href=\"https:\/\/banbientan.com\/tu-dong-hoa-omron\/dong-ho-do\/\">B\u1ed9 x\u1eed l\u00fd t\u00edn hi\u1ec7u v\u00e0 hi\u1ec3n th\u1ecb s\u1ed1<\/a><\/li>\n<li id=\"menu-item-440\"><a href=\"https:\/\/banbientan.com\/tu-dong-hoa-omron\/ma-hoa-vong-quay-encoder\/\">B\u1ed9 m\u00e3 h\u00f3a v\u00f2ng quay (Encoder)<\/a><\/li>\n<li id=\"menu-item-433\"><a href=\"https:\/\/banbientan.com\/tu-dong-hoa-omron\/cam-bien-quang-photoelectric-sensors\/\">C\u1ea3m bi\u1ebfn quang (Photoelectric Sensors)<\/a><\/li>\n<li id=\"menu-item-436\"><a href=\"https:\/\/banbientan.com\/tu-dong-hoa-omron\/cam-bien-tiem-can-proximity-sensors\/\">C\u1ea3m bi\u1ebfn ti\u1ec7m c\u1eadn (Proximity Sensors)<\/a><\/li>\n<li id=\"menu-item-456\"><a href=\"https:\/\/banbientan.com\/tu-dong-hoa-omron\/cam-bien-tiem-can-dien-dung\/\">C\u1ea3m bi\u1ebfn ti\u1ec7m c\u1eadn \u0111i\u1ec7n dung<\/a><\/li>\n<li id=\"menu-item-454\"><a href=\"https:\/\/banbientan.com\/tu-dong-hoa-omron\/cam-bien-ap-suat\/\">C\u1ea3m bi\u1ebfn \u00e1p su\u1ea5t<\/a><\/li>\n<li id=\"menu-item-7128\"><a href=\"https:\/\/banbientan.com\/cam-bien-hong-ngoai-do-am\/\">C\u1ea3m bi\u1ebfn h\u1ed3ng ngo\u1ea1i &amp; \u0111\u1ed9 \u1ea9m<\/a><\/li>\n<li id=\"menu-item-5849\"><a href=\"https:\/\/banbientan.com\/cam-bien-an-toan\/\">C\u1ea3m bi\u1ebfn an to\u00e0n<\/a><\/li>\n<li id=\"menu-item-449\"><a href=\"https:\/\/banbientan.com\/tu-dong-hoa-omron\/cong-tac-hanh-trinh\/\">C\u00f4ng t\u1eafc h\u00e0nh tr\u00ecnh<\/a><\/li>\n<li id=\"menu-item-460\"><a href=\"https:\/\/banbientan.com\/tu-dong-hoa-omron\/dong-ho-can-omron\/\">\u0110\u1ed3ng h\u1ed3 hi\u1ec3n th\u1ecb c\u00e2n<\/a><\/li>\n<li id=\"menu-item-458\"><a href=\"https:\/\/banbientan.com\/tu-dong-hoa-omron\/ro-le-trung-gian-relay\/\">R\u01a1 le trung gian (Relay)<\/a><\/li>\n<li id=\"menu-item-459\"><a href=\"https:\/\/banbientan.com\/tu-dong-hoa-omron\/role-ban-dan-solid-state-relay\/\">R\u01a1le b\u00e1n d\u1eabn (Solid State Relay)<\/a><\/li>\n<li id=\"menu-item-457\"><a href=\"https:\/\/banbientan.com\/tu-dong-hoa-omron\/ro-le-mat-pha-qua-ap-dong\/\">R\u01a1 le b\u1ea3o v\u1ec7 pha, \u00e1p, d\u00f2ng<\/a><\/li>\n<li id=\"menu-item-437\"><a href=\"https:\/\/banbientan.com\/tu-dong-hoa-omron\/bo-bao-muc-nuoc\/\">B\u1ed9 di\u1ec1u khi\u1ec3n ki\u1ec3m tra m\u1ee9c n\u01b0\u1edbc<\/a><\/li>\n<li id=\"menu-item-5776\"><a href=\"https:\/\/banbientan.com\/cap-noi\/\">C\u00e1p n\u1ed1i<\/a><\/li>\n<li id=\"menu-item-466\"><a href=\"https:\/\/banbientan.com\/tu-dong-hoa-omron\/phan-mem-plc-software\/\">Ph\u1ea7n m\u1ec1m OMRON \u2013 Software<\/a><\/li>\n<li id=\"menu-item-518\"><a href=\"https:\/\/banbientan.com\/catalogue-omron-tieng-viet\/\">Catalogue Omron ti\u1ebfng vi\u1ec7t 28 trang<\/a><\/li>\n<\/ul>\n<\/div>\n<\/div>\n<div id=\"nav_menu-21\">\n<h3>Control Techniques &amp; Emerson<\/h3>\n<div>\n<ul id=\"menu-emerson\">\n<li id=\"menu-item-5394\"><a href=\"https:\/\/banbientan.com\/control-techniques-va-emerson\/commander-sk\/\">Commander SK<\/a><\/li>\n<li id=\"menu-item-5397\"><a href=\"https:\/\/banbientan.com\/control-techniques-va-emerson\/pv-series\/\">PV series<\/a><\/li>\n<li id=\"menu-item-5396\"><a href=\"https:\/\/banbientan.com\/control-techniques-va-emerson\/mentor-mp\/\">Mentor MP<\/a><\/li>\n<li id=\"menu-item-5395\"><a href=\"https:\/\/banbientan.com\/control-techniques-va-emerson\/fxmp25\/\">FXMP25<\/a><\/li>\n<li id=\"menu-item-5398\"><a href=\"https:\/\/banbientan.com\/control-techniques-va-emerson\/unidrive-sp-free-standing\/\">Unidrive SP free Standing<\/a><\/li>\n<li id=\"menu-item-5399\"><a href=\"https:\/\/banbientan.com\/control-techniques-va-emerson\/unidrive-sp-panel-mount\/\">Unidrive SP Panel Mount<\/a><\/li>\n<li id=\"menu-item-5400\"><a href=\"https:\/\/banbientan.com\/bien-tan\/unidrive-sp-modular\/\">Unidrive SP Modular<\/a><\/li>\n<li id=\"menu-item-7448\"><a href=\"https:\/\/banbientan.com\/giai-phap-cong-nghiep\/\">Gi\u1ea3i ph\u00e1p c\u00f4ng nghi\u1ec7p<\/a><\/li>\n<\/ul>\n<\/div>\n<\/div>\n","protected":false},"excerpt":{"rendered":"<p>C\u00e1c nh\u00e0 ch\u1ebf t\u1ea1o m\u00e1y \u0111\u00f3ng g\u00f3i bao b\u00ec \u0111\u1ed1i di\u1ec7n v\u1edbi r\u1ea5t nhi\u1ec1u th\u00e1ch th\u1ee9c kh\u00e1c nhau t\u1eeb c\u00e1c v\u1ea5n \u0111\u1ec1 li\u00ean quan \u0111\u1ebfn c\u00f4ng ty v\u00e0 nh\u00e0 cung c\u1ea5p cho \u0111\u1ebfn c\u00e1c y\u00eau c\u1ea7u c\u1ee7a kh\u00e1ch h\u00e0ng v\u00e0 s\u1ee9c \u00e9p v\u1ec1 c\u1ea1nh tranh. Emerson c\u00f3 th\u1ec3 tr\u1ee3 gi\u00fap : C\u00e1c gi\u1ea3i ph\u00e1p v\u1ec1 [&hellip;]<\/p>\n","protected":false},"author":2,"featured_media":7473,"parent":7405,"menu_order":8,"comment_status":"open","ping_status":"closed","template":"","meta":{"footnotes":""},"class_list":["post-7472","page","type-page","status-publish","has-post-thumbnail","hentry"],"_links":{"self":[{"href":"https:\/\/hunglong.banbientan.com\/index.php?rest_route=\/wp\/v2\/pages\/7472","targetHints":{"allow":["GET"]}}],"collection":[{"href":"https:\/\/hunglong.banbientan.com\/index.php?rest_route=\/wp\/v2\/pages"}],"about":[{"href":"https:\/\/hunglong.banbientan.com\/index.php?rest_route=\/wp\/v2\/types\/page"}],"author":[{"embeddable":true,"href":"https:\/\/hunglong.banbientan.com\/index.php?rest_route=\/wp\/v2\/users\/2"}],"replies":[{"embeddable":true,"href":"https:\/\/hunglong.banbientan.com\/index.php?rest_route=%2Fwp%2Fv2%2Fcomments&post=7472"}],"version-history":[{"count":0,"href":"https:\/\/hunglong.banbientan.com\/index.php?rest_route=\/wp\/v2\/pages\/7472\/revisions"}],"up":[{"embeddable":true,"href":"https:\/\/hunglong.banbientan.com\/index.php?rest_route=\/wp\/v2\/pages\/7405"}],"wp:featuredmedia":[{"embeddable":true,"href":"https:\/\/hunglong.banbientan.com\/index.php?rest_route=\/"}],"wp:attachment":[{"href":"https:\/\/hunglong.banbientan.com\/index.php?rest_route=%2Fwp%2Fv2%2Fmedia&parent=7472"}],"curies":[{"name":"wp","href":"https:\/\/api.w.org\/{rel}","templated":true}]}}