{"id":7478,"date":"2012-07-30T11:35:03","date_gmt":"2012-07-30T04:35:03","guid":{"rendered":"https:\/\/banbientan.com\/?page_id=7478"},"modified":"2012-07-30T11:35:03","modified_gmt":"2012-07-30T04:35:03","slug":"in-an","status":"publish","type":"page","link":"https:\/\/hunglong.banbientan.com\/?page_id=7478","title":{"rendered":"In \u1ea5n"},"content":{"rendered":"<div>\n<a href=\"https:\/\/banbientan.com\/wp-content\/uploads\/2012\/07\/PRINTING.jpg\"><img loading=\"lazy\" decoding=\"async\" class=\"alignnone size-large wp-image-7479\" title=\"PRINTING\" src=\"https:\/\/banbientan.com\/wp-content\/uploads\/2012\/07\/PRINTING-1024x222.jpg\" alt=\"\" width=\"620\" height=\"134\" \/><\/a><br \/>\nGi\u1ea3i ph\u00e1p n\u00e2ng c\u1ea5p c\u1ea3i t\u1ea1o h\u1ec7 th\u1ed1ng truy\u1ec1n \u0111\u1ed9ng c\u1ee7a emerson Control Techniques gi\u00fap b\u1ea3o \u0111\u1ea3m th\u00e0nh c\u00f4ng theo y\u00eau c\u1ea7u th\u1eddi gian b\u1eb1ng c\u00e1ch c\u1ea3i ti\u1ebfn th\u1eddi gian, \u0111\u1ed9 tin c\u1eady v\u00e0 b\u1ea3o \u0111\u1ea3m an to\u00e0n. B\u1ea3o \u0111\u1ea3m c\u1ea3i t\u1ea1o n\u00e2ng c\u1ea5p th\u00e0nh c\u00f4ng l\u00e0 l\u1eddi h\u1ee9a c\u1ee7a ch\u00fang t\u00f4i. C\u00e1c d\u00f2ng s\u1ea3n ph\u1ea9m c\u1ee7a ch\u00fang t\u00f4i r\u1ea5t n\u1ed5i ti\u1ebfng trong c\u00e1c h\u1ec7 th\u1ed1ng in \u1ea5n ch\u1ea5t l\u01b0\u1ee3ng k\u1ec3 t\u1eeb n\u0103m 1952. V\u1edbi h\u01a1n 50 n\u0103m l\u1eafp \u0111\u1eb7t c\u00e1c h\u1ec7 th\u1ed1ng AC, DC v\u00e0 n\u00e2ng c\u1ea5p c\u00e1c h\u1ec7 th\u1ed1ng d\u00e0nh cho ng\u00e0nh c\u00f4ng nghi\u1ec7p in \u1ea5n, Control Techniques c\u00f3 nhi\u1ec1u kinh nghi\u1ec7m v\u00e0 s\u1ea3n ph\u1ea9m \u0111\u00e1p \u1ee9ng v\u00e0 v\u01b0\u1ee3t c\u1ea3 s\u1ef1 mong \u0111\u1ee3i c\u1ee7a kh\u00e1ch h\u00e0ng.<br \/>\n<strong>C\u00e1c gi\u1ea3i ph\u00e1p ng\u00e0nh in \u1ea5n<\/strong><br \/>\n&nbsp;<br \/>\n<strong>\u00a0<\/strong>\u00b7\u00a0\u00a0\u00a0\u00a0\u00a0\u00a0\u00a0In b\u00e1o ch\u00ed.<br \/>\n&nbsp;<br \/>\n\u00b7\u00a0\u00a0\u00a0\u00a0\u00a0\u00a0\u00a0In nh\u00e3n t\u1ed1c \u0111\u1ed9 cao.<strong><\/strong><br \/>\n\u00b7\u00a0\u00a0\u00a0\u00a0\u00a0\u00a0\u00a0In cu\u1ed9n.<strong><\/strong><br \/>\n\u00b7\u00a0\u00a0\u00a0\u00a0\u00a0\u00a0\u00a0In n\u1ed5i khu\u00f4n m\u1ec1m ( flexo printing).<strong><\/strong><br \/>\n\u00b7\u00a0\u00a0\u00a0\u00a0\u00a0\u00a0\u00a0In t\u1eebng t\u1ea5m.<strong><\/strong><br \/>\n\u00b7\u00a0\u00a0\u00a0\u00a0\u00a0\u00a0\u00a0In tr\u00ean lon v\u00e0 h\u1ed9p.<strong><\/strong><br \/>\n\u00b7\u00a0\u00a0\u00a0\u00a0\u00a0\u00a0\u00a0M\u00e1y \u0111\u00f3ng s\u00e1ch.<strong><\/strong><br \/>\n\u00b7\u00a0\u00a0\u00a0\u00a0\u00a0\u00a0\u00a0M\u00e1y n\u1ea1p v\u00e0 x\u1ea3 .<strong><\/strong><br \/>\n\u00b7\u00a0\u00a0\u00a0\u00a0\u00a0\u00a0\u00a0M\u00e1y \u0111\u00f3ng g\u00f3i v\u00e0 h\u1ed9p.<br \/>\n\u0110\u1ed3ng b\u1ed9 ch\u00ednh x\u00e1c gi\u1eefa c\u00e1c b\u1ed9 \u0111i\u1ec1u khi\u1ec3n d\u00f9ng CTSync, v\u00e0 thi\u1ebft k\u1ebf m\u1edbi module SM-register m\u1edf r\u1ed9ng g\u1eafn th\u00eam tr\u00ean Unidrive SP l\u00e0 cu\u1ed9c c\u00e1ch m\u1ea1ng trong ng\u00e0nh in \u1ea5n d\u00e0nh cho m\u00e1y in flexo 8-10 m\u00e0u v\u00e0 kh\u00f4ng b\u1ecb nh\u00f2e ( jitter \u2013free). Vi\u1ec7c n\u00e2ng c\u1ea5p b\u1eb1ng c\u00f4ng ngh\u1ec7 d\u00f9ng servo mang l\u1ea1i m\u00e1y in c\u0169 m\u1ed9t \u0111\u1eddi s\u1ed1ng m\u1edbi v\u1edbi \u0111\u1ed9 linh ho\u1ea1t cao h\u01a1n.<br \/>\n<strong>C\u00e1c ki\u1ec3u m\u00e1y in<\/strong><br \/>\n&nbsp;<br \/>\nM\u00e1y in t\u1eebng t\u1edd, in d\u1ea1ng cu\u1ed9n, In kh\u1ed5 \u0111\u01a1n, kh\u1ed5 \u0111\u00f4i , b\u00e1o ch\u00ed v\u00e0 t\u1ea1p ch\u00ed th\u01b0\u01a1ng m\u1ea1i.<br \/>\n<strong>D\u00f9ng l\u1ee3i th\u1ebf s\u1ea3n ph\u1ea9m c\u1ee7a Emerson Control Techniques<\/strong><br \/>\n\u00b7\u00a0\u00a0\u00a0\u00a0\u00a0\u00a0\u00a0To\u00e0n gi\u1ea3i s\u1ea3n ph\u1ea9m AC &amp; DC t\u1eeb nh\u00e0 cung c\u1ea5p h\u1ec7 th\u1ed1ng truy\u1ec1n \u0111\u1ed9ng th\u00f4ng minh h\u00e0ng \u0111\u1ea7u, v\u1edbi d\u1ecbch v\u1ee5 b\u1ea3o h\u00e0nh t\u1ed1t nh\u1ea5t v\u00e0 T\u1eeb Emerson.<br \/>\n\u00b7\u00a0\u00a0\u00a0\u00a0\u00a0\u00a0\u00a0\u0110i\u1ec1u khi\u1ec3n m\u1ea1nh m\u1ebd c\u00f9ng v\u1edbi b\u00e0n ph\u00edm d\u1ec5 s\u1eed d\u1ee5ng c\u00f9ng v\u1edbi m\u00e0n h\u00ecnh s\u1edd t\u00f9y ch\u1ecdn, ph\u1ea7n m\u1ec1m tr\u1ef1c quan v\u00e0 c\u00f4ng c\u1ee5 ch\u1ea9n \u0111o\u00e0n th\u1eddi gian th\u1ef1c.<br \/>\n\u00b7\u00a0\u00a0\u00a0\u00a0\u00a0\u00a0\u00a0H\u1ec7 th\u1ed1ng an to\u00e0n d\u1ef1 ph\u00f2ng \u0111\u1ec3 b\u1ea3o v\u1ec7 nhi\u1ec1u nh\u1ea5t.<br \/>\n\u00b7\u00a0\u00a0\u00a0\u00a0\u00a0\u00a0\u00a0T\u01b0\u01a1ng th\u00edch theo ANSI v\u00e0 C-UL-US.<br \/>\n\u00b7\u00a0\u00a0\u00a0\u00a0\u00a0\u00a0\u00a0B\u1ea3o h\u00e0nh t\u1ed1t nh\u1ea5t , c\u00f9ng v\u1edbi d\u1ecbch v\u1ee5 t\u1ea1i hi\u1ec7n tr\u01b0\u1eddng v\u00e0 h\u1ed7 tr\u1ee3\u00a0 24\/7\/365 v\u00e0 h\u1ed7 tr\u1ee3 tr\u00ean \u0111\u01b0\u1eddng d\u00e2y mi\u1ec5n ph\u00ed.\n<\/div>\n<div><\/div>\n<div>\n<div>\n<div><strong>Ki\u1ec3m so\u00e1t k\u1ef9 thu\u1eadt s\u1ea3n ph\u1ea9m cho ng\u00e0nh c\u00f4ng nghi\u1ec7p In \u1ea5n<\/strong><\/div>\n<div>\n<div id=\"nav_menu-20\">\n<h3>THI\u1ebeT B\u1eca OMRON<\/h3>\n<div>\n<ul id=\"menu-omron\">\n<li id=\"menu-item-425\"><a href=\"https:\/\/banbientan.com\/tu-dong-hoa-omron\/inverter_omron\/\">B\u1ed9 bi\u1ebfn t\u1ea7n \u2013 (Inverter)<\/a><\/li>\n<li id=\"menu-item-428\"><a href=\"https:\/\/banbientan.com\/tu-dong-hoa-omron\/bo-lap-trinh-plc\/\">B\u1ed9 l\u1eadp tr\u00ecnh PLC<\/a><\/li>\n<li id=\"menu-item-429\"><a href=\"https:\/\/banbientan.com\/tu-dong-hoa-omron\/bo-lap-trinh-zen-omron\/\">B\u1ed9 l\u1eadp tr\u00ecnh \u0111\u01a1n gi\u1ea3n \u2013 ZEN<\/a><\/li>\n<li id=\"menu-item-432\"><a href=\"https:\/\/banbientan.com\/tu-dong-hoa-omron\/bo-nguon-xung-24v\/\">B\u1ed9 ngu\u1ed3n xung \u1ed5n \u00e1p<\/a><\/li>\n<li id=\"menu-item-447\"><a href=\"https:\/\/banbientan.com\/tu-dong-hoa-omron\/bo-dem-counter-omron\/\">B\u1ed9 \u0111\u1ebfm (Counters)<\/a><\/li>\n<li id=\"menu-item-444\"><a href=\"https:\/\/banbientan.com\/tu-dong-hoa-omron\/bo-dat-thoi-gian-timer\/\">B\u1ed9 \u0111\u1eb7t th\u1eddi gian (Timer)<\/a><\/li>\n<li id=\"menu-item-448\"><a href=\"https:\/\/banbientan.com\/tu-dong-hoa-omron\/bo-dieu-khien-nhiet-do-e5c\/\">B\u1ed9 \u0111i\u1ec1u khi\u1ec3n nhi\u1ec7t \u0111\u1ed9<\/a><\/li>\n<li id=\"menu-item-442\"><a href=\"https:\/\/banbientan.com\/tu-dong-hoa-omron\/dong-ho-do\/\">B\u1ed9 x\u1eed l\u00fd t\u00edn hi\u1ec7u v\u00e0 hi\u1ec3n th\u1ecb s\u1ed1<\/a><\/li>\n<li id=\"menu-item-440\"><a href=\"https:\/\/banbientan.com\/tu-dong-hoa-omron\/ma-hoa-vong-quay-encoder\/\">B\u1ed9 m\u00e3 h\u00f3a v\u00f2ng quay (Encoder)<\/a><\/li>\n<li id=\"menu-item-433\"><a href=\"https:\/\/banbientan.com\/tu-dong-hoa-omron\/cam-bien-quang-photoelectric-sensors\/\">C\u1ea3m bi\u1ebfn quang (Photoelectric Sensors)<\/a><\/li>\n<li id=\"menu-item-436\"><a href=\"https:\/\/banbientan.com\/tu-dong-hoa-omron\/cam-bien-tiem-can-proximity-sensors\/\">C\u1ea3m bi\u1ebfn ti\u1ec7m c\u1eadn (Proximity Sensors)<\/a><\/li>\n<li id=\"menu-item-456\"><a href=\"https:\/\/banbientan.com\/tu-dong-hoa-omron\/cam-bien-tiem-can-dien-dung\/\">C\u1ea3m bi\u1ebfn ti\u1ec7m c\u1eadn \u0111i\u1ec7n dung<\/a><\/li>\n<li id=\"menu-item-454\"><a href=\"https:\/\/banbientan.com\/tu-dong-hoa-omron\/cam-bien-ap-suat\/\">C\u1ea3m bi\u1ebfn \u00e1p su\u1ea5t<\/a><\/li>\n<li id=\"menu-item-7128\"><a href=\"https:\/\/banbientan.com\/cam-bien-hong-ngoai-do-am\/\">C\u1ea3m bi\u1ebfn h\u1ed3ng ngo\u1ea1i &amp; \u0111\u1ed9 \u1ea9m<\/a><\/li>\n<li id=\"menu-item-5849\"><a href=\"https:\/\/banbientan.com\/cam-bien-an-toan\/\">C\u1ea3m bi\u1ebfn an to\u00e0n<\/a><\/li>\n<li id=\"menu-item-449\"><a href=\"https:\/\/banbientan.com\/tu-dong-hoa-omron\/cong-tac-hanh-trinh\/\">C\u00f4ng t\u1eafc h\u00e0nh tr\u00ecnh<\/a><\/li>\n<li id=\"menu-item-460\"><a href=\"https:\/\/banbientan.com\/tu-dong-hoa-omron\/dong-ho-can-omron\/\">\u0110\u1ed3ng h\u1ed3 hi\u1ec3n th\u1ecb c\u00e2n<\/a><\/li>\n<li id=\"menu-item-458\"><a href=\"https:\/\/banbientan.com\/tu-dong-hoa-omron\/ro-le-trung-gian-relay\/\">R\u01a1 le trung gian (Relay)<\/a><\/li>\n<li id=\"menu-item-459\"><a href=\"https:\/\/banbientan.com\/tu-dong-hoa-omron\/role-ban-dan-solid-state-relay\/\">R\u01a1le b\u00e1n d\u1eabn (Solid State Relay)<\/a><\/li>\n<li id=\"menu-item-457\"><a href=\"https:\/\/banbientan.com\/tu-dong-hoa-omron\/ro-le-mat-pha-qua-ap-dong\/\">R\u01a1 le b\u1ea3o v\u1ec7 pha, \u00e1p, d\u00f2ng<\/a><\/li>\n<li id=\"menu-item-437\"><a href=\"https:\/\/banbientan.com\/tu-dong-hoa-omron\/bo-bao-muc-nuoc\/\">B\u1ed9 di\u1ec1u khi\u1ec3n ki\u1ec3m tra m\u1ee9c n\u01b0\u1edbc<\/a><\/li>\n<li id=\"menu-item-5776\"><a href=\"https:\/\/banbientan.com\/cap-noi\/\">C\u00e1p n\u1ed1i<\/a><\/li>\n<li id=\"menu-item-466\"><a href=\"https:\/\/banbientan.com\/tu-dong-hoa-omron\/phan-mem-plc-software\/\">Ph\u1ea7n m\u1ec1m OMRON \u2013 Software<\/a><\/li>\n<li id=\"menu-item-518\"><a href=\"https:\/\/banbientan.com\/catalogue-omron-tieng-viet\/\">Catalogue Omron ti\u1ebfng vi\u1ec7t 28 trang<\/a><\/li>\n<\/ul>\n<\/div>\n<\/div>\n<div id=\"nav_menu-21\">\n<h3>Control Techniques &amp; Emerson<\/h3>\n<div>\n<ul id=\"menu-emerson\">\n<li id=\"menu-item-5394\"><a href=\"https:\/\/banbientan.com\/control-techniques-va-emerson\/commander-sk\/\">Commander SK<\/a><\/li>\n<li id=\"menu-item-5397\"><a href=\"https:\/\/banbientan.com\/control-techniques-va-emerson\/pv-series\/\">PV series<\/a><\/li>\n<li id=\"menu-item-5396\"><a href=\"https:\/\/banbientan.com\/control-techniques-va-emerson\/mentor-mp\/\">Mentor MP<\/a><\/li>\n<li id=\"menu-item-5395\"><a href=\"https:\/\/banbientan.com\/control-techniques-va-emerson\/fxmp25\/\">FXMP25<\/a><\/li>\n<li id=\"menu-item-5398\"><a href=\"https:\/\/banbientan.com\/control-techniques-va-emerson\/unidrive-sp-free-standing\/\">Unidrive SP free Standing<\/a><\/li>\n<li id=\"menu-item-5399\"><a href=\"https:\/\/banbientan.com\/control-techniques-va-emerson\/unidrive-sp-panel-mount\/\">Unidrive SP Panel Mount<\/a><\/li>\n<li id=\"menu-item-5400\"><a href=\"https:\/\/banbientan.com\/bien-tan\/unidrive-sp-modular\/\">Unidrive SP Modular<\/a><\/li>\n<li id=\"menu-item-7448\"><a href=\"https:\/\/banbientan.com\/giai-phap-cong-nghiep\/\">Gi\u1ea3i ph\u00e1p c\u00f4ng nghi\u1ec7p<\/a><\/li>\n<\/ul>\n<\/div>\n<\/div>\n<\/div>\n<div>\n<div>\n<div><\/div>\n<\/div>\n<\/div>\n<\/div>\n<\/div>\n","protected":false},"excerpt":{"rendered":"<p>Gi\u1ea3i ph\u00e1p n\u00e2ng c\u1ea5p c\u1ea3i t\u1ea1o h\u1ec7 th\u1ed1ng truy\u1ec1n \u0111\u1ed9ng c\u1ee7a emerson Control Techniques gi\u00fap b\u1ea3o \u0111\u1ea3m th\u00e0nh c\u00f4ng theo y\u00eau c\u1ea7u th\u1eddi gian b\u1eb1ng c\u00e1ch c\u1ea3i ti\u1ebfn th\u1eddi gian, \u0111\u1ed9 tin c\u1eady v\u00e0 b\u1ea3o \u0111\u1ea3m an to\u00e0n. B\u1ea3o \u0111\u1ea3m c\u1ea3i t\u1ea1o n\u00e2ng c\u1ea5p th\u00e0nh c\u00f4ng l\u00e0 l\u1eddi h\u1ee9a c\u1ee7a ch\u00fang t\u00f4i. C\u00e1c d\u00f2ng s\u1ea3n [&hellip;]<\/p>\n","protected":false},"author":2,"featured_media":7479,"parent":7405,"menu_order":10,"comment_status":"open","ping_status":"closed","template":"","meta":{"footnotes":""},"class_list":["post-7478","page","type-page","status-publish","has-post-thumbnail","hentry"],"_links":{"self":[{"href":"https:\/\/hunglong.banbientan.com\/index.php?rest_route=\/wp\/v2\/pages\/7478","targetHints":{"allow":["GET"]}}],"collection":[{"href":"https:\/\/hunglong.banbientan.com\/index.php?rest_route=\/wp\/v2\/pages"}],"about":[{"href":"https:\/\/hunglong.banbientan.com\/index.php?rest_route=\/wp\/v2\/types\/page"}],"author":[{"embeddable":true,"href":"https:\/\/hunglong.banbientan.com\/index.php?rest_route=\/wp\/v2\/users\/2"}],"replies":[{"embeddable":true,"href":"https:\/\/hunglong.banbientan.com\/index.php?rest_route=%2Fwp%2Fv2%2Fcomments&post=7478"}],"version-history":[{"count":0,"href":"https:\/\/hunglong.banbientan.com\/index.php?rest_route=\/wp\/v2\/pages\/7478\/revisions"}],"up":[{"embeddable":true,"href":"https:\/\/hunglong.banbientan.com\/index.php?rest_route=\/wp\/v2\/pages\/7405"}],"wp:featuredmedia":[{"embeddable":true,"href":"https:\/\/hunglong.banbientan.com\/index.php?rest_route=\/"}],"wp:attachment":[{"href":"https:\/\/hunglong.banbientan.com\/index.php?rest_route=%2Fwp%2Fv2%2Fmedia&parent=7478"}],"curies":[{"name":"wp","href":"https:\/\/api.w.org\/{rel}","templated":true}]}}