{"id":7485,"date":"2012-07-30T11:40:41","date_gmt":"2012-07-30T04:40:41","guid":{"rendered":"https:\/\/banbientan.com\/?page_id=7485"},"modified":"2012-07-30T11:40:41","modified_gmt":"2012-07-30T04:40:41","slug":"nhua-va-cao-su","status":"publish","type":"page","link":"https:\/\/hunglong.banbientan.com\/?page_id=7485","title":{"rendered":"Nh\u1ef1a v\u00e0 cao su"},"content":{"rendered":"<div>\n<a href=\"https:\/\/banbientan.com\/wp-content\/uploads\/2012\/07\/RUBBER-PLASTICS1.jpg\"><img loading=\"lazy\" decoding=\"async\" class=\"alignnone size-large wp-image-7486\" title=\"RUBBER &amp; PLASTICS1\" src=\"https:\/\/banbientan.com\/wp-content\/uploads\/2012\/07\/RUBBER-PLASTICS1-1024x222.jpg\" alt=\"\" width=\"620\" height=\"134\" \/><\/a><br \/>\nC\u00e1c b\u1ed9 \u0111i\u1ec1u khi\u1ec3n c\u1ee7a Control Techniques s\u1eed d\u1ee5ng h\u1ea7u h\u1ebft trong c\u00e1c ng\u00e0nh c\u00f4ng nghi\u1ec7p c\u00f3 s\u1eed d\u1ee5ng \u0111\u1ed9ng c\u01a1 \u0111i\u1ec7n v\u1edbi \u0111\u1ed9 tin c\u1eady cao, \u0111\u00e1p \u1ee9ng m\u1ea1nh, an to\u00e0n v\u00e0 kinh t\u1ebf. C\u00e1c nh\u00e0 ch\u1ebf t\u1ea1o m\u00e1y v\u00e0 c\u00e1c k\u1ef9 s\u01b0 ch\u1ec9 \u0111\u1ecbnh s\u1ea3n ph\u1ea9m Control Techniques b\u1edfi v\u00ec ch\u00fang r\u1ea5t d\u1ec5 d\u00e0ng t\u00edch h\u1ee3p v\u00e0 t\u0103ng n\u0103ng su\u1ea5t v\u00e0 ti\u1ebft ki\u1ec7m chi ph\u00ed th\u00f4ng th\u01b0\u1eddng v\u01b0\u1ee3t qu\u00e1 s\u1ef1 mong \u0111\u1ee3i.<br \/>\n<strong>C\u00e1c \u1ee9ng d\u1ee5ng trong ng\u00e0nh nh\u1ef1a v\u00e0 cao su \u00a0\u00a0<\/strong><strong>\u00a0<\/strong><br \/>\n\u00b7\u00a0\u00a0\u00a0\u00a0\u00a0\u00a0\u00a0M\u00e1y \u0111\u00f9n.<strong><\/strong><br \/>\n\u00b7\u00a0\u00a0\u00a0\u00a0\u00a0\u00a0\u00a0M\u00e1y gh\u00e9p.<strong><\/strong><br \/>\n\u00b7\u00a0\u00a0\u00a0\u00a0\u00a0\u00a0\u00a0M\u00e1y tr\u1ed9n.<strong><\/strong><br \/>\n\u00b7\u00a0\u00a0\u00a0\u00a0\u00a0\u00a0\u00a0M\u00e1y k\u00e9o.<strong><\/strong><br \/>\n\u00b7\u00a0\u00a0\u00a0\u00a0\u00a0\u00a0\u00a0M\u00e1y k\u00e9o \u1ed1ng.<strong><\/strong><br \/>\n\u00b7\u00a0\u00a0\u00a0\u00a0\u00a0\u00a0\u00a0M\u00e1y c\u1eaft.<strong><\/strong><br \/>\n\u00b7\u00a0\u00a0\u00a0\u00a0\u00a0\u00a0\u00a0Cu\u1ed9n \u0111\u00f4i.<strong><\/strong><br \/>\n\u00b7\u00a0\u00a0\u00a0\u00a0\u00a0\u00a0\u00a0M\u00e1y n\u1ea1p.<strong><\/strong><br \/>\n\u00b7\u00a0\u00a0\u00a0\u00a0\u00a0\u00a0\u00a0D\u00e1n nhi\u1ec7t\/m\u00e1y \u0111\u1ee5c.<strong><\/strong><br \/>\n\u00b7\u00a0\u00a0\u00a0\u00a0\u00a0\u00a0\u00a0M\u00e1y qu\u1ea5n l\u1ea1i.<strong><\/strong><br \/>\n\u00b7\u00a0\u00a0\u00a0\u00a0\u00a0\u00a0\u00a0Dao c\u1eaft quay tr\u00f2n ( Rotary Knife)<strong><\/strong><br \/>\n\u00b7\u00a0\u00a0\u00a0\u00a0\u00a0\u00a0\u00a0Dao c\u1eaft bay ( Flying Shear).\n<\/div>\n<div><\/div>\n<div>\n<div>\n<div><strong>Ki\u1ec3m so\u00e1t k\u1ef9 thu\u1eadt s\u1ea3n ph\u1ea9m cho ng\u00e0nh c\u00f4ng nghi\u1ec7p Nh\u1ef1a v\u00e0 cao su<\/strong><\/div>\n<div>\n<div id=\"nav_menu-20\">\n<h3>THI\u1ebeT B\u1eca OMRON<\/h3>\n<div>\n<ul id=\"menu-omron\">\n<li id=\"menu-item-425\"><a href=\"https:\/\/banbientan.com\/tu-dong-hoa-omron\/inverter_omron\/\">B\u1ed9 bi\u1ebfn t\u1ea7n \u2013 (Inverter)<\/a><\/li>\n<li id=\"menu-item-428\"><a href=\"https:\/\/banbientan.com\/tu-dong-hoa-omron\/bo-lap-trinh-plc\/\">B\u1ed9 l\u1eadp tr\u00ecnh PLC<\/a><\/li>\n<li id=\"menu-item-429\"><a href=\"https:\/\/banbientan.com\/tu-dong-hoa-omron\/bo-lap-trinh-zen-omron\/\">B\u1ed9 l\u1eadp tr\u00ecnh \u0111\u01a1n gi\u1ea3n \u2013 ZEN<\/a><\/li>\n<li id=\"menu-item-432\"><a href=\"https:\/\/banbientan.com\/tu-dong-hoa-omron\/bo-nguon-xung-24v\/\">B\u1ed9 ngu\u1ed3n xung \u1ed5n \u00e1p<\/a><\/li>\n<li id=\"menu-item-447\"><a href=\"https:\/\/banbientan.com\/tu-dong-hoa-omron\/bo-dem-counter-omron\/\">B\u1ed9 \u0111\u1ebfm (Counters)<\/a><\/li>\n<li id=\"menu-item-444\"><a href=\"https:\/\/banbientan.com\/tu-dong-hoa-omron\/bo-dat-thoi-gian-timer\/\">B\u1ed9 \u0111\u1eb7t th\u1eddi gian (Timer)<\/a><\/li>\n<li id=\"menu-item-448\"><a href=\"https:\/\/banbientan.com\/tu-dong-hoa-omron\/bo-dieu-khien-nhiet-do-e5c\/\">B\u1ed9 \u0111i\u1ec1u khi\u1ec3n nhi\u1ec7t \u0111\u1ed9<\/a><\/li>\n<li id=\"menu-item-442\"><a href=\"https:\/\/banbientan.com\/tu-dong-hoa-omron\/dong-ho-do\/\">B\u1ed9 x\u1eed l\u00fd t\u00edn hi\u1ec7u v\u00e0 hi\u1ec3n th\u1ecb s\u1ed1<\/a><\/li>\n<li id=\"menu-item-440\"><a href=\"https:\/\/banbientan.com\/tu-dong-hoa-omron\/ma-hoa-vong-quay-encoder\/\">B\u1ed9 m\u00e3 h\u00f3a v\u00f2ng quay (Encoder)<\/a><\/li>\n<li id=\"menu-item-433\"><a href=\"https:\/\/banbientan.com\/tu-dong-hoa-omron\/cam-bien-quang-photoelectric-sensors\/\">C\u1ea3m bi\u1ebfn quang (Photoelectric Sensors)<\/a><\/li>\n<li id=\"menu-item-436\"><a href=\"https:\/\/banbientan.com\/tu-dong-hoa-omron\/cam-bien-tiem-can-proximity-sensors\/\">C\u1ea3m bi\u1ebfn ti\u1ec7m c\u1eadn (Proximity Sensors)<\/a><\/li>\n<li id=\"menu-item-456\"><a href=\"https:\/\/banbientan.com\/tu-dong-hoa-omron\/cam-bien-tiem-can-dien-dung\/\">C\u1ea3m bi\u1ebfn ti\u1ec7m c\u1eadn \u0111i\u1ec7n dung<\/a><\/li>\n<li id=\"menu-item-454\"><a href=\"https:\/\/banbientan.com\/tu-dong-hoa-omron\/cam-bien-ap-suat\/\">C\u1ea3m bi\u1ebfn \u00e1p su\u1ea5t<\/a><\/li>\n<li id=\"menu-item-7128\"><a href=\"https:\/\/banbientan.com\/cam-bien-hong-ngoai-do-am\/\">C\u1ea3m bi\u1ebfn h\u1ed3ng ngo\u1ea1i &amp; \u0111\u1ed9 \u1ea9m<\/a><\/li>\n<li id=\"menu-item-5849\"><a href=\"https:\/\/banbientan.com\/cam-bien-an-toan\/\">C\u1ea3m bi\u1ebfn an to\u00e0n<\/a><\/li>\n<li id=\"menu-item-449\"><a href=\"https:\/\/banbientan.com\/tu-dong-hoa-omron\/cong-tac-hanh-trinh\/\">C\u00f4ng t\u1eafc h\u00e0nh tr\u00ecnh<\/a><\/li>\n<li id=\"menu-item-460\"><a href=\"https:\/\/banbientan.com\/tu-dong-hoa-omron\/dong-ho-can-omron\/\">\u0110\u1ed3ng h\u1ed3 hi\u1ec3n th\u1ecb c\u00e2n<\/a><\/li>\n<li id=\"menu-item-458\"><a href=\"https:\/\/banbientan.com\/tu-dong-hoa-omron\/ro-le-trung-gian-relay\/\">R\u01a1 le trung gian (Relay)<\/a><\/li>\n<li id=\"menu-item-459\"><a href=\"https:\/\/banbientan.com\/tu-dong-hoa-omron\/role-ban-dan-solid-state-relay\/\">R\u01a1le b\u00e1n d\u1eabn (Solid State Relay)<\/a><\/li>\n<li id=\"menu-item-457\"><a href=\"https:\/\/banbientan.com\/tu-dong-hoa-omron\/ro-le-mat-pha-qua-ap-dong\/\">R\u01a1 le b\u1ea3o v\u1ec7 pha, \u00e1p, d\u00f2ng<\/a><\/li>\n<li id=\"menu-item-437\"><a href=\"https:\/\/banbientan.com\/tu-dong-hoa-omron\/bo-bao-muc-nuoc\/\">B\u1ed9 di\u1ec1u khi\u1ec3n ki\u1ec3m tra m\u1ee9c n\u01b0\u1edbc<\/a><\/li>\n<li id=\"menu-item-5776\"><a href=\"https:\/\/banbientan.com\/cap-noi\/\">C\u00e1p n\u1ed1i<\/a><\/li>\n<li id=\"menu-item-466\"><a href=\"https:\/\/banbientan.com\/tu-dong-hoa-omron\/phan-mem-plc-software\/\">Ph\u1ea7n m\u1ec1m OMRON \u2013 Software<\/a><\/li>\n<li id=\"menu-item-518\"><a href=\"https:\/\/banbientan.com\/catalogue-omron-tieng-viet\/\">Catalogue Omron ti\u1ebfng vi\u1ec7t 28 trang<\/a><\/li>\n<\/ul>\n<\/div>\n<\/div>\n<div id=\"nav_menu-21\">\n<h3>Control Techniques &amp; Emerson<\/h3>\n<div>\n<ul id=\"menu-emerson\">\n<li id=\"menu-item-5394\"><a href=\"https:\/\/banbientan.com\/control-techniques-va-emerson\/commander-sk\/\">Commander SK<\/a><\/li>\n<li id=\"menu-item-5397\"><a href=\"https:\/\/banbientan.com\/control-techniques-va-emerson\/pv-series\/\">PV series<\/a><\/li>\n<li id=\"menu-item-5396\"><a href=\"https:\/\/banbientan.com\/control-techniques-va-emerson\/mentor-mp\/\">Mentor MP<\/a><\/li>\n<li id=\"menu-item-5395\"><a href=\"https:\/\/banbientan.com\/control-techniques-va-emerson\/fxmp25\/\">FXMP25<\/a><\/li>\n<li id=\"menu-item-5398\"><a href=\"https:\/\/banbientan.com\/control-techniques-va-emerson\/unidrive-sp-free-standing\/\">Unidrive SP free Standing<\/a><\/li>\n<li id=\"menu-item-5399\"><a href=\"https:\/\/banbientan.com\/control-techniques-va-emerson\/unidrive-sp-panel-mount\/\">Unidrive SP Panel Mount<\/a><\/li>\n<li id=\"menu-item-5400\"><a href=\"https:\/\/banbientan.com\/bien-tan\/unidrive-sp-modular\/\">Unidrive SP Modular<\/a><\/li>\n<li id=\"menu-item-7448\"><a href=\"https:\/\/banbientan.com\/giai-phap-cong-nghiep\/\">Gi\u1ea3i ph\u00e1p c\u00f4ng nghi\u1ec7p<\/a><\/li>\n<\/ul>\n<\/div>\n<\/div>\n<\/div>\n<\/div>\n<\/div>\n","protected":false},"excerpt":{"rendered":"<p>C\u00e1c b\u1ed9 \u0111i\u1ec1u khi\u1ec3n c\u1ee7a Control Techniques s\u1eed d\u1ee5ng h\u1ea7u h\u1ebft trong c\u00e1c ng\u00e0nh c\u00f4ng nghi\u1ec7p c\u00f3 s\u1eed d\u1ee5ng \u0111\u1ed9ng c\u01a1 \u0111i\u1ec7n v\u1edbi \u0111\u1ed9 tin c\u1eady cao, \u0111\u00e1p \u1ee9ng m\u1ea1nh, an to\u00e0n v\u00e0 kinh t\u1ebf. C\u00e1c nh\u00e0 ch\u1ebf t\u1ea1o m\u00e1y v\u00e0 c\u00e1c k\u1ef9 s\u01b0 ch\u1ec9 \u0111\u1ecbnh s\u1ea3n ph\u1ea9m Control Techniques b\u1edfi v\u00ec ch\u00fang r\u1ea5t d\u1ec5 [&hellip;]<\/p>\n","protected":false},"author":2,"featured_media":7486,"parent":7405,"menu_order":12,"comment_status":"open","ping_status":"closed","template":"","meta":{"footnotes":""},"class_list":["post-7485","page","type-page","status-publish","has-post-thumbnail","hentry"],"_links":{"self":[{"href":"https:\/\/hunglong.banbientan.com\/index.php?rest_route=\/wp\/v2\/pages\/7485","targetHints":{"allow":["GET"]}}],"collection":[{"href":"https:\/\/hunglong.banbientan.com\/index.php?rest_route=\/wp\/v2\/pages"}],"about":[{"href":"https:\/\/hunglong.banbientan.com\/index.php?rest_route=\/wp\/v2\/types\/page"}],"author":[{"embeddable":true,"href":"https:\/\/hunglong.banbientan.com\/index.php?rest_route=\/wp\/v2\/users\/2"}],"replies":[{"embeddable":true,"href":"https:\/\/hunglong.banbientan.com\/index.php?rest_route=%2Fwp%2Fv2%2Fcomments&post=7485"}],"version-history":[{"count":0,"href":"https:\/\/hunglong.banbientan.com\/index.php?rest_route=\/wp\/v2\/pages\/7485\/revisions"}],"up":[{"embeddable":true,"href":"https:\/\/hunglong.banbientan.com\/index.php?rest_route=\/wp\/v2\/pages\/7405"}],"wp:featuredmedia":[{"embeddable":true,"href":"https:\/\/hunglong.banbientan.com\/index.php?rest_route=\/"}],"wp:attachment":[{"href":"https:\/\/hunglong.banbientan.com\/index.php?rest_route=%2Fwp%2Fv2%2Fmedia&parent=7485"}],"curies":[{"name":"wp","href":"https:\/\/api.w.org\/{rel}","templated":true}]}}