{"id":7494,"date":"2012-07-30T13:59:13","date_gmt":"2012-07-30T06:59:13","guid":{"rendered":"https:\/\/banbientan.com\/?page_id=7494"},"modified":"2012-07-30T13:59:13","modified_gmt":"2012-07-30T06:59:13","slug":"nuoc-va-nuoc-thai","status":"publish","type":"page","link":"https:\/\/hunglong.banbientan.com\/?page_id=7494","title":{"rendered":"N\u01b0\u1edbc v\u00e0 n\u01b0\u1edbc th\u1ea3i"},"content":{"rendered":"<p><a href=\"https:\/\/banbientan.com\/wp-content\/uploads\/2012\/07\/WATER-WASTEWATER.jpg\"><img loading=\"lazy\" decoding=\"async\" class=\"alignnone size-large wp-image-7495\" title=\"WATER &amp; WASTEWATER\" src=\"https:\/\/banbientan.com\/wp-content\/uploads\/2012\/07\/WATER-WASTEWATER-1024x222.jpg\" alt=\"\" width=\"620\" height=\"134\" \/><\/a><br \/>\n<strong>C<\/strong><strong>\u00e1c gi\u1ea3i ph\u00e1p t\u1ed1i b\u1ed9 \u0111i\u1ec1u khi\u1ec3n t\u1ed1i \u01b0u v\u00e0 th\u00f4ng minh d\u00e0nh cho ng\u00e0nh n\u01b0\u1edbc<\/strong><strong><\/strong><br \/>\nC\u00e1c c\u00f4ng ty v\u1ec1 ng\u00e0nh n\u01b0\u1edbc \u0111ang ch\u1ecbu \u00e1p l\u1ef1c ch\u01b0a t\u1eebng c\u00f3 do vi\u1ec7c t\u0103ng gi\u00e1 n\u0103ng l\u01b0\u1ee3ng c\u0169ng nh\u01b0 s\u1ef1 thay \u0111\u1ed5i kh\u00ed h\u1eadu v\u00e0 lu\u1eadt ph\u00e1p. Chi\u1ebfn l\u01b0\u1ee3c ph\u00e1t tri\u1ec3n nh\u1eb1m gi\u1ea3m chi ph\u00ed v\u1eadn h\u00e0nh trong khi t\u1ed1i \u01b0u v\u1eadn h\u00e0nh s\u1eed d\u1ee5ng t\u00e0i nguy\u00ean l\u00e0 t\u1ed1i quan tr\u1ecdng. Control Techniques cung c\u1ea5p c\u00e1c gi\u1ea3i ph\u00e1p m\u1edbi \u0111\u1ec3 m\u1edf r\u1ed9ng kh\u1ea3 n\u0103ng k\u1ebft n\u1ed1i, gi\u1ea3m n\u0103ng l\u01b0\u1ee3ng ti\u00eau hao, gi\u1ea3m thi\u1ec3u th\u1eddi gian d\u1eebng v\u00e0 ph\u1ea3n \u1ee9ng th\u00f4ng minh khi c\u00f3 s\u1ef1 c\u1ed1 x\u1ea3y ra.<br \/>\nControl Techniques tr\u00ecnh b\u00e0y c\u00e1ch ti\u1ebfp c\u1eadn s\u00e1ng t\u1ea1o \u0111\u1ec3 qu\u1ea3n l\u00fd ki\u1ec3m so\u00e1t t\u00e0i nguy\u00ean n\u01b0\u1edbc th\u1ea3i v\u00e0 n\u01b0\u1edbc s\u1ea1ch c\u1ee7a kh\u00e1ch h\u00e0ng. Ch\u00fang t\u00f4i k\u1ebft h\u1ee3p c\u00e1c y\u1ebfu t\u1ed1 g\u1ecdn, tin c\u1eady cao c\u00f9ng v\u1edbi c\u00e1c \u0111\u1eb7c t\u00ednh chuy\u00ean d\u1ee5ng cho ng\u00e0nh c\u00f4ng nghi\u1ec7p nh\u01b0 \u0111i\u1ec1u khi\u1ec3n b\u01a1m th\u00f4ng minh th\u1eddi gian th\u1ef1c (IPC- ch\u01b0\u01a1ng tr\u00ecnh ng\u0103n k\u1ebft b\u00e1m), c\u00e1c I\/O cho c\u00e1c thi\u1ebft b\u1ecb v\u00e0 gi\u1ea3i ph\u00e1p k\u1ebft n\u1ed1i tr\u00ean n\u1ec1n TCP\/IP, t\u1ea5t c\u1ea3 \u0111\u01b0\u1ee3c t\u00edch h\u1ee3p s\u1eb5n.<br \/>\n<strong>C\u00e1c gi\u1ea3i ph\u00e1p \u0111\u1ed1i v\u1edbi c\u00e1c v\u1ea5n \u0111\u1ec1 th\u1ef1c t\u1ebf<\/strong><br \/>\n&nbsp;<br \/>\n<strong>\u00a0<\/strong>C\u00e1c c\u00f4ng ty ng\u00e0nh n\u01b0\u1edbc lu\u00f4n \u0111\u1ed1i m\u1eb7t v\u1edbi c\u00e1c v\u1ea5n \u0111\u1ec1 v\u1ec1 ch\u1ea5t b\u1ea9n b\u00e1m tr\u00ean b\u01a1m \u0111\u1ee9ng \u1edf nh\u1eefng n\u01a1i b\u01a1m c\u00f3 th\u1ec3 b\u1ecb \u0111\u1ee9ng m\u1ed9t ph\u1ea7n hay to\u00e0n b\u1ed9 trong h\u1ec7 th\u1ed1ng s\u1eed l\u00fd n\u01b0\u1edbc th\u1ea3i. Vi\u1ec7c ch\u00f9i r\u1eeda h\u1ea7u h\u1ebft l\u00e0 b\u1eb1ng tay t\u1ed1n nhi\u1ec1u chi ph\u00ed v\u00e0 l\u00e0 nhi\u1ec7m v\u1ee5 kh\u00f4ng vui v\u1ebb cho \u0111\u1ed9i ng\u0169 b\u1ea3o tr\u00ec v\u00e0 th\u00f4ng th\u01b0\u1eddng th\u00ec c\u1ea7n c\u00f3 c\u1ea7n c\u1ea9u. Vi\u1ec7c d\u1eebng c\u00f3 th\u1ec3 k\u00e9o d\u00e0i v\u00e0i ng\u00e0y trong th\u1eddi gian n\u00e0y h\u1ec7 th\u1ed1ng d\u1ef1 ph\u00f2ng ph\u1ea3i ch\u1ecbu th\u00eam \u00e1p l\u1ef1c. To\u00e0n h\u1ec7 h\u1ec7 th\u1ed1ng s\u1ef1 c\u1ed1 s\u1ebd \u1ea3nh h\u01b0\u1edfng \u0111\u1ebfn kh\u1ea3 n\u0103ng r\u00f2 r\u1ec9 c\u00f3 t\u00e1c \u0111\u1ed9ng \u0111\u1ebfn m\u00f4i tr\u01b0\u1eddng, s\u1ee9c kh\u1ecfe con ng\u01b0\u1eddi, chi ph\u00ed l\u00e0m s\u1ea1ch v\u00e0 vi ph\u1ea1m lu\u1eadt ph\u00e1p.<br \/>\nH\u1ec7 th\u1ed1ng \u0111i\u1ec1u khi\u1ec3n b\u01a1m th\u00f4ng minh c\u1ee7a Control Techniques (IPC) s\u1ebd c\u1ea3i thi\u1ec7n \u0111\u1ed9 tin c\u1eady v\u00e0 t\u00ednh n\u0103ng v\u1eadn h\u00e0nh. Trong nhi\u1ec1u l\u1eafp \u0111\u1eb7t th\u1ef1c t\u1ebf \u0111\u00e3 gi\u1ea3m chi ph\u00ed li\u00ean quan \u0111\u1ebfn c\u00e1c t\u00e0i nguy\u00ean n\u00e0y trong khi v\u1eabn c\u1ea3i thi\u1ec7n \u0111\u1ea7u ra.<br \/>\n\u0110\u1ec3 bi\u1ebft th\u00eam chi ti\u1ebft v\u1ec1 \u0111i\u1ec1u khi\u1ec3n b\u01a1m th\u00f4ng minh (IPC) xin li\u00ean h\u1ec7<br \/>\n<strong>C\u00e1c s\u1ea3n ph\u1ea9m c\u1ee7a Control Techniques v\u00e0 OMRON d\u00e0nh cho ng\u00e0nh n\u01b0\u1edbc v\u00e0 n\u01b0\u1edbc th\u1ea3i<\/strong><\/p>\n<h3>THI\u1ebeT B\u1eca OMRON<\/h3>\n<div>\n<ul id=\"menu-omron\">\n<li id=\"menu-item-425\"><a href=\"https:\/\/banbientan.com\/tu-dong-hoa-omron\/inverter_omron\/\">B\u1ed9 bi\u1ebfn t\u1ea7n \u2013 (Inverter)<\/a><\/li>\n<li id=\"menu-item-428\"><a href=\"https:\/\/banbientan.com\/tu-dong-hoa-omron\/bo-lap-trinh-plc\/\">B\u1ed9 l\u1eadp tr\u00ecnh PLC<\/a><\/li>\n<li id=\"menu-item-429\"><a href=\"https:\/\/banbientan.com\/tu-dong-hoa-omron\/bo-lap-trinh-zen-omron\/\">B\u1ed9 l\u1eadp tr\u00ecnh \u0111\u01a1n gi\u1ea3n \u2013 ZEN<\/a><\/li>\n<li id=\"menu-item-432\"><a href=\"https:\/\/banbientan.com\/tu-dong-hoa-omron\/bo-nguon-xung-24v\/\">B\u1ed9 ngu\u1ed3n xung \u1ed5n \u00e1p<\/a><\/li>\n<li id=\"menu-item-447\"><a href=\"https:\/\/banbientan.com\/tu-dong-hoa-omron\/bo-dem-counter-omron\/\">B\u1ed9 \u0111\u1ebfm (Counters)<\/a><\/li>\n<li id=\"menu-item-444\"><a href=\"https:\/\/banbientan.com\/tu-dong-hoa-omron\/bo-dat-thoi-gian-timer\/\">B\u1ed9 \u0111\u1eb7t th\u1eddi gian (Timer)<\/a><\/li>\n<li id=\"menu-item-448\"><a href=\"https:\/\/banbientan.com\/tu-dong-hoa-omron\/bo-dieu-khien-nhiet-do-e5c\/\">B\u1ed9 \u0111i\u1ec1u khi\u1ec3n nhi\u1ec7t \u0111\u1ed9<\/a><\/li>\n<li id=\"menu-item-442\"><a href=\"https:\/\/banbientan.com\/tu-dong-hoa-omron\/dong-ho-do\/\">B\u1ed9 x\u1eed l\u00fd t\u00edn hi\u1ec7u v\u00e0 hi\u1ec3n th\u1ecb s\u1ed1<\/a><\/li>\n<\/ul>\n<\/div>\n<h3>Control Techniques &amp; Emerson<\/h3>\n<div>\n<ul id=\"menu-emerson\">\n<li id=\"menu-item-5394\"><a href=\"https:\/\/banbientan.com\/control-techniques-va-emerson\/commander-sk\/\">Commander SK<\/a><\/li>\n<li id=\"menu-item-5397\"><a href=\"https:\/\/banbientan.com\/control-techniques-va-emerson\/pv-series\/\">PV series<\/a><\/li>\n<li id=\"menu-item-5396\"><a href=\"https:\/\/banbientan.com\/control-techniques-va-emerson\/mentor-mp\/\">Mentor MP<\/a><\/li>\n<li id=\"menu-item-5395\"><a href=\"https:\/\/banbientan.com\/control-techniques-va-emerson\/fxmp25\/\">FXMP25<\/a><\/li>\n<li id=\"menu-item-5398\"><a href=\"https:\/\/banbientan.com\/control-techniques-va-emerson\/unidrive-sp-free-standing\/\">Unidrive SP free Standing<\/a><\/li>\n<li id=\"menu-item-5399\"><a href=\"https:\/\/banbientan.com\/control-techniques-va-emerson\/unidrive-sp-panel-mount\/\">Unidrive SP Panel Mount<\/a><\/li>\n<li id=\"menu-item-5400\"><a href=\"https:\/\/banbientan.com\/bien-tan\/unidrive-sp-modular\/\">Unidrive SP Modular<\/a><\/li>\n<li id=\"menu-item-7448\"><a href=\"https:\/\/banbientan.com\/giai-phap-cong-nghiep\/\">Gi\u1ea3i ph\u00e1p c\u00f4ng nghi\u1ec7p<\/a><\/li>\n<\/ul>\n<\/div>\n","protected":false},"excerpt":{"rendered":"<p>C\u00e1c gi\u1ea3i ph\u00e1p t\u1ed1i b\u1ed9 \u0111i\u1ec1u khi\u1ec3n t\u1ed1i \u01b0u v\u00e0 th\u00f4ng minh d\u00e0nh cho ng\u00e0nh n\u01b0\u1edbc C\u00e1c c\u00f4ng ty v\u1ec1 ng\u00e0nh n\u01b0\u1edbc \u0111ang ch\u1ecbu \u00e1p l\u1ef1c ch\u01b0a t\u1eebng c\u00f3 do vi\u1ec7c t\u0103ng gi\u00e1 n\u0103ng l\u01b0\u1ee3ng c\u0169ng nh\u01b0 s\u1ef1 thay \u0111\u1ed5i kh\u00ed h\u1eadu v\u00e0 lu\u1eadt ph\u00e1p. Chi\u1ebfn l\u01b0\u1ee3c ph\u00e1t tri\u1ec3n nh\u1eb1m gi\u1ea3m chi ph\u00ed v\u1eadn h\u00e0nh [&hellip;]<\/p>\n","protected":false},"author":2,"featured_media":7495,"parent":7405,"menu_order":14,"comment_status":"open","ping_status":"closed","template":"","meta":{"footnotes":""},"class_list":["post-7494","page","type-page","status-publish","has-post-thumbnail","hentry"],"_links":{"self":[{"href":"https:\/\/hunglong.banbientan.com\/index.php?rest_route=\/wp\/v2\/pages\/7494","targetHints":{"allow":["GET"]}}],"collection":[{"href":"https:\/\/hunglong.banbientan.com\/index.php?rest_route=\/wp\/v2\/pages"}],"about":[{"href":"https:\/\/hunglong.banbientan.com\/index.php?rest_route=\/wp\/v2\/types\/page"}],"author":[{"embeddable":true,"href":"https:\/\/hunglong.banbientan.com\/index.php?rest_route=\/wp\/v2\/users\/2"}],"replies":[{"embeddable":true,"href":"https:\/\/hunglong.banbientan.com\/index.php?rest_route=%2Fwp%2Fv2%2Fcomments&post=7494"}],"version-history":[{"count":0,"href":"https:\/\/hunglong.banbientan.com\/index.php?rest_route=\/wp\/v2\/pages\/7494\/revisions"}],"up":[{"embeddable":true,"href":"https:\/\/hunglong.banbientan.com\/index.php?rest_route=\/wp\/v2\/pages\/7405"}],"wp:featuredmedia":[{"embeddable":true,"href":"https:\/\/hunglong.banbientan.com\/index.php?rest_route=\/"}],"wp:attachment":[{"href":"https:\/\/hunglong.banbientan.com\/index.php?rest_route=%2Fwp%2Fv2%2Fmedia&parent=7494"}],"curies":[{"name":"wp","href":"https:\/\/api.w.org\/{rel}","templated":true}]}}