{"id":755,"date":"2011-10-02T01:11:21","date_gmt":"2011-10-01T18:11:21","guid":{"rendered":"http:\/\/banbientan.wordpress.com\/?page_id=755"},"modified":"2011-10-02T01:11:21","modified_gmt":"2011-10-01T18:11:21","slug":"s8vs","status":"publish","type":"page","link":"https:\/\/hunglong.banbientan.com\/?page_id=755","title":{"rendered":"S8VS \u0111a n\u0103ng"},"content":{"rendered":"<p>B\u1ed9 ngu\u1ed3n v\u1edbi m\u00e0n hi\u1ec3n th\u1ecb \u0111a n\u0103ng<br \/>\n<a href=\"https:\/\/banbientan.com\/wp-content\/uploads\/2011\/10\/s8vs_pwrsupply_small.jpg\"><img loading=\"lazy\" decoding=\"async\" class=\"alignnone size-full wp-image-4839\" title=\"s8vs_pwrsupply_small\" src=\"https:\/\/banbientan.com\/wp-content\/uploads\/2011\/10\/s8vs_pwrsupply_small.jpg\" alt=\"\" width=\"300\" height=\"178\" \/><\/a><br \/>\n<strong><a href=\"https:\/\/banbientan.com\/wp-content\/uploads\/2011\/10\/S8VS_9-06_vn.pdf\">T\u00e0i li\u1ec7u ti\u1ebfng vi\u1ec7t S8VS<\/a><\/strong><br \/>\nNh\u1ecf g\u1ecdn, m\u00e0n hi\u1ec3n th\u1ecb d\u1ec5 nh\u00ecn<br \/>\nC\u00f4ng su\u1ea5t t\u1eeb 15W \u0111\u1ebfn 240W<br \/>\nK\u00edch th\u01b0\u1edbc g\u1ecdn (40mm x 95 mm v\u1edbi model 60 W)<br \/>\nM\u00e0n hi\u1ec7n th\u1ecb LED 3 s\u1ed1, 7 thanh (kh\u00f4ng c\u00f3 v\u1edbi lo\u1ea1i\u00a015W, 30W) cho bi\u1ebft \u0111i\u1ec7n \u00e1p, d\u00f2ng, th\u1eddi gian ho\u1ea1t \u0111\u1ed9ng, th\u1eddi \u0111i\u1ec3m c\u1ea7n b\u1ea3o tr\u00ec b\u1ed9 ngu\u1ed3n<\/p>\n<table style=\"width: 612px;\" border=\"0\" cellspacing=\"0\" cellpadding=\"0\">\n<colgroup>\n<col width=\"64\" \/>\n<col width=\"214\" \/>\n<col width=\"101\" \/>\n<col width=\"81\" \/>\n<col width=\"152\" \/> <\/colgroup>\n<tbody>\n<tr>\n<td width=\"64\" height=\"34\">C\u00f4ng su\u1ea5t<\/td>\n<td width=\"214\">Lo\u1ea1i<\/td>\n<td width=\"101\">\u0110\u1ea7u ra c\u1ea3nh b\u00e1o<br \/>\n(transistor)<\/td>\n<td width=\"81\">\u00a0D\u00f2ng \u0111\u1ea7u ra<\/td>\n<td width=\"152\">\u00a0S\u1ed1 Model<\/td>\n<\/tr>\n<tr>\n<td height=\"17\">60 W<\/td>\n<td>Ti\u00eau chu\u1ea9n<\/td>\n<td><\/td>\n<td>2.5A<\/td>\n<td>S8VS-06024<\/td>\n<\/tr>\n<tr>\n<td height=\"17\"><\/td>\n<td>D\u1ef1 b\u00e1o th\u1eddi gian b\u1ea3o d\u01b0\u1ee1ng<\/td>\n<td><\/td>\n<td>2.5A<\/td>\n<td>S8VS-06024A<\/td>\n<\/tr>\n<tr>\n<td height=\"17\"><\/td>\n<td>Ki\u1ec3m so\u00e1t t\u1ed5ng th\u1eddi gian ho\u1ea1t \u0111\u1ed9ng<\/td>\n<td><\/td>\n<td>2.5A<\/td>\n<td>S8VS-06024B<\/td>\n<\/tr>\n<tr>\n<td height=\"17\">90 W<\/td>\n<td>Ti\u00eau chu\u1ea9n<\/td>\n<td><\/td>\n<td>3.75A<\/td>\n<td>S8VS-09024<\/td>\n<\/tr>\n<tr>\n<td height=\"17\"><\/td>\n<td rowspan=\"2\">D\u1ef1 b\u00e1o th\u1eddi gian b\u1ea3o d\u01b0\u1ee1ng<\/td>\n<td>NPN<\/td>\n<td>3.75A<\/td>\n<td>S8VS-09024A<\/td>\n<\/tr>\n<tr>\n<td height=\"17\"><\/td>\n<td>PNP<\/td>\n<td>3.75A<\/td>\n<td>S8VS-09024AP<\/td>\n<\/tr>\n<tr>\n<td height=\"17\"><\/td>\n<td rowspan=\"2\">Ki\u1ec3m so\u00e1t t\u1ed5ng th\u1eddi gian ho\u1ea1t \u0111\u1ed9ng<\/td>\n<td>NPN<\/td>\n<td>3.75A<\/td>\n<td>S8VS-09024B<\/td>\n<\/tr>\n<tr>\n<td height=\"17\"><\/td>\n<td>PNP<\/td>\n<td>3.75A<\/td>\n<td>S8VS-09024BP<\/td>\n<\/tr>\n<tr>\n<td height=\"17\">120 W<\/td>\n<td>Ti\u00eau chu\u1ea9n<\/td>\n<td><\/td>\n<td width=\"81\">5.0A<\/td>\n<td>S8VS-12024<\/td>\n<\/tr>\n<tr>\n<td height=\"17\"><\/td>\n<td rowspan=\"2\">D\u1ef1 b\u00e1o th\u1eddi gian b\u1ea3o d\u01b0\u1ee1ng<\/td>\n<td>NPN<\/td>\n<td width=\"81\">5.0A<\/td>\n<td>S8VS-12024A<\/td>\n<\/tr>\n<tr>\n<td height=\"17\"><\/td>\n<td>PNP<\/td>\n<td width=\"81\">5.0A<\/td>\n<td>S8VS-12024AP<\/td>\n<\/tr>\n<tr>\n<td height=\"17\"><\/td>\n<td rowspan=\"2\">Ki\u1ec3m so\u00e1t t\u1ed5ng th\u1eddi gian ho\u1ea1t \u0111\u1ed9ng<\/td>\n<td>NPN<\/td>\n<td width=\"81\">5.0A<\/td>\n<td>S8VS-12024B<\/td>\n<\/tr>\n<tr>\n<td height=\"17\"><\/td>\n<td>PNP<\/td>\n<td width=\"81\">7.5A<\/td>\n<td>S8VS-12024BP<\/td>\n<\/tr>\n<tr>\n<td height=\"17\">180 W<\/td>\n<td>Ti\u00eau chu\u1ea9n<\/td>\n<td><\/td>\n<td width=\"81\">7.5A<\/td>\n<td>S8VS-18024<\/td>\n<\/tr>\n<tr>\n<td height=\"17\"><\/td>\n<td rowspan=\"2\">D\u1ef1 b\u00e1o th\u1eddi gian b\u1ea3o d\u01b0\u1ee1ng<\/td>\n<td>NPN<\/td>\n<td width=\"81\">7.5A<\/td>\n<td>S8VS-18024A<\/td>\n<\/tr>\n<tr>\n<td height=\"17\"><\/td>\n<td>PNP<\/td>\n<td width=\"81\">7.5A<\/td>\n<td>S8VS-18024AP<\/td>\n<\/tr>\n<tr>\n<td height=\"17\"><\/td>\n<td rowspan=\"2\">Ki\u1ec3m so\u00e1t t\u1ed5ng th\u1eddi gian ho\u1ea1t \u0111\u1ed9ng<\/td>\n<td>NPN<\/td>\n<td width=\"81\">7.5A<\/td>\n<td>S8VS-18024B<\/td>\n<\/tr>\n<tr>\n<td height=\"17\"><\/td>\n<td>PNP<\/td>\n<td width=\"81\">7.5A<\/td>\n<td>S8VS-18024BP<\/td>\n<\/tr>\n<tr>\n<td height=\"17\">240 W<\/td>\n<td>Ti\u00eau chu\u1ea9n<\/td>\n<td><\/td>\n<td width=\"81\">10A<\/td>\n<td>S8VS-24024<\/td>\n<\/tr>\n<tr>\n<td height=\"17\"><\/td>\n<td rowspan=\"2\">D\u1ef1 b\u00e1o th\u1eddi gian b\u1ea3o d\u01b0\u1ee1ng<\/td>\n<td>NPN<\/td>\n<td width=\"81\">10A<\/td>\n<td>S8VS-24024A<\/td>\n<\/tr>\n<tr>\n<td height=\"17\"><\/td>\n<td>PNP<\/td>\n<td width=\"81\">10A<\/td>\n<td>S8VS-24024AP<\/td>\n<\/tr>\n<tr>\n<td height=\"17\"><\/td>\n<td rowspan=\"2\">Ki\u1ec3m so\u00e1t t\u1ed5ng th\u1eddi gian ho\u1ea1t \u0111\u1ed9ng<\/td>\n<td>NPN<\/td>\n<td width=\"81\">10A<\/td>\n<td>S8VS-24024B<\/td>\n<\/tr>\n<tr>\n<td height=\"17\"><\/td>\n<td>PNP<\/td>\n<td width=\"81\">10A<\/td>\n<td>S8VS-24024BP<\/td>\n<\/tr>\n<\/tbody>\n<\/table>\n<p>&nbsp;<\/p>\n","protected":false},"excerpt":{"rendered":"<p>B\u1ed9 ngu\u1ed3n v\u1edbi m\u00e0n hi\u1ec3n th\u1ecb \u0111a n\u0103ng T\u00e0i li\u1ec7u ti\u1ebfng vi\u1ec7t S8VS Nh\u1ecf g\u1ecdn, m\u00e0n hi\u1ec3n th\u1ecb d\u1ec5 nh\u00ecn C\u00f4ng su\u1ea5t t\u1eeb 15W \u0111\u1ebfn 240W K\u00edch th\u01b0\u1edbc g\u1ecdn (40mm x 95 mm v\u1edbi model 60 W) M\u00e0n hi\u1ec7n th\u1ecb LED 3 s\u1ed1, 7 thanh (kh\u00f4ng c\u00f3 v\u1edbi lo\u1ea1i\u00a015W, 30W) cho bi\u1ebft \u0111i\u1ec7n \u00e1p, d\u00f2ng, [&hellip;]<\/p>\n","protected":false},"author":2,"featured_media":4839,"parent":107,"menu_order":5,"comment_status":"open","ping_status":"closed","template":"","meta":{"footnotes":""},"class_list":["post-755","page","type-page","status-publish","has-post-thumbnail","hentry"],"_links":{"self":[{"href":"https:\/\/hunglong.banbientan.com\/index.php?rest_route=\/wp\/v2\/pages\/755","targetHints":{"allow":["GET"]}}],"collection":[{"href":"https:\/\/hunglong.banbientan.com\/index.php?rest_route=\/wp\/v2\/pages"}],"about":[{"href":"https:\/\/hunglong.banbientan.com\/index.php?rest_route=\/wp\/v2\/types\/page"}],"author":[{"embeddable":true,"href":"https:\/\/hunglong.banbientan.com\/index.php?rest_route=\/wp\/v2\/users\/2"}],"replies":[{"embeddable":true,"href":"https:\/\/hunglong.banbientan.com\/index.php?rest_route=%2Fwp%2Fv2%2Fcomments&post=755"}],"version-history":[{"count":0,"href":"https:\/\/hunglong.banbientan.com\/index.php?rest_route=\/wp\/v2\/pages\/755\/revisions"}],"up":[{"embeddable":true,"href":"https:\/\/hunglong.banbientan.com\/index.php?rest_route=\/wp\/v2\/pages\/107"}],"wp:featuredmedia":[{"embeddable":true,"href":"https:\/\/hunglong.banbientan.com\/index.php?rest_route=\/"}],"wp:attachment":[{"href":"https:\/\/hunglong.banbientan.com\/index.php?rest_route=%2Fwp%2Fv2%2Fmedia&parent=755"}],"curies":[{"name":"wp","href":"https:\/\/api.w.org\/{rel}","templated":true}]}}