{"id":761,"date":"2011-10-02T01:13:50","date_gmt":"2011-10-01T18:13:50","guid":{"rendered":"http:\/\/banbientan.wordpress.com\/?page_id=761"},"modified":"2011-10-02T01:13:50","modified_gmt":"2011-10-01T18:13:50","slug":"e5cn","status":"publish","type":"page","link":"https:\/\/hunglong.banbientan.com\/?page_id=761","title":{"rendered":"E5CN \u0111a n\u0103ng cao c\u1ea5p"},"content":{"rendered":"<p style=\"text-align: left;\" align=\"center\">\u0110i\u1ec1u khi\u1ec3n cao c\u1ea5p E5CN<\/p>\n<p style=\"text-align: left;\" align=\"center\"><a href=\"https:\/\/banbientan.com\/wp-content\/uploads\/2011\/10\/e5cn.jpg\"><img loading=\"lazy\" decoding=\"async\" class=\"alignnone size-full wp-image-4866\" title=\"e5cn\" src=\"https:\/\/banbientan.com\/wp-content\/uploads\/2011\/10\/e5cn.jpg\" alt=\"\" width=\"300\" height=\"174\" \/><\/a><\/p>\n<p style=\"text-align: left;\" align=\"center\"><strong><a href=\"https:\/\/banbientan.com\/wp-content\/uploads\/2011\/10\/3-E5_N_H_-new_vn.pdf\">Catalog ti\u1ebfng vi\u1ec7t E5CN<\/a><\/strong><\/p>\n<p style=\"text-align: left;\" align=\"center\"><strong><a href=\"https:\/\/banbientan.com\/wp-content\/uploads\/2011\/10\/e5cn.pdf\">Catalog ti\u1ebfng anh E5CN<\/a><\/strong><\/p>\n<p style=\"text-align: left;\" align=\"center\">\u2022\u00a0\u00a0K\u00edch th\u01b0\u1edbc : 48&#215;48 (mm)<br \/>\n\u2022\u00a0M\u1ee9c \u0111\u1ed9 ch\u00ednh x\u00e1c hi\u1ec3n th\u1ecb t\u0103ng g\u1ea5p \u0111\u00f4i so v\u1edbi lo\u1ea1i c\u0169 (tr\u01b0\u1edbc 1\/08)<br \/>\n\u2022\u00a0Ph\u01b0\u01a1ng th\u1ee9c \u0111i\u1ec1u khi\u1ec3n 2-PID cao c\u1ea5p<br \/>\n\u2022\u00a0D\u1ea3i ho\u1ea1t \u0111\u1ed9ng : -2000C t\u1edbi 1.800\u00b0C<br \/>\n\u2022\u00a0H\u1ed7 tr\u1ee3 nhi\u1ec1u lo\u1ea1i \u0111\u1ea7u v\u00e0o nhi\u1ec7t \u0111\u1ed9 (ch\u1ecdn b\u1eb1ng switch)<br \/>\n\u2022\u00a0H\u1ed7 tr\u1ee3 \u0111\u1ea7u v\u00e0o analog (E5CN-RML\/R2ML-500)<br \/>\n\u2022\u00a0\u00a0H\u1ed7 tr\u1ee3 ch\u1ee9c n\u0103ng b\u00e1o \u0111\u1ed9ng \u0111\u1ee9t d\u00e2y \u0111\u1ed1t\u00a03 pha; C\u00f3 \u0111\u1ea7u ra manual (ch\u1ec9nh tay)<br \/>\n\u2022\u00a0\u00a0Hi\u1ec3n th\u1ecb 3 m\u00e0u thay \u0111\u1ed5i, \u0111\u00e8n LED 11 thanh<br \/>\n\u2022\u00a0\u00a0C\u00f3 th\u1ec3 c\u00f3 2 \u0111\u1ea7u ra \u0111i\u1ec1u khi\u1ec3n \u0111\u1ed3ng th\u1eddi ho\u1eb7c 3 \u0111\u1ea7u ra c\u1ea3nh b\u00e1o, \u0111\u1ea7u ra transfer, l\u1eadp tr\u00ecnh \u0111\u01a1n gi\u1ea3n 2 b\u01b0\u1edbc, c\u1ed5ng USB<br \/>\nLo\u1ea1i th\u00f4ng d\u1ee5ng\u00a0\u00a0(\u0111\u1ea7u v\u00e0o nhi\u1ec7t \u0111\u1ed9 nhi\u1ec1u lo\u1ea1i, \u0111\u1ea7u ra r\u01a1le 3A, ngu\u1ed3n 250VAC, \u0111\u1ea7u ra c\u1ea3nh b\u00e1o 1A) :-E5CN-RT\/R2T \u00a0(c\u00f3 2 \u0111\u1ea7u ra c\u1ea3nh b\u00e1o)<br \/>\n\u2022\u00a0E5CN-RMT-500<br \/>\n\u2022\u00a0E5CN-R2MT-500 \u00a0(c\u00f3 2 \u0111\u1ea7u ra c\u1ea3nh b\u00e1o)<br \/>\n\u2022\u00a0E53-CNH03N2 (module li\u00ean l\u1ea1c RS-485 k\u00e8m ch\u1ee9c n\u0103ng b\u00e1o l\u1ed7i \u0111\u1ee9t d\u00e2y \u0111\u1ed1t 3 pha, h\u1ecfng SSR)<br \/>\nC\u00e1c model E5CN ti\u00eau chu\u1ea9n \u0111\u1ea7u v\u00e0o nhi\u1ec7t \u0111\u1ed9<\/p>\n<p style=\"text-align: left;\" align=\"center\"><strong><a href=\"https:\/\/banbientan.com\/wp-content\/uploads\/2011\/09\/e5cn-1.pdf\">H\u01b0\u1edbng d\u1eabn s\u1eed d\u1ee5ng E5CN ph\u1ea7n 1<\/a><\/strong><\/p>\n<p style=\"text-align: left;\" align=\"center\"><strong><a href=\"https:\/\/banbientan.com\/wp-content\/uploads\/2011\/09\/e5cn-2.pdf\">H\u01b0\u1edbng d\u1eabn s\u1eed d\u1ee5ng E5CN ph\u1ea7n 2<\/a><\/strong><\/p>\n<p style=\"text-align: left;\" align=\"center\"><strong><a href=\"https:\/\/banbientan.com\/wp-content\/uploads\/2011\/09\/e5cn-3.pdf\">H\u01b0\u1edbng d\u1eabn s\u1eed d\u1ee5ng E5CN ph\u1ea7n 3<\/a><\/strong><\/p>\n<p style=\"text-align: left;\" align=\"center\"><strong><a href=\"https:\/\/banbientan.com\/wp-content\/uploads\/2011\/09\/e5cn-4.pdf\">H\u01b0\u1edbng d\u1eabn s\u1eed d\u1ee5ng E5CN ph\u1ea7n 4<\/a><\/strong><\/p>\n<p style=\"text-align: left;\" align=\"center\"><strong><a href=\"https:\/\/banbientan.com\/wp-content\/uploads\/2011\/09\/e5cn-51.pdf\">H\u01b0\u1edbng d\u1eabn s\u1eed d\u1ee5ng E5CN ph\u1ea7n 5.1<\/a><\/strong><\/p>\n<p style=\"text-align: left;\" align=\"center\"><strong><a href=\"https:\/\/banbientan.com\/wp-content\/uploads\/2011\/09\/e5cn-52.pdf\">H\u01b0\u1edbng d\u1eabn s\u1eed d\u1ee5ng E5CN ph\u1ea7n 5-2<\/a><\/strong><\/p>\n<p style=\"text-align: left;\" align=\"center\"><strong><a href=\"https:\/\/banbientan.com\/wp-content\/uploads\/2011\/09\/e5cn-53.pdf\">H\u01b0\u1edbng d\u1eabn s\u1eed d\u1ee5ng E5CN ph\u1ea7n 5-3<\/a><\/strong><\/p>\n<table style=\"width: 649px;\" border=\"1\" cellspacing=\"0\" cellpadding=\"0\">\n<tbody>\n<tr>\n<td valign=\"bottom\" nowrap=\"nowrap\" width=\"169\"><span style=\"font-size: small;\">\u0110i\u1ec7n \u00e1p ngu\u1ed3n<\/span><\/td>\n<td valign=\"bottom\" nowrap=\"nowrap\" width=\"48\"><span style=\"font-size: small;\">S\u1ed1 \u0111i\u1ec3m c\u1ea3nh b\u00e1o<\/span><\/td>\n<td valign=\"bottom\" nowrap=\"nowrap\" width=\"240\"><span style=\"font-size: small;\">\u00a0C\u00e1c \u0111\u1ea7u ra \u0111i\u1ec3u khi\u1ec3n<\/span><\/td>\n<td valign=\"bottom\" nowrap=\"nowrap\" width=\"192\"><span style=\"font-size: small;\">\u00a0Model<\/span><\/td>\n<\/tr>\n<tr>\n<td valign=\"top\" nowrap=\"nowrap\" width=\"169\"><span style=\"font-size: small;\">100 \u0111\u1ebfn 240 VAC<\/span><\/td>\n<td valign=\"bottom\" nowrap=\"nowrap\" width=\"48\">\n<p align=\"right\"><span style=\"font-size: small;\">0<\/span><\/p>\n<\/td>\n<td valign=\"bottom\" nowrap=\"nowrap\" width=\"240\"><span style=\"font-size: small;\">R\u01a1le<\/span><\/td>\n<td valign=\"bottom\" nowrap=\"nowrap\" width=\"192\"><span style=\"font-size: small;\">E5CN-RMT-500<\/span><\/td>\n<\/tr>\n<tr>\n<td valign=\"top\" nowrap=\"nowrap\" width=\"169\"><span style=\"font-size: small;\">100 \u0111\u1ebfn 240 VAC<\/span><\/td>\n<td valign=\"bottom\" nowrap=\"nowrap\" width=\"48\">\n<p align=\"right\"><span style=\"font-size: small;\">0<\/span><\/p>\n<\/td>\n<td valign=\"bottom\" nowrap=\"nowrap\" width=\"240\"><span style=\"font-size: small;\">\u0110i\u1ec7n \u00e1p \u0111i\u1ec1u khi\u1ec3n r\u01a1le b\u00e1n d\u1ea5n<\/span><\/td>\n<td valign=\"bottom\" nowrap=\"nowrap\" width=\"192\"><span style=\"font-size: small;\">E5CN-QMT-500<\/span><\/td>\n<\/tr>\n<tr>\n<td valign=\"top\" nowrap=\"nowrap\" width=\"169\"><span style=\"font-size: small;\">100 \u0111\u1ebfn 240 VAC<\/span><\/td>\n<td valign=\"bottom\" nowrap=\"nowrap\" width=\"48\">\n<p align=\"right\"><span style=\"font-size: small;\">0<\/span><\/p>\n<\/td>\n<td valign=\"bottom\" nowrap=\"nowrap\" width=\"240\"><span style=\"font-size: small;\">D\u00f2ng<\/span><\/td>\n<td valign=\"bottom\" nowrap=\"nowrap\" width=\"192\"><span style=\"font-size: small;\">E5CN-CMT-500<\/span><\/td>\n<\/tr>\n<tr>\n<td valign=\"top\" nowrap=\"nowrap\" width=\"169\"><span style=\"font-size: small;\">100 \u0111\u1ebfn 240 VAC<\/span><\/td>\n<td valign=\"bottom\" nowrap=\"nowrap\" width=\"48\">\n<p align=\"right\"><span style=\"font-size: small;\">2<\/span><\/p>\n<\/td>\n<td valign=\"bottom\" nowrap=\"nowrap\" width=\"240\"><span style=\"font-size: small;\">R\u01a1le<\/span><\/td>\n<td valign=\"bottom\" nowrap=\"nowrap\" width=\"192\"><span style=\"font-size: small;\">E5CN-R2MT-500<\/span><\/td>\n<\/tr>\n<tr>\n<td valign=\"top\" nowrap=\"nowrap\" width=\"169\"><span style=\"font-size: small;\">100 \u0111\u1ebfn 240 VAC<\/span><\/td>\n<td valign=\"bottom\" nowrap=\"nowrap\" width=\"48\">\n<p align=\"right\"><span style=\"font-size: small;\">2<\/span><\/p>\n<\/td>\n<td valign=\"bottom\" nowrap=\"nowrap\" width=\"240\"><span style=\"font-size: small;\">\u0110i\u1ec7n \u00e1p khi\u1ec3n r\u01a1le b\u00e1n d\u1eabn<\/span><\/td>\n<td valign=\"bottom\" nowrap=\"nowrap\" width=\"192\"><span style=\"font-size: small;\">E5CN-Q2MT-500<\/span><\/td>\n<\/tr>\n<tr>\n<td valign=\"top\" nowrap=\"nowrap\" width=\"169\"><span style=\"font-size: small;\">100 \u0111\u1ebfn 240 VAC<\/span><\/td>\n<td valign=\"bottom\" nowrap=\"nowrap\" width=\"48\">\n<p align=\"right\"><span style=\"font-size: small;\">2<\/span><\/p>\n<\/td>\n<td valign=\"bottom\" nowrap=\"nowrap\" width=\"240\"><span style=\"font-size: small;\">D\u00f2ng<\/span><\/td>\n<td valign=\"bottom\" nowrap=\"nowrap\" width=\"192\"><span style=\"font-size: small;\">E5CN-C2MT-500<\/span><\/td>\n<\/tr>\n<tr>\n<td valign=\"top\" nowrap=\"nowrap\" width=\"169\"><span style=\"font-size: small;\">100 \u0111\u1ebfn 240 VAC<\/span><\/td>\n<td valign=\"bottom\" nowrap=\"nowrap\" width=\"48\">\n<p align=\"right\"><span style=\"font-size: small;\">2<\/span><\/p>\n<\/td>\n<td valign=\"bottom\" nowrap=\"nowrap\" width=\"240\"><span style=\"font-size: small;\">R\u01a1le tu\u1ed5i th\u1ecd cao<\/span><\/td>\n<td valign=\"bottom\" nowrap=\"nowrap\" width=\"192\"><span style=\"font-size: small;\">E5CN-Y2MT-500<\/span><\/td>\n<\/tr>\n<tr>\n<td valign=\"top\" nowrap=\"nowrap\" width=\"169\"><span style=\"font-size: small;\">24 VAC\/VDC<\/span><\/td>\n<td valign=\"bottom\" nowrap=\"nowrap\" width=\"48\">\n<p align=\"right\"><span style=\"font-size: small;\">0<\/span><\/p>\n<\/td>\n<td valign=\"bottom\" nowrap=\"nowrap\" width=\"240\"><span style=\"font-size: small;\">R\u01a1le<\/span><\/td>\n<td valign=\"bottom\" nowrap=\"nowrap\" width=\"192\"><span style=\"font-size: small;\">E5CN-RMT-500<\/span><\/td>\n<\/tr>\n<tr>\n<td valign=\"top\" nowrap=\"nowrap\" width=\"169\"><span style=\"font-size: small;\">24 VAC\/VDC<\/span><\/td>\n<td valign=\"bottom\" nowrap=\"nowrap\" width=\"48\">\n<p align=\"right\"><span style=\"font-size: small;\">0<\/span><\/p>\n<\/td>\n<td valign=\"bottom\" nowrap=\"nowrap\" width=\"240\"><span style=\"font-size: small;\">\u0110i\u1ec7n \u00e1p \u0111i\u1ec1u khi\u1ec3n r\u01a1le b\u00e1n d\u1eabn<\/span><\/td>\n<td valign=\"bottom\" nowrap=\"nowrap\" width=\"192\"><span style=\"font-size: small;\">E5CN-QMT-500<\/span><\/td>\n<\/tr>\n<tr>\n<td valign=\"top\" nowrap=\"nowrap\" width=\"169\"><span style=\"font-size: small;\">24 VAC\/VDC<\/span><\/td>\n<td valign=\"bottom\" nowrap=\"nowrap\" width=\"48\">\n<p align=\"right\"><span style=\"font-size: small;\">0<\/span><\/p>\n<\/td>\n<td valign=\"bottom\" nowrap=\"nowrap\" width=\"240\"><span style=\"font-size: small;\">D\u00f2ng<\/span><\/td>\n<td valign=\"bottom\" nowrap=\"nowrap\" width=\"192\"><span style=\"font-size: small;\">E5CN-CMT-500<\/span><\/td>\n<\/tr>\n<tr>\n<td valign=\"top\" nowrap=\"nowrap\" width=\"169\"><span style=\"font-size: small;\">24 VAC\/VDC<\/span><\/td>\n<td valign=\"bottom\" nowrap=\"nowrap\" width=\"48\">\n<p align=\"right\"><span style=\"font-size: small;\">2<\/span><\/p>\n<\/td>\n<td valign=\"bottom\" nowrap=\"nowrap\" width=\"240\"><span style=\"font-size: small;\">R\u01a1le<\/span><\/td>\n<td valign=\"bottom\" nowrap=\"nowrap\" width=\"192\"><span style=\"font-size: small;\">E5CN-R2MT-500<\/span><\/td>\n<\/tr>\n<tr>\n<td valign=\"top\" nowrap=\"nowrap\" width=\"169\"><span style=\"font-size: small;\">24 VAC\/VDC<\/span><\/td>\n<td valign=\"bottom\" nowrap=\"nowrap\" width=\"48\">\n<p align=\"right\"><span style=\"font-size: small;\">2<\/span><\/p>\n<\/td>\n<td valign=\"bottom\" nowrap=\"nowrap\" width=\"240\"><span style=\"font-size: small;\">\u0110i\u1ec7n \u00e1p \u00a0\u0111i\u1ec1u khi\u1ec3n r\u01a1le b\u00e1n d\u1eabn<\/span><\/td>\n<td valign=\"bottom\" nowrap=\"nowrap\" width=\"192\"><span style=\"font-size: small;\">E5CN-Q2MT-500<\/span><\/td>\n<\/tr>\n<tr>\n<td valign=\"top\" nowrap=\"nowrap\" width=\"169\"><span style=\"font-size: small;\">24 VAC\/VDC<\/span><\/td>\n<td valign=\"bottom\" nowrap=\"nowrap\" width=\"48\">\n<p align=\"right\"><span style=\"font-size: small;\">2<\/span><\/p>\n<\/td>\n<td valign=\"bottom\" nowrap=\"nowrap\" width=\"240\"><span style=\"font-size: small;\">D\u00f2ng<\/span><\/td>\n<td valign=\"bottom\" nowrap=\"nowrap\" width=\"192\"><span style=\"font-size: small;\">E5CN-C2MT-500<\/span><\/td>\n<\/tr>\n<tr>\n<td valign=\"top\" nowrap=\"nowrap\" width=\"169\"><span style=\"font-size: small;\">24 VAC\/VDC<\/span><\/td>\n<td valign=\"bottom\" nowrap=\"nowrap\" width=\"48\">\n<p align=\"right\"><span style=\"font-size: small;\">2<\/span><\/p>\n<\/td>\n<td valign=\"bottom\" nowrap=\"nowrap\" width=\"240\"><span style=\"font-size: small;\">R\u01a1le tu\u1ed5i th\u1ecd cao<\/span><\/td>\n<td valign=\"bottom\" nowrap=\"nowrap\" width=\"192\"><span style=\"font-size: small;\">E5CN-Y2MT-500<\/span><\/td>\n<\/tr>\n<\/tbody>\n<\/table>\n<p style=\"text-align: left;\" align=\"center\">C\u00e1c model E5CN ti\u00eau chu\u1ea9n \u0111\u1ea7u v\u00e0o analog<\/p>\n<table style=\"width: 670px;\" border=\"0\" cellspacing=\"0\" cellpadding=\"0\">\n<tbody>\n<tr>\n<td valign=\"bottom\" nowrap=\"nowrap\" width=\"169\"><span style=\"font-size: small;\">\u0110i\u1ec7n \u00e1p ngu\u1ed3n<\/span><\/td>\n<td valign=\"bottom\" nowrap=\"nowrap\" width=\"48\"><span style=\"font-size: small;\">S\u1ed1 \u0111i\u1ec3m c\u1ea3nh b\u00e1o<\/span><\/td>\n<td valign=\"bottom\" nowrap=\"nowrap\" width=\"253\"><span style=\"font-size: small;\">\u00a0C\u00e1c \u0111\u1ea7u ra \u0111i\u1ec3u khi\u1ec3n<\/span><\/td>\n<td valign=\"bottom\" nowrap=\"nowrap\" width=\"200\"><span style=\"font-size: small;\">\u00a0Model<\/span><\/td>\n<\/tr>\n<tr>\n<td valign=\"bottom\" nowrap=\"nowrap\" width=\"169\"><span style=\"font-size: small;\">100 \u0111\u1ebfn 240 VAC<\/span><\/td>\n<td valign=\"bottom\" nowrap=\"nowrap\" width=\"48\">\n<p align=\"right\"><span style=\"font-size: small;\">0<\/span><\/p>\n<\/td>\n<td valign=\"bottom\" nowrap=\"nowrap\" width=\"253\"><span style=\"font-size: small;\">R\u01a1le<\/span><\/td>\n<td valign=\"bottom\" nowrap=\"nowrap\" width=\"200\"><span style=\"font-size: small;\">E5CN-RML-500<\/span><\/td>\n<\/tr>\n<tr>\n<td valign=\"bottom\" nowrap=\"nowrap\" width=\"169\"><span style=\"font-size: small;\">100 \u0111\u1ebfn 240 VAC<\/span><\/td>\n<td valign=\"bottom\" nowrap=\"nowrap\" width=\"48\">\n<p align=\"right\"><span style=\"font-size: small;\">0<\/span><\/p>\n<\/td>\n<td valign=\"bottom\" nowrap=\"nowrap\" width=\"253\"><span style=\"font-size: small;\">\u0110i\u1ec7n \u00e1p \u0111i\u1ec1u khi\u1ec3n r\u01a1le b\u00e1n d\u1eabn<\/span><\/td>\n<td valign=\"bottom\" nowrap=\"nowrap\" width=\"200\"><span style=\"font-size: small;\">E5CN-QML-500<\/span><\/td>\n<\/tr>\n<tr>\n<td valign=\"bottom\" nowrap=\"nowrap\" width=\"169\"><span style=\"font-size: small;\">100 \u0111\u1ebfn 240 VAC<\/span><\/td>\n<td valign=\"bottom\" nowrap=\"nowrap\" width=\"48\">\n<p align=\"right\"><span style=\"font-size: small;\">0<\/span><\/p>\n<\/td>\n<td valign=\"bottom\" nowrap=\"nowrap\" width=\"253\"><span style=\"font-size: small;\">D\u00f2ng<\/span><\/td>\n<td valign=\"bottom\" nowrap=\"nowrap\" width=\"200\"><span style=\"font-size: small;\">E5CN-CML-500<\/span><\/td>\n<\/tr>\n<tr>\n<td valign=\"bottom\" nowrap=\"nowrap\" width=\"169\"><span style=\"font-size: small;\">100 \u0111\u1ebfn 240 VAC<\/span><\/td>\n<td valign=\"bottom\" nowrap=\"nowrap\" width=\"48\">\n<p align=\"right\"><span style=\"font-size: small;\">2<\/span><\/p>\n<\/td>\n<td valign=\"bottom\" nowrap=\"nowrap\" width=\"253\"><span style=\"font-size: small;\">R\u01a1le<\/span><\/td>\n<td valign=\"bottom\" nowrap=\"nowrap\" width=\"200\"><span style=\"font-size: small;\">E5CN-R2ML-500<\/span><\/td>\n<\/tr>\n<tr>\n<td valign=\"bottom\" nowrap=\"nowrap\" width=\"169\"><span style=\"font-size: small;\">100 \u0111\u1ebfn 240 VAC<\/span><\/td>\n<td valign=\"bottom\" nowrap=\"nowrap\" width=\"48\">\n<p align=\"right\"><span style=\"font-size: small;\">2<\/span><\/p>\n<\/td>\n<td valign=\"bottom\" nowrap=\"nowrap\" width=\"253\"><span style=\"font-size: small;\">\u0110i\u1ec7n \u00e1p \u0111i\u1ec1u khi\u1ec3n r\u01a1le b\u00e1n d\u1eabn<\/span><\/td>\n<td valign=\"bottom\" nowrap=\"nowrap\" width=\"200\"><span style=\"font-size: small;\">E5CN-Q2ML-500<\/span><\/td>\n<\/tr>\n<tr>\n<td valign=\"bottom\" nowrap=\"nowrap\" width=\"169\"><span style=\"font-size: small;\">101 \u0111\u1ebfn 240 VAC<\/span><\/td>\n<td valign=\"bottom\" nowrap=\"nowrap\" width=\"48\">\n<p align=\"right\"><span style=\"font-size: small;\">2<\/span><\/p>\n<\/td>\n<td valign=\"bottom\" nowrap=\"nowrap\" width=\"253\"><span style=\"font-size: small;\">D\u00f2ng<\/span><\/td>\n<td valign=\"bottom\" nowrap=\"nowrap\" width=\"200\"><span style=\"font-size: small;\">E5CN-C2ML-500<\/span><\/td>\n<\/tr>\n<tr>\n<td valign=\"bottom\" nowrap=\"nowrap\" width=\"169\"><span style=\"font-size: small;\">102 \u0111\u1ebfn 240 VAC<\/span><\/td>\n<td valign=\"bottom\" nowrap=\"nowrap\" width=\"48\">\n<p align=\"right\"><span style=\"font-size: small;\">2<\/span><\/p>\n<\/td>\n<td valign=\"bottom\" nowrap=\"nowrap\" width=\"253\"><span style=\"font-size: small;\">R\u01a1le tu\u1ed5i th\u1ecd cao<\/span><\/td>\n<td valign=\"bottom\" nowrap=\"nowrap\" width=\"200\"><span style=\"font-size: small;\">E5CN-Y2ML-500<\/span><\/td>\n<\/tr>\n<tr>\n<td valign=\"bottom\" nowrap=\"nowrap\" width=\"169\"><span style=\"font-size: small;\">24 VAC\/VDC<\/span><\/td>\n<td valign=\"bottom\" nowrap=\"nowrap\" width=\"48\">\n<p align=\"right\"><span style=\"font-size: small;\">2<\/span><\/p>\n<\/td>\n<td valign=\"bottom\" nowrap=\"nowrap\" width=\"253\"><span style=\"font-size: small;\">R\u01a1le<\/span><\/td>\n<td valign=\"bottom\" nowrap=\"nowrap\" width=\"200\"><span style=\"font-size: small;\">E5CN-R2ML-500<\/span><\/td>\n<\/tr>\n<tr>\n<td valign=\"bottom\" nowrap=\"nowrap\" width=\"169\"><span style=\"font-size: small;\">24 VAC\/VDC<\/span><\/td>\n<td valign=\"bottom\" nowrap=\"nowrap\" width=\"48\">\n<p align=\"right\"><span style=\"font-size: small;\">2<\/span><\/p>\n<\/td>\n<td valign=\"bottom\" nowrap=\"nowrap\" width=\"253\"><span style=\"font-size: small;\">\u0110i\u1ec7n \u00e1p \u0111i\u1ec1u khi\u1ec3n r\u01a1le b\u00e1n d\u1eabn<\/span><\/td>\n<td valign=\"bottom\" nowrap=\"nowrap\" width=\"200\"><span style=\"font-size: small;\">E5CN-Q2ML-500<\/span><\/td>\n<\/tr>\n<tr>\n<td valign=\"bottom\" nowrap=\"nowrap\" width=\"169\"><span style=\"font-size: small;\">24 VAC\/VDC<\/span><\/td>\n<td valign=\"bottom\" nowrap=\"nowrap\" width=\"48\">\n<p align=\"right\"><span style=\"font-size: small;\">2<\/span><\/p>\n<\/td>\n<td valign=\"bottom\" nowrap=\"nowrap\" width=\"253\"><span style=\"font-size: small;\">D\u00f2ng<\/span><\/td>\n<td valign=\"bottom\" nowrap=\"nowrap\" width=\"200\"><span style=\"font-size: small;\">E5CN-C2ML-500<\/span><\/td>\n<\/tr>\n<\/tbody>\n<\/table>\n","protected":false},"excerpt":{"rendered":"<p>\u0110i\u1ec1u khi\u1ec3n cao c\u1ea5p E5CN Catalog ti\u1ebfng vi\u1ec7t E5CN Catalog ti\u1ebfng anh E5CN \u2022\u00a0\u00a0K\u00edch th\u01b0\u1edbc : 48&#215;48 (mm) \u2022\u00a0M\u1ee9c \u0111\u1ed9 ch\u00ednh x\u00e1c hi\u1ec3n th\u1ecb t\u0103ng g\u1ea5p \u0111\u00f4i so v\u1edbi lo\u1ea1i c\u0169 (tr\u01b0\u1edbc 1\/08) \u2022\u00a0Ph\u01b0\u01a1ng th\u1ee9c \u0111i\u1ec1u khi\u1ec3n 2-PID cao c\u1ea5p \u2022\u00a0D\u1ea3i ho\u1ea1t \u0111\u1ed9ng : -2000C t\u1edbi 1.800\u00b0C \u2022\u00a0H\u1ed7 tr\u1ee3 nhi\u1ec1u lo\u1ea1i \u0111\u1ea7u v\u00e0o nhi\u1ec7t \u0111\u1ed9 [&hellip;]<\/p>\n","protected":false},"author":2,"featured_media":0,"parent":109,"menu_order":3,"comment_status":"open","ping_status":"closed","template":"","meta":{"footnotes":""},"class_list":["post-761","page","type-page","status-publish","hentry"],"_links":{"self":[{"href":"https:\/\/hunglong.banbientan.com\/index.php?rest_route=\/wp\/v2\/pages\/761","targetHints":{"allow":["GET"]}}],"collection":[{"href":"https:\/\/hunglong.banbientan.com\/index.php?rest_route=\/wp\/v2\/pages"}],"about":[{"href":"https:\/\/hunglong.banbientan.com\/index.php?rest_route=\/wp\/v2\/types\/page"}],"author":[{"embeddable":true,"href":"https:\/\/hunglong.banbientan.com\/index.php?rest_route=\/wp\/v2\/users\/2"}],"replies":[{"embeddable":true,"href":"https:\/\/hunglong.banbientan.com\/index.php?rest_route=%2Fwp%2Fv2%2Fcomments&post=761"}],"version-history":[{"count":0,"href":"https:\/\/hunglong.banbientan.com\/index.php?rest_route=\/wp\/v2\/pages\/761\/revisions"}],"up":[{"embeddable":true,"href":"https:\/\/hunglong.banbientan.com\/index.php?rest_route=\/wp\/v2\/pages\/109"}],"wp:attachment":[{"href":"https:\/\/hunglong.banbientan.com\/index.php?rest_route=%2Fwp%2Fv2%2Fmedia&parent=761"}],"curies":[{"name":"wp","href":"https:\/\/api.w.org\/{rel}","templated":true}]}}