{"id":767,"date":"2011-10-02T01:16:15","date_gmt":"2011-10-02T01:16:15","guid":{"rendered":"http:\/\/banbientan.wordpress.com\/?page_id=767"},"modified":"2011-10-02T01:16:15","modified_gmt":"2011-10-02T01:16:15","slug":"h3ja-gia-re","status":"publish","type":"page","link":"https:\/\/hunglong.banbientan.com\/?page_id=767","title":{"rendered":"H3JA lo\u1ea1i nh\u1ecf gi\u00e1 r\u1ebb"},"content":{"rendered":"<p>\u0110\u1ed3ng h\u1ed3 \u0111\u1eb7t th\u1eddi gian b\u00e1n d\u1eabn\u00a0\u00a0 H3JA<br \/>\n<a href=\"https:\/\/banbientan.com\/wp-content\/uploads\/2011\/10\/timer-H3JA.gif\"><img loading=\"lazy\" decoding=\"async\" class=\"alignnone size-full wp-image-5031\" title=\"timer H3JA\" src=\"https:\/\/banbientan.com\/wp-content\/uploads\/2011\/10\/timer-H3JA.gif\" alt=\"\" width=\"141\" height=\"141\" \/><\/a><br \/>\n<strong><a href=\"https:\/\/banbientan.com\/wp-content\/uploads\/2011\/10\/H3JA.pdf\">T\u00e0i li\u1ec7u chi ti\u1ebft ti\u1ebfng vi\u1ec7t H3JA<\/a><\/strong><br \/>\n<strong><a href=\"https:\/\/banbientan.com\/wp-content\/uploads\/2011\/10\/tai-lieu-tieng-anh-H3JA.pdf\">T\u00e0i li\u1ec7u ti\u1ebfng anh H3JA<\/a><\/strong><br \/>\nLo\u1ea1i \u0111\u01a1n gi\u1ea3n\u00a0gi\u00e1 th\u1ea5p<br \/>\nGi\u00e1 th\u00e0nh kinh t\u1ebf, g\u1ecdn, d\u00f9ng \u0111\u1ebf c\u1eafm<\/p>\n<ul>\n<li>Ho\u1ea1t \u0111\u1ed9ng gi\u1edbi h\u1ea1n th\u1eddi gian c\u00f3 t\u1ef1 \u0111\u1ed9ng \u0111\u1eb7t l\u1ea1i.<\/li>\n<li>K\u00edch th\u01b0\u1edbc 36&#215;36 mm; \u0111\u1ebf c\u1eafm 8 ch\u00e2n.<\/li>\n<li>Nhi\u1ec1u \u0111i\u1ec7n \u00e1p ngu\u1ed3n \u0111\u1ec3 l\u1ef1a ch\u1ecdn : 24, 100-120, 200-240 VAC, 24 VDC.<\/li>\n<li>D\u1ea3i th\u1eddi gian:\u00a0\u00a00,1 gi\u00e2y t\u1edbi 3 gi\u1edd (nhi\u1ec1u d\u1ea3i nh\u1ecf tu\u1ef3 model)<\/li>\n<li>\u0110\u00e8n LED k\u00e9p ch\u1ec9 th\u1ecb ngu\u1ed3n v\u00e0 c\u00e1c tr\u1ea1ng th\u00e1i c\u1ee7a \u0111\u1ea7u ra.<\/li>\n<li>N\u00fam ch\u1ec9nh to v\u00e0 trong su\u1ed1t.<\/li>\n<li>\u0110\u1ed9 ch\u00ednh x\u00e1c t\u01b0\u01a1ng \u0111\u01b0\u01a1ng v\u1edbi lo\u1ea1i k\u00edch th\u01b0\u1edbc l\u1edbn 48&#215;48.<\/li>\n<li>Lo\u1ea1i b\u1eadt tr\u1ec5 ON delay \u0111\u01a1n gi\u1ea3n, \u0111\u1eb7t b\u1eb1ng n\u00fam v\u1eb7n<\/li>\n<li>\u00d0\u1ea7u ra r\u01a1le<\/li>\n<li>Ngu\u1ed3n\u00a0: 24, 100-240 VAC;\u00a012-24 VDC<\/li>\n<\/ul>\n<div><span style=\"font-size: medium;\"><span style=\"line-height: 24px;\">Model th\u00f4ng d\u1ee5ng:<br \/>\n<\/span><\/span>H3JA-8A: 7 A, 250 VAC,\u00a0t\u1ea3i tr\u1edf (1 b\u1ed9 ti\u1ebfp \u0111i\u1ec3m)<br \/>\nH3JA-8C: 5 A, 250 VAC,\u00a0t\u1ea3i tr\u1edf (2 b\u1ed9 ti\u1ebfp \u0111i\u1ec3m)<br \/>\n\u00d0\u1ebf c\u1eafm: PF083A-E<\/div>\n","protected":false},"excerpt":{"rendered":"<p>\u0110\u1ed3ng h\u1ed3 \u0111\u1eb7t th\u1eddi gian b\u00e1n d\u1eabn\u00a0\u00a0 H3JA T\u00e0i li\u1ec7u chi ti\u1ebft ti\u1ebfng vi\u1ec7t H3JA T\u00e0i li\u1ec7u ti\u1ebfng anh H3JA Lo\u1ea1i \u0111\u01a1n gi\u1ea3n\u00a0gi\u00e1 th\u1ea5p Gi\u00e1 th\u00e0nh kinh t\u1ebf, g\u1ecdn, d\u00f9ng \u0111\u1ebf c\u1eafm Ho\u1ea1t \u0111\u1ed9ng gi\u1edbi h\u1ea1n th\u1eddi gian c\u00f3 t\u1ef1 \u0111\u1ed9ng \u0111\u1eb7t l\u1ea1i. K\u00edch th\u01b0\u1edbc 36&#215;36 mm; \u0111\u1ebf c\u1eafm 8 ch\u00e2n. Nhi\u1ec1u \u0111i\u1ec7n \u00e1p ngu\u1ed3n [&hellip;]<\/p>\n","protected":false},"author":2,"featured_media":5031,"parent":131,"menu_order":1,"comment_status":"open","ping_status":"open","template":"","meta":{"footnotes":""},"class_list":["post-767","page","type-page","status-publish","has-post-thumbnail","hentry"],"_links":{"self":[{"href":"https:\/\/hunglong.banbientan.com\/index.php?rest_route=\/wp\/v2\/pages\/767","targetHints":{"allow":["GET"]}}],"collection":[{"href":"https:\/\/hunglong.banbientan.com\/index.php?rest_route=\/wp\/v2\/pages"}],"about":[{"href":"https:\/\/hunglong.banbientan.com\/index.php?rest_route=\/wp\/v2\/types\/page"}],"author":[{"embeddable":true,"href":"https:\/\/hunglong.banbientan.com\/index.php?rest_route=\/wp\/v2\/users\/2"}],"replies":[{"embeddable":true,"href":"https:\/\/hunglong.banbientan.com\/index.php?rest_route=%2Fwp%2Fv2%2Fcomments&post=767"}],"version-history":[{"count":0,"href":"https:\/\/hunglong.banbientan.com\/index.php?rest_route=\/wp\/v2\/pages\/767\/revisions"}],"up":[{"embeddable":true,"href":"https:\/\/hunglong.banbientan.com\/index.php?rest_route=\/wp\/v2\/pages\/131"}],"wp:featuredmedia":[{"embeddable":true,"href":"https:\/\/hunglong.banbientan.com\/index.php?rest_route=\/"}],"wp:attachment":[{"href":"https:\/\/hunglong.banbientan.com\/index.php?rest_route=%2Fwp%2Fv2%2Fmedia&parent=767"}],"curies":[{"name":"wp","href":"https:\/\/api.w.org\/{rel}","templated":true}]}}