{"id":769,"date":"2011-10-02T01:17:04","date_gmt":"2011-10-02T01:17:04","guid":{"rendered":"http:\/\/banbientan.wordpress.com\/?page_id=769"},"modified":"2011-10-02T01:17:04","modified_gmt":"2011-10-02T01:17:04","slug":"h3cr","status":"publish","type":"page","link":"https:\/\/hunglong.banbientan.com\/?page_id=769","title":{"rendered":"H3CR-A th\u00f4ng d\u1ee5ng"},"content":{"rendered":"<p><strong>\u0110\u1ed3ng h\u1ed3 \u0111\u1eb7t th\u1eddi gian \u0111a n\u0103ng\u00a0\u00a0 H3CR-A<\/strong><br \/>\n<a href=\"https:\/\/banbientan.com\/wp-content\/uploads\/2011\/10\/h3cr_timer.jpg\"><img loading=\"lazy\" decoding=\"async\" class=\"alignnone size-full wp-image-5035\" title=\"h3cr_timer\" src=\"https:\/\/banbientan.com\/wp-content\/uploads\/2011\/10\/h3cr_timer.jpg\" alt=\"\" width=\"306\" height=\"262\" \/><\/a><br \/>\n<strong><a href=\"https:\/\/banbientan.com\/wp-content\/uploads\/2011\/10\/H3CR-A.pdf\">T\u00e0i li\u1ec7u chi ti\u1ebft ti\u1ebfng vi\u1ec7t H3CR-A<\/a><\/strong><br \/>\n<strong><a href=\"https:\/\/banbientan.com\/wp-content\/uploads\/2011\/10\/tai-lieu-tieng-anh-H3CR-A.pdf\">T\u00e0i li\u1ec7u ti\u1ebfng anh H3CR-A<\/a><\/strong><br \/>\n\u0110a n\u0103ng, nhi\u1ec1u d\u1ea3i th\u1eddi gian v\u00e0 ch\u1ebf \u0111\u1ed9 ho\u1ea1t \u0111\u1ed9ng, d\u1ea3i ngu\u1ed3n r\u1ed9ng, c\u1ee1 48x48mm.<\/p>\n<ul>\n<li>D\u1ea3i \u0111i\u1ec7n ngu\u1ed3n r\u1ed9ng gi\u1ea3m y\u00eau c\u1ea7u v\u1ec1 tr\u1eef h\u00e0ng.<\/li>\n<li>Nhi\u1ec1u \u1ee9ng d\u1ee5ng v\u1edbi 6 ho\u1eb7c 4 ch\u1ebf \u0111\u1ed9 ho\u1ea1t \u0111\u1ed9ng.<\/li>\n<li>D\u1ec5 d\u00e0ng ki\u1ec3m tra ho\u1ea1t \u0111\u1ed9ng th\u00f4ng qua \u0111\u1ea7u ra t\u00e1c \u0111\u1ed9ng t\u1ee9c th\u1eddi\u00a0 4 n\u00fam ch\u1ec9nh cho ph\u00e9p \u0111\u1eb7t th\u1eddi gian t\u1eeb 0,05s t\u1edbi 300h.<\/li>\n<li>Nhi\u1ec1u ki\u1ec3u \u0111\u1ea7u v\u00e0o : Kh\u1edfi \u0111\u1ed9ng \u0111\u1ebfm, \u0111\u1eb7t l\u1ea1i 0 v\u00e0 c\u00e1c ch\u1ee9c n\u0103ng c\u1ed5ng (lo\u1ea1i 11 ch\u00e2n c\u1eafm).<\/li>\n<\/ul>\n<p>Th\u00f4ng tin \u0111\u1eb7t h\u00e0ng<\/p>\n<table style=\"width: 642px;\" border=\"0\" cellspacing=\"0\" cellpadding=\"0\">\n<tbody>\n<tr>\n<td valign=\"bottom\" nowrap=\"nowrap\" width=\"91\"><span style=\"font-size: small;\">Ki\u1ec3u ch\u00e2n c\u1eafm<\/span><\/td>\n<td valign=\"bottom\" nowrap=\"nowrap\" width=\"132\"><span style=\"font-size: small;\">\u0110i\u1ec7n \u00e1p ngu\u1ed3n<\/span><\/td>\n<td valign=\"bottom\" nowrap=\"nowrap\" width=\"144\"><span style=\"font-size: small;\">Ki\u1ec3u \u0111\u1ea7u v\u00e0o<\/span><\/td>\n<td valign=\"bottom\" width=\"131\"><span style=\"font-size: small;\">Ch\u1ebf \u0111\u1ed9 ho\u1ea1t\u0111\u1ed9ng<\/span><\/td>\n<td valign=\"bottom\" nowrap=\"nowrap\" width=\"144\"><span style=\"font-size: small;\">Model<\/span><\/td>\n<\/tr>\n<tr>\n<td valign=\"bottom\" nowrap=\"nowrap\" width=\"91\"><span style=\"font-size: small;\">11 ch\u00e2n c\u1eafm<\/span><\/td>\n<td valign=\"bottom\" nowrap=\"nowrap\" width=\"132\"><span style=\"font-size: small;\">100 \u0111\u1ebfn 240 VAC<\/span><\/td>\n<td valign=\"bottom\" nowrap=\"nowrap\" width=\"144\"><span style=\"font-size: small;\">\u0110\u1ea7u v\u00e0o kh\u00f4ng \u0111i\u1ec7n \u00e1p<\/span><\/td>\n<td rowspan=\"4\" valign=\"bottom\" nowrap=\"nowrap\" width=\"131\"><span style=\"font-size: small;\">6 ch\u1ebf \u0111\u1ed9: A,B,B2,C,D,E<\/span><span style=\"font-size: small;\">\u00a0<\/span><span style=\"font-size: small;\">\u00a0<\/span><\/td>\n<td valign=\"bottom\" nowrap=\"nowrap\" width=\"144\"><span style=\"font-size: small;\">H3CR-A<\/span><\/td>\n<\/tr>\n<tr>\n<td valign=\"bottom\" nowrap=\"nowrap\" width=\"91\"><span style=\"font-size: small;\">11 ch\u00e2n c\u1eafm<\/span><\/td>\n<td valign=\"bottom\" nowrap=\"nowrap\" width=\"132\"><span style=\"font-size: small;\">100 \u0111\u1ebfn 125 VDC<\/span><\/td>\n<td valign=\"bottom\" nowrap=\"nowrap\" width=\"144\"><span style=\"font-size: small;\">\u0110\u1ea7u v\u00e0o kh\u00f4ng \u0111i\u1ec7n \u00e1p<\/span><\/td>\n<td valign=\"bottom\" nowrap=\"nowrap\" width=\"144\"><span style=\"font-size: small;\">H3CR-A<\/span><\/td>\n<\/tr>\n<tr>\n<td valign=\"bottom\" nowrap=\"nowrap\" width=\"91\"><span style=\"font-size: small;\">11 ch\u00e2n c\u1eafm<\/span><\/td>\n<td valign=\"bottom\" nowrap=\"nowrap\" width=\"132\"><span style=\"font-size: small;\">24 \u0111\u1ebfn 48 VAC<\/span><\/td>\n<td valign=\"bottom\" nowrap=\"nowrap\" width=\"144\"><span style=\"font-size: small;\">\u0110\u1ea7u v\u00e0o kh\u00f4ng \u0111i\u1ec7n \u00e1p<\/span><\/td>\n<td valign=\"bottom\" nowrap=\"nowrap\" width=\"144\"><span style=\"font-size: small;\">H3CR-A<\/span><\/td>\n<\/tr>\n<tr>\n<td valign=\"bottom\" nowrap=\"nowrap\" width=\"91\"><span style=\"font-size: small;\">11 ch\u00e2n c\u1eafm<\/span><\/td>\n<td valign=\"bottom\" nowrap=\"nowrap\" width=\"132\"><span style=\"font-size: small;\">12 \u0111\u1ebfn 48 VDC<\/span><\/td>\n<td valign=\"bottom\" nowrap=\"nowrap\" width=\"144\"><span style=\"font-size: small;\">\u0110\u1ea7u v\u00e0o kh\u00f4ng \u0111i\u1ec7n \u00e1p<\/span><\/td>\n<td valign=\"bottom\" nowrap=\"nowrap\" width=\"144\"><span style=\"font-size: small;\">H3CR-A<\/span><\/td>\n<\/tr>\n<tr>\n<td valign=\"bottom\" nowrap=\"nowrap\" width=\"91\"><span style=\"font-size: small;\">\u00a0<\/span><\/td>\n<td valign=\"bottom\" nowrap=\"nowrap\" width=\"132\"><span style=\"font-size: small;\">\u00a0<\/span><\/td>\n<td valign=\"bottom\" nowrap=\"nowrap\" width=\"144\"><span style=\"font-size: small;\">\u00a0<\/span><\/td>\n<td valign=\"bottom\" nowrap=\"nowrap\" width=\"131\"><span style=\"font-size: small;\">\u00a0<\/span><\/td>\n<td valign=\"bottom\" nowrap=\"nowrap\" width=\"144\"><span style=\"font-size: small;\">\u00a0<\/span><\/td>\n<\/tr>\n<tr>\n<td valign=\"bottom\" nowrap=\"nowrap\" width=\"91\"><span style=\"font-size: small;\">8 ch\u00e2n c\u1eafm<\/span><\/td>\n<td valign=\"bottom\" nowrap=\"nowrap\" width=\"132\"><span style=\"font-size: small;\">100 \u0111\u1ebfn 240 VAC<\/span><\/td>\n<td valign=\"bottom\" nowrap=\"nowrap\" width=\"144\"><span style=\"font-size: small;\">Kh\u00f4ng \u0111\u1ea7u v\u00e0o<\/span><\/td>\n<td rowspan=\"5\" valign=\"bottom\" nowrap=\"nowrap\" width=\"131\"><span style=\"font-size: small;\">4 ch\u1ebf \u0111\u1ed9: A,B2,E,J<\/span><span style=\"font-size: small;\">(kh\u1edfi \u0111\u1ed9ng b\u1eb1ng ngu\u1ed3n)<\/span><span style=\"font-size: small;\">\u00a0<\/span><span style=\"font-size: small;\">\u00a0<\/span><\/td>\n<td valign=\"bottom\" nowrap=\"nowrap\" width=\"144\"><span style=\"font-size: small;\">H3CR-A8<\/span><\/td>\n<\/tr>\n<tr>\n<td valign=\"bottom\" nowrap=\"nowrap\" width=\"91\"><span style=\"font-size: small;\">8 ch\u00e2n c\u1eafm<\/span><\/td>\n<td valign=\"bottom\" nowrap=\"nowrap\" width=\"132\"><span style=\"font-size: small;\">100 \u0111\u1ebfn 125 VDC<\/span><\/td>\n<td valign=\"bottom\" nowrap=\"nowrap\" width=\"144\"><span style=\"font-size: small;\">Kh\u00f4ng \u0111\u1ea7u v\u00e0o<\/span><\/td>\n<td valign=\"bottom\" nowrap=\"nowrap\" width=\"144\"><span style=\"font-size: small;\">H3CR-A8<\/span><\/td>\n<\/tr>\n<tr>\n<td valign=\"bottom\" nowrap=\"nowrap\" width=\"91\"><span style=\"font-size: small;\">8 ch\u00e2n c\u1eafm<\/span><\/td>\n<td valign=\"bottom\" nowrap=\"nowrap\" width=\"132\"><span style=\"font-size: small;\">24 \u0111\u1ebfn 48 VAC<\/span><\/td>\n<td valign=\"bottom\" nowrap=\"nowrap\" width=\"144\"><span style=\"font-size: small;\">Kh\u00f4ng \u0111\u1ea7u v\u00e0o<\/span><\/td>\n<td valign=\"bottom\" nowrap=\"nowrap\" width=\"144\"><span style=\"font-size: small;\">H3CR-A8<\/span><\/td>\n<\/tr>\n<tr>\n<td valign=\"bottom\" nowrap=\"nowrap\" width=\"91\"><span style=\"font-size: small;\">8 ch\u00e2n c\u1eafm<\/span><\/td>\n<td valign=\"bottom\" nowrap=\"nowrap\" width=\"132\"><span style=\"font-size: small;\">12 \u0111\u1ebfn 48 VDC<\/span><\/td>\n<td valign=\"bottom\" nowrap=\"nowrap\" width=\"144\"><span style=\"font-size: small;\">Kh\u00f4ng \u0111\u1ea7u v\u00e0o<\/span><\/td>\n<td valign=\"bottom\" nowrap=\"nowrap\" width=\"144\"><span style=\"font-size: small;\">H3CR-A8<\/span><\/td>\n<\/tr>\n<tr>\n<td valign=\"bottom\" nowrap=\"nowrap\" width=\"91\"><span style=\"font-size: small;\">8 ch\u00e2n c\u1eafm<\/span><\/td>\n<td valign=\"bottom\" nowrap=\"nowrap\" width=\"132\"><span style=\"font-size: small;\">100 \u0111\u1ebfn 240 VAC<\/span><\/td>\n<td valign=\"bottom\" nowrap=\"nowrap\" width=\"144\"><span style=\"font-size: small;\">Kh\u00f4ng \u0111\u1ea7u v\u00e0o<\/span><\/td>\n<td valign=\"bottom\" nowrap=\"nowrap\" width=\"144\"><span style=\"font-size: small;\">H3CR-A8E<\/span><\/td>\n<\/tr>\n<tr>\n<td valign=\"bottom\" nowrap=\"nowrap\" width=\"91\"><span style=\"font-size: small;\">8 ch\u00e2n c\u1eafm<\/span><\/td>\n<td valign=\"bottom\" nowrap=\"nowrap\" width=\"132\"><span style=\"font-size: small;\">100 \u0111\u1ebfn 125 VDC<\/span><\/td>\n<td valign=\"bottom\" nowrap=\"nowrap\" width=\"144\"><span style=\"font-size: small;\">Kh\u00f4ng \u0111\u1ea7u v\u00e0o<\/span><\/td>\n<td valign=\"bottom\" nowrap=\"nowrap\" width=\"131\"><span style=\"font-size: small;\">\u00a0<\/span><\/td>\n<td valign=\"bottom\" nowrap=\"nowrap\" width=\"144\"><span style=\"font-size: small;\">H3CR-A8E<\/span><\/td>\n<\/tr>\n<tr>\n<td valign=\"bottom\" nowrap=\"nowrap\" width=\"91\"><span style=\"font-size: small;\">8 ch\u00e2n c\u1eafm<\/span><\/td>\n<td valign=\"bottom\" nowrap=\"nowrap\" width=\"132\"><span style=\"font-size: small;\">24 \u0111\u1ebfn 48 VAC\/VDC<\/span><\/td>\n<td valign=\"bottom\" nowrap=\"nowrap\" width=\"144\"><span style=\"font-size: small;\">Kh\u00f4ng \u0111\u1ea7u v\u00e0o<\/span><\/td>\n<td valign=\"bottom\" nowrap=\"nowrap\" width=\"131\"><span style=\"font-size: small;\">\u00a0<\/span><\/td>\n<td valign=\"bottom\" nowrap=\"nowrap\" width=\"144\"><span style=\"font-size: small;\">H3CR-A8E<\/span><\/td>\n<\/tr>\n<\/tbody>\n<\/table>\n<p><strong>C\u00e1c ph\u1ee5 ki\u1ec7n (\u0111\u1eb7t h\u00e0ng ri\u00eang)<\/strong><\/p>\n<table style=\"width: 457px;\" border=\"1\" cellspacing=\"0\" cellpadding=\"0\">\n<tbody>\n<tr>\n<td valign=\"bottom\" nowrap=\"nowrap\" width=\"217\">\u0110\u1ebf c\u1eafm<\/td>\n<td valign=\"bottom\" nowrap=\"nowrap\" width=\"240\">Model<\/td>\n<\/tr>\n<tr>\n<td valign=\"bottom\" nowrap=\"nowrap\" width=\"217\">8 ch\u00e2n c\u1eafm<\/td>\n<td valign=\"bottom\" nowrap=\"nowrap\" width=\"240\">P2CF-08 \/ PF083A-E<\/td>\n<\/tr>\n<tr>\n<td valign=\"bottom\" nowrap=\"nowrap\" width=\"217\">11 ch\u00e2n c\u1eafm<\/td>\n<td valign=\"bottom\" nowrap=\"nowrap\" width=\"240\">P2CF-11 \/ PF113A-E<\/td>\n<\/tr>\n<\/tbody>\n<\/table>\n","protected":false},"excerpt":{"rendered":"<p>\u0110\u1ed3ng h\u1ed3 \u0111\u1eb7t th\u1eddi gian \u0111a n\u0103ng\u00a0\u00a0 H3CR-A T\u00e0i li\u1ec7u chi ti\u1ebft ti\u1ebfng vi\u1ec7t H3CR-A T\u00e0i li\u1ec7u ti\u1ebfng anh H3CR-A \u0110a n\u0103ng, nhi\u1ec1u d\u1ea3i th\u1eddi gian v\u00e0 ch\u1ebf \u0111\u1ed9 ho\u1ea1t \u0111\u1ed9ng, d\u1ea3i ngu\u1ed3n r\u1ed9ng, c\u1ee1 48x48mm. D\u1ea3i \u0111i\u1ec7n ngu\u1ed3n r\u1ed9ng gi\u1ea3m y\u00eau c\u1ea7u v\u1ec1 tr\u1eef h\u00e0ng. Nhi\u1ec1u \u1ee9ng d\u1ee5ng v\u1edbi 6 ho\u1eb7c 4 ch\u1ebf \u0111\u1ed9 [&hellip;]<\/p>\n","protected":false},"author":2,"featured_media":5035,"parent":131,"menu_order":2,"comment_status":"open","ping_status":"open","template":"","meta":{"footnotes":""},"class_list":["post-769","page","type-page","status-publish","has-post-thumbnail","hentry"],"_links":{"self":[{"href":"https:\/\/hunglong.banbientan.com\/index.php?rest_route=\/wp\/v2\/pages\/769","targetHints":{"allow":["GET"]}}],"collection":[{"href":"https:\/\/hunglong.banbientan.com\/index.php?rest_route=\/wp\/v2\/pages"}],"about":[{"href":"https:\/\/hunglong.banbientan.com\/index.php?rest_route=\/wp\/v2\/types\/page"}],"author":[{"embeddable":true,"href":"https:\/\/hunglong.banbientan.com\/index.php?rest_route=\/wp\/v2\/users\/2"}],"replies":[{"embeddable":true,"href":"https:\/\/hunglong.banbientan.com\/index.php?rest_route=%2Fwp%2Fv2%2Fcomments&post=769"}],"version-history":[{"count":0,"href":"https:\/\/hunglong.banbientan.com\/index.php?rest_route=\/wp\/v2\/pages\/769\/revisions"}],"up":[{"embeddable":true,"href":"https:\/\/hunglong.banbientan.com\/index.php?rest_route=\/wp\/v2\/pages\/131"}],"wp:featuredmedia":[{"embeddable":true,"href":"https:\/\/hunglong.banbientan.com\/index.php?rest_route=\/"}],"wp:attachment":[{"href":"https:\/\/hunglong.banbientan.com\/index.php?rest_route=%2Fwp%2Fv2%2Fmedia&parent=769"}],"curies":[{"name":"wp","href":"https:\/\/api.w.org\/{rel}","templated":true}]}}