{"id":777,"date":"2013-06-01T00:00:05","date_gmt":"2013-05-31T17:00:05","guid":{"rendered":"http:\/\/banbientan.wordpress.com\/?page_id=777"},"modified":"2013-06-01T00:00:05","modified_gmt":"2013-05-31T17:00:05","slug":"h7et-thoi-gian","status":"publish","type":"page","link":"https:\/\/hunglong.banbientan.com\/?page_id=777","title":{"rendered":"H7ET-N \u0110\u1ebfm th\u1eddi gian"},"content":{"rendered":"<p><strong>H7ET-N(1) :<\/strong>\u00a0\u0111o th\u1eddi gian, hi\u1ec3n th\u1ecb 6 ho\u1eb7c 7 s\u1ed1<br \/>\n<a href=\"https:\/\/banbientan.com\/wp-content\/uploads\/2011\/10\/counter_H7ET_small.jpg\"><img loading=\"lazy\" decoding=\"async\" class=\"alignnone size-full wp-image-5099\" title=\"counter_H7ET_small\" src=\"https:\/\/banbientan.com\/wp-content\/uploads\/2011\/10\/counter_H7ET_small.jpg\" alt=\"\" width=\"210\" height=\"101\" \/><\/a><br \/>\n<strong><a href=\"https:\/\/banbientan.com\/wp-content\/uploads\/2012\/07\/tai-lieu-tieng-viet-H7ET1.pdf\">T\u00e0i li\u1ec7u ti\u1ebfng vi\u1ec7t H7ET <\/a><\/strong><br \/>\n<strong><a href=\"https:\/\/banbientan.com\/wp-content\/uploads\/2012\/07\/tai-lieu-tieng-anh-H7ET.pdf\">T\u00e0i li\u1ec7u ti\u1ebfng anh H7ET<\/a><\/strong><br \/>\n<strong>Ngu\u1ed3n<\/strong>: C\u00f3 s\u1eb5n pin v\u1edbi tu\u1ed5i th\u1ecd 7 n\u0103m B\u1ea3y ch\u1eef s\u1ed1, d\u1ea3i th\u1eddi gian t\u1eeb 0 \u0111\u1ebfn 3999 ng\u00e0y 23,9 gi\u1edd <span style=\"font-size: medium;\"> 2 d\u1ea3i th\u1eddi gian: 999999,9 \u00a0v\u00e0 3999 ng\u00e0y 23,8 gi\u1edd ho\u1eb7c 999 gi\u1edd 59 ph\u00fat 59 gi\u00e2y v\u00e0 9999 gi\u1edd 59,9 ph\u00fat.<\/span><br \/>\n&nbsp;<\/p>\n<table style=\"width: 641px;\" border=\"1\" cellspacing=\"0\" cellpadding=\"0\">\n<tbody>\n<tr>\n<td rowspan=\"3\" valign=\"bottom\" nowrap=\"nowrap\" width=\"97\">\u0110\u1ea7u v\u00e0o th\u1eddi gian<\/td>\n<td rowspan=\"3\" valign=\"bottom\" nowrap=\"nowrap\" width=\"96\">M\u00e0n hi\u1ec3n th\u1ecb<\/td>\n<td colspan=\"4\" valign=\"bottom\" nowrap=\"nowrap\" width=\"448\">D\u1ea3i th\u1eddi gian<\/td>\n<\/tr>\n<tr>\n<td colspan=\"2\" valign=\"bottom\" width=\"220\">999999.9 gi\u1edd &lt;- -&gt; 3999 ng\u00e0y 23,9<br \/>\ngi\u1edd (chuy\u1ec3n \u0111\u01b0\u1ee3c)<\/td>\n<td colspan=\"2\" valign=\"bottom\" width=\"228\">999 gi\u1edd 59 ph\u00fat 59 gi\u00e2y &lt;- -&gt; 9999<br \/>\ngi\u1edd 59,9 ph\u00fat (chuy\u1ec3n \u0111\u01b0\u1ee3c)<\/td>\n<\/tr>\n<tr>\n<td valign=\"bottom\" nowrap=\"nowrap\" width=\"112\">Th\u00e2n m\u00e0u ghi s\u00e1ng<\/td>\n<td valign=\"bottom\" nowrap=\"nowrap\" width=\"108\">Th\u00e2n m\u00e0u \u0111en<\/td>\n<td valign=\"bottom\" nowrap=\"nowrap\" width=\"108\">Th\u00e2n m\u00e0u ghi s\u00e1ng<\/td>\n<td valign=\"bottom\" nowrap=\"nowrap\" width=\"120\">Th\u00e2n m\u00e0u \u0111en<\/td>\n<\/tr>\n<tr>\n<td rowspan=\"2\" valign=\"bottom\" width=\"97\">\u0110\u1ea7u v\u00e0o PNP\/NPN<br \/>\n\u0111i\u1ec7n \u00e1p DC<\/td>\n<td valign=\"bottom\" width=\"96\">LCD 7 thanh c\u00f3 chi\u1ebfu n\u1ec1n<\/td>\n<td valign=\"bottom\" nowrap=\"nowrap\" width=\"112\">H7ET-NV-H<\/td>\n<td valign=\"bottom\" nowrap=\"nowrap\" width=\"108\">H7ET-NV-BH<\/td>\n<td valign=\"bottom\" nowrap=\"nowrap\" width=\"108\">H7ET-NV1-H<\/td>\n<td valign=\"bottom\" nowrap=\"nowrap\" width=\"120\">H7ET-NV1-BH<\/td>\n<\/tr>\n<tr>\n<td valign=\"bottom\" nowrap=\"nowrap\" width=\"96\">LCD 7 thanh<\/td>\n<td valign=\"bottom\" nowrap=\"nowrap\" width=\"112\"><a href=\"https:\/\/banbientan.com\/h7et-nv\"><strong>H7ET-NV<\/strong><\/a><\/td>\n<td valign=\"bottom\" nowrap=\"nowrap\" width=\"108\">H7ET-NV-B<\/td>\n<td valign=\"bottom\" nowrap=\"nowrap\" width=\"108\"><a href=\"https:\/\/banbientan.com\/h7et-nv1\"><strong>H7ET-NV1<\/strong><\/a><\/td>\n<td valign=\"bottom\" nowrap=\"nowrap\" width=\"120\">H7ET-NV1-B<\/td>\n<\/tr>\n<tr>\n<td valign=\"bottom\" width=\"97\">\u0110\u1ea7u v\u00e0o \u0111a \u0111i\u1ec7n \u00e1p AC\/DC<\/td>\n<td valign=\"bottom\" nowrap=\"nowrap\" width=\"96\">LCD 7 thanh<\/td>\n<td valign=\"bottom\" nowrap=\"nowrap\" width=\"112\"><strong><a href=\"https:\/\/banbientan.com\/h7et-nfv\">H7ET-NFV<\/a><\/strong><\/td>\n<td valign=\"bottom\" nowrap=\"nowrap\" width=\"108\">H7ET-NFV-B<\/td>\n<td valign=\"bottom\" nowrap=\"nowrap\" width=\"108\"><a href=\"https:\/\/banbientan.com\/h7et-nfv1\"><strong>H7ET-NFV1<\/strong><\/a><\/td>\n<td valign=\"bottom\" nowrap=\"nowrap\" width=\"120\">H7ET-NFV1-B<\/td>\n<\/tr>\n<tr>\n<td valign=\"bottom\" width=\"97\">\u0110\u1ea7u v\u00e0o kh\u00f4ng \u0111i\u1ec7n \u00e1p<\/td>\n<td valign=\"bottom\" nowrap=\"nowrap\" width=\"96\">LCD 7 thanh<\/td>\n<td valign=\"bottom\" nowrap=\"nowrap\" width=\"112\"><a href=\"https:\/\/banbientan.com\/h7et-n\"><strong>H7ET-N<\/strong><\/a><\/td>\n<td valign=\"bottom\" nowrap=\"nowrap\" width=\"108\">H7ET-N-B<\/td>\n<td valign=\"bottom\" nowrap=\"nowrap\" width=\"108\"><a href=\"https:\/\/banbientan.com\/h7et-n1\"><strong>H7ET-N1<\/strong><\/a><\/td>\n<td valign=\"bottom\" nowrap=\"nowrap\" width=\"120\">H7ET-N1-B<\/td>\n<\/tr>\n<\/tbody>\n<\/table>\n","protected":false},"excerpt":{"rendered":"<p>H7ET-N(1) :\u00a0\u0111o th\u1eddi gian, hi\u1ec3n th\u1ecb 6 ho\u1eb7c 7 s\u1ed1 T\u00e0i li\u1ec7u ti\u1ebfng vi\u1ec7t H7ET T\u00e0i li\u1ec7u ti\u1ebfng anh H7ET Ngu\u1ed3n: C\u00f3 s\u1eb5n pin v\u1edbi tu\u1ed5i th\u1ecd 7 n\u0103m B\u1ea3y ch\u1eef s\u1ed1, d\u1ea3i th\u1eddi gian t\u1eeb 0 \u0111\u1ebfn 3999 ng\u00e0y 23,9 gi\u1edd 2 d\u1ea3i th\u1eddi gian: 999999,9 \u00a0v\u00e0 3999 ng\u00e0y 23,8 gi\u1edd ho\u1eb7c 999 gi\u1edd [&hellip;]<\/p>\n","protected":false},"author":2,"featured_media":5099,"parent":133,"menu_order":2,"comment_status":"open","ping_status":"open","template":"","meta":{"footnotes":""},"class_list":["post-777","page","type-page","status-publish","has-post-thumbnail","hentry"],"_links":{"self":[{"href":"https:\/\/hunglong.banbientan.com\/index.php?rest_route=\/wp\/v2\/pages\/777","targetHints":{"allow":["GET"]}}],"collection":[{"href":"https:\/\/hunglong.banbientan.com\/index.php?rest_route=\/wp\/v2\/pages"}],"about":[{"href":"https:\/\/hunglong.banbientan.com\/index.php?rest_route=\/wp\/v2\/types\/page"}],"author":[{"embeddable":true,"href":"https:\/\/hunglong.banbientan.com\/index.php?rest_route=\/wp\/v2\/users\/2"}],"replies":[{"embeddable":true,"href":"https:\/\/hunglong.banbientan.com\/index.php?rest_route=%2Fwp%2Fv2%2Fcomments&post=777"}],"version-history":[{"count":0,"href":"https:\/\/hunglong.banbientan.com\/index.php?rest_route=\/wp\/v2\/pages\/777\/revisions"}],"up":[{"embeddable":true,"href":"https:\/\/hunglong.banbientan.com\/index.php?rest_route=\/wp\/v2\/pages\/133"}],"wp:featuredmedia":[{"embeddable":true,"href":"https:\/\/hunglong.banbientan.com\/index.php?rest_route=\/"}],"wp:attachment":[{"href":"https:\/\/hunglong.banbientan.com\/index.php?rest_route=%2Fwp%2Fv2%2Fmedia&parent=777"}],"curies":[{"name":"wp","href":"https:\/\/api.w.org\/{rel}","templated":true}]}}