{"id":783,"date":"2011-10-02T01:27:16","date_gmt":"2011-10-02T01:27:16","guid":{"rendered":"http:\/\/banbientan.wordpress.com\/?page_id=783"},"modified":"2011-10-02T01:27:16","modified_gmt":"2011-10-02T01:27:16","slug":"my-relay-omron","status":"publish","type":"page","link":"https:\/\/hunglong.banbientan.com\/?page_id=783","title":{"rendered":"MY role th\u00f4ng d\u1ee5ng 3A, 5A"},"content":{"rendered":"<p>Lo\u1ea1i\u00a0MY<br \/>\n<a href=\"https:\/\/banbientan.com\/wp-content\/uploads\/2011\/10\/my_relay.jpg\"><img loading=\"lazy\" decoding=\"async\" class=\"alignnone  wp-image-5144\" title=\"my_relay\" alt=\"\" src=\"https:\/\/banbientan.com\/wp-content\/uploads\/2011\/10\/my_relay.jpg\" width=\"258\" height=\"148\" \/><\/a>\u00a0<a href=\"https:\/\/banbientan.com\/wp-content\/uploads\/2011\/10\/MY-New-Model_relay.jpg\"><img loading=\"lazy\" decoding=\"async\" class=\"alignnone  wp-image-5145\" title=\"MY New Model_relay\" alt=\"\" src=\"https:\/\/banbientan.com\/wp-content\/uploads\/2011\/10\/MY-New-Model_relay.jpg\" width=\"210\" height=\"210\" \/><\/a><br \/>\n<strong><a href=\"https:\/\/banbientan.com\/wp-content\/uploads\/2011\/10\/my_vn.pdf\">T\u00e0i li\u1ec7u ti\u1ebfng vi\u1ec7t MY<\/a><\/strong><br \/>\n<strong><a href=\"https:\/\/banbientan.com\/wp-content\/uploads\/2011\/10\/my.pdf\">T\u00e0i li\u1ec7u ti\u1ebfng anh MY<\/a><\/strong><br \/>\nR\u01a1le c\u00f4ng su\u1ea5t lo\u1ea1i nh\u1ecf 3-5A v\u1edbi nhi\u1ec1u model d\u00f9ng cho \u0111i\u1ec1u khi\u1ec3n logic v\u00e0 c\u00e1c \u1ee9ng d\u1ee5ng v\u1ec1 \u0111i\u1ec1u khi\u1ec3n c\u00f4ng su\u1ea5t.<\/p>\n<ul>\n<li>C\u00f3 nhi\u1ec1u lo\u1ea1i: lo\u1ea1i c\u00f3 \u0111\u00e8n hi\u1ec3n th\u1ecb ho\u1ea1t \u0111\u1ed9ng, lo\u1ea1i c\u00f4ng su\u1ea5t l\u1edbn, \u00a0lo\u1ea1i c\u00f3 diode, &#8230;<\/li>\n<li>Ch\u1ecbu \u0111\u01b0\u1ee3c \u0111i\u1ec7n \u00e1p t\u1edbi 2000 VAC.<\/li>\n<li>Tu\u1ed5i th\u1ecd cao; k\u00edch th\u01b0\u1edbc 36x28x21,5 mm.<\/li>\n<li>\u0110\u00e1p \u1ee9ng \u0111\u01b0\u1ee3c y\u00eau c\u1ea7u c\u1ee7a nhi\u1ec1u \u1ee9ng d\u1ee5ng.<\/li>\n<\/ul>\n<p>MY2: 5A, 2 b\u1ed9 t\u00ed\u1ebfp \u0111i\u1ec3m<br \/>\nMY4: 3A, 4 b\u1ed9 ti\u1ebfp \u0111i\u1ec3m<br \/>\nNgu\u1ed3n:\u00a024VDC,\u00a0110\/220VAC\/DC<br \/>\nTh\u00f4ng tin \u0111\u1eb7t h\u00e0ng<\/p>\n<table style=\"width: 601px;\" border=\"1\" cellspacing=\"0\" cellpadding=\"0\">\n<tbody>\n<tr>\n<td valign=\"bottom\" width=\"97\">S\u1ed1 c\u1eb7p ti\u1ebfp \u0111i\u1ec3m<\/td>\n<td valign=\"bottom\" nowrap=\"nowrap\" width=\"132\">Th\u00f4ng s\u1ed1 c\u1ee7a ti\u1ebfp \u0111i\u1ec3m<\/td>\n<td valign=\"bottom\" nowrap=\"nowrap\" width=\"201\">\u0110i\u1ec7n \u00e1p c\u1ee7a cu\u1ed9n d\u00e2y<\/td>\n<td valign=\"bottom\" nowrap=\"nowrap\" width=\"171\">\u00a0Model<\/td>\n<\/tr>\n<tr>\n<td valign=\"bottom\" nowrap=\"nowrap\" width=\"97\">DPDT (2)<\/td>\n<td valign=\"bottom\" width=\"132\">5A, 220 VAC<\/td>\n<td valign=\"bottom\" nowrap=\"nowrap\" width=\"201\">AC 100\/110<\/td>\n<td valign=\"bottom\" nowrap=\"nowrap\" width=\"171\">MY2 AC100\/110<\/td>\n<\/tr>\n<tr>\n<td valign=\"bottom\" nowrap=\"nowrap\" width=\"97\">DPDT (2)<\/td>\n<td valign=\"bottom\" width=\"132\">5A, 24 VDC<\/td>\n<td valign=\"bottom\" nowrap=\"nowrap\" width=\"201\">AC 220\/240<\/td>\n<td valign=\"bottom\" nowrap=\"nowrap\" width=\"171\">MY2 AC220\/240<\/td>\n<\/tr>\n<tr>\n<td valign=\"bottom\" nowrap=\"nowrap\" width=\"97\">DPDT (2)<\/td>\n<td valign=\"bottom\" width=\"132\"><\/td>\n<td valign=\"bottom\" nowrap=\"nowrap\" width=\"201\">DC 24<\/td>\n<td valign=\"bottom\" nowrap=\"nowrap\" width=\"171\">MY2 DC24<\/td>\n<\/tr>\n<tr>\n<td valign=\"bottom\" nowrap=\"nowrap\" width=\"97\">DPDT (2)<\/td>\n<td valign=\"bottom\" width=\"132\"><\/td>\n<td valign=\"bottom\" nowrap=\"nowrap\" width=\"201\">DC 12<\/td>\n<td valign=\"bottom\" nowrap=\"nowrap\" width=\"171\">MY2 DC12<\/td>\n<\/tr>\n<tr>\n<td valign=\"bottom\" nowrap=\"nowrap\" width=\"97\">4PDT (4)<\/td>\n<td valign=\"bottom\" width=\"132\">3A, 220 VAC<\/td>\n<td valign=\"bottom\" nowrap=\"nowrap\" width=\"201\">AC 100\/110<\/td>\n<td valign=\"bottom\" nowrap=\"nowrap\" width=\"171\">MY4 AC100\/110<\/td>\n<\/tr>\n<tr>\n<td valign=\"bottom\" nowrap=\"nowrap\" width=\"97\">4PDT (4)<\/td>\n<td valign=\"bottom\" width=\"132\">3A, 24 VDC<\/td>\n<td valign=\"bottom\" nowrap=\"nowrap\" width=\"201\">AC 220\/240<\/td>\n<td valign=\"bottom\" nowrap=\"nowrap\" width=\"171\">MY4 AC220\/240<\/td>\n<\/tr>\n<tr>\n<td valign=\"bottom\" nowrap=\"nowrap\" width=\"97\">4PDT (4)<\/td>\n<td valign=\"bottom\" width=\"132\"><\/td>\n<td valign=\"bottom\" nowrap=\"nowrap\" width=\"201\">DC24<\/td>\n<td valign=\"bottom\" nowrap=\"nowrap\" width=\"171\">MY4 DC24<\/td>\n<\/tr>\n<tr>\n<td valign=\"bottom\" nowrap=\"nowrap\" width=\"97\">DPDT (2)<\/td>\n<td valign=\"bottom\" width=\"132\">5A, 220VAC<\/td>\n<td valign=\"bottom\" nowrap=\"nowrap\" width=\"201\">AC 100\/110 c\u00f3 \u0111\u00e8n hi\u1ec3n th\u1ecb<\/td>\n<td valign=\"bottom\" nowrap=\"nowrap\" width=\"171\"><strong><a href=\"https:\/\/banbientan.com\/my2n-ac100-110\">MY2N AC100\/110<\/a><\/strong><\/td>\n<\/tr>\n<tr>\n<td valign=\"bottom\" nowrap=\"nowrap\" width=\"97\">DPDT (2)<\/td>\n<td valign=\"bottom\" width=\"132\">5A, 24VDC<\/td>\n<td valign=\"bottom\" nowrap=\"nowrap\" width=\"201\">AC 220\/240 c\u00f3 \u0111\u00e8n hi\u1ec3n th\u1ecb<\/td>\n<td valign=\"bottom\" nowrap=\"nowrap\" width=\"171\"><strong>\u00a0<a href=\"https:\/\/banbientan.com\/my2n-ac220-240\/\">MY2N AC220\/240<\/a><\/strong><\/td>\n<\/tr>\n<tr>\n<td valign=\"bottom\" nowrap=\"nowrap\" width=\"97\">DPDT (2)<\/td>\n<td valign=\"bottom\" width=\"132\"><\/td>\n<td valign=\"bottom\" nowrap=\"nowrap\" width=\"201\">DC 24 c\u00f3 \u0111\u00e8n hi\u1ec3n th\u1ecb<\/td>\n<td valign=\"bottom\" nowrap=\"nowrap\" width=\"171\"><a href=\"https:\/\/banbientan.com\/my2n-dc24\/\"><strong>MY2N DC24<\/strong><\/a><\/td>\n<\/tr>\n<tr>\n<td valign=\"bottom\" nowrap=\"nowrap\" width=\"97\">4PDT (4)<\/td>\n<td valign=\"bottom\" width=\"132\">3A, 220 VAC<\/td>\n<td valign=\"bottom\" nowrap=\"nowrap\" width=\"201\">AC100\/110 c\u00f3 \u0111\u00e8n hi\u1ec3n th\u1ecb<\/td>\n<td valign=\"bottom\" nowrap=\"nowrap\" width=\"171\"><a href=\"https:\/\/banbientan.com\/my4n-ac100110\"><strong>MY4N AC100\/110<\/strong><\/a><\/td>\n<\/tr>\n<tr>\n<td valign=\"bottom\" nowrap=\"nowrap\" width=\"97\">4PDT (4)<\/td>\n<td valign=\"bottom\" width=\"132\">3A, 24VDC<\/td>\n<td valign=\"bottom\" nowrap=\"nowrap\" width=\"201\">AC 220\/240 c\u00f3 \u0111\u00e8n hi\u1ec3n th\u1ecb<\/td>\n<td valign=\"bottom\" nowrap=\"nowrap\" width=\"171\"><strong><a href=\"https:\/\/banbientan.com\/my4n-ac220-240\/\">MY4N AC220\/240\u00a0<\/a><\/strong><\/td>\n<\/tr>\n<tr>\n<td valign=\"bottom\" nowrap=\"nowrap\" width=\"97\">4PDT (4)<\/td>\n<td valign=\"bottom\" width=\"132\"><\/td>\n<td valign=\"bottom\" nowrap=\"nowrap\" width=\"201\">DC24 c\u00f3 \u0111\u00e8n hi\u1ec3n th\u1ecb<\/td>\n<td valign=\"bottom\" nowrap=\"nowrap\" width=\"171\"><a href=\"https:\/\/banbientan.com\/my4n-dc24\"><strong>MY4N DC24<\/strong><\/a><\/td>\n<\/tr>\n<\/tbody>\n<\/table>\n<p>C\u00e1c ph\u1ee5 ki\u1ec7n (\u0111\u1eb7t h\u00e0ng ri\u00eang)<\/p>\n<table style=\"width: 577px;\" border=\"1\" cellspacing=\"0\" cellpadding=\"0\" align=\"left\">\n<tbody>\n<tr>\n<td valign=\"bottom\" nowrap=\"nowrap\" width=\"133\"><\/td>\n<td valign=\"bottom\" nowrap=\"nowrap\" width=\"252\"><\/td>\n<td valign=\"bottom\" nowrap=\"nowrap\" width=\"192\">\u0110\u1ebf c\u1eafm m\u1eb7t tr\u01b0\u1edbc<\/td>\n<\/tr>\n<tr>\n<td valign=\"bottom\" nowrap=\"nowrap\" width=\"133\"><\/td>\n<td valign=\"bottom\" nowrap=\"nowrap\" width=\"252\"><\/td>\n<td valign=\"bottom\" nowrap=\"nowrap\" width=\"192\">Thanh DIN\/ b\u1eaft v\u00edt<\/td>\n<\/tr>\n<tr>\n<td valign=\"bottom\" nowrap=\"nowrap\" width=\"133\">\u0110\u1ebf c\u1eafm m\u1eb7t tr\u01b0\u1edbc<\/td>\n<td valign=\"bottom\" nowrap=\"nowrap\" width=\"252\">Lo\u1ea1i 8 ch\u00e2n c\u1eafm (23 x 72 x 30mm)<\/td>\n<td valign=\"bottom\" nowrap=\"nowrap\" width=\"192\"><strong><a href=\"https:\/\/banbientan.com\/pyf08a-n\">PYF08A-N<\/a>\u00a0<\/strong>,\u00a0<strong><a href=\"https:\/\/banbientan.com\/pyf08a-e\">PYF08A-E<\/a><\/strong><\/td>\n<\/tr>\n<tr>\n<td valign=\"bottom\" nowrap=\"nowrap\" width=\"133\">\u0110\u1ebf c\u1eafm m\u1eb7t tr\u01b0\u1edbc<\/td>\n<td valign=\"bottom\" nowrap=\"nowrap\" width=\"252\">Lo\u1ea1i 11 ch\u00e2n c\u1eafm (29 x 72 x 30mm)<\/td>\n<td valign=\"bottom\" nowrap=\"nowrap\" width=\"192\"><strong><a href=\"https:\/\/banbientan.com\/pyf14a-n\">PYF14A-N<\/a><\/strong>,\u00a0<a href=\"https:\/\/banbientan.com\/pyf14a-e\"><strong>PYF14A-E<\/strong><\/a><\/td>\n<\/tr>\n<tr>\n<td valign=\"bottom\" nowrap=\"nowrap\" width=\"133\">L\u1eaby gi\u1eef<\/td>\n<td valign=\"bottom\" nowrap=\"nowrap\" width=\"252\"><\/td>\n<td valign=\"bottom\" nowrap=\"nowrap\" width=\"192\">PYC-A1<\/td>\n<\/tr>\n<\/tbody>\n<\/table>\n<p><strong>MY2N<\/strong><br \/>\n<a href=\"https:\/\/banbientan.com\/wp-content\/uploads\/2011\/10\/MY_dm_1.jpg\"><img loading=\"lazy\" decoding=\"async\" class=\"alignnone size-full wp-image-5147\" title=\"MY_dm_1\" alt=\"\" src=\"https:\/\/banbientan.com\/wp-content\/uploads\/2011\/10\/MY_dm_1.jpg\" width=\"390\" height=\"140\" \/><\/a><br \/>\n<strong>MY4N<\/strong><br \/>\n<a href=\"https:\/\/banbientan.com\/wp-content\/uploads\/2011\/10\/MY_dm_2.jpg\"><img loading=\"lazy\" decoding=\"async\" class=\"alignnone size-full wp-image-5148\" title=\"MY_dm_2\" alt=\"\" src=\"https:\/\/banbientan.com\/wp-content\/uploads\/2011\/10\/MY_dm_2.jpg\" width=\"398\" height=\"138\" \/><\/a><\/p>\n","protected":false},"excerpt":{"rendered":"<p>Lo\u1ea1i\u00a0MY \u00a0 T\u00e0i li\u1ec7u ti\u1ebfng vi\u1ec7t MY T\u00e0i li\u1ec7u ti\u1ebfng anh MY R\u01a1le c\u00f4ng su\u1ea5t lo\u1ea1i nh\u1ecf 3-5A v\u1edbi nhi\u1ec1u model d\u00f9ng cho \u0111i\u1ec1u khi\u1ec3n logic v\u00e0 c\u00e1c \u1ee9ng d\u1ee5ng v\u1ec1 \u0111i\u1ec1u khi\u1ec3n c\u00f4ng su\u1ea5t. C\u00f3 nhi\u1ec1u lo\u1ea1i: lo\u1ea1i c\u00f3 \u0111\u00e8n hi\u1ec3n th\u1ecb ho\u1ea1t \u0111\u1ed9ng, lo\u1ea1i c\u00f4ng su\u1ea5t l\u1edbn, \u00a0lo\u1ea1i c\u00f3 diode, &#8230; Ch\u1ecbu \u0111\u01b0\u1ee3c [&hellip;]<\/p>\n","protected":false},"author":2,"featured_media":5144,"parent":135,"menu_order":1,"comment_status":"open","ping_status":"open","template":"","meta":{"footnotes":""},"class_list":["post-783","page","type-page","status-publish","has-post-thumbnail","hentry"],"_links":{"self":[{"href":"https:\/\/hunglong.banbientan.com\/index.php?rest_route=\/wp\/v2\/pages\/783","targetHints":{"allow":["GET"]}}],"collection":[{"href":"https:\/\/hunglong.banbientan.com\/index.php?rest_route=\/wp\/v2\/pages"}],"about":[{"href":"https:\/\/hunglong.banbientan.com\/index.php?rest_route=\/wp\/v2\/types\/page"}],"author":[{"embeddable":true,"href":"https:\/\/hunglong.banbientan.com\/index.php?rest_route=\/wp\/v2\/users\/2"}],"replies":[{"embeddable":true,"href":"https:\/\/hunglong.banbientan.com\/index.php?rest_route=%2Fwp%2Fv2%2Fcomments&post=783"}],"version-history":[{"count":0,"href":"https:\/\/hunglong.banbientan.com\/index.php?rest_route=\/wp\/v2\/pages\/783\/revisions"}],"up":[{"embeddable":true,"href":"https:\/\/hunglong.banbientan.com\/index.php?rest_route=\/wp\/v2\/pages\/135"}],"wp:featuredmedia":[{"embeddable":true,"href":"https:\/\/hunglong.banbientan.com\/index.php?rest_route=\/"}],"wp:attachment":[{"href":"https:\/\/hunglong.banbientan.com\/index.php?rest_route=%2Fwp%2Fv2%2Fmedia&parent=783"}],"curies":[{"name":"wp","href":"https:\/\/api.w.org\/{rel}","templated":true}]}}