{"id":7988,"date":"2012-08-14T16:57:52","date_gmt":"2012-08-14T09:57:52","guid":{"rendered":"https:\/\/banbientan.com\/?page_id=7988"},"modified":"2012-08-14T16:57:52","modified_gmt":"2012-08-14T09:57:52","slug":"bo-dieu-khien-servo","status":"publish","type":"page","link":"https:\/\/hunglong.banbientan.com\/?page_id=7988","title":{"rendered":"B\u1ed9 \u0111i\u1ec1u khi\u1ec3n Servo"},"content":{"rendered":"<p>C\u00e1c s\u1ea3n ph\u1ea9m servo c\u1ee7a Control Techniques v\u1edbi hi\u1ec7u su\u1ea5t cao, t\u00ednh n\u0103ng m\u1ea1nh m\u1ebd k\u1ebft h\u1ee3p v\u1edbi s\u1ef1 linh ho\u1ea1t t\u1ed1c \u0111a. C\u00e1c b\u1ed9 \u0111i\u1ec1u khi\u1ec3n c\u00f3 th\u1ec3 k\u1ebft n\u1ed1i v\u1edbi nhi\u1ec1u b\u1ed9 \u0111i\u1ec1u khi\u1ec3n chuy\u1ec3n \u0111\u1ed9ng\/ v\u1ecb tr\u00ed qua c\u00e1c \u0111\u1ea7u v\u00e0o\/ ra hay qua c\u00e1c m\u1ea1ng k\u1ebft n\u1ed1i truy\u1ec1n th\u00f4ng ch\u1eb3ng h\u1ea1n nh\u01b0 SERCOS v\u00e0 EtherCAT hay c\u00e1ch kh\u00e1c ki\u1ec3m so\u00e1t h\u1ec7 th\u1ed1ng t\u1ef1 \u0111\u1ed9ng nh\u1edd v\u00e0o b\u1ed9 \u0111i\u1ec1u khi\u1ec3n chuy\u1ec3n \u0111\u1ed9ng t\u00edch h\u1ee3p s\u1eb5n b\u00ean trong b\u1ed9 \u0111i\u1ec1u khi\u1ec3n.<br \/>\n\u0110\u1ec3 t\u1ed1i \u01b0u t\u00ednh n\u0103ng, ch\u00fang t\u00f4i \u0111\u00e3 ph\u00e2n chia c\u00e1c b\u1ed9 \u0111i\u1ec1u khi\u1ec3n v\u00e0 \u0111\u1ed9ng c\u01a1 theo ch\u1ebf \u0111\u1ed9 l\u00e0m vi\u1ec7c theo t\u1eebng \u1ee9ng d\u1ee5ng \u0111\u00f2i h\u1ecfi :<br \/>\n\u00b7\u00a0\u00a0\u00a0\u00a0\u00a0\u00a0\u00a0Ch\u1ebf \u0111\u1ed9 l\u00e0m vi\u1ec7c theo xung (nh\u1ecbp) \u2013 C\u00e1c \u1ee9ng d\u1ee5ng \u0111\u1ed9ng n\u0103ng cao y\u00eau c\u1ea7u t\u0103ng v\u00e0 gi\u1ea3m t\u1ed1c c\u1ee9ng ch\u1eb3ng h\u1ea1n nh\u01b0 c\u00e1c \u1ee9ng d\u1ee5ng \u201c g\u1eafp v\u00e0 nh\u1eb7t\u201d, c\u1eaft bay v\u00e0 c\u00e1c m\u00e1y c\u1eaft theo chi\u1ec1u d\u00e0i kh\u00e1c. C\u00e1c \u1ee9ng d\u1ee5ng n\u00e0y y\u00eau c\u1ea7u c\u00f3 \u0111\u1ec9nh r\u1ea5t cao ( v\u00ed d\u1ee5 qu\u00e1 t\u1ea3i 300%) v\u00e0 momen trung b\u00ecnh.<br \/>\n\u00b7\u00a0\u00a0\u00a0\u00a0\u00a0\u00a0\u00a0Ch\u1ebf \u0111\u1ed9 l\u00e0m vi\u1ec7c li\u00ean t\u1ee5c \u2013 \u0110\u1ed9 ch\u00ednh cao trong th\u1eddi gian d\u00e0i y\u00eau c\u1ea7u t\u0103ng v\u00e0 gi\u1ea3m t\u1ed1c ch\u1eadm ch\u1eb3ng h\u1ea1n nh\u01b0 m\u00e1y in, cu\u1ed9n v\u00e0 d\u00e1n nh\u00e3n. \u0110\u1eb7c t\u00ednh c\u1ee7a c\u00e1c \u1ee9ng d\u1ee5ng n\u00e0y l\u00e0 c\u00f3 \u0111\u1ec9nh v\u1eeba ph\u1ea3i v\u00e0 momen RMS cao.<br \/>\n&nbsp;<\/p>\n","protected":false},"excerpt":{"rendered":"<p>C\u00e1c s\u1ea3n ph\u1ea9m servo c\u1ee7a Control Techniques v\u1edbi hi\u1ec7u su\u1ea5t cao, t\u00ednh n\u0103ng m\u1ea1nh m\u1ebd k\u1ebft h\u1ee3p v\u1edbi s\u1ef1 linh ho\u1ea1t t\u1ed1c \u0111a. C\u00e1c b\u1ed9 \u0111i\u1ec1u khi\u1ec3n c\u00f3 th\u1ec3 k\u1ebft n\u1ed1i v\u1edbi nhi\u1ec1u b\u1ed9 \u0111i\u1ec1u khi\u1ec3n chuy\u1ec3n \u0111\u1ed9ng\/ v\u1ecb tr\u00ed qua c\u00e1c \u0111\u1ea7u v\u00e0o\/ ra hay qua c\u00e1c m\u1ea1ng k\u1ebft n\u1ed1i truy\u1ec1n th\u00f4ng ch\u1eb3ng h\u1ea1n [&hellip;]<\/p>\n","protected":false},"author":2,"featured_media":8002,"parent":7980,"menu_order":3,"comment_status":"open","ping_status":"closed","template":"","meta":{"footnotes":""},"class_list":["post-7988","page","type-page","status-publish","has-post-thumbnail","hentry"],"_links":{"self":[{"href":"https:\/\/hunglong.banbientan.com\/index.php?rest_route=\/wp\/v2\/pages\/7988","targetHints":{"allow":["GET"]}}],"collection":[{"href":"https:\/\/hunglong.banbientan.com\/index.php?rest_route=\/wp\/v2\/pages"}],"about":[{"href":"https:\/\/hunglong.banbientan.com\/index.php?rest_route=\/wp\/v2\/types\/page"}],"author":[{"embeddable":true,"href":"https:\/\/hunglong.banbientan.com\/index.php?rest_route=\/wp\/v2\/users\/2"}],"replies":[{"embeddable":true,"href":"https:\/\/hunglong.banbientan.com\/index.php?rest_route=%2Fwp%2Fv2%2Fcomments&post=7988"}],"version-history":[{"count":0,"href":"https:\/\/hunglong.banbientan.com\/index.php?rest_route=\/wp\/v2\/pages\/7988\/revisions"}],"up":[{"embeddable":true,"href":"https:\/\/hunglong.banbientan.com\/index.php?rest_route=\/wp\/v2\/pages\/7980"}],"wp:featuredmedia":[{"embeddable":true,"href":"https:\/\/hunglong.banbientan.com\/index.php?rest_route=\/"}],"wp:attachment":[{"href":"https:\/\/hunglong.banbientan.com\/index.php?rest_route=%2Fwp%2Fv2%2Fmedia&parent=7988"}],"curies":[{"name":"wp","href":"https:\/\/api.w.org\/{rel}","templated":true}]}}