{"id":8019,"date":"2012-08-14T19:57:16","date_gmt":"2012-08-14T12:57:16","guid":{"rendered":"https:\/\/banbientan.com\/?page_id=8019"},"modified":"2012-08-14T19:57:16","modified_gmt":"2012-08-14T12:57:16","slug":"khoi-dong-mem","status":"publish","type":"page","link":"https:\/\/hunglong.banbientan.com\/?page_id=8019","title":{"rendered":"Soft starter"},"content":{"rendered":"<p><a href=\"https:\/\/banbientan.com\/wp-content\/uploads\/2012\/08\/banner-SOFT-STARTERS.jpg\"><img loading=\"lazy\" decoding=\"async\" class=\"alignnone size-large wp-image-8038\" title=\"banner  SOFT STARTERS\" src=\"https:\/\/banbientan.com\/wp-content\/uploads\/2012\/08\/banner-SOFT-STARTERS-1024x222.jpg\" alt=\"\" width=\"695\" height=\"150\" \/><\/a><\/p>\n<p>Ng\u00e0y nay \u0111\u1ec1u c\u00f3 l\u1ee3i khi s\u1eed d\u1ee5ng b\u1ed9 kh\u1edfi \u0111\u1ed9ng m\u1ec1m t\u1eeb thang cu\u1ed1n, thang m\u00e1y \u0111\u1ebfn b\u01a1m v\u00e0 b\u0103ng t\u1ea3i. Kh\u1edfi \u0111\u1ed9ng m\u1ec1m c\u1ee7a h\u00e3ng Fairford l\u00e0 thi\u1ebft b\u1ecb tin c\u1eady, hi\u1ec7u qu\u1ea3 v\u00e0 ti\u1ebft ki\u1ec7m n\u0103ng l\u01b0\u1ee3ng gi\u00fap cho m\u00e1y m\u00f3c l\u00e0m vi\u1ec7c hi\u1ec7u qu\u1ea3 h\u01a1n \u0111\u1ed3ng th\u1eddi c\u0169ng gi\u1ea3m \u0111\u01b0\u1ee3c s\u1ef1 m\u00e0i m\u00f2n v\u00e0 hao m\u00f2n \u0111\u1ed9ng c\u01a1 trong c\u00e1c m\u00e1y m\u00f3c n\u00e0y. \u0110i\u1ec1u \u0111\u00f3 c\u0169ng gi\u00fap gi\u1ea3m chi ph\u00ed v\u1eadn h\u00e0nh v\u00e0 b\u1ea3o d\u01b0\u1ee1ng,ti\u1ebft ki\u1ec7m n\u0103ng l\u01b0\u1ee3ng v\u00e0 c\u1ea3i thi\u1ec7n t\u00ednh n\u0103ng c\u1ee7a m\u00e1y m\u00f3c.<\/p>\n<p style=\"text-align: left;\" align=\"center\"><strong>Fairford Electronics<\/strong><\/p>\n<p style=\"text-align: left;\" align=\"center\"><a href=\"https:\/\/banbientan.com\/wp-content\/uploads\/2012\/08\/fairford-electronics-logo.png\"><img loading=\"lazy\" decoding=\"async\" class=\"alignnone size-full wp-image-8025\" title=\"fairford-electronics-logo\" src=\"https:\/\/banbientan.com\/wp-content\/uploads\/2012\/08\/fairford-electronics-logo.png\" alt=\"\" width=\"85\" height=\"94\" \/><\/a><\/p>\n<p>\u0110\u00e2y l\u00e0 n\u01a1i c\u00f3 nhi\u1ec1u c\u00e1ch t\u00e2n v\u1ec1 kh\u1edfi \u0111\u1ed9ng m\u1ec1m. Duy\u1ec7t trang web \u0111\u1ec3 t\u00ecm th\u00eam th\u00f4ng tin v\u1ec1 c\u00e1c s\u1ea3n ph\u1ea9m QFE,XFE, DFE.. B\u1ea1n c\u00f3 th\u1ec3 tin c\u1eady v\u00e0o b\u1ed9 kh\u1edfi \u0111\u1ed9ng m\u1ec1m c\u1ee7a Fairford Electronics gi\u00fap l\u1eafp \u0111\u1eb7t nhanh ch\u00f3ng, d\u1ec5 d\u00e0ng s\u1eed d\u1ee5ng v\u00e0 gi\u00e1 th\u00e0nh v\u00e0 c\u00f4ng ngh\u1ec7 ti\u1ebft ki\u1ec7m n\u0103ng l\u01b0\u1ee3ng. Ch\u00fang t\u00f4i c\u00f3 nhi\u1ec1u d\u00f2ng s\u1ea3n ph\u1ea9m ph\u00f9 h\u1ee3p cho t\u1ea5t c\u1ea3 c\u00e1c \u1ee9ng d\u1ee5ng c\u1ee7a b\u1ea1n<\/p>\n","protected":false},"excerpt":{"rendered":"<p>Ng\u00e0y nay \u0111\u1ec1u c\u00f3 l\u1ee3i khi s\u1eed d\u1ee5ng b\u1ed9 kh\u1edfi \u0111\u1ed9ng m\u1ec1m t\u1eeb thang cu\u1ed1n, thang m\u00e1y \u0111\u1ebfn b\u01a1m v\u00e0 b\u0103ng t\u1ea3i. Kh\u1edfi \u0111\u1ed9ng m\u1ec1m c\u1ee7a h\u00e3ng Fairford l\u00e0 thi\u1ebft b\u1ecb tin c\u1eady, hi\u1ec7u qu\u1ea3 v\u00e0 ti\u1ebft ki\u1ec7m n\u0103ng l\u01b0\u1ee3ng gi\u00fap cho m\u00e1y m\u00f3c l\u00e0m vi\u1ec7c hi\u1ec7u qu\u1ea3 h\u01a1n \u0111\u1ed3ng th\u1eddi c\u0169ng gi\u1ea3m \u0111\u01b0\u1ee3c s\u1ef1 [&hellip;]<\/p>\n","protected":false},"author":2,"featured_media":8025,"parent":7980,"menu_order":5,"comment_status":"closed","ping_status":"closed","template":"","meta":{"footnotes":""},"class_list":["post-8019","page","type-page","status-publish","has-post-thumbnail","hentry"],"_links":{"self":[{"href":"https:\/\/hunglong.banbientan.com\/index.php?rest_route=\/wp\/v2\/pages\/8019","targetHints":{"allow":["GET"]}}],"collection":[{"href":"https:\/\/hunglong.banbientan.com\/index.php?rest_route=\/wp\/v2\/pages"}],"about":[{"href":"https:\/\/hunglong.banbientan.com\/index.php?rest_route=\/wp\/v2\/types\/page"}],"author":[{"embeddable":true,"href":"https:\/\/hunglong.banbientan.com\/index.php?rest_route=\/wp\/v2\/users\/2"}],"replies":[{"embeddable":true,"href":"https:\/\/hunglong.banbientan.com\/index.php?rest_route=%2Fwp%2Fv2%2Fcomments&post=8019"}],"version-history":[{"count":0,"href":"https:\/\/hunglong.banbientan.com\/index.php?rest_route=\/wp\/v2\/pages\/8019\/revisions"}],"up":[{"embeddable":true,"href":"https:\/\/hunglong.banbientan.com\/index.php?rest_route=\/wp\/v2\/pages\/7980"}],"wp:featuredmedia":[{"embeddable":true,"href":"https:\/\/hunglong.banbientan.com\/index.php?rest_route=\/"}],"wp:attachment":[{"href":"https:\/\/hunglong.banbientan.com\/index.php?rest_route=%2Fwp%2Fv2%2Fmedia&parent=8019"}],"curies":[{"name":"wp","href":"https:\/\/api.w.org\/{rel}","templated":true}]}}