{"id":8027,"date":"2012-08-14T20:23:29","date_gmt":"2012-08-14T13:23:29","guid":{"rendered":"https:\/\/banbientan.com\/?page_id=8027"},"modified":"2012-08-14T20:23:29","modified_gmt":"2012-08-14T13:23:29","slug":"qfe-sfe3","status":"publish","type":"page","link":"https:\/\/hunglong.banbientan.com\/?page_id=8027","title":{"rendered":"QFE (SFE3)"},"content":{"rendered":"<p>B\u1ed9 kh\u1edfi \u0111\u1ed9ng m\u1ec1m QFE c\u1ee7a Fairford l\u00e0 d\u00f2ng s\u1ea3n ph\u1ea9m t\u1ed1i \u01b0u n\u0103ng l\u01b0\u1ee3ng c\u1ea5p cao, ph\u00f9 h\u1ee3p v\u1edbi b\u1ea5t k\u1ef3 y\u00eau c\u1ea7u n\u00e0o. \u0110\u01b0\u1ee3c thi\u1ebft k\u1ebf ch\u1eafc ch\u1eafn v\u00e0 b\u1ea3o v\u1ec7 qu\u00e1 t\u1ea3i v\u01b0\u1ee3t tr\u1ed9i ph\u00f9 h\u1ee3p v\u1edbi nh\u1eefng n\u01a1i b\u1ea1n c\u1ea7n kh\u1edfi \u0111\u1ed9ng \u0111\u1ed9ng c\u01a1 \u1edf t\u00ecnh tr\u1ea1ng n\u1eb7ng t\u1ea3i.<br \/>\nB\u00e0n ph\u00ecm LCD hi\u1ec3n th\u1ecb \u0111a ng\u00f4n ng\u1eef, d\u1ec5 nh\u00ecn , d\u1ec5 s\u1eed d\u1ee5ng ch\u1ec9 l\u00e0 hai trong c\u00e1c t\u00ednh n\u0103ng gi\u00fap b\u1ed9 kh\u1edfi \u0111\u1ed9ng m\u1ec1m l\u00e0 l\u1ef1a ch\u1ecdn l\u00fd t\u01b0\u1edfng cho b\u1ea5t k\u1ef3 \u1ee9ng d\u1ee5ng n\u00e0o v\u00e0 b\u1ea5t k\u1ef3 n\u01a1i n\u00e0o. B\u1ed9 kh\u1edfi \u0111\u1ed9ng n\u00e0y lu\u00f4n \u0111i tr\u01b0\u1edbc \u0111\u1ed1i th\u1ee7.<br \/>\n<a href=\"https:\/\/banbientan.com\/wp-content\/uploads\/2012\/08\/qfe-0.jpg\"><img loading=\"lazy\" decoding=\"async\" class=\"alignnone size-full wp-image-8029\" title=\"qfe-0\" src=\"https:\/\/banbientan.com\/wp-content\/uploads\/2012\/08\/qfe-0.jpg\" alt=\"\" width=\"214\" height=\"307\" \/><\/a><a href=\"https:\/\/banbientan.com\/wp-content\/uploads\/2012\/08\/qfe-size-1.png\"><img loading=\"lazy\" decoding=\"async\" class=\"alignnone size-full wp-image-8031\" title=\"qfe-size-1\" src=\"https:\/\/banbientan.com\/wp-content\/uploads\/2012\/08\/qfe-size-1.png\" alt=\"\" width=\"214\" height=\"307\" \/><\/a><a href=\"https:\/\/banbientan.com\/wp-content\/uploads\/2012\/08\/qfe-size-2-1.jpg\"><img loading=\"lazy\" decoding=\"async\" class=\"alignnone size-full wp-image-8030\" title=\"qfe-size-2 (1)\" src=\"https:\/\/banbientan.com\/wp-content\/uploads\/2012\/08\/qfe-size-2-1.jpg\" alt=\"\" width=\"214\" height=\"307\" \/><\/a><br \/>\n<strong><a href=\"https:\/\/banbientan.com\/wp-content\/uploads\/2012\/08\/Brochure-SFE3.pdf\">catalog-SFE3<\/a><\/strong><\/p>\n<div id=\"ja-containerwrap-fl\">\n<div id=\"ja-container\">\n<div id=\"ja-container-inner\">\n<div id=\"ja-mainbodywrap\">\n<div id=\"ja-mainbody\">\n<div id=\"ja-contentwrapper\">\n<div id=\"ja-contentwrap\">\n<div id=\"ja-content\">\n<div id=\"ja-current-content\">\n<div>\n<div>\n<div>\n<div>\n<div>\n<div><span style=\"text-decoration: underline;\"><strong>\u0110\u1eb7c \u0111i\u1ec3m n\u1ed5i b\u1eadt:<\/strong><\/span><\/div>\n<div>&#8211; C\u00e0i \u0111\u1eb7t c\u00e1c \u1ee9ng d\u1ee5ng t\u1ef1 \u0111\u1ed9ng: C\u00f3 c\u00e1c ch\u01b0\u01a1ng tr\u00ecnh \u1ee9ng d\u1ee5ng cho t\u1eebng lo\u1ea1i t\u1ea3i nh\u01b0 m\u00e1y b\u01a1m, qu\u1ea1t gi\u00f3, m\u00e1y n\u00e9n, m\u00e1y\u00a0\u00a0\u00a0 nghi\u1ec1n, b\u0103ng t\u1ea3i&#8230;<\/div>\n<div>\n<div>&#8211; Kh\u1edfi \u0111\u1ed9ng nhanh \u0111\u1ed9ng c\u01a1: \u0111i\u1ec7n \u00e1p kh\u1edfi \u0111\u1ed9ng t\u1edbi 90% trong th\u1eddi gian 3 s<\/div>\n<div>&#8211; D\u1eebng nhanh \u0111\u1ed9ng c\u01a1: \u0111i\u1ec7n \u00e1p d\u1eebng \u0111\u1ed9ng c\u01a1 t\u1edbi 100%.<\/div>\n<div>&#8211; D\u00f2ng l\u00e0m vi\u1ec7c li\u00ean t\u1ee5c: 1.25% d\u00f2ng \u0111\u1ecbnh m\u1ee9c.<\/div>\n<\/div>\n<div>&#8211; Ng\u01b0\u1eddi v\u1eadn h\u00e0nh c\u00f3 th\u1ec3 thay \u0111\u1ed5i:<\/div>\n<div>+ Th\u1eddi gian kh\u1edfi\u00a0\u0111\u1ed9ng v\u00e0 d\u1eebng t\u1eeb 0-255s.<\/div>\n<div>+ D\u1ea3i \u0111i\u1ec1u ch\u1ec9nh \u0111i\u1ec7n \u00e1p kh\u1edfi \u0111\u1ed9ng 10-60% \u0111i\u1ec7n \u00e1p l\u01b0\u1edbi \u0111\u1ec3 \u0111\u01b0a ra \u0111i\u1ec7n \u00e1p ph\u00f9 h\u1ee3p v\u1edbi m\u00f4men kh\u1edfi \u0111\u1ed9ng t\u1ea1o ra m\u00f4men l\u1edbn\u00a0 nh\u1ea5t kh\u1edfi \u0111\u1ed9ng \u0111\u1ed9ng c\u01a1.<\/div>\n<div>+\u00a0D\u00f2ng \u0111i\u1ec7n kh\u1edfi \u0111\u1ed9ng t\u1eeb 1-8 l\u1ea7n d\u00f2ng \u0111\u1ecbnh m\u1ee9c.<\/div>\n<div>&#8211; C\u00f3 s\u1eb5n c\u00e1c n\u00fat \u1ea5n v\u00e0 m\u00e0n h\u00ecnh LCD hi\u1ec3n th\u1ecb c\u00e1c th\u00f4ng s\u1ed1 c\u00e0i \u0111\u1eb7t tr\u00ean m\u1eb7t QFE.<\/div>\n<div>&#8211; Menu c\u00e0i \u0111\u1eb7t \u0111\u01a1n gi\u1ea3n gi\u00fap ng\u01b0\u1eddi v\u1eadn h\u00e0nh d\u1ec5 d\u00e0ng c\u00e0i \u0111\u1eb7t.<\/div>\n<div>&#8211; Hi\u1ec3n th\u1ecb li\u00ean t\u1ee5c tr\u1ea1ng th\u00e1i c\u1ee7a \u0111\u1ed9ng c\u01a1: nh\u01b0 kh\u1edfi \u0111\u1ed9ng, d\u1eebng, \u0111\u1ea7y \u00e1p, ch\u1ebf \u0111\u1ed9 t\u1ed1i \u01b0u, gi\u1edbi h\u1ea1n d\u00f2ng \u0111i\u1ec7n, qu\u00e1 t\u1ea3i v\u00e0 c\u00e1 ch\u1ec9 th\u1ecb\u00a0 l\u1ed7i kh\u00e1c&#8230;<\/div>\n<div>&#8211; K\u1ebft h\u1ee3p Modbus v\u00e0 panel \u0111i\u1ec1u khi\u1ec3n t\u1eeb xa c\u00f3 th\u1ec3 \u0111i\u1ec1u khi\u1ec3n c\u00f9ng l\u00fac 10 b\u1ed9 kh\u1edfi \u0111\u1ed9ng m\u1ec1m.<\/div>\n<div>&#8211; C\u00f3 th\u1ec3 ch\u1ea1y theo c\u00e1c ch\u1ebf \u0111\u1ed9: Kh\u1edfi \u0111\u1ed9ng tr\u1ef1c ti\u1ebfp, sao-tam gi\u00e1c hay by-pass.<\/div>\n<div>&#8211; B\u00e1o l\u1ed7i trong qu\u00e1 tr\u00ecnh ho\u1ea1t \u0111\u1ed9ng, l\u01b0u l\u1ea1i 5 l\u1ed7i x\u1ea3y ra g\u1ea7n \u0111\u00e2y nh\u1ea5t: qu\u00e1 t\u1ea3i, ng\u1eafn m\u1ea1ch, m\u1ea5t pha, l\u1ec7ch pha, qu\u00e1 nhi\u1ec7t, \u00a0th\u1ea5p\u00a0 d\u00f2ng, qu\u00e1 th\u1eddi gian cho ph\u00e9p ch\u1ea1y \u1edf d\u00f2ng \u0111i\u1ec7n gi\u1edbi h\u1ea1n, thyristor b\u1ecb ng\u1eafn m\u1ea1ch, l\u1ed7i truy\u1ec1n th\u00f4ng&#8230;<\/div>\n<div>&#8211; Ngu\u1ed3n c\u1ea5p cho m\u1ea1ch \u0111i\u1ec1u khi\u1ec3n: 110-220VAC, t\u1ea7n s\u1ed1 l\u00e0m vi\u1ec7c 50\/60Hz<\/div>\n<div>&#8211; Hai \u0111\u1ea7u ra analog 0-10VDC, 2 \u0111\u1ea7u v\u00e0o analog 0-10VDC v\u00e0 4-20mA. Hai \u0111\u1ea7u ra r\u01a1le m\u1edf r\u1ed9ng v\u00e0 2 \u0111\u1ea7u v\u00e0o12VDC-230VAC m\u1edf r\u1ed9ng.<\/div>\n<div>-M\u00f4i tr\u01b0\u1eddng l\u00e0m vi\u1ec7c: nhi\u1ec7t \u0111\u1ed9 l\u00e0m vi\u1ec7c -20-60C, \u0111\u1ed9 \u1ea9m t\u1edbi 90%.<\/div>\n<div>&#8211; \u0110\u00e1p \u1ee9ng c\u00e1c ti\u00eau chu\u1ea9n: IEC 60947-4-2, EN 60947-4-2, UL508&#8230;<\/div>\n<div><strong>L\u1ee3i \u00edch c\u1ee7a QFE mang l\u1ea1i:<\/strong><\/div>\n<div>&#8211; Lo\u1ea1i tr\u1eeb d\u00f2ng \u0111i\u1ec7n m\u1edf m\u00e1y \u0111\u1ed9t ng\u1ed9t.<\/div>\n<div>&#8211; Kh\u1edfi \u0111\u1ed9ng m\u1ec1m m\u1ea1i, t\u0103ng t\u1ed1c \u0111\u1ed9 t\u1eebng b\u01b0\u1edbc \u0111\u1ebfn t\u1ed1c \u0111\u1ed9 \u1ed5n \u0111\u1ecbnh.<\/div>\n<div>&#8211; Gi\u1ea3m s\u1ef1 m\u00e0i m\u00f2n c\u00e1c chi ti\u1ebft c\u01a1 kh\u00ed.<\/div>\n<div>&#8211; K\u00e9o d\u00e0i tu\u1ed5i th\u1ecd, gi\u1ea3m th\u00f4ng s\u1ed1 c\u00e1c thi\u1ebft b\u1ecb \u0111\u00f3ng c\u1eaft v\u00e0 gi\u1ea3m ti\u1ebft di\u1ec7n d\u00e2y d\u1eabn&#8230;<\/div>\n<div>&#8211; T\u1ef1 \u0111\u1ed9ng ti\u1ebft ki\u1ec7m \u0111i\u1ec7n, n\u00e2ng cao h\u1ec7 s\u1ed1 c\u00f4ng su\u1ea5t.<\/div>\n<div>&#8211; Ngo\u00e0i ra\u00a0c\u00f2n gi\u00fap gi\u1ea3m th\u1eddi gian kh\u1edfi \u0111\u1ed9ng, \u0111i\u1ec1u khi\u1ec3n qu\u00e1 tr\u00ecnh d\u1eebng \u0111\u1ed9ng c\u01a1, kh\u1edfi \u0111\u1ed9ng nhi\u1ec1u \u0111\u1ed9ng c\u01a1, ch\u1ed1ng s\u1ef1 kh\u1edfi\u00a0 \u0111\u1ed9ng l\u1eb7p l\u1ea1i&#8230;<\/div>\n<\/div>\n<\/div>\n<\/div>\n<\/div>\n<\/div>\n<\/div>\n<\/div>\n<\/div>\n<\/div>\n<\/div>\n<\/div>\n<\/div>\n<\/div>\n<\/div>\n<p><span style=\"text-decoration: underline;\"><strong>T\u00ednh n\u0103ng<\/strong><\/span><br \/>\n<strong>C\u00e0i \u0111\u1eb7t t\u1ef1 \u0111\u1ed9ng<\/strong><strong><\/strong><br \/>\nD\u00f9ng cho \u0111\u1eb7c tuy\u1ebfn kh\u1edfi \u0111\u1ed9ng v\u00e0 d\u1eebng cho m\u1ed9t s\u1ed1 c\u00e1c \u1ee9ng d\u1ee5ng \u0111\u1eb7c bi\u1ec7t m\u00e0 kh\u00f4ng c\u1ea7n th\u00eam b\u1ea5t k\u1ef3 vi\u1ec7c ch\u1ec9nh \u0111\u1ecbnh, th\u00eam v\u00e0o l\u00e0 kh\u1ea3 n\u0103ng l\u1eadp cho t\u1ea5t c\u1ea3 c\u00e1c \u0111\u1ea7u v\u00e0o, \u0111\u1ea7u ra v\u00e0 relay.<br \/>\n<strong>B\u1eb1ng s\u00e1ng ch\u1ebf \u201c h\u1ec7 th\u1ed1ng c\u1ee7a Fairford\u201d ti\u1ebft ki\u1ec7m n\u0103ng l\u01b0\u1ee3ng<\/strong><br \/>\nC\u1ea3i thi\u1ec7n m\u1ed9t ph\u1ea7n h\u1ec7 s\u1ed1 c\u00f4ng su\u1ea5t t\u1ea3i (h\u1ec7 s\u1ed1 c\u00f4ng su\u1ea5t) ti\u1ebft ki\u1ec7m n\u0103ng l\u01b0\u1ee3ng, gi\u1ea3m th\u1ea3i c\u00e1c bon cho ngu\u1ed3n ph\u00e1t v\u00e0 ti\u1ebft ki\u1ec7m chi ph\u00ed cho c\u00e1c \u1ee9ng d\u1ee5ng t\u1ea3i nh\u1eb9.<br \/>\n<strong>Ch\u1ec9nh tay<\/strong><strong><\/strong><br \/>\nCho ph\u00e9p kh\u1edfi \u0111\u1ed9ng m\u1ec1m c\u00e0i \u0111\u1eb7t nhanh ph\u00f9 h\u1ee3p v\u1edbi b\u1ea5t k\u1ef3 \u1ee9ng d\u1ee5ng n\u00e0o, ti\u1ebft ki\u1ec7m th\u1eddi gian.<br \/>\n<strong>L\u01b0u l\u1ea1i 5 l\u1ed7i cu\u1ed1i c\u00f9ng<\/strong><br \/>\nTr\u1ee3 gi\u00fap x\u00e1c \u0111\u1ecbnh nguy\u00ean nh\u00e2n c\u1ee7a s\u1ef1 c\u1ed1, ti\u1ebft ki\u1ec7m th\u1eddi gian t\u00ecm ki\u1ebfm.<br \/>\n<strong>T\u00f9y ch\u1ecdn v\u1edbi m\u00f4 \u0111un truy\u1ec1n th\u00f4ng Modbus v\u00e0 b\u00e0n ph\u00edm k\u1ebft n\u1ed1i t\u1eeb xa<\/strong><strong><\/strong><br \/>\nCho ph\u00e9p k\u1ebft n\u1ed1i v\u1edbi PLC d\u00f9ng \u0111\u1ec3 \u0111i\u1ec1u khi\u1ec3n t\u1eeb xa s\u1eed d\u1ee5ng c\u1ed5ng truy\u1ec1n th\u00f4ng k\u1ebft n\u1ed1i Modbus. B\u00e0n ph\u00edm l\u1eafp t\u1eeb xa t\u0103ng th\u00eam s\u1ef1 linh ho\u1ea1t cho ph\u00e9p m\u1ed9t b\u00e0n ph\u00edm k\u1ebft n\u1ed1i nhi\u1ec1u \u0111\u1ebfn 8 b\u1ed9 , ti\u1ebft ki\u1ec7m chi ph\u00ed.<br \/>\n<strong>\u0110\u1ea5u tam gi\u00e1c \u0111\u1ed9ng c\u01a1<\/strong><br \/>\nC\u00f3 th\u1ec3 s\u1eed d\u1ee5ng b\u1ed9 \u0111i\u1ec1u khi\u1ec3n c\u00f4ng su\u1ea5t nh\u1ecf cho \u1ee9ng d\u1ee5ng, ti\u1ebft ki\u1ec7m chi ph\u00ed.<br \/>\n<strong>Ch\u1ec9nh b\u1ea3o v\u1ec7 qu\u00e1 d\u00f2ng<\/strong><br \/>\nGi\u1ea3m thi\u1ec3u \u0111\u00e1ng k\u1ec3 th\u1eddi gian b\u1ea3o tr\u00ec, gi\u00fap gi\u1ea3m th\u1eddi gian ng\u1eebng m\u00e1y.<br \/>\n<strong>Ch\u1ec9nh qu\u00e1 t\u1ea3i<\/strong><br \/>\nB\u1ea3o v\u1ec7 qu\u00e1 t\u1ea3i \u0111\u1ed9ng c\u01a1 do qu\u00e1 d\u00f2ng v\u00e0 v\u00ec v\u1eady gi\u1ea3m chi ph\u00ed s\u1eefa ch\u1eefa hay thay th\u1ebf.<br \/>\n<strong>B\u00e0n ph\u00edm 2 h\u00e0ng , 32 k\u00fd t\u1eeb , 6 ph\u00edm nh\u1ea5n<\/strong><strong><\/strong><br \/>\nTi\u1ebft ki\u1ec7m th\u1eddi gian l\u1eadp tr\u00ecnh v\u00e0 t\u00ecm ki\u1ebfm l\u1ed7i nh\u1edd v\u00e0o vi\u1ec7c hi\u1ec3n th\u1ecb ti\u1ebfng Anh h\u01a1n l\u00e0 hi\u1ec3n th\u1ecb m\u00e3 ng\u1eafn. Kh\u1ea3 n\u0103ng Ch\u1ea1y\/ D\u1eebng, hi\u1ec3n th\u1ecb li\u00ean t\u1ee5c d\u00f2ng pha c\u1ee7a \u0111\u1ed9ng c\u01a1 v\u00e0 tr\u1ea1ng th\u00e1i \u0111i\u1ec1u khi\u1ec3n- ch\u1ea1y, d\u1eebng, \u0111i\u1ec7n \u00e1p , gi\u1edbi h\u1ea1n d\u00f2ng, hi\u1ec3n th\u1ecb qu\u00e1 t\u1ea3i v\u00e0 hi\u1ec3n th\u1ecb l\u1ed7i.<br \/>\n<strong>T\u0103ng t\u1ed1c tr\u01a1n cho \u0111\u1ebfn t\u1ed1c \u0111\u1ed9 \u0111\u1ecbnh m\u1ee9c, gi\u1ea3m d\u00f2ng kh\u1edfi \u0111\u1ed9ng<\/strong><strong><\/strong><br \/>\nNg\u0103n ng\u1eeba v\u00e0 gi\u1ea3m hi\u1ec7n t\u01b0\u1ee3ng v\u1ee1, \u0111\u1ee9t d\u00e2y truy\u1ec1n l\u1ef1c, h\u1ed9p s\u1ed1, ph\u1ea7n l\u1eafp \u0111\u1ed9ng c\u01a1 v\u00e0 nh\u01b0 v\u1eady gi\u1ea3m s\u1ed1c cho thi\u1ebft b\u1ecb.<br \/>\n<strong>T\u1ea3i t\u00f9y ch\u1ecdn : T\u1ea3i t\u0129nh, t\u1ea3i tr\u1edf (nhi\u1ec7t) v\u00e0 t\u1ea3i c\u1ea3m (bi\u1ebfn th\u1ebf)<\/strong><br \/>\nCho ph\u00e9p b\u1ed9 kh\u1edfi \u0111\u1ed9ng d\u00f9ng v\u1edbi nhi\u1ec1u \u1ee9ng d\u1ee5ng kh\u00e1c nhau nh\u1edd v\u00e0o t\u00ednh linh ho\u1ea1t r\u1ea5t cao v\u00e0 nh\u01b0 v\u1eady ti\u1ebft ki\u1ec7m chi ph\u00ed.<br \/>\n<strong>Th\u00f4ng s\u1ed1<\/strong><br \/>\n<strong>D\u00f2ng<\/strong><strong><\/strong><br \/>\n9\u00f71800A (4\u00f71050kW t\u1ea1i \u0111i\u1ec7n \u00e1p 400V)<br \/>\n<strong>\u0110i\u1ec7n \u00e1p ho\u1ea1t \u0111\u1ed9ng<\/strong><strong><\/strong><br \/>\n\u00b7\u00a0\u00a0\u00a0\u00a0\u00a0\u00a0\u00a0230-460VAC rms ( -15% \u00f7 10%).<br \/>\n\u00b7\u00a0\u00a0\u00a0\u00a0\u00a0\u00a0\u00a0400-575VAC rms ( -15% \u00f7 10%)<br \/>\n\u00b7\u00a0\u00a0\u00a0\u00a0\u00a0\u00a0\u00a0500-690VAC rms ( -15% \u00f7 10%)<br \/>\n<strong>T\u1ea7n s\u1ed1 \u0111\u1ecbnh m\u1ee9c<\/strong><strong><\/strong><br \/>\n50\u00f7 60 Hz \u00b12%.<br \/>\n<strong>Th\u1eddi gian kh\u1edfi \u0111\u1ed9ng<\/strong><br \/>\n1\u00f7 255s<br \/>\n<strong>Th\u1eddi gian d\u1eebng<\/strong><strong><\/strong><br \/>\n0\u00f7 255s<br \/>\n<strong>Nhi\u1ec7t \u0111\u1ed9 m\u00f4i tr\u01b0\u1eddng<\/strong><strong><\/strong><br \/>\n0<sup>o<\/sup>C\u00f7 40<sup>\u00a0o<\/sup>C.<br \/>\nTr\u00ean 40<sup>\u00a0o<\/sup>C, c\u00f4ng su\u1ea5t s\u1ebd suy gi\u1ea3m 2% d\u00f2ng \u0111\u1ea7y t\u1ea3i cho m\u1ed7i\u00a0<sup>o<\/sup>C cho \u0111\u1ebfn nhi\u1ec7t \u0111\u1ed9 c\u1ef1c \u0111\u1ea1i 60<sup>\u00a0o<\/sup>C.<br \/>\n<strong>Cao \u0111\u1ed9<\/strong><strong><\/strong><br \/>\n1000m<br \/>\nTr\u00ean 1000m, suy gi\u1ea3m 1% d\u00f2ng \u0111\u1ea7y t\u1ea3i cho m\u1ed7i 100m cho \u0111\u1ebfn \u0111\u1ed9 cao c\u1ef1c \u0111\u1ea1i 2000m.<br \/>\n<strong>Ch\u1ec9 s\u1ed1 \u0111\u1ecbnh m\u1ee9c danh \u0111\u1ecbnh (index rating)<\/strong><strong><\/strong><br \/>\nQFE 9 \u00f7 QFE 105 :<br \/>\n\u00b7\u00a0\u00a0\u00a0\u00a0\u00a0\u00a0\u00a0AC53a: 5-4:99-10<br \/>\n\u00b7\u00a0\u00a0\u00a0\u00a0\u00a0\u00a0\u00a0AC53a: 3-35:99-10<br \/>\nQFE 146 \u00f7 QFE 202 :<br \/>\n\u00b7\u00a0\u00a0\u00a0\u00a0\u00a0\u00a0\u00a0AC53a: 4-6:99-10<br \/>\n\u00b7\u00a0\u00a0\u00a0\u00a0\u00a0\u00a0\u00a0AC53a: 3-35:99-10<br \/>\nQFE 242 \u00f7 QFE 900 :<br \/>\n\u00b7\u00a0\u00a0\u00a0\u00a0\u00a0\u00a0\u00a0AC53a: 4-6:60-3<br \/>\n\u00b7\u00a0\u00a0\u00a0\u00a0\u00a0\u00a0\u00a0AC53a: 3-35:60-3<strong><br \/>\n<\/strong><br \/>\n<strong>C\u1ea5p b\u1ea3o v\u1ec7<\/strong><strong><\/strong><br \/>\nIP20 hay IP00<br \/>\n<strong>Ti\u00eau chu\u1ea9n thi\u1ebft k\u1ebf<\/strong><strong><\/strong><br \/>\nIEC 60947-4-2; EN 60947-4-2\u201d kh\u1edfi \u0111\u1ed9ng v\u00e0 \u0111i\u1ec1u khi\u1ec3n \u0111\u1ed9ng c\u01a1 b\u1eb1ng b\u00e1n d\u1eabn\u201d<br \/>\nQFE v\u00e0 Qfe-G c\u00f3 ch\u1ee9ng nh\u1eadn UL theo chu\u1ea9n an to\u00e0n c\u1ee7a M\u1ef9 v\u00e0\u00a0Canada.<br \/>\n<strong>Th\u00f4ng tin \u0111\u1eb7t h\u00e0ng:<\/strong><\/p>\n<div id=\"ja-containerwrap-fl\">\n<div id=\"ja-container\">\n<div id=\"ja-container-inner\">\n<div id=\"ja-mainbodywrap\">\n<div id=\"ja-mainbody\">\n<div id=\"ja-contentwrapper\">\n<div id=\"ja-contentwrap\">\n<div id=\"ja-content\">\n<div id=\"ja-current-content\">\n<div>\n<table style=\"width: 599px;\" border=\"1\" bgcolor=\"#ffff99\">\n<tbody>\n<tr>\n<td align=\"center\" width=\"43\">TT<\/td>\n<td align=\"center\" width=\"246\"><strong>TYPE<\/strong><\/td>\n<td align=\"center\" width=\"150\"><strong>I e A- 400V<\/strong><\/td>\n<td align=\"center\" width=\"132\"><strong>KW-400V<\/strong><\/td>\n<\/tr>\n<tr>\n<td align=\"center\"><\/td>\n<td align=\"center\"><\/td>\n<td align=\"center\"><strong>CLASS10<\/strong><\/td>\n<td align=\"center\"><\/td>\n<\/tr>\n<tr>\n<td align=\"center\">1<\/td>\n<td align=\"center\">XFE102K<\/td>\n<td align=\"center\">3<\/td>\n<td align=\"center\">1.1<\/td>\n<\/tr>\n<tr>\n<td align=\"center\">2<\/td>\n<td align=\"center\">XFE104K<\/td>\n<td align=\"center\">6<\/td>\n<td align=\"center\">2.2<\/td>\n<\/tr>\n<tr>\n<td align=\"center\">3<\/td>\n<td align=\"center\">XFE106K<\/td>\n<td align=\"center\">8<\/td>\n<td align=\"center\">3<\/td>\n<\/tr>\n<tr>\n<td align=\"center\">4<\/td>\n<td align=\"center\">XFE108K<\/td>\n<td align=\"center\">13<\/td>\n<td align=\"center\">5.5<\/td>\n<\/tr>\n<tr>\n<td align=\"center\">5<\/td>\n<td align=\"center\">XFE110K<\/td>\n<td align=\"center\">19<\/td>\n<td align=\"center\">7.5<\/td>\n<\/tr>\n<tr>\n<td align=\"center\">6<\/td>\n<td align=\"center\">XFE112K<\/td>\n<td align=\"center\">23<\/td>\n<td align=\"center\">11<\/td>\n<\/tr>\n<tr>\n<td align=\"center\">7<\/td>\n<td align=\"center\">XFE114K<\/td>\n<td align=\"center\">27<\/td>\n<td align=\"center\">14<\/td>\n<\/tr>\n<tr>\n<td align=\"center\">8<\/td>\n<td align=\"center\">XFE116K<\/td>\n<td align=\"center\">33<\/td>\n<td align=\"center\">15<\/td>\n<\/tr>\n<tr>\n<td align=\"center\">9<\/td>\n<td align=\"center\">XFE118K<\/td>\n<td align=\"center\">35<\/td>\n<td align=\"center\">19<\/td>\n<\/tr>\n<tr>\n<td align=\"center\">10<\/td>\n<td align=\"center\">XFE120K<\/td>\n<td align=\"center\">44<\/td>\n<td align=\"center\">22<\/td>\n<\/tr>\n<tr>\n<td align=\"center\">11<\/td>\n<td align=\"center\">XFE122K<\/td>\n<td align=\"center\">46<\/td>\n<td align=\"center\">25<\/td>\n<\/tr>\n<tr>\n<td align=\"center\">12<\/td>\n<td align=\"center\">XFE124K<\/td>\n<td align=\"center\">55<\/td>\n<td align=\"center\">30<\/td>\n<\/tr>\n<tr>\n<td align=\"center\">13<\/td>\n<td align=\"center\">XFE126K<\/td>\n<td align=\"center\">70<\/td>\n<td align=\"center\">37<\/td>\n<\/tr>\n<tr>\n<td align=\"center\">14<\/td>\n<td align=\"center\">XFE128K<\/td>\n<td align=\"center\">85<\/td>\n<td align=\"center\">45<\/td>\n<\/tr>\n<tr>\n<td align=\"center\">15<\/td>\n<td align=\"center\">XFE130K<\/td>\n<td align=\"center\">98<\/td>\n<td align=\"center\">55<\/td>\n<\/tr>\n<tr>\n<td align=\"center\">16<\/td>\n<td align=\"center\">XFE132K<\/td>\n<td align=\"center\">108<\/td>\n<td align=\"center\">57<\/td>\n<\/tr>\n<tr>\n<td align=\"center\">17<\/td>\n<td align=\"center\">XFE134K<\/td>\n<td align=\"center\">128<\/td>\n<td align=\"center\">65<\/td>\n<\/tr>\n<tr>\n<td align=\"center\">18<\/td>\n<td align=\"center\">XFE136K<\/td>\n<td align=\"center\">135<\/td>\n<td align=\"center\">75<\/td>\n<\/tr>\n<tr>\n<td align=\"center\">19<\/td>\n<td align=\"center\">XFE138K<\/td>\n<td align=\"center\">166<\/td>\n<td align=\"center\">90<\/td>\n<\/tr>\n<tr>\n<td align=\"center\">20<\/td>\n<td align=\"center\">XFE140K<\/td>\n<td align=\"center\">190<\/td>\n<td align=\"center\">100<\/td>\n<\/tr>\n<tr>\n<td align=\"center\">21<\/td>\n<td align=\"center\">XFE202K<\/td>\n<td align=\"center\">225<\/td>\n<td align=\"center\">110<\/td>\n<\/tr>\n<tr>\n<td align=\"center\">22<\/td>\n<td align=\"center\">XFE204K<\/td>\n<td align=\"center\">261<\/td>\n<td align=\"center\">132<\/td>\n<\/tr>\n<tr>\n<td align=\"center\">23<\/td>\n<td align=\"center\">XFE206K<\/td>\n<td align=\"center\">314<\/td>\n<td align=\"center\">160<\/td>\n<\/tr>\n<tr>\n<td align=\"center\">24<\/td>\n<td align=\"center\">XFE208K<\/td>\n<td align=\"center\">320<\/td>\n<td align=\"center\">175<\/td>\n<\/tr>\n<tr>\n<td align=\"center\">25<\/td>\n<td align=\"center\">XFE210K<\/td>\n<td align=\"center\">350<\/td>\n<td align=\"center\">200<\/td>\n<\/tr>\n<tr>\n<td align=\"center\">26<\/td>\n<td align=\"center\">XFE212K<\/td>\n<td align=\"center\">412<\/td>\n<td align=\"center\">220<\/td>\n<\/tr>\n<tr>\n<td align=\"center\">27<\/td>\n<td align=\"center\">XFE302K<\/td>\n<td align=\"center\">500<\/td>\n<td align=\"center\">250<\/td>\n<\/tr>\n<tr>\n<td align=\"center\">28<\/td>\n<td align=\"center\">XFE304K<\/td>\n<td align=\"center\">540<\/td>\n<td align=\"center\">290<\/td>\n<\/tr>\n<tr>\n<td align=\"center\">29<\/td>\n<td align=\"center\">XFE306K<\/td>\n<td align=\"center\">630<\/td>\n<td align=\"center\">355<\/td>\n<\/tr>\n<tr>\n<td align=\"center\">30<\/td>\n<td align=\"center\">XFE308K<\/td>\n<td align=\"center\">750<\/td>\n<td align=\"center\">400<\/td>\n<\/tr>\n<tr>\n<td align=\"center\">31<\/td>\n<td align=\"center\">XFE310K<\/td>\n<td align=\"center\">795<\/td>\n<td align=\"center\">430<\/td>\n<\/tr>\n<tr>\n<td align=\"center\">32<\/td>\n<td align=\"center\">XFE312K<\/td>\n<td align=\"center\">850<\/td>\n<td align=\"center\">500<\/td>\n<\/tr>\n<tr>\n<td align=\"center\">33<\/td>\n<td align=\"center\">XFE314K<\/td>\n<td align=\"center\">950<\/td>\n<td align=\"center\">560<\/td>\n<\/tr>\n<tr>\n<td align=\"center\">34<\/td>\n<td align=\"center\">XFE316K<\/td>\n<td align=\"center\">1060<\/td>\n<td align=\"center\">570<\/td>\n<\/tr>\n<tr>\n<td align=\"center\">35<\/td>\n<td align=\"center\">XFE318K<\/td>\n<td align=\"center\">1150<\/td>\n<td align=\"center\">630<\/td>\n<\/tr>\n<tr>\n<td align=\"center\">36<\/td>\n<td align=\"center\">XFE320K<\/td>\n<td align=\"center\">1320<\/td>\n<td align=\"center\">710<\/td>\n<\/tr>\n<tr>\n<td align=\"center\">37<\/td>\n<td align=\"center\">XFE322K<\/td>\n<td align=\"center\">1400<\/td>\n<td align=\"center\">800<\/td>\n<\/tr>\n<tr>\n<td align=\"center\">38<\/td>\n<td align=\"center\">XFE324K<\/td>\n<td align=\"center\">1520<\/td>\n<td align=\"center\">900<\/td>\n<\/tr>\n<tr>\n<td align=\"center\">39<\/td>\n<td align=\"center\">XFE326K<\/td>\n<td align=\"center\">1750<\/td>\n<td align=\"center\">1000<\/td>\n<\/tr>\n<\/tbody>\n<\/table>\n<\/div>\n<\/div>\n<\/div>\n<\/div>\n<\/div>\n<\/div>\n<\/div>\n<\/div>\n<\/div>\n<\/div>\n","protected":false},"excerpt":{"rendered":"<p>B\u1ed9 kh\u1edfi \u0111\u1ed9ng m\u1ec1m QFE c\u1ee7a Fairford l\u00e0 d\u00f2ng s\u1ea3n ph\u1ea9m t\u1ed1i \u01b0u n\u0103ng l\u01b0\u1ee3ng c\u1ea5p cao, ph\u00f9 h\u1ee3p v\u1edbi b\u1ea5t k\u1ef3 y\u00eau c\u1ea7u n\u00e0o. \u0110\u01b0\u1ee3c thi\u1ebft k\u1ebf ch\u1eafc ch\u1eafn v\u00e0 b\u1ea3o v\u1ec7 qu\u00e1 t\u1ea3i v\u01b0\u1ee3t tr\u1ed9i ph\u00f9 h\u1ee3p v\u1edbi nh\u1eefng n\u01a1i b\u1ea1n c\u1ea7n kh\u1edfi \u0111\u1ed9ng \u0111\u1ed9ng c\u01a1 \u1edf t\u00ecnh tr\u1ea1ng n\u1eb7ng t\u1ea3i. B\u00e0n ph\u00ecm [&hellip;]<\/p>\n","protected":false},"author":2,"featured_media":8028,"parent":8019,"menu_order":0,"comment_status":"open","ping_status":"closed","template":"","meta":{"footnotes":""},"class_list":["post-8027","page","type-page","status-publish","has-post-thumbnail","hentry"],"_links":{"self":[{"href":"https:\/\/hunglong.banbientan.com\/index.php?rest_route=\/wp\/v2\/pages\/8027","targetHints":{"allow":["GET"]}}],"collection":[{"href":"https:\/\/hunglong.banbientan.com\/index.php?rest_route=\/wp\/v2\/pages"}],"about":[{"href":"https:\/\/hunglong.banbientan.com\/index.php?rest_route=\/wp\/v2\/types\/page"}],"author":[{"embeddable":true,"href":"https:\/\/hunglong.banbientan.com\/index.php?rest_route=\/wp\/v2\/users\/2"}],"replies":[{"embeddable":true,"href":"https:\/\/hunglong.banbientan.com\/index.php?rest_route=%2Fwp%2Fv2%2Fcomments&post=8027"}],"version-history":[{"count":0,"href":"https:\/\/hunglong.banbientan.com\/index.php?rest_route=\/wp\/v2\/pages\/8027\/revisions"}],"up":[{"embeddable":true,"href":"https:\/\/hunglong.banbientan.com\/index.php?rest_route=\/wp\/v2\/pages\/8019"}],"wp:featuredmedia":[{"embeddable":true,"href":"https:\/\/hunglong.banbientan.com\/index.php?rest_route=\/"}],"wp:attachment":[{"href":"https:\/\/hunglong.banbientan.com\/index.php?rest_route=%2Fwp%2Fv2%2Fmedia&parent=8027"}],"curies":[{"name":"wp","href":"https:\/\/api.w.org\/{rel}","templated":true}]}}