{"id":8064,"date":"2012-08-14T20:46:13","date_gmt":"2012-08-14T13:46:13","guid":{"rendered":"https:\/\/banbientan.com\/?page_id=8064"},"modified":"2012-08-14T20:46:13","modified_gmt":"2012-08-14T13:46:13","slug":"unimotor-fm","status":"publish","type":"page","link":"https:\/\/hunglong.banbientan.com\/?page_id=8064","title":{"rendered":"Unimotor FM"},"content":{"rendered":"<p><a href=\"https:\/\/banbientan.com\/wp-content\/uploads\/2012\/08\/banner-Unimor-fm.jpg\"><img loading=\"lazy\" decoding=\"async\" class=\"alignnone size-large wp-image-8081\" title=\"banner- Unimor fm\" src=\"https:\/\/banbientan.com\/wp-content\/uploads\/2012\/08\/banner-Unimor-fm-1024x222.jpg\" alt=\"\" width=\"695\" height=\"150\" \/><\/a><br \/>\n<strong>\u0110\u1ed9ng c\u01a1 servo cho ch\u1ebf \u0111\u1ed9 v\u1eadn h\u00e0nh li\u00ean t\u1ee5c<\/strong><br \/>\n<a href=\"https:\/\/banbientan.com\/wp-content\/uploads\/2012\/08\/unimotor-fm1.jpg\"><img loading=\"lazy\" decoding=\"async\" class=\"alignnone size-full wp-image-8067\" title=\"unimotor-fm1\" src=\"https:\/\/banbientan.com\/wp-content\/uploads\/2012\/08\/unimotor-fm1.jpg\" alt=\"\" width=\"170\" height=\"172\" \/><\/a><a href=\"https:\/\/banbientan.com\/wp-content\/uploads\/2012\/08\/unimotor-fm3.jpg\"><img loading=\"lazy\" decoding=\"async\" class=\"alignnone size-full wp-image-8068\" title=\"unimotor-fm3\" src=\"https:\/\/banbientan.com\/wp-content\/uploads\/2012\/08\/unimotor-fm3.jpg\" alt=\"\" width=\"170\" height=\"170\" \/><\/a><br \/>\n<strong><a href=\"https:\/\/banbientan.com\/wp-content\/uploads\/2012\/08\/download-Unimotor-fm.pdf\">download Unimotor-fm<\/a><\/strong><br \/>\n0.72Nm\u00f7 136Nm( \u0111\u1ec9nh 408Nm)<br \/>\nKhung s\u01b0\u1eddn 055 \u00f7 250<strong>\u00a0<\/strong><br \/>\nUnidrive FM l\u00e0 d\u00f2ng \u0111\u1ed9ng c\u01a1 servo kh\u00f4ng ch\u1ed5i than t\u00ednh n\u0103ng m\u1ea1nh m\u1ebd s\u1eed d\u1ee5ng ph\u00f9 h\u1ee3p\u00a0 v\u1edbi c\u00e1c b\u1ed9 \u0111i\u1ec1u khi\u1ec3n c\u1ee7a Control Techniques. \u201c FM\u201d c\u00f3 ngh\u0129a l\u00e0 \u0111\u1ed9ng c\u01a1 c\u00f3 t\u00ednh linh ho\u1ea1t, thi\u1ebft k\u1ebf th\u00edch h\u1ee3p cho r\u1ea5t nhi\u1ec1u \u1ee9ng d\u1ee5ng. d\u00f2ng s\u1ea3n ph\u1ea9m c\u00f3 7 k\u00edch c\u1ee1 v\u1edbi nhi\u1ec1u ki\u1ec3u l\u1eafp \u0111\u1eb7t v\u00e0 chi\u1ec1u d\u00e0i kh\u00e1c nhau.<br \/>\nUnidrive FM h\u1ed7 tr\u1ee3 \u0111\u1ed9 ch\u00ednh x\u00e1c cao trong th\u1eddi gian d\u00e0i y\u00eau c\u1ea7u t\u1ed1c \u0111\u1ed9 t\u0103ng v\u00e0 gi\u1ea3m t\u1ed1c th\u1ea5p. \u0110\u1ed9ng c\u01a1 t\u1ed1i \u01b0u cho c\u00e1c \u1ee9ng d\u1ee5ng \u0111\u1ecbnh h\u00ecnh ch\u00ednh x\u00e1c v\u1edbi \u0111\u1ed9 \u1ed5n \u0111\u1ecbnh cao bao g\u1ed3m :<br \/>\n\u00b7\u00a0\u00a0\u00a0\u00a0\u00a0\u00a0\u00a0In \u1ea5n.<br \/>\n\u00b7\u00a0\u00a0\u00a0\u00a0\u00a0\u00a0\u00a0Qu\u1ea5n\/Cu\u1ed9n.<br \/>\n\u00b7\u00a0\u00a0\u00a0\u00a0\u00a0\u00a0\u00a0Ghi ,d\u00e1n nh\u00e3n.<br \/>\nPh\u00f9 h\u1ee3p ho\u00e0n h\u1ea3o v\u1edbi b\u1ed9 \u0111i\u1ec1u khi\u1ec3n\u00a0Digitax ST.<br \/>\n<strong><span style=\"text-decoration: underline;\">T\u00ednh n\u0103ng<\/span><\/strong><br \/>\n<strong>Ph\u1ea1m vi momen r\u1ed9ng<\/strong><strong>\u00a0<\/strong><br \/>\nUnimotor FM cung c\u1ea5p ph\u1ea1m vi momen r\u1ea5t r\u1ed9ng t\u1eeb 0.72Nm\u00f7 136Nm.<br \/>\n<strong>Linh ho\u1ea1t t\u1ed1i \u0111a<\/strong><strong>\u00a0<\/strong><br \/>\nD\u00f2ng s\u1ea3n ph\u1ea9m Unimotor FM linh ho\u1ea1t b\u1ea3o \u0111\u1ea3m ph\u00f9 h\u1ee3p cho c\u00e1c \u1ee9ng d\u1ee5ng, c\u00e1c l\u1ef1a ch\u1ecdn g\u1ed3m :<br \/>\n\u00b7\u00a0\u00a0\u00a0\u00a0\u00a0\u00a0\u00a0C\u00f3 th\u1ec3 s\u1eed d\u1ee5ng nhi\u1ec1u thi\u1ebft b\u1ecb ph\u1ea3n h\u1ed3i kh\u00e1c nhau. D\u00f2ng s\u1ea3n ph\u1ea9m ti\u00eau chu\u1ea9n g\u1eafn \u201c incremetal encoder \u201c t\u1ed1i \u01b0u c\u00e2n b\u1eb1ng gi\u1eefa t\u00ednh n\u0103ng v\u00e0 gi\u00e1 th\u00e0nh. T\u0103ng cao \u0111\u1ed9 ph\u00e2n gi\u1ea3i th\u00ec l\u1ef1a ch\u1ecdn ph\u1ea3n h\u1ed3i SinCos, EnDAT v\u00e0 Hiperface v\u00e0 ph\u1ea3n h\u1ed3i Resolver t\u0103ng cao \u0111\u1ed9 tin c\u1eady khi s\u1eed d\u1ee5ng trong m\u00f4i tr\u01b0\u1eddng kh\u1eafc nghi\u1ec7t.<br \/>\n\u00b7\u00a0\u00a0\u00a0\u00a0\u00a0\u00a0\u00a0C\u00f3 th\u1ec3 ch\u1ecdn l\u1ef1a \u0111\u1ed9ng c\u01a1 c\u00f3 qu\u00e1n t\u00ednh l\u1edbn ph\u00f9 h\u1ee3p v\u1edbi qu\u00e1n t\u00ednh c\u1ee7a t\u1ea3i \u0111\u1ec3 gi\u00fap t\u0103ng cao \u0111\u1ed9 \u1ed5n \u0111\u1ecbnh v\u00e0 \u0111\u00e1p \u1ee9ng.<br \/>\n\u00b7\u00a0\u00a0\u00a0\u00a0\u00a0\u00a0\u00a0Th\u1eafng \u0111\u1ed9ng c\u01a1 c\u0169ng \u0111\u01b0\u1ee3c t\u00edch h\u1ee3p b\u00ean trong \u0111\u1ed9ng c\u01a1. C\u00f3 th\u1ec3 l\u1ef1a ch\u1ecdn th\u1eafng d\u00f9ng \u0111\u1ec3 phanh hay th\u1eafng ti\u00eau t\u00e1n n\u0103ng l\u01b0\u1ee3ng cao.<br \/>\n\u00b7\u00a0\u00a0\u00a0\u00a0\u00a0\u00a0\u00a0C\u00e1c \u0111\u1ea7u n\u1ed1i g\u1eafn s\u1eb5n.<br \/>\n\u00b7\u00a0\u00a0\u00a0\u00a0\u00a0\u00a0\u00a0Nhi\u1ec1u c\u1ea5p \u0111i\u1ec7n \u00e1p v\u00e0 t\u1ed1c \u0111\u1ed9.<br \/>\n<strong><span style=\"text-decoration: underline;\">Th\u00f4ng s\u1ed1:<\/span><\/strong><br \/>\nUnimotor ph\u00f9 h\u1ee3p v\u1edbi nhi\u1ec1u \u1ee9ng d\u1ee5ng b\u1edfi v\u00ec n\u00f3 c\u00f3 r\u1ea5t nhi\u1ec1u t\u00ednh n\u0103ng m\u1edf r\u1ed9ng<br \/>\n\u00b7\u00a0\u00a0\u00a0\u00a0\u00a0\u00a0\u00a0Ph\u1ea1m vi momen : 0.72Nm \u00f7 136Nm.<br \/>\n\u00b7\u00a0\u00a0\u00a0\u00a0\u00a0\u00a0\u00a0Th\u1eafng ti\u00eau chu\u1ea9n hay ti\u00eau hao n\u0103ng l\u01b0\u1ee3ng l\u1edbn.<br \/>\n\u00b7\u00a0\u00a0\u00a0\u00a0\u00a0\u00a0\u00a0Nhi\u1ec1u ki\u1ec3u \u0111\u1ea7u n\u1ed1i kh\u00e1c nhau\u00a0 v\u00ed d\u1ee5 : d\u1ea1ng th\u1eb3ng \u0111\u1ee9ng, d\u1ea1ng 90<sup>o<\/sup>, d\u1ea1ng 90<sup>\u00a0o\u00a0<\/sup>xoay \u0111\u01b0\u1ee3c v\u00e0 h\u1ed9p lai cho khung s\u01b0\u1eddn 250<br \/>\n\u00b7\u00a0\u00a0\u00a0\u00a0\u00a0\u00a0\u00a0Nhi\u1ec1u d\u1ea1ng m\u1eb7t b\u00edch kh\u00e1c nhau.<br \/>\n\u00b7\u00a0\u00a0\u00a0\u00a0\u00a0\u00a0\u00a0Nhi\u1ec1u \u0111\u01b0\u1eddng k\u00ednh tr\u1ee5c kh\u00e1c nhau c\u00f3 ch\u1ed1t hay kh\u00f4ng ch\u1ed1t (IEC\/NEMA)<br \/>\n\u00b7\u00a0\u00a0\u00a0\u00a0\u00a0\u00a0\u00a0C\u1ea5p b\u1ea3o v\u1ec7 t\u01b0\u01a1ng th\u00edch IP65, c\u00f3 ni\u00eam \u0111\u1ec3 ng\u0103n ng\u1eeda n\u01b0\u1edbc x\u1ecbt v\u00e0 b\u1ee5i khi l\u1eafp \u0111\u1eb7t v\u00e0 \u0111\u1ea7u n\u1ed1i.<br \/>\n\u00b7\u00a0\u00a0\u00a0\u00a0\u00a0\u00a0\u00a0Qu\u00e1n t\u00ednh th\u1ea5p cho t\u00ednh n\u0103ng \u0111\u1ed9ng cao. L\u1ef1a ch\u1ecdn qu\u00e1n t\u00ednh cao.<br \/>\n\u00b7\u00a0\u00a0\u00a0\u00a0\u00a0\u00a0\u00a0T\u00ednh n\u0103ng \u0111\u1eb3ng c\u1ea5p th\u1ebf gi\u1edbi.<br \/>\n\u00b7\u00a0\u00a0\u00a0\u00a0\u00a0\u00a0\u00a0H\u1ed7 tr\u1ee3 v\u1edbi ch\u1ebf \u0111\u1ed9 ki\u1ec3m tra t\u00ednh n\u0103ng v\u00e0 t\u00edn c\u1eady nghi\u00eam ng\u1eb7t.<br \/>\n\u00b7\u00a0\u00a0\u00a0\u00a0\u00a0\u00a0\u00a0L\u1ef1a ch\u1ecdn \u0111\u1ed9ng c\u01a1 c\u00f3 momen \u0111\u1ec9nh cao , l\u00ean \u0111\u1ebfn 5 l\u1ea7n momen \u0111\u1ee9ng y\u00ean.<br \/>\n\u00b7\u00a0\u00a0\u00a0\u00a0\u00a0\u00a0\u00a0\u0110i\u1ec7n \u00e1p 400V va 2220V.<br \/>\n\u00b7\u00a0\u00a0\u00a0\u00a0\u00a0\u00a0\u00a0T\u1ed1c \u0111\u1ed9 \u0111\u1ecbnh m\u1ee9c g\u1ed3m 1500rpm,2000rpm, 3000rpm, 4000rpm, 6000rpm v\u00e0 c\u00e1c t\u1ed1c \u0111\u1ed9 kh\u00e1c c\u00f3 th\u1ec3 \u0111\u1eb7t h\u00e0ng.<br \/>\n\u00b7\u00a0\u00a0\u00a0\u00a0\u00a0\u00a0\u00a0C\u1ea5p b\u1ea3o ti\u00eau chu\u1ea9n l\u00e0 IP65.<br \/>\n<strong>T\u01b0\u01a1ng th\u00edch v\u00e0 c\u00e1c ti\u00eau chu\u1ea9n<\/strong><br \/>\n&nbsp;<br \/>\n\u00b7\u00a0\u00a0\u00a0\u00a0\u00a0\u00a0\u00a0Ch\u1ee9ng nh\u1eadn UL\/CUL.<strong><\/strong><br \/>\n\u00b7\u00a0\u00a0\u00a0\u00a0\u00a0\u00a0\u00a0Ch\u1ee9ng nh\u1eadn CE<strong><\/strong><br \/>\n\u00b7\u00a0\u00a0\u00a0\u00a0\u00a0\u00a0\u00a0T\u01b0ong th\u00edch RoSH.<strong><\/strong><br \/>\n\u00b7\u00a0\u00a0\u00a0\u00a0\u00a0\u00a0\u00a0Ch\u1ee9ng nh\u1eadn BS EN ISP 9001:2000.<br \/>\n<a href=\"https:\/\/banbientan.com\/wp-content\/uploads\/2012\/08\/unimotor_fm_frame_sizes.jpg\"><img loading=\"lazy\" decoding=\"async\" title=\"unimotor_fm_frame_sizes\" src=\"https:\/\/banbientan.com\/wp-content\/uploads\/2012\/08\/unimotor_fm_frame_sizes.jpg\" alt=\"\" width=\"450\" height=\"184\" \/><\/a><\/p>\n<table border=\"1\" cellspacing=\"0\" cellpadding=\"0\">\n<tbody>\n<tr>\n<td width=\"135\">\n<p align=\"center\"><strong>Khung s\u01b0\u1eddn<\/strong><strong><\/strong><\/p>\n<\/td>\n<td width=\"77\">\n<p align=\"center\"><strong>55\u00a0<\/strong><strong><\/strong><\/p>\n<\/td>\n<td width=\"77\">\n<p align=\"center\"><strong>75<\/strong><strong><\/strong><\/p>\n<\/td>\n<td width=\"77\">\n<p align=\"center\"><strong>95<\/strong><strong><\/strong><\/p>\n<\/td>\n<td width=\"77\">\n<p align=\"center\"><strong>115<\/strong><strong><\/strong><\/p>\n<\/td>\n<td width=\"77\">\n<p align=\"center\"><strong>142<\/strong><strong><\/strong><\/p>\n<\/td>\n<td width=\"77\">\n<p align=\"center\"><strong>190<\/strong><strong><\/strong><\/p>\n<\/td>\n<td width=\"77\">\n<p align=\"center\"><strong>250<\/strong><strong><\/strong><\/p>\n<\/td>\n<\/tr>\n<tr>\n<td width=\"135\">Momen \u0111\u1ecbnh m\u1ee9c (Nm)<\/td>\n<td valign=\"top\" width=\"77\">0.72 &#8211; 1.65<\/td>\n<td valign=\"top\" width=\"77\">1.2 &#8211; 3.9<\/td>\n<td valign=\"top\" width=\"77\">2.3- 9.0<\/td>\n<td valign=\"top\" width=\"77\">3.5-15.3<\/td>\n<td valign=\"top\" width=\"77\">5.7-23.4<\/td>\n<td valign=\"top\" width=\"77\">9.6 &#8211; 73.2<\/td>\n<td valign=\"top\" width=\"77\">92 &#8211; 136<\/td>\n<\/tr>\n<tr>\n<td width=\"135\">Momen \u0111\u1ec9nh (Nm)<\/td>\n<td valign=\"top\" width=\"77\">2.88 &#8211; 6.60<\/td>\n<td valign=\"top\" width=\"77\">3.6 &#8211; 11.7<\/td>\n<td valign=\"top\" width=\"77\">6.9 &#8211; 27<\/td>\n<td valign=\"top\" width=\"77\">10.5 &#8211; 45.9<\/td>\n<td valign=\"top\" width=\"77\">17.1- 70.2<\/td>\n<td valign=\"top\" width=\"77\">28.8 &#8211; 219<\/td>\n<td valign=\"top\" width=\"77\">276 &#8211; 408<\/td>\n<\/tr>\n<\/tbody>\n<\/table>\n","protected":false},"excerpt":{"rendered":"<p>\u0110\u1ed9ng c\u01a1 servo cho ch\u1ebf \u0111\u1ed9 v\u1eadn h\u00e0nh li\u00ean t\u1ee5c download Unimotor-fm 0.72Nm\u00f7 136Nm( \u0111\u1ec9nh 408Nm) Khung s\u01b0\u1eddn 055 \u00f7 250\u00a0 Unidrive FM l\u00e0 d\u00f2ng \u0111\u1ed9ng c\u01a1 servo kh\u00f4ng ch\u1ed5i than t\u00ednh n\u0103ng m\u1ea1nh m\u1ebd s\u1eed d\u1ee5ng ph\u00f9 h\u1ee3p\u00a0 v\u1edbi c\u00e1c b\u1ed9 \u0111i\u1ec1u khi\u1ec3n c\u1ee7a Control Techniques. \u201c FM\u201d c\u00f3 ngh\u0129a l\u00e0 \u0111\u1ed9ng c\u01a1 c\u00f3 [&hellip;]<\/p>\n","protected":false},"author":2,"featured_media":8067,"parent":8052,"menu_order":1,"comment_status":"open","ping_status":"closed","template":"","meta":{"footnotes":""},"class_list":["post-8064","page","type-page","status-publish","has-post-thumbnail","hentry"],"_links":{"self":[{"href":"https:\/\/hunglong.banbientan.com\/index.php?rest_route=\/wp\/v2\/pages\/8064","targetHints":{"allow":["GET"]}}],"collection":[{"href":"https:\/\/hunglong.banbientan.com\/index.php?rest_route=\/wp\/v2\/pages"}],"about":[{"href":"https:\/\/hunglong.banbientan.com\/index.php?rest_route=\/wp\/v2\/types\/page"}],"author":[{"embeddable":true,"href":"https:\/\/hunglong.banbientan.com\/index.php?rest_route=\/wp\/v2\/users\/2"}],"replies":[{"embeddable":true,"href":"https:\/\/hunglong.banbientan.com\/index.php?rest_route=%2Fwp%2Fv2%2Fcomments&post=8064"}],"version-history":[{"count":0,"href":"https:\/\/hunglong.banbientan.com\/index.php?rest_route=\/wp\/v2\/pages\/8064\/revisions"}],"up":[{"embeddable":true,"href":"https:\/\/hunglong.banbientan.com\/index.php?rest_route=\/wp\/v2\/pages\/8052"}],"wp:featuredmedia":[{"embeddable":true,"href":"https:\/\/hunglong.banbientan.com\/index.php?rest_route=\/"}],"wp:attachment":[{"href":"https:\/\/hunglong.banbientan.com\/index.php?rest_route=%2Fwp%2Fv2%2Fmedia&parent=8064"}],"curies":[{"name":"wp","href":"https:\/\/api.w.org\/{rel}","templated":true}]}}