{"id":8073,"date":"2012-08-14T20:57:17","date_gmt":"2012-08-14T13:57:17","guid":{"rendered":"https:\/\/banbientan.com\/?page_id=8073"},"modified":"2012-08-14T20:57:17","modified_gmt":"2012-08-14T13:57:17","slug":"unimotor-fm-fan-blown","status":"publish","type":"page","link":"https:\/\/hunglong.banbientan.com\/?page_id=8073","title":{"rendered":"Unimotor FM Fan Blown"},"content":{"rendered":"<p><a href=\"https:\/\/banbientan.com\/wp-content\/uploads\/2012\/08\/unimotor-fm-fan-blown.jpg\"><img loading=\"lazy\" decoding=\"async\" class=\"alignnone size-full wp-image-8076\" title=\"unimotor-fm-fan-blown\" src=\"https:\/\/banbientan.com\/wp-content\/uploads\/2012\/08\/unimotor-fm-fan-blown.jpg\" alt=\"\" width=\"980\" height=\"130\" \/><\/a><br \/>\n5.2 Nm\u00f7 68Nm( \u0111\u1ec9nh 151.6Nm)<br \/>\nKhung s\u01b0\u1eddn 075 \u00f7 190<br \/>\n\u0110\u1ed9ng c\u01a1 servo AC kh\u00f4ng ch\u1ed5i than c\u1ea5p cao<br \/>\n<a href=\"https:\/\/banbientan.com\/wp-content\/uploads\/2012\/08\/unimotor-fan-blown-1.jpg\"><img loading=\"lazy\" decoding=\"async\" class=\"alignnone size-full wp-image-8077\" title=\"unimotor-fan-blown-1\" src=\"https:\/\/banbientan.com\/wp-content\/uploads\/2012\/08\/unimotor-fan-blown-1.jpg\" alt=\"\" width=\"170\" height=\"123\" \/><\/a><a href=\"https:\/\/banbientan.com\/wp-content\/uploads\/2012\/08\/unimotor-fan-blown-2.jpg\"><img loading=\"lazy\" decoding=\"async\" class=\"alignnone size-full wp-image-8078\" title=\"unimotor-fan-blown-2\" src=\"https:\/\/banbientan.com\/wp-content\/uploads\/2012\/08\/unimotor-fan-blown-2.jpg\" alt=\"\" width=\"170\" height=\"128\" \/><\/a><a href=\"https:\/\/banbientan.com\/wp-content\/uploads\/2012\/08\/unimotor-fan-blown-3.jpg\"><img loading=\"lazy\" decoding=\"async\" class=\"alignnone size-full wp-image-8079\" title=\"unimotor-fan-blown-3\" src=\"https:\/\/banbientan.com\/wp-content\/uploads\/2012\/08\/unimotor-fan-blown-3.jpg\" alt=\"\" width=\"170\" height=\"93\" \/><\/a><br \/>\nD\u1ef1a tr\u00ean ph\u1ea7n c\u01a1 c\u1ee7a \u0111\u1ed9ng c\u01a1 Unimotor FM c\u00f3 s\u1eeda \u0111\u1ed5i k\u1ebft c\u1ea5u \u0111i\u1ec7n t\u1eeb, thi\u1ebft k\u1ebf th\u00eam qu\u1ea1t th\u1ed5i \u0111\u1ec3 cho ra \u0111\u1eb7c t\u00ednh t\u1ed1t h\u01a1n cho to\u00e0n gi\u1ea3i momen.<br \/>\n<strong>Momen t\u0103ng<\/strong><strong><\/strong><br \/>\n\u00b7\u00a0\u00a0\u00a0\u00a0\u00a0\u00a0\u00a0Unimotor FM 190 c\u00f3 qu\u1ea1t l\u00e0m t\u0103ng momen \u0111\u1ee9ng y\u00ean t\u1eeb 50.6 l\u00ean \u0111\u1ebfn 68Nm khi so s\u00e1nh v\u1edbi \u0111\u1ed9ng c\u01a1 chu\u1ea9n. Momen t\u0103ng th\u00eam gi\u00fap c\u1ea3i thi\u1ec7n t\u00ednh n\u0103ng \u0111\u1ea1t t\u1edbi gi\u00e1 tr\u1ecb hi\u1ec7u d\u1ee5ng rms cao h\u01a1n.<br \/>\n\u00b7\u00a0\u00a0\u00a0\u00a0\u00a0\u00a0\u00a0Nhi\u1ec1u lo\u1ea1i \u0111\u1ed9ng c\u01a1 s\u1eb5n \u0111\u1ec3 l\u1ef1a ch\u1ecdn \u0111\u1ec3 c\u00f3 th\u1ec3 t\u0103ng momen t\u1ed1t nh\u1ea5t cho to\u00e0n b\u1ed9 d\u00f2ng s\u1ea3n ph\u1ea9m.<\/p>\n","protected":false},"excerpt":{"rendered":"<p>5.2 Nm\u00f7 68Nm( \u0111\u1ec9nh 151.6Nm) Khung s\u01b0\u1eddn 075 \u00f7 190 \u0110\u1ed9ng c\u01a1 servo AC kh\u00f4ng ch\u1ed5i than c\u1ea5p cao D\u1ef1a tr\u00ean ph\u1ea7n c\u01a1 c\u1ee7a \u0111\u1ed9ng c\u01a1 Unimotor FM c\u00f3 s\u1eeda \u0111\u1ed5i k\u1ebft c\u1ea5u \u0111i\u1ec7n t\u1eeb, thi\u1ebft k\u1ebf th\u00eam qu\u1ea1t th\u1ed5i \u0111\u1ec3 cho ra \u0111\u1eb7c t\u00ednh t\u1ed1t h\u01a1n cho to\u00e0n gi\u1ea3i momen. Momen t\u0103ng \u00b7\u00a0\u00a0\u00a0\u00a0\u00a0\u00a0\u00a0Unimotor FM [&hellip;]<\/p>\n","protected":false},"author":2,"featured_media":8076,"parent":8052,"menu_order":3,"comment_status":"open","ping_status":"closed","template":"","meta":{"footnotes":""},"class_list":["post-8073","page","type-page","status-publish","has-post-thumbnail","hentry"],"_links":{"self":[{"href":"https:\/\/hunglong.banbientan.com\/index.php?rest_route=\/wp\/v2\/pages\/8073","targetHints":{"allow":["GET"]}}],"collection":[{"href":"https:\/\/hunglong.banbientan.com\/index.php?rest_route=\/wp\/v2\/pages"}],"about":[{"href":"https:\/\/hunglong.banbientan.com\/index.php?rest_route=\/wp\/v2\/types\/page"}],"author":[{"embeddable":true,"href":"https:\/\/hunglong.banbientan.com\/index.php?rest_route=\/wp\/v2\/users\/2"}],"replies":[{"embeddable":true,"href":"https:\/\/hunglong.banbientan.com\/index.php?rest_route=%2Fwp%2Fv2%2Fcomments&post=8073"}],"version-history":[{"count":0,"href":"https:\/\/hunglong.banbientan.com\/index.php?rest_route=\/wp\/v2\/pages\/8073\/revisions"}],"up":[{"embeddable":true,"href":"https:\/\/hunglong.banbientan.com\/index.php?rest_route=\/wp\/v2\/pages\/8052"}],"wp:featuredmedia":[{"embeddable":true,"href":"https:\/\/hunglong.banbientan.com\/index.php?rest_route=\/"}],"wp:attachment":[{"href":"https:\/\/hunglong.banbientan.com\/index.php?rest_route=%2Fwp%2Fv2%2Fmedia&parent=8073"}],"curies":[{"name":"wp","href":"https:\/\/api.w.org\/{rel}","templated":true}]}}