{"id":8406,"date":"2012-09-10T09:27:42","date_gmt":"2012-09-10T02:27:42","guid":{"rendered":"https:\/\/banbientan.com\/?page_id=8406"},"modified":"2012-09-10T09:27:42","modified_gmt":"2012-09-10T02:27:42","slug":"cam-bien-quang","status":"publish","type":"page","link":"https:\/\/hunglong.banbientan.com\/?page_id=8406","title":{"rendered":"C\u1ea3m bi\u1ebfn quang"},"content":{"rendered":"<h2><span style=\"font-family: Verdana; font-size: small;\">C\u1ea3m bi\u1ebfn quang \u0111i\u1ec7n l\u00e0 g\u00ec?<\/span><\/h2>\n<p><span style=\"font-family: Verdana; font-size: small;\">C\u1ea3m bi\u1ebfn quang \u0111i\u1ec7n ph\u00e1t hi\u1ec7n c\u00e1c \u0111\u1ed1i t\u01b0\u1ee3ng, thay \u0111\u1ed5i trong \u0111i\u1ec1u ki\u1ec7n b\u1ec1 m\u1eb7t, v\u00e0 c\u00e1c m\u1eb7t h\u00e0ng kh\u00e1c th\u00f4ng qua m\u1ed9t lo\u1ea1t c\u00e1c t\u00ednh ch\u1ea5t quang h\u1ecdc.<\/span><\/p>\n<p dir=\"ltr\"><span style=\"font-family: Verdana; font-size: small;\"><br \/>\n<\/span><span style=\"font-family: Verdana; font-size: small;\">M\u1ed9t c\u1ea3m bi\u1ebfn quang \u0111i\u1ec7n bao g\u1ed3m ch\u1ee7 y\u1ebfu m\u1ed9t b\u1ed9 ph\u00e1t cho \u00e1nh s\u00e1ng ph\u00e1t ra v\u00e0 b\u1ed9 thu nh\u1eadn \u00e1nh s\u00e1ng.<\/span>\u00a0<span style=\"font-family: Verdana; font-size: small;\">Khi \u00e1nh s\u00e1ng ph\u00e1t ra b\u1ecb gi\u00e1n \u0111o\u1ea1n ho\u1eb7c ph\u1ea3n \u00e1nh b\u1edfi c\u00e1c \u0111\u1ed1i t\u01b0\u1ee3ng c\u1ea3m bi\u1ebfn, n\u00f3 thay \u0111\u1ed5i l\u01b0\u1ee3ng \u00e1nh s\u00e1ng m\u00e0 \u0111\u1ebfn l\u00fac nh\u1eadn.<\/span>\u00a0<span style=\"font-family: Verdana; font-size: small;\">Nh\u1eadn ph\u00e1t hi\u1ec7n s\u1ef1 thay \u0111\u1ed5i n\u00e0y v\u00e0 chuy\u1ec3n n\u00f3 \u0111\u1ebfn m\u1ed9t s\u1ea3n l\u01b0\u1ee3ng \u0111i\u1ec7n.<\/span>\u00a0<span style=\"font-family: Verdana; font-size: small;\">Ngu\u1ed3n \u00e1nh s\u00e1ng cho ph\u1ea7n l\u1edbn c\u00e1c c\u1ea3m bi\u1ebfn quang \u0111i\u1ec7n h\u1ed3ng ngo\u1ea1i ho\u1eb7c \u00e1nh s\u00e1ng nh\u00ecn th\u1ea5y (th\u01b0\u1eddng m\u00e0u \u0111\u1ecf, ho\u1eb7c m\u00e0u xanh l\u00e1 c\u00e2y \/ m\u00e0u xanh \u0111\u1ec3 x\u00e1c \u0111\u1ecbnh m\u00e0u s\u1eafc).<\/span><\/p>\n<p><span style=\"font-family: Verdana; font-size: small;\"><br \/>\n<\/span><span style=\"font-family: Verdana; font-size: small;\">C\u1ea3m bi\u1ebfn quang \u0111i\u1ec7n \u0111\u01b0\u1ee3c ph\u00e2n lo\u1ea1i nh\u01b0 th\u1ec3 hi\u1ec7n trong h\u00ecnh b\u00ean d\u01b0\u1edbi.<\/span>\u00a0<span style=\"font-family: Verdana; font-size: small;\">(Xem ph\u00e2n lo\u1ea1i).<\/span><\/p>\n","protected":false},"excerpt":{"rendered":"<p>C\u1ea3m bi\u1ebfn quang \u0111i\u1ec7n l\u00e0 g\u00ec? C\u1ea3m bi\u1ebfn quang \u0111i\u1ec7n ph\u00e1t hi\u1ec7n c\u00e1c \u0111\u1ed1i t\u01b0\u1ee3ng, thay \u0111\u1ed5i trong \u0111i\u1ec1u ki\u1ec7n b\u1ec1 m\u1eb7t, v\u00e0 c\u00e1c m\u1eb7t h\u00e0ng kh\u00e1c th\u00f4ng qua m\u1ed9t lo\u1ea1t c\u00e1c t\u00ednh ch\u1ea5t quang h\u1ecdc. M\u1ed9t c\u1ea3m bi\u1ebfn quang \u0111i\u1ec7n bao g\u1ed3m ch\u1ee7 y\u1ebfu m\u1ed9t b\u1ed9 ph\u00e1t cho \u00e1nh s\u00e1ng ph\u00e1t ra v\u00e0 b\u1ed9 [&hellip;]<\/p>\n","protected":false},"author":2,"featured_media":0,"parent":8403,"menu_order":0,"comment_status":"open","ping_status":"closed","template":"","meta":{"footnotes":""},"class_list":["post-8406","page","type-page","status-publish","hentry"],"_links":{"self":[{"href":"https:\/\/hunglong.banbientan.com\/index.php?rest_route=\/wp\/v2\/pages\/8406","targetHints":{"allow":["GET"]}}],"collection":[{"href":"https:\/\/hunglong.banbientan.com\/index.php?rest_route=\/wp\/v2\/pages"}],"about":[{"href":"https:\/\/hunglong.banbientan.com\/index.php?rest_route=\/wp\/v2\/types\/page"}],"author":[{"embeddable":true,"href":"https:\/\/hunglong.banbientan.com\/index.php?rest_route=\/wp\/v2\/users\/2"}],"replies":[{"embeddable":true,"href":"https:\/\/hunglong.banbientan.com\/index.php?rest_route=%2Fwp%2Fv2%2Fcomments&post=8406"}],"version-history":[{"count":0,"href":"https:\/\/hunglong.banbientan.com\/index.php?rest_route=\/wp\/v2\/pages\/8406\/revisions"}],"up":[{"embeddable":true,"href":"https:\/\/hunglong.banbientan.com\/index.php?rest_route=\/wp\/v2\/pages\/8403"}],"wp:attachment":[{"href":"https:\/\/hunglong.banbientan.com\/index.php?rest_route=%2Fwp%2Fv2%2Fmedia&parent=8406"}],"curies":[{"name":"wp","href":"https:\/\/api.w.org\/{rel}","templated":true}]}}