{"id":8498,"date":"2012-09-12T09:36:25","date_gmt":"2012-09-12T02:36:25","guid":{"rendered":"http:\/\/omron247-vietnam.com\/?page_id=8498"},"modified":"2012-09-12T09:36:25","modified_gmt":"2012-09-12T02:36:25","slug":"a22","status":"publish","type":"page","link":"https:\/\/hunglong.banbientan.com\/?page_id=8498","title":{"rendered":"A22"},"content":{"rendered":"<p>&nbsp;<\/p>\n<table style=\"width: 699px;\" border=\"0\" cellspacing=\"0\" cellpadding=\"0\">\n<colgroup>\n<col width=\"242\" \/>\n<col width=\"229\" \/>\n<col width=\"228\" \/><\/colgroup>\n<tbody>\n<tr>\n<td height=\"17\">\u00a0<a href=\"https:\/\/banbientan.com\/a22k-2m-11\/\">A22K-2M-11<\/a><\/td>\n<td><a href=\"https:\/\/banbientan.com\/a22l-gg-24a-11m\/\">\u00a0A22L-GG-24A-11M<\/a><\/td>\n<td><a href=\"https:\/\/banbientan.com\/a22l-gr-24a-11m\/\">\u00a0A22L-GR-24A-11M<\/a><\/td>\n<\/tr>\n<tr>\n<td height=\"17\">\u00a0<a href=\"https:\/\/banbientan.com\/wp-content\/uploads\/2012\/09\/A22K-2M-11.jpg\"><img loading=\"lazy\" decoding=\"async\" title=\"A22K-2M-11\" src=\"https:\/\/banbientan.com\/wp-content\/uploads\/2012\/09\/A22K-2M-11.jpg\" alt=\"\" width=\"198\" height=\"198\" \/><\/a><\/td>\n<td>\u00a0<a href=\"https:\/\/banbientan.com\/wp-content\/uploads\/2012\/09\/A22L-GG-24A-11M.gif\"><img loading=\"lazy\" decoding=\"async\" title=\"A22L-GG-24A-11M\" src=\"https:\/\/banbientan.com\/wp-content\/uploads\/2012\/09\/A22L-GG-24A-11M.gif\" alt=\"\" width=\"198\" height=\"198\" \/><\/a><\/td>\n<td>\u00a0<a href=\"https:\/\/banbientan.com\/wp-content\/uploads\/2012\/09\/A22L-GR-24A-11M.gif\"><img loading=\"lazy\" decoding=\"async\" title=\"A22L-GR-24A-11M\" src=\"https:\/\/banbientan.com\/wp-content\/uploads\/2012\/09\/A22L-GR-24A-11M.gif\" alt=\"\" width=\"198\" height=\"198\" \/><\/a><\/td>\n<\/tr>\n<tr>\n<td height=\"17\">\u00a0Kho\u00e1 chuy\u1ec3n m\u1ea1ch hai v\u1ecb tr\u00ed, t\u1ef1 gi\u1eef<\/td>\n<td>\u00a0N\u00fat nh\u1ea5n c\u00f3 \u0111\u00e8n, LED xanh 24VDC<\/td>\n<td>\u00a0N\u00fat nh\u1ea5n c\u00f3 \u0111\u00e8n, LED \u0111\u1ecf 24<strong>VDC<\/strong><\/td>\n<\/tr>\n<tr>\n<td height=\"17\"><\/td>\n<td><\/td>\n<td><\/td>\n<\/tr>\n<tr>\n<td height=\"17\"><\/td>\n<td><\/td>\n<td><\/td>\n<\/tr>\n<\/tbody>\n<\/table>\n","protected":false},"excerpt":{"rendered":"<p>&nbsp; \u00a0A22K-2M-11 \u00a0A22L-GG-24A-11M \u00a0A22L-GR-24A-11M \u00a0 \u00a0 \u00a0 \u00a0Kho\u00e1 chuy\u1ec3n m\u1ea1ch hai v\u1ecb tr\u00ed, t\u1ef1 gi\u1eef \u00a0N\u00fat nh\u1ea5n c\u00f3 \u0111\u00e8n, LED xanh 24VDC \u00a0N\u00fat nh\u1ea5n c\u00f3 \u0111\u00e8n, LED \u0111\u1ecf 24VDC<\/p>\n","protected":false},"author":2,"featured_media":0,"parent":8441,"menu_order":0,"comment_status":"open","ping_status":"open","template":"","meta":{"footnotes":""},"class_list":["post-8498","page","type-page","status-publish","hentry"],"_links":{"self":[{"href":"https:\/\/hunglong.banbientan.com\/index.php?rest_route=\/wp\/v2\/pages\/8498","targetHints":{"allow":["GET"]}}],"collection":[{"href":"https:\/\/hunglong.banbientan.com\/index.php?rest_route=\/wp\/v2\/pages"}],"about":[{"href":"https:\/\/hunglong.banbientan.com\/index.php?rest_route=\/wp\/v2\/types\/page"}],"author":[{"embeddable":true,"href":"https:\/\/hunglong.banbientan.com\/index.php?rest_route=\/wp\/v2\/users\/2"}],"replies":[{"embeddable":true,"href":"https:\/\/hunglong.banbientan.com\/index.php?rest_route=%2Fwp%2Fv2%2Fcomments&post=8498"}],"version-history":[{"count":0,"href":"https:\/\/hunglong.banbientan.com\/index.php?rest_route=\/wp\/v2\/pages\/8498\/revisions"}],"up":[{"embeddable":true,"href":"https:\/\/hunglong.banbientan.com\/index.php?rest_route=\/wp\/v2\/pages\/8441"}],"wp:attachment":[{"href":"https:\/\/hunglong.banbientan.com\/index.php?rest_route=%2Fwp%2Fv2%2Fmedia&parent=8498"}],"curies":[{"name":"wp","href":"https:\/\/api.w.org\/{rel}","templated":true}]}}