{"id":8499,"date":"2013-07-09T00:00:49","date_gmt":"2013-07-08T17:00:49","guid":{"rendered":"http:\/\/omron247-vietnam.com\/?page_id=8499"},"modified":"2013-07-09T00:00:49","modified_gmt":"2013-07-08T17:00:49","slug":"a22r","status":"publish","type":"page","link":"https:\/\/hunglong.banbientan.com\/?page_id=8499","title":{"rendered":"A22R"},"content":{"rendered":"<table border=\"0\" cellspacing=\"0\" cellpadding=\"0\">\n<colgroup>\n<col width=\"242\" \/>\n<col width=\"229\" \/>\n<col width=\"228\" \/><\/colgroup>\n<tbody>\n<tr>\n<td width=\"242\" height=\"17\"><a href=\"https:\/\/banbientan.com\/a22r-fg-10m\/\">\u00a0A22R-FG-10M<\/a><\/td>\n<td width=\"229\">\u00a0<a href=\"https:\/\/banbientan.com\/a22r-fr-10m\/\">A22R-FR-10M<\/a><\/td>\n<td width=\"228\">\u00a0<a href=\"https:\/\/banbientan.com\/a22rk-2m-10\/\">A22RK-2M-10<\/a><\/td>\n<\/tr>\n<tr>\n<td height=\"17\">\u00a0<a href=\"https:\/\/banbientan.com\/wp-content\/uploads\/2012\/09\/A22R-FG-10M.jpg\"><img loading=\"lazy\" decoding=\"async\" title=\"A22R-FG-10M\" src=\"https:\/\/banbientan.com\/wp-content\/uploads\/2012\/09\/A22R-FG-10M.jpg\" alt=\"\" width=\"216\" height=\"200\" \/><\/a><\/td>\n<td><a href=\"https:\/\/banbientan.com\/wp-content\/uploads\/2012\/09\/A22R-FR-10M.jpg\"><img loading=\"lazy\" decoding=\"async\" title=\"A22R-FR-10M\" src=\"https:\/\/banbientan.com\/wp-content\/uploads\/2012\/09\/A22R-FR-10M.jpg\" alt=\"\" width=\"223\" height=\"200\" \/><\/a><\/td>\n<td>\u00a0<a href=\"https:\/\/banbientan.com\/wp-content\/uploads\/2012\/09\/A22RK-2M-10.jpg\"><img loading=\"lazy\" decoding=\"async\" title=\"A22RK-2M-10\" src=\"https:\/\/banbientan.com\/wp-content\/uploads\/2012\/09\/A22RK-2M-10.jpg\" alt=\"\" width=\"94\" height=\"200\" \/><\/a><\/td>\n<\/tr>\n<tr>\n<td height=\"17\">\u00a0N\u00fat nh\u1ea5n xanh, kh\u00f4ng \u0111\u00e8n, 1-NO<\/td>\n<td>\u00a0N\u00fat nh\u1ea5n \u0111\u1ecf, kh\u00f4ng \u0111\u00e8n, 1-NO<\/td>\n<td>\u00a0C\u00f4ng t\u1eafc kho\u00e1 2 v\u1ecb tr\u00ed, kh\u00f4ng \u0111\u00e8n, 1-NO<\/td>\n<\/tr>\n<tr>\n<td height=\"17\"><a href=\"https:\/\/banbientan.com\/a22rk-3m-20\/\">\u00a0A22RK-3M-20<\/a><\/td>\n<td>\u00a0<a href=\"https:\/\/banbientan.com\/a22rl-tr-24a-10m\/\">A22RL-TR-24A-10M<\/a><\/td>\n<td><a href=\"https:\/\/banbientan.com\/a22rl-tr-t2-10m\/\">\u00a0A22RL-TR-T2-10M<\/a><\/td>\n<\/tr>\n<tr>\n<td height=\"17\">\u00a0<a href=\"https:\/\/banbientan.com\/wp-content\/uploads\/2012\/09\/A22RK-2M-10.jpg\"><img loading=\"lazy\" decoding=\"async\" title=\"A22RK-2M-10\" src=\"https:\/\/banbientan.com\/wp-content\/uploads\/2012\/09\/A22RK-2M-10.jpg\" alt=\"\" width=\"94\" height=\"200\" \/><\/a><\/td>\n<td>\u00a0<a href=\"https:\/\/banbientan.com\/wp-content\/uploads\/2012\/09\/A22RL-TR-24A-10M.jpg\"><img loading=\"lazy\" decoding=\"async\" title=\"A22RL-TR-24A-10M\" src=\"https:\/\/banbientan.com\/wp-content\/uploads\/2012\/09\/A22RL-TR-24A-10M.jpg\" alt=\"A22RL TR 24A 10M A22RL TR 24A 10M\" width=\"211\" height=\"200\" \/><\/a><\/td>\n<td>\u00a0<a href=\"https:\/\/banbientan.com\/wp-content\/uploads\/2012\/09\/A22RL-TR-24A-10M.jpg\"><img loading=\"lazy\" decoding=\"async\" title=\"A22RL-TR-24A-10M\" src=\"https:\/\/banbientan.com\/wp-content\/uploads\/2012\/09\/A22RL-TR-24A-10M.jpg\" alt=\"A22RL TR 24A 10M A22RL TR 24A 10M\" width=\"211\" height=\"200\" \/><\/a><\/td>\n<\/tr>\n<tr>\n<td height=\"17\"><strong>\u00a0<\/strong>C\u00f4ng t\u1eafc kho\u00e1 3 v\u1ecb tr\u00ed, kh\u00f4ng \u0111\u00e8n, 1-NO+1-NO<\/td>\n<td>\u00a0N\u00fat nh\u1ea5n \u0111\u1ecf, \u0111\u00e8n LED 24V, 1-NO<\/td>\n<td>\u00a0N\u00fat nh\u1ea5n \u0111\u1ecf, \u0111\u00e8n LED 220VAC, 1-NO<\/td>\n<\/tr>\n<tr>\n<td height=\"17\"><a href=\"https:\/\/banbientan.com\/a22rs-2m-10\/\">\u00a0A22RS-2M-10<\/a><\/td>\n<td><a href=\"https:\/\/banbientan.com\/a22rs-3m-20\/\">\u00a0A22RS-3M-20<\/a><\/td>\n<td>\u00a0<a href=\"https:\/\/banbientan.com\/a22e-m-01\/\">A22E-M-01<\/a><\/td>\n<\/tr>\n<tr>\n<td height=\"17\">\u00a0<a href=\"https:\/\/banbientan.com\/wp-content\/uploads\/2012\/09\/A22RS-2M-10.jpg\"><img loading=\"lazy\" decoding=\"async\" title=\"A22RS-2M-10\" src=\"https:\/\/banbientan.com\/wp-content\/uploads\/2012\/09\/A22RS-2M-10.jpg\" alt=\"\" width=\"227\" height=\"160\" \/><\/a><\/td>\n<td>\u00a0<a href=\"https:\/\/banbientan.com\/wp-content\/uploads\/2012\/09\/A22RS-2M-10.jpg\"><img loading=\"lazy\" decoding=\"async\" title=\"A22RS-2M-10\" src=\"https:\/\/banbientan.com\/wp-content\/uploads\/2012\/09\/A22RS-2M-10.jpg\" alt=\"\" width=\"227\" height=\"160\" \/><\/a><\/td>\n<td>\u00a0<a href=\"https:\/\/banbientan.com\/wp-content\/uploads\/2012\/09\/A22E-M-01.jpg\"><img loading=\"lazy\" decoding=\"async\" title=\"A22E-M-01\" src=\"https:\/\/banbientan.com\/wp-content\/uploads\/2012\/09\/A22E-M-01.jpg\" alt=\"\" width=\"165\" height=\"158\" \/><\/a><\/td>\n<\/tr>\n<tr>\n<td height=\"17\">\u00a0C\u00f4ng t\u1eafc 2 v\u1ecb tr\u00ed kh\u00f4ng \u0111\u00e8n, 1-NO<\/td>\n<td>\u00a0C\u00f4ng t\u1eafc 3 v\u1ecb tr\u00ed kh\u00f4ng \u0111\u00e8n 1 NO 1 NC<\/td>\n<td>\u00a0N\u00fat nh\u1ea5n kh\u1ea9n c\u1ea5p kh\u00f4ng \u0111\u00e8n, 1-NC<\/td>\n<\/tr>\n<\/tbody>\n<\/table>\n","protected":false},"excerpt":{"rendered":"<p>\u00a0A22R-FG-10M \u00a0A22R-FR-10M \u00a0A22RK-2M-10 \u00a0 \u00a0 \u00a0N\u00fat nh\u1ea5n xanh, kh\u00f4ng \u0111\u00e8n, 1-NO \u00a0N\u00fat nh\u1ea5n \u0111\u1ecf, kh\u00f4ng \u0111\u00e8n, 1-NO \u00a0C\u00f4ng t\u1eafc kho\u00e1 2 v\u1ecb tr\u00ed, kh\u00f4ng \u0111\u00e8n, 1-NO \u00a0A22RK-3M-20 \u00a0A22RL-TR-24A-10M \u00a0A22RL-TR-T2-10M \u00a0 \u00a0 \u00a0 \u00a0C\u00f4ng t\u1eafc kho\u00e1 3 v\u1ecb tr\u00ed, kh\u00f4ng \u0111\u00e8n, 1-NO+1-NO \u00a0N\u00fat nh\u1ea5n \u0111\u1ecf, \u0111\u00e8n LED 24V, 1-NO \u00a0N\u00fat nh\u1ea5n \u0111\u1ecf, \u0111\u00e8n LED 220VAC, 1-NO [&hellip;]<\/p>\n","protected":false},"author":2,"featured_media":8526,"parent":8441,"menu_order":1,"comment_status":"open","ping_status":"open","template":"","meta":{"footnotes":""},"class_list":["post-8499","page","type-page","status-publish","has-post-thumbnail","hentry"],"_links":{"self":[{"href":"https:\/\/hunglong.banbientan.com\/index.php?rest_route=\/wp\/v2\/pages\/8499","targetHints":{"allow":["GET"]}}],"collection":[{"href":"https:\/\/hunglong.banbientan.com\/index.php?rest_route=\/wp\/v2\/pages"}],"about":[{"href":"https:\/\/hunglong.banbientan.com\/index.php?rest_route=\/wp\/v2\/types\/page"}],"author":[{"embeddable":true,"href":"https:\/\/hunglong.banbientan.com\/index.php?rest_route=\/wp\/v2\/users\/2"}],"replies":[{"embeddable":true,"href":"https:\/\/hunglong.banbientan.com\/index.php?rest_route=%2Fwp%2Fv2%2Fcomments&post=8499"}],"version-history":[{"count":0,"href":"https:\/\/hunglong.banbientan.com\/index.php?rest_route=\/wp\/v2\/pages\/8499\/revisions"}],"up":[{"embeddable":true,"href":"https:\/\/hunglong.banbientan.com\/index.php?rest_route=\/wp\/v2\/pages\/8441"}],"wp:featuredmedia":[{"embeddable":true,"href":"https:\/\/hunglong.banbientan.com\/index.php?rest_route=\/"}],"wp:attachment":[{"href":"https:\/\/hunglong.banbientan.com\/index.php?rest_route=%2Fwp%2Fv2%2Fmedia&parent=8499"}],"curies":[{"name":"wp","href":"https:\/\/api.w.org\/{rel}","templated":true}]}}