{"id":851,"date":"2011-10-04T08:56:12","date_gmt":"2011-10-04T01:56:12","guid":{"rendered":"http:\/\/banbientan.wordpress.com\/?page_id=851"},"modified":"2011-10-04T08:56:12","modified_gmt":"2011-10-04T01:56:12","slug":"cp1h","status":"publish","type":"page","link":"https:\/\/hunglong.banbientan.com\/?page_id=851","title":{"rendered":"CP1H cao c\u1ea5p"},"content":{"rendered":"<p><span style=\"font-size: large;\"><strong>CP1H<\/strong><strong>\u00a0<\/strong><strong>&#8211; Lo\u1ea1i Compact PLC cao c\u1ea5p (All-In-One)<\/strong><\/span><br \/>\n<a href=\"https:\/\/banbientan.com\/wp-content\/uploads\/2011\/10\/CP1H.jpg\"><img loading=\"lazy\" decoding=\"async\" class=\"alignnone  wp-image-4936\" title=\"CP1H\" src=\"https:\/\/banbientan.com\/wp-content\/uploads\/2011\/10\/CP1H.jpg\" alt=\"\" width=\"321\" height=\"256\" \/><\/a><br \/>\n<strong><a href=\"https:\/\/banbientan.com\/wp-content\/uploads\/2011\/10\/T\u00e0i-li\u1ec7u-ti\u1ebfng-anh-CP1H.pdf\">T\u00e0i li\u1ec7u ti\u1ebfng anh CP1H<\/a><\/strong><br \/>\n<strong><a href=\"https:\/\/banbientan.com\/wp-content\/uploads\/2011\/10\/T\u00e0i-li\u1ec7u-ti\u1ebfng-vi\u1ec7t-CP1H_vn.pdf\">T\u00e0i li\u1ec7u ti\u1ebfng vi\u1ec7t CP1H_vn<\/a><\/strong><\/p>\n<ul>\n<li>Thi\u1ebft k\u1ebf tr\u00ean n\u1ec1n h\u1ec7 CJ1 ti\u00ean ti\u1ebfn, m\u1edf r\u1ed9ng t\u1edbi 320 digital I\/O, 34 analogue I\/O<\/li>\n<li>C\u00f3 s\u1eb5n t\u1edbi 40 I\/O, c\u00f3 th\u1ec3 k\u1ebft n\u1ed1i v\u1edbi 7 m\u00f4\u0111un m\u1edf r\u1ed9ng CPM1A v\u00e0 2 m\u00f4\u0111un CJ1, nh\u1edd \u0111\u00f3 h\u1ed7 tr\u1ee3 ch\u1ee9c n\u0103ng k\u1ebft n\u1ed1i cao c\u1ea5p c\u1ee7a CJ1 (Profibus, Controller link, Ethernet, CompoBus S\/D\u2026).<\/li>\n<li>C\u1ed5ng l\u1eadp tr\u00ecnh USB, 2 c\u1ed5ng COM h\u1ed7 tr\u1ee3 RS232, 485 (qua converter)<\/li>\n<li>T\u00edch h\u1ee3p s\u1eb5n analogue: 4 v\u00e0o, 2 ra (CP1H-XA40*); \u0111\u00e8n LED hi\u1ec7n th\u1ecb th\u00f4ng tin 2 s\u1ed1; 8 interrupt inputs<\/li>\n<li>\u0110\u1ea7u v\u00e0o v\u00e0 \u0111\u1ea7u ra xung t\u1ed1c \u0111\u1ed9 cao: 100kHz ho\u1eb7c 1MHz (CP1H-Y); xung ra \u0111i\u1ec1u khi\u1ec3n 4 tr\u1ee5c<\/li>\n<li>Serial PC Link gi\u00fap k\u1ebft n\u1ed1i 9 CPU (c\u1ea3 v\u1edbi CJ1M) th\u00f4ng qua c\u1ed5ng COM<\/li>\n<li>Modbus-RTU Easy Master k\u1ebft n\u1ed1i d\u1ec5 d\u00e0ng v\u1edbi bi\u1ebfn t\u1ea7n<\/li>\n<li>H\u1ed7 tr\u1ee3 l\u1eadp tr\u00ecnh FB, ST, l\u1ec7nh cao c\u1ea5p PID (auto tuning), d\u1ea5u ph\u1ea9y \u0111\u1ed9ng, t\u00ednh to\u00e1n l\u01b0\u1ee3ng gi\u00e1c,\u2026b\u1eb1ng CX-Programmer V6.1<\/li>\n<li>D\u00f9ng memory cassette l\u01b0u ch\u01b0\u01a1ng\u00a0 tr\u00ecnh v\u00e0 d\u1eef li\u1ec7u<\/li>\n<\/ul>\n<div><strong>XEM TH\u00caM CHI TI\u1ebeT S\u1ea2N PH\u1ea8M T\u1ea0I:\u00a0<a href=\"https:\/\/banbientan.com\/sysmac-cp1h-plc-omron\/\">https:\/\/banbientan.com\/sysmac-cp1h-plc-omron\/<\/a><\/strong><\/div>\n<table style=\"width: 657px;\" border=\"0\" cellspacing=\"0\" cellpadding=\"0\">\n<tbody>\n<tr>\n<td valign=\"bottom\" nowrap=\"nowrap\" width=\"193\"><span style=\"font-size: small;\">Model<\/span><\/td>\n<td valign=\"bottom\" nowrap=\"nowrap\" width=\"144\"><span style=\"font-size: small;\">Ngu\u1ed3n c\u1ea5p<\/span><\/td>\n<td valign=\"bottom\" nowrap=\"nowrap\" width=\"80\"><span style=\"font-size: small;\">S\u1ed1 \u0111\u1ea7u v\u00e0o<\/span><\/td>\n<td valign=\"bottom\" nowrap=\"nowrap\" width=\"60\"><span style=\"font-size: small;\">S\u1ed1 \u0111\u1ea7u ra<\/span><\/td>\n<td valign=\"bottom\" nowrap=\"nowrap\" width=\"180\"><span style=\"font-size: small;\">Lo\u1ea1i \u0111\u1ea7u ra<\/span><\/td>\n<\/tr>\n<tr>\n<td valign=\"bottom\" nowrap=\"nowrap\" width=\"193\"><a href=\"https:\/\/banbientan.com\/cp1h-x40dr-a\/\"><strong>CP1H-X40DR-A<\/strong><\/a><\/td>\n<td valign=\"bottom\" nowrap=\"nowrap\" width=\"144\"><span style=\"font-size: small;\">100-240VAC<\/span><\/td>\n<td valign=\"bottom\" nowrap=\"nowrap\" width=\"80\"><span style=\"font-size: small;\">24<\/span><\/td>\n<td valign=\"bottom\" nowrap=\"nowrap\" width=\"60\"><span style=\"font-size: small;\">16<\/span><\/td>\n<td valign=\"bottom\" nowrap=\"nowrap\" width=\"180\"><span style=\"font-size: small;\">Relay<\/span><\/td>\n<\/tr>\n<tr>\n<td valign=\"bottom\" nowrap=\"nowrap\" width=\"193\"><a href=\"https:\/\/banbientan.com\/cp1h-x40dt-d\/\"><strong>CP1H-X40DT-D<\/strong><\/a><\/td>\n<td valign=\"bottom\" nowrap=\"nowrap\" width=\"144\"><span style=\"font-size: small;\">24VDC<\/span><\/td>\n<td valign=\"bottom\" nowrap=\"nowrap\" width=\"80\"><span style=\"font-size: small;\">24<\/span><\/td>\n<td valign=\"bottom\" nowrap=\"nowrap\" width=\"60\"><span style=\"font-size: small;\">16<\/span><\/td>\n<td valign=\"bottom\" nowrap=\"nowrap\" width=\"180\"><span style=\"font-size: small;\">Transistor NPN<\/span><\/td>\n<\/tr>\n<tr>\n<td valign=\"bottom\" nowrap=\"nowrap\" width=\"193\"><a href=\"https:\/\/banbientan.com\/cp1h-x40dt1-d\/\"><strong>CP1H-X40DT1-D<\/strong><\/a><\/td>\n<td valign=\"bottom\" nowrap=\"nowrap\" width=\"144\"><span style=\"font-size: small;\">24VDC<\/span><\/td>\n<td valign=\"bottom\" nowrap=\"nowrap\" width=\"80\"><span style=\"font-size: small;\">24<\/span><\/td>\n<td valign=\"bottom\" nowrap=\"nowrap\" width=\"60\"><span style=\"font-size: small;\">16<\/span><\/td>\n<td valign=\"bottom\" nowrap=\"nowrap\" width=\"180\"><span style=\"font-size: small;\">Transistor PNP<\/span><\/td>\n<\/tr>\n<tr>\n<td valign=\"bottom\" nowrap=\"nowrap\" width=\"193\"><a href=\"https:\/\/banbientan.com\/cp1h-xa40dr-a\"><strong>CP1H-XA40DR-A<\/strong><\/a><\/td>\n<td valign=\"bottom\" nowrap=\"nowrap\" width=\"144\"><span style=\"font-size: small;\">100-240VAC<\/span><\/td>\n<td valign=\"bottom\" nowrap=\"nowrap\" width=\"80\"><span style=\"font-size: small;\">24<\/span><\/td>\n<td valign=\"bottom\" nowrap=\"nowrap\" width=\"60\"><span style=\"font-size: small;\">16<\/span><\/td>\n<td valign=\"bottom\" nowrap=\"nowrap\" width=\"180\"><span style=\"font-size: small;\">Relay<\/span><\/td>\n<\/tr>\n<tr>\n<td valign=\"bottom\" nowrap=\"nowrap\" width=\"193\"><a href=\"https:\/\/banbientan.com\/cp1h-xa40dt-d\/\"><strong>CP1H-XA40DT-D<\/strong><\/a><\/td>\n<td valign=\"bottom\" nowrap=\"nowrap\" width=\"144\"><span style=\"font-size: small;\">24VDC<\/span><\/td>\n<td valign=\"bottom\" nowrap=\"nowrap\" width=\"80\"><span style=\"font-size: small;\">24<\/span><\/td>\n<td valign=\"bottom\" nowrap=\"nowrap\" width=\"60\"><span style=\"font-size: small;\">16<\/span><\/td>\n<td valign=\"bottom\" nowrap=\"nowrap\" width=\"180\"><span style=\"font-size: small;\">Transistor NPN<\/span><\/td>\n<\/tr>\n<tr>\n<td valign=\"bottom\" nowrap=\"nowrap\" width=\"193\"><a href=\"https:\/\/banbientan.com\/cp1h-xa40dt1-d\/\"><strong>CP1H-XA40DT1-D<\/strong><\/a><\/td>\n<td valign=\"bottom\" nowrap=\"nowrap\" width=\"144\"><span style=\"font-size: small;\">24VDC<\/span><\/td>\n<td valign=\"bottom\" nowrap=\"nowrap\" width=\"80\"><span style=\"font-size: small;\">24<\/span><\/td>\n<td valign=\"bottom\" nowrap=\"nowrap\" width=\"60\"><span style=\"font-size: small;\">16<\/span><\/td>\n<td valign=\"bottom\" nowrap=\"nowrap\" width=\"180\"><span style=\"font-size: small;\">Transistor PNP<\/span><\/td>\n<\/tr>\n<tr>\n<td valign=\"bottom\" nowrap=\"nowrap\" width=\"193\"><span style=\"font-size: small;\">CP1H-Y20DT-D<\/span><\/td>\n<td valign=\"bottom\" nowrap=\"nowrap\" width=\"144\"><span style=\"font-size: small;\">24VDC<\/span><\/td>\n<td valign=\"bottom\" nowrap=\"nowrap\" width=\"80\"><span style=\"font-size: small;\">12<\/span><\/td>\n<td valign=\"bottom\" nowrap=\"nowrap\" width=\"60\"><span style=\"font-size: small;\">8<\/span><\/td>\n<td valign=\"bottom\" nowrap=\"nowrap\" width=\"180\"><span style=\"font-size: small;\">Transistor NPN<\/span><\/td>\n<\/tr>\n<\/tbody>\n<\/table>\n<p><span style=\"font-size: small;\">\u00a0<\/span><strong>C\u00e1c \u1ee9ng d\u1ee5ng<\/strong><br \/>\n<strong>Ch\u1ee9c n\u0103ng \u0111\u1ea7u ra xung cho ph\u00e9p \u0111i\u1ec1u khi\u1ec3n v\u1ecb tr\u00ed cho 4 tr\u1ee5c\u00a0<\/strong><br \/>\n<a href=\"https:\/\/banbientan.com\/wp-content\/uploads\/2011\/10\/cp1h_01.jpg\"><img loading=\"lazy\" decoding=\"async\" title=\"cp1h_01\" src=\"https:\/\/banbientan.com\/wp-content\/uploads\/2011\/10\/cp1h_01.jpg\" alt=\"cp1h 01 CP1H   Compact PLC cao c\u1ea5p\" width=\"505\" height=\"314\" \/><\/a><br \/>\n<strong>\u00a0\u1ee8ng d\u1ee5ng \u0110i\u1ec1u khi\u1ec3n \u00e1p su\u1ea5t d\u1ea7u\u00a0<\/strong><br \/>\n<a href=\"https:\/\/banbientan.com\/wp-content\/uploads\/2011\/10\/cp1h_08-1.jpg\"><img loading=\"lazy\" decoding=\"async\" title=\"cp1h_08 (1)\" src=\"https:\/\/banbientan.com\/wp-content\/uploads\/2011\/10\/cp1h_08-1.jpg\" alt=\"cp1h 08 1 CP1H   Compact PLC cao c\u1ea5p\" width=\"518\" height=\"375\" \/><\/a><br \/>\n<strong>\u00a0\u1ee8ng d\u1ee5ng ph\u00e1t hi\u1ec7n s\u1ef1 cong v\u00eanh\u00a0<\/strong><br \/>\n<a href=\"https:\/\/banbientan.com\/wp-content\/uploads\/2011\/10\/cp1h_08-1.jpg\"><img loading=\"lazy\" decoding=\"async\" title=\"cp1h_08 (1)\" src=\"https:\/\/banbientan.com\/wp-content\/uploads\/2011\/10\/cp1h_08-1.jpg\" alt=\"cp1h 08 1 CP1H   Compact PLC cao c\u1ea5p\" width=\"518\" height=\"375\" \/><\/a><br \/>\n<strong>\u00a0\u1ee8ng d\u1ee5ng \u0111i\u1ec1u khi\u1ec3n v\u1ecb tr\u00ed 4 tr\u1ee5c\u00a0<\/strong><br \/>\n<a href=\"https:\/\/banbientan.com\/wp-content\/uploads\/2011\/10\/cp1h_04.jpg\"><img loading=\"lazy\" decoding=\"async\" title=\"cp1h_04\" src=\"https:\/\/banbientan.com\/wp-content\/uploads\/2011\/10\/cp1h_04.jpg\" alt=\"cp1h 04 CP1H   Compact PLC cao c\u1ea5p\" width=\"505\" height=\"361\" \/><\/a><br \/>\n&nbsp;<\/p>\n","protected":false},"excerpt":{"rendered":"<p>CP1H\u00a0&#8211; Lo\u1ea1i Compact PLC cao c\u1ea5p (All-In-One) T\u00e0i li\u1ec7u ti\u1ebfng anh CP1H T\u00e0i li\u1ec7u ti\u1ebfng vi\u1ec7t CP1H_vn Thi\u1ebft k\u1ebf tr\u00ean n\u1ec1n h\u1ec7 CJ1 ti\u00ean ti\u1ebfn, m\u1edf r\u1ed9ng t\u1edbi 320 digital I\/O, 34 analogue I\/O C\u00f3 s\u1eb5n t\u1edbi 40 I\/O, c\u00f3 th\u1ec3 k\u1ebft n\u1ed1i v\u1edbi 7 m\u00f4\u0111un m\u1edf r\u1ed9ng CPM1A v\u00e0 2 m\u00f4\u0111un CJ1, nh\u1edd \u0111\u00f3 [&hellip;]<\/p>\n","protected":false},"author":2,"featured_media":4936,"parent":128,"menu_order":3,"comment_status":"open","ping_status":"closed","template":"","meta":{"footnotes":""},"class_list":["post-851","page","type-page","status-publish","has-post-thumbnail","hentry"],"_links":{"self":[{"href":"https:\/\/hunglong.banbientan.com\/index.php?rest_route=\/wp\/v2\/pages\/851","targetHints":{"allow":["GET"]}}],"collection":[{"href":"https:\/\/hunglong.banbientan.com\/index.php?rest_route=\/wp\/v2\/pages"}],"about":[{"href":"https:\/\/hunglong.banbientan.com\/index.php?rest_route=\/wp\/v2\/types\/page"}],"author":[{"embeddable":true,"href":"https:\/\/hunglong.banbientan.com\/index.php?rest_route=\/wp\/v2\/users\/2"}],"replies":[{"embeddable":true,"href":"https:\/\/hunglong.banbientan.com\/index.php?rest_route=%2Fwp%2Fv2%2Fcomments&post=851"}],"version-history":[{"count":0,"href":"https:\/\/hunglong.banbientan.com\/index.php?rest_route=\/wp\/v2\/pages\/851\/revisions"}],"up":[{"embeddable":true,"href":"https:\/\/hunglong.banbientan.com\/index.php?rest_route=\/wp\/v2\/pages\/128"}],"wp:featuredmedia":[{"embeddable":true,"href":"https:\/\/hunglong.banbientan.com\/index.php?rest_route=\/"}],"wp:attachment":[{"href":"https:\/\/hunglong.banbientan.com\/index.php?rest_route=%2Fwp%2Fv2%2Fmedia&parent=851"}],"curies":[{"name":"wp","href":"https:\/\/api.w.org\/{rel}","templated":true}]}}