{"id":853,"date":"2011-10-04T08:57:38","date_gmt":"2011-10-04T01:57:38","guid":{"rendered":"http:\/\/banbientan.wordpress.com\/?page_id=853"},"modified":"2011-10-04T08:57:38","modified_gmt":"2011-10-04T01:57:38","slug":"cp1l","status":"publish","type":"page","link":"https:\/\/hunglong.banbientan.com\/?page_id=853","title":{"rendered":"CP1L \u0111a n\u0103ng"},"content":{"rendered":"<p><strong>CP1L<\/strong><strong>\u00a0<\/strong><strong>&#8211; Micro PLC \u0111a n\u0103ng<\/strong><br \/>\n<a href=\"https:\/\/banbientan.com\/wp-content\/uploads\/2011\/10\/bo-PLC-CP1L.jpg\"><img loading=\"lazy\" decoding=\"async\" class=\"alignnone size-full wp-image-4921\" title=\"bo PLC CP1L\" src=\"https:\/\/banbientan.com\/wp-content\/uploads\/2011\/10\/bo-PLC-CP1L.jpg\" alt=\"\" width=\"375\" height=\"164\" \/><\/a><br \/>\n<strong>DOWNLOAD:<\/strong><br \/>\n<strong><\/strong><strong><a href=\"https:\/\/banbientan.com\/wp-content\/uploads\/2011\/10\/Catalog-tieng-viet-PLC-cp1l.pdf\">Catalog ti\u1ebfng vi\u1ec7t PLC CP1L<\/a><\/strong><br \/>\n<strong><\/strong><strong><a href=\"https:\/\/banbientan.com\/wp-content\/uploads\/2011\/10\/catalong-tieng-anh-cp1l.pdf\">Catalong ti\u1ebfng anh CP1L<\/a><\/strong><\/p>\n<ul>\n<li>T\u1ed1i \u0111a 180 I\/O, RS-232 \/ 485 \/ 422<\/li>\n<li>K\u1ebft n\u1ed1i v\u1edbi m\u00f4\u0111un m\u1edf r\u1ed9ng t\u01b0\u01a1ng t\u1ef1 nh\u01b0 cho lo\u1ea1i CPM1 (t\u1ed1i \u0111a 3 m\u00f4\u0111un cho CPU 30,40, 60 I\/O v\u00e0 1 cho CPU 14, 20 I\/O))<\/li>\n<li>\u0110\u1ea7u v\u00e0o analog 0-10V (256)<\/li>\n<li>\u0110\u1ea7u v\u00e0o \/ ra xung 100kHz<\/li>\n<li>B\u1ed9 nh\u1edb 5\/10Kstep, c\u00f3 b\u1ed9 nh\u1edb ngo\u00e0i,<\/li>\n<li>B\u1ed9 hi\u1ec3n th\u1ecb LCD g\u1eafn ngo\u00e0i (CP1W-DAM01) gi\u00fap theo d\u00f5i, \u0111i\u1ec1u ch\u1ec9nh th\u00f4ng s\u1ed1 t\u1ea1i ch\u1ed7<\/li>\n<li>L\u1eadp tr\u00ecnh c\u1ed5ng USB b\u1eb1ng CX-Programmer<\/li>\n<li>Ch\u1ea1y m\u00f4 ph\u1ecfng b\u1eb1ng CX-Simulator<\/li>\n<li>C\u00e1c model CPU:<\/li>\n<\/ul>\n<div>\n<table border=\"0\" cellspacing=\"0\" cellpadding=\"0\">\n<tbody>\n<tr>\n<td valign=\"bottom\" nowrap=\"nowrap\" width=\"151\"><span style=\"font-size: small;\">Model<\/span><\/td>\n<td valign=\"bottom\" nowrap=\"nowrap\" width=\"132\"><span style=\"font-size: small;\">Ngu\u1ed3n c\u1ea5p<\/span><\/td>\n<td valign=\"bottom\" nowrap=\"nowrap\" width=\"66\"><span style=\"font-size: small;\">S\u1ed1 \u0111\u1ea7u v\u00e0o<\/span><\/td>\n<td valign=\"bottom\" nowrap=\"nowrap\" width=\"54\"><span style=\"font-size: small;\">S\u1ed1 \u0111\u1ea7u ra<\/span><\/td>\n<td valign=\"bottom\" nowrap=\"nowrap\" width=\"156\"><span style=\"font-size: small;\">Lo\u1ea1i \u0111\u1ea7u ra<\/span><\/td>\n<\/tr>\n<tr>\n<td valign=\"bottom\" nowrap=\"nowrap\" width=\"151\"><a href=\"https:\/\/banbientan.com\/cp1l-m60dr-a\/\"><strong>CP1L-M60DR-A<\/strong><\/a><\/td>\n<td valign=\"bottom\" nowrap=\"nowrap\" width=\"132\"><span style=\"font-size: small;\">100-240VAC<\/span><\/td>\n<td valign=\"bottom\" nowrap=\"nowrap\" width=\"66\"><span style=\"font-size: small;\">36<\/span><\/td>\n<td valign=\"bottom\" nowrap=\"nowrap\" width=\"54\"><span style=\"font-size: small;\">24<\/span><\/td>\n<td valign=\"bottom\" nowrap=\"nowrap\" width=\"156\"><span style=\"font-size: small;\">Relay<\/span><\/td>\n<\/tr>\n<tr>\n<td valign=\"bottom\" nowrap=\"nowrap\" width=\"151\"><a href=\"https:\/\/banbientan.com\/cp1l-m60dt-a\/\"><strong>CP1L-M60DT-A<\/strong><\/a><\/td>\n<td valign=\"bottom\" nowrap=\"nowrap\" width=\"132\"><span style=\"font-size: small;\">100-240VAC<\/span><\/td>\n<td valign=\"bottom\" nowrap=\"nowrap\" width=\"66\"><span style=\"font-size: small;\">36<\/span><\/td>\n<td valign=\"bottom\" nowrap=\"nowrap\" width=\"54\"><span style=\"font-size: small;\">24<\/span><\/td>\n<td valign=\"bottom\" nowrap=\"nowrap\" width=\"156\"><span style=\"font-size: small;\">Transistor NPN<\/span><\/td>\n<\/tr>\n<tr>\n<td valign=\"bottom\" nowrap=\"nowrap\" width=\"151\"><a href=\"https:\/\/banbientan.com\/cp1l-m60dr-d\/\"><strong>CP1L-M60DR-D<\/strong><\/a><\/td>\n<td valign=\"bottom\" nowrap=\"nowrap\" width=\"132\"><span style=\"font-size: small;\">24VDC<\/span><\/td>\n<td valign=\"bottom\" nowrap=\"nowrap\" width=\"66\"><span style=\"font-size: small;\">36<\/span><\/td>\n<td valign=\"bottom\" nowrap=\"nowrap\" width=\"54\"><span style=\"font-size: small;\">24<\/span><\/td>\n<td valign=\"bottom\" nowrap=\"nowrap\" width=\"156\"><span style=\"font-size: small;\">Relay<\/span><\/td>\n<\/tr>\n<tr>\n<td valign=\"bottom\" nowrap=\"nowrap\" width=\"151\"><a href=\"https:\/\/banbientan.com\/cp1l-m60dt-d\/\"><strong>CP1L-M60DT-D<\/strong><\/a><\/td>\n<td valign=\"bottom\" nowrap=\"nowrap\" width=\"132\"><span style=\"font-size: small;\">24VDC<\/span><\/td>\n<td valign=\"bottom\" nowrap=\"nowrap\" width=\"66\"><span style=\"font-size: small;\">36<\/span><\/td>\n<td valign=\"bottom\" nowrap=\"nowrap\" width=\"54\"><span style=\"font-size: small;\">24<\/span><\/td>\n<td valign=\"bottom\" nowrap=\"nowrap\" width=\"156\"><span style=\"font-size: small;\">Transistor NPN<\/span><\/td>\n<\/tr>\n<tr>\n<td valign=\"bottom\" nowrap=\"nowrap\" width=\"151\"><a href=\"https:\/\/banbientan.com\/cp1l-m60dt1-d\/\"><strong>CP1L-M60DT1-D<\/strong><\/a><\/td>\n<td valign=\"bottom\" nowrap=\"nowrap\" width=\"132\"><span style=\"font-size: small;\">24VDC<\/span><\/td>\n<td valign=\"bottom\" nowrap=\"nowrap\" width=\"66\"><span style=\"font-size: small;\">36<\/span><\/td>\n<td valign=\"bottom\" nowrap=\"nowrap\" width=\"54\"><span style=\"font-size: small;\">24<\/span><\/td>\n<td valign=\"bottom\" nowrap=\"nowrap\" width=\"156\"><span style=\"font-size: small;\">Transistor PNP<\/span><\/td>\n<\/tr>\n<tr>\n<td valign=\"bottom\" nowrap=\"nowrap\" width=\"151\"><a href=\"https:\/\/banbientan.com\/cp1l-m40dr-a\/\"><strong>CP1L-M40DR-A<\/strong><\/a><\/td>\n<td valign=\"bottom\" nowrap=\"nowrap\" width=\"132\"><span style=\"font-size: small;\">100-240VAC<\/span><\/td>\n<td valign=\"bottom\" nowrap=\"nowrap\" width=\"66\"><span style=\"font-size: small;\">24<\/span><\/td>\n<td valign=\"bottom\" nowrap=\"nowrap\" width=\"54\"><span style=\"font-size: small;\">16<\/span><\/td>\n<td valign=\"bottom\" nowrap=\"nowrap\" width=\"156\"><span style=\"font-size: small;\">Relay<\/span><\/td>\n<\/tr>\n<tr>\n<td valign=\"bottom\" nowrap=\"nowrap\" width=\"151\"><a href=\"https:\/\/banbientan.com\/cp1l-m40dt-a\/\"><strong>CP1L-M40DT-A<\/strong><\/a><\/td>\n<td valign=\"bottom\" nowrap=\"nowrap\" width=\"132\"><span style=\"font-size: small;\">100-240VAC<\/span><\/td>\n<td valign=\"bottom\" nowrap=\"nowrap\" width=\"66\"><span style=\"font-size: small;\">24<\/span><\/td>\n<td valign=\"bottom\" nowrap=\"nowrap\" width=\"54\"><span style=\"font-size: small;\">16<\/span><\/td>\n<td valign=\"bottom\" nowrap=\"nowrap\" width=\"156\"><span style=\"font-size: small;\">Transistor NPN<\/span><\/td>\n<\/tr>\n<tr>\n<td valign=\"bottom\" nowrap=\"nowrap\" width=\"151\"><a href=\"https:\/\/banbientan.com\/cp1l-m40dr-d\/\"><strong>CP1L-M40DR-D<\/strong><\/a><\/td>\n<td valign=\"bottom\" nowrap=\"nowrap\" width=\"132\"><span style=\"font-size: small;\">24VDC<\/span><\/td>\n<td valign=\"bottom\" nowrap=\"nowrap\" width=\"66\"><span style=\"font-size: small;\">24<\/span><\/td>\n<td valign=\"bottom\" nowrap=\"nowrap\" width=\"54\"><span style=\"font-size: small;\">16<\/span><\/td>\n<td valign=\"bottom\" nowrap=\"nowrap\" width=\"156\"><span style=\"font-size: small;\">Relay<\/span><\/td>\n<\/tr>\n<tr>\n<td valign=\"bottom\" nowrap=\"nowrap\" width=\"151\"><a href=\"https:\/\/banbientan.com\/cp1l-m40dt-d\/\"><strong>CP1L-M40DT-D<\/strong><\/a><\/td>\n<td valign=\"bottom\" nowrap=\"nowrap\" width=\"132\"><span style=\"font-size: small;\">24VDC<\/span><\/td>\n<td valign=\"bottom\" nowrap=\"nowrap\" width=\"66\"><span style=\"font-size: small;\">24<\/span><\/td>\n<td valign=\"bottom\" nowrap=\"nowrap\" width=\"54\"><span style=\"font-size: small;\">16<\/span><\/td>\n<td valign=\"bottom\" nowrap=\"nowrap\" width=\"156\"><span style=\"font-size: small;\">Transistor NPN<\/span><\/td>\n<\/tr>\n<tr>\n<td valign=\"bottom\" nowrap=\"nowrap\" width=\"151\"><a href=\"https:\/\/banbientan.com\/cp1l-m40dt1-d\/\"><strong>CP1L-M40DT1-D<\/strong><\/a><\/td>\n<td valign=\"bottom\" nowrap=\"nowrap\" width=\"132\"><span style=\"font-size: small;\">24VDC<\/span><\/td>\n<td valign=\"bottom\" nowrap=\"nowrap\" width=\"66\"><span style=\"font-size: small;\">24<\/span><\/td>\n<td valign=\"bottom\" nowrap=\"nowrap\" width=\"54\"><span style=\"font-size: small;\">16<\/span><\/td>\n<td valign=\"bottom\" nowrap=\"nowrap\" width=\"156\"><span style=\"font-size: small;\">Transistor PNP<\/span><\/td>\n<\/tr>\n<tr>\n<td valign=\"bottom\" nowrap=\"nowrap\" width=\"151\"><a href=\"https:\/\/banbientan.com\/cp1l-m30dr-a\/\"><strong>P1L-M30DR-A<\/strong><\/a><\/td>\n<td valign=\"bottom\" nowrap=\"nowrap\" width=\"132\"><span style=\"font-size: small;\">100-240VAC<\/span><\/td>\n<td valign=\"bottom\" nowrap=\"nowrap\" width=\"66\"><span style=\"font-size: small;\">18<\/span><\/td>\n<td valign=\"bottom\" nowrap=\"nowrap\" width=\"54\"><span style=\"font-size: small;\">12<\/span><\/td>\n<td valign=\"bottom\" nowrap=\"nowrap\" width=\"156\"><span style=\"font-size: small;\">Relay<\/span><\/td>\n<\/tr>\n<tr>\n<td valign=\"bottom\" nowrap=\"nowrap\" width=\"151\"><a href=\"https:\/\/banbientan.com\/cp1l-m30dt-a\/\"><strong>CP1L-M30DT-A<\/strong><\/a><\/td>\n<td valign=\"bottom\" nowrap=\"nowrap\" width=\"132\"><span style=\"font-size: small;\">100-240VAC<\/span><\/td>\n<td valign=\"bottom\" nowrap=\"nowrap\" width=\"66\"><span style=\"font-size: small;\">18<\/span><\/td>\n<td valign=\"bottom\" nowrap=\"nowrap\" width=\"54\"><span style=\"font-size: small;\">12<\/span><\/td>\n<td valign=\"bottom\" nowrap=\"nowrap\" width=\"156\"><span style=\"font-size: small;\">Transistor NPN<\/span><\/td>\n<\/tr>\n<tr>\n<td valign=\"bottom\" nowrap=\"nowrap\" width=\"151\"><a href=\"https:\/\/banbientan.com\/cp1l-m30dr-d\/\"><strong>CP1L-M30DR-D<\/strong><\/a><\/td>\n<td valign=\"bottom\" nowrap=\"nowrap\" width=\"132\"><span style=\"font-size: small;\">24VDC<\/span><\/td>\n<td valign=\"bottom\" nowrap=\"nowrap\" width=\"66\"><span style=\"font-size: small;\">18<\/span><\/td>\n<td valign=\"bottom\" nowrap=\"nowrap\" width=\"54\"><span style=\"font-size: small;\">12<\/span><\/td>\n<td valign=\"bottom\" nowrap=\"nowrap\" width=\"156\"><span style=\"font-size: small;\">Relay<\/span><\/td>\n<\/tr>\n<tr>\n<td valign=\"bottom\" nowrap=\"nowrap\" width=\"151\"><a href=\"https:\/\/banbientan.com\/cp1l-m30dt-d\/\"><strong>CP1L-M30DT-D<\/strong><\/a><\/td>\n<td valign=\"bottom\" nowrap=\"nowrap\" width=\"132\"><span style=\"font-size: small;\">24VDC<\/span><\/td>\n<td valign=\"bottom\" nowrap=\"nowrap\" width=\"66\"><span style=\"font-size: small;\">18<\/span><\/td>\n<td valign=\"bottom\" nowrap=\"nowrap\" width=\"54\"><span style=\"font-size: small;\">12<\/span><\/td>\n<td valign=\"bottom\" nowrap=\"nowrap\" width=\"156\"><span style=\"font-size: small;\">Transistor NPN<\/span><\/td>\n<\/tr>\n<tr>\n<td valign=\"bottom\" nowrap=\"nowrap\" width=\"151\"><a href=\"https:\/\/banbientan.com\/cp1l-m30dt1-d\/\"><strong>CP1L-M30DT1-D<\/strong><\/a><\/td>\n<td valign=\"bottom\" nowrap=\"nowrap\" width=\"132\"><span style=\"font-size: small;\">24VDC<\/span><\/td>\n<td valign=\"bottom\" nowrap=\"nowrap\" width=\"66\"><span style=\"font-size: small;\">18<\/span><\/td>\n<td valign=\"bottom\" nowrap=\"nowrap\" width=\"54\"><span style=\"font-size: small;\">12<\/span><\/td>\n<td valign=\"bottom\" nowrap=\"nowrap\" width=\"156\"><span style=\"font-size: small;\">Relay<\/span><\/td>\n<\/tr>\n<tr>\n<td valign=\"bottom\" nowrap=\"nowrap\" width=\"151\"><a href=\"https:\/\/banbientan.com\/cp1l-l20dr-a\/\"><strong>CP1L-L20DR-A<\/strong><\/a><\/td>\n<td valign=\"bottom\" nowrap=\"nowrap\" width=\"132\"><span style=\"font-size: small;\">100-240VAC<\/span><\/td>\n<td valign=\"bottom\" nowrap=\"nowrap\" width=\"66\"><span style=\"font-size: small;\">12<\/span><\/td>\n<td valign=\"bottom\" nowrap=\"nowrap\" width=\"54\"><span style=\"font-size: small;\">8<\/span><\/td>\n<td valign=\"bottom\" nowrap=\"nowrap\" width=\"156\"><span style=\"font-size: small;\">Relay<\/span><\/td>\n<\/tr>\n<tr>\n<td valign=\"bottom\" nowrap=\"nowrap\" width=\"151\"><span style=\"font-size: small;\"><a href=\"https:\/\/banbientan.com\/cp1l-l20dt-a\/\"><strong>CP1L-L20DT-A<\/strong><\/a><\/span><\/td>\n<td valign=\"bottom\" nowrap=\"nowrap\" width=\"132\"><span style=\"font-size: small;\">100-240VAC<\/span><\/td>\n<td valign=\"bottom\" nowrap=\"nowrap\" width=\"66\"><span style=\"font-size: small;\">12<\/span><\/td>\n<td valign=\"bottom\" nowrap=\"nowrap\" width=\"54\"><span style=\"font-size: small;\">8<\/span><\/td>\n<td valign=\"bottom\" nowrap=\"nowrap\" width=\"156\"><span style=\"font-size: small;\">Transistor NPN<\/span><\/td>\n<\/tr>\n<tr>\n<td valign=\"bottom\" nowrap=\"nowrap\" width=\"151\"><a href=\"https:\/\/banbientan.com\/cp1l-l20dr-d\/\"><strong>CP1L-L20DR-D<\/strong><\/a><\/td>\n<td valign=\"bottom\" nowrap=\"nowrap\" width=\"132\"><span style=\"font-size: small;\">24VDC<\/span><\/td>\n<td valign=\"bottom\" nowrap=\"nowrap\" width=\"66\"><span style=\"font-size: small;\">12<\/span><\/td>\n<td valign=\"bottom\" nowrap=\"nowrap\" width=\"54\"><span style=\"font-size: small;\">8<\/span><\/td>\n<td valign=\"bottom\" nowrap=\"nowrap\" width=\"156\"><span style=\"font-size: small;\">Relay<\/span><\/td>\n<\/tr>\n<tr>\n<td valign=\"bottom\" nowrap=\"nowrap\" width=\"151\"><a href=\"https:\/\/banbientan.com\/cp1l-l20dt-d\/\"><strong>CP1L-L20DT-D<\/strong><\/a><\/td>\n<td valign=\"bottom\" nowrap=\"nowrap\" width=\"132\"><span style=\"font-size: small;\">24VDC<\/span><\/td>\n<td valign=\"bottom\" nowrap=\"nowrap\" width=\"66\"><span style=\"font-size: small;\">12<\/span><\/td>\n<td valign=\"bottom\" nowrap=\"nowrap\" width=\"54\"><span style=\"font-size: small;\">8<\/span><\/td>\n<td valign=\"bottom\" nowrap=\"nowrap\" width=\"156\"><span style=\"font-size: small;\">Transistor NPN<\/span><\/td>\n<\/tr>\n<tr>\n<td valign=\"bottom\" nowrap=\"nowrap\" width=\"151\"><a href=\"https:\/\/banbientan.com\/cp1l-l20dt1-d\/\"><strong>CP1L-L20DT1-D<\/strong><\/a><\/td>\n<td valign=\"bottom\" nowrap=\"nowrap\" width=\"132\"><span style=\"font-size: small;\">24VDC<\/span><\/td>\n<td valign=\"bottom\" nowrap=\"nowrap\" width=\"66\"><span style=\"font-size: small;\">12<\/span><\/td>\n<td valign=\"bottom\" nowrap=\"nowrap\" width=\"54\"><span style=\"font-size: small;\">8<\/span><\/td>\n<td valign=\"bottom\" nowrap=\"nowrap\" width=\"156\"><span style=\"font-size: small;\">Transistor PNP<\/span><\/td>\n<\/tr>\n<tr>\n<td valign=\"bottom\" nowrap=\"nowrap\" width=\"151\"><a href=\"https:\/\/banbientan.com\/cp1l-l14dr-a\/\"><strong>CP1L-L14DR-A<\/strong><\/a><\/td>\n<td valign=\"bottom\" nowrap=\"nowrap\" width=\"132\"><span style=\"font-size: small;\">100-240VAC<\/span><\/td>\n<td valign=\"bottom\" nowrap=\"nowrap\" width=\"66\"><span style=\"font-size: small;\">8<\/span><\/td>\n<td valign=\"bottom\" nowrap=\"nowrap\" width=\"54\"><span style=\"font-size: small;\">6<\/span><\/td>\n<td valign=\"bottom\" nowrap=\"nowrap\" width=\"156\"><span style=\"font-size: small;\">Relay<\/span><\/td>\n<\/tr>\n<tr>\n<td valign=\"bottom\" nowrap=\"nowrap\" width=\"151\"><a href=\"https:\/\/banbientan.com\/cp1l-l14dt-a\/\"><strong>CP1L-L14DT-A<\/strong><\/a><\/td>\n<td valign=\"bottom\" nowrap=\"nowrap\" width=\"132\"><span style=\"font-size: small;\">100-240VAC<\/span><\/td>\n<td valign=\"bottom\" nowrap=\"nowrap\" width=\"66\"><span style=\"font-size: small;\">8<\/span><\/td>\n<td valign=\"bottom\" nowrap=\"nowrap\" width=\"54\"><span style=\"font-size: small;\">6<\/span><\/td>\n<td valign=\"bottom\" nowrap=\"nowrap\" width=\"156\"><span style=\"font-size: small;\">Transistor NPN<\/span><\/td>\n<\/tr>\n<tr>\n<td valign=\"bottom\" nowrap=\"nowrap\" width=\"151\"><a href=\"https:\/\/banbientan.com\/cp1l-l14dr-d\/\"><strong>CP1L-L14DR-D<\/strong><\/a><\/td>\n<td valign=\"bottom\" nowrap=\"nowrap\" width=\"132\"><span style=\"font-size: small;\">24VDC<\/span><\/td>\n<td valign=\"bottom\" nowrap=\"nowrap\" width=\"66\"><span style=\"font-size: small;\">8<\/span><\/td>\n<td valign=\"bottom\" nowrap=\"nowrap\" width=\"54\"><span style=\"font-size: small;\">6<\/span><\/td>\n<td valign=\"bottom\" nowrap=\"nowrap\" width=\"156\"><span style=\"font-size: small;\">Relay<\/span><\/td>\n<\/tr>\n<tr>\n<td valign=\"bottom\" nowrap=\"nowrap\" width=\"151\"><a href=\"https:\/\/banbientan.com\/cp1l-l14dt-d\/\"><strong>CP1L-L14DT-D<\/strong><\/a><\/td>\n<td valign=\"bottom\" nowrap=\"nowrap\" width=\"132\"><span style=\"font-size: small;\">24VDC<\/span><\/td>\n<td valign=\"bottom\" nowrap=\"nowrap\" width=\"66\"><span style=\"font-size: small;\">8<\/span><\/td>\n<td valign=\"bottom\" nowrap=\"nowrap\" width=\"54\"><span style=\"font-size: small;\">6<\/span><\/td>\n<td valign=\"bottom\" nowrap=\"nowrap\" width=\"156\"><span style=\"font-size: small;\">Transistor NPN<\/span><\/td>\n<\/tr>\n<tr>\n<td valign=\"bottom\" nowrap=\"nowrap\" width=\"151\"><a href=\"https:\/\/banbientan.com\/cp1l-l14dt1-d\/\"><strong>CP1L-L14DT1-D<\/strong><\/a><\/td>\n<td valign=\"bottom\" nowrap=\"nowrap\" width=\"132\"><span style=\"font-size: small;\">24VDC<\/span><\/td>\n<td valign=\"bottom\" nowrap=\"nowrap\" width=\"66\"><span style=\"font-size: small;\">8<\/span><\/td>\n<td valign=\"bottom\" nowrap=\"nowrap\" width=\"54\"><span style=\"font-size: small;\">6<\/span><\/td>\n<td valign=\"bottom\" nowrap=\"nowrap\" width=\"156\"><span style=\"font-size: small;\">Transistor PNP<\/span><\/td>\n<\/tr>\n<tr>\n<td valign=\"bottom\" nowrap=\"nowrap\" width=\"151\"><a href=\"https:\/\/banbientan.com\/cp1l-l10dr-a\"><strong>CP1L-L10DR-A<\/strong><\/a><\/td>\n<td valign=\"bottom\" nowrap=\"nowrap\" width=\"132\"><span style=\"font-size: small;\">100-240VAC<\/span><\/td>\n<td valign=\"bottom\" nowrap=\"nowrap\" width=\"66\"><span style=\"font-size: small;\">6<\/span><\/td>\n<td valign=\"bottom\" nowrap=\"nowrap\" width=\"54\"><span style=\"font-size: small;\">4<\/span><\/td>\n<td valign=\"bottom\" nowrap=\"nowrap\" width=\"156\"><span style=\"font-size: small;\">Relay<\/span><\/td>\n<\/tr>\n<tr>\n<td valign=\"bottom\" nowrap=\"nowrap\" width=\"151\"><a href=\"https:\/\/banbientan.com\/cp1l-l10dt-a\"><strong>CP1L-L10DT-A<\/strong><\/a><\/td>\n<td valign=\"bottom\" nowrap=\"nowrap\" width=\"132\"><span style=\"font-size: small;\">100-240VAC<\/span><\/td>\n<td valign=\"bottom\" nowrap=\"nowrap\" width=\"66\"><span style=\"font-size: small;\">6<\/span><\/td>\n<td valign=\"bottom\" nowrap=\"nowrap\" width=\"54\"><span style=\"font-size: small;\">4<\/span><\/td>\n<td valign=\"bottom\" nowrap=\"nowrap\" width=\"156\"><span style=\"font-size: small;\">Transistor NPN<\/span><\/td>\n<\/tr>\n<tr>\n<td valign=\"bottom\" nowrap=\"nowrap\" width=\"151\"><a href=\"https:\/\/banbientan.com\/cp1l-l10dr-d\/\"><strong>CP1L-L10DR-D<\/strong><\/a><\/td>\n<td valign=\"bottom\" nowrap=\"nowrap\" width=\"132\"><span style=\"font-size: small;\">24VDC<\/span><\/td>\n<td valign=\"bottom\" nowrap=\"nowrap\" width=\"66\"><span style=\"font-size: small;\">6<\/span><\/td>\n<td valign=\"bottom\" nowrap=\"nowrap\" width=\"54\"><span style=\"font-size: small;\">4<\/span><\/td>\n<td valign=\"bottom\" nowrap=\"nowrap\" width=\"156\"><span style=\"font-size: small;\">Relay<\/span><\/td>\n<\/tr>\n<tr>\n<td valign=\"bottom\" nowrap=\"nowrap\" width=\"151\"><a href=\"https:\/\/banbientan.com\/cp1l-l10dt-d\/\"><strong>CP1L-L10DT-D<\/strong><\/a><\/td>\n<td valign=\"bottom\" nowrap=\"nowrap\" width=\"132\"><span style=\"font-size: small;\">24VDC<\/span><\/td>\n<td valign=\"bottom\" nowrap=\"nowrap\" width=\"66\"><span style=\"font-size: small;\">6<\/span><\/td>\n<td valign=\"bottom\" nowrap=\"nowrap\" width=\"54\"><span style=\"font-size: small;\">4<\/span><\/td>\n<td valign=\"bottom\" nowrap=\"nowrap\" width=\"156\"><span style=\"font-size: small;\">Transistor NPN<\/span><\/td>\n<\/tr>\n<tr>\n<td valign=\"bottom\" nowrap=\"nowrap\" width=\"151\"><a href=\"https:\/\/banbientan.com\/cp1l-l10dt1-d\/\"><strong>CP1L-L10DT1-D<\/strong><\/a><\/td>\n<td valign=\"bottom\" nowrap=\"nowrap\" width=\"132\"><span style=\"font-size: small;\">24VDC<\/span><\/td>\n<td valign=\"bottom\" nowrap=\"nowrap\" width=\"66\"><span style=\"font-size: small;\">6<\/span><\/td>\n<td valign=\"bottom\" nowrap=\"nowrap\" width=\"54\"><span style=\"font-size: small;\">4<\/span><\/td>\n<td valign=\"bottom\" nowrap=\"nowrap\" width=\"156\"><span style=\"font-size: small;\">Transistor PNP<\/span><\/td>\n<\/tr>\n<\/tbody>\n<\/table>\n<\/div>\n<div><\/div>\n<div>\n<table border=\"0\" cellspacing=\"0\" cellpadding=\"0\">\n<tbody>\n<tr>\n<td valign=\"top\" width=\"169\"><strong>C\u00e1c m\u00f4\u0111un m\u1edf r\u1ed9ng<\/strong><\/td>\n<td valign=\"top\" width=\"468\"><strong>Ch\u00fa th\u00edch<\/strong><\/td>\n<\/tr>\n<tr>\n<td valign=\"top\" width=\"169\">CP1W-8ED\/R\/T(1)CPM1A-8ED\/R\/T(1)<\/td>\n<td valign=\"top\" width=\"468\">8 \u0111\u1ea7u v\u00e0o DC ho\u1eb7c 8 \u0111\u1ea7u ra relay \/ transister NPN (PNP)<\/td>\n<\/tr>\n<tr>\n<td valign=\"top\" width=\"169\">CP1W-16\/32ER\/T\/T1CPM1A-16ER<\/td>\n<td valign=\"top\" width=\"468\">16\/32 \u0111\u1ea7u ra relay \/ transistor NPN (PNP)<\/td>\n<\/tr>\n<tr>\n<td valign=\"top\" width=\"169\">CP1W-20\/40EDR(1)\/T\/T1CPM1A-20EDR1\/T\/T1<\/td>\n<td valign=\"top\" width=\"468\">12\/26 \u0111\u1ea7u v\u00e0o DC + 8\/14 \u0111\u1ea7u ra relay ho\u1eb7c transister NPN (PNP)<\/td>\n<\/tr>\n<tr>\n<td valign=\"top\" width=\"169\">CPM1A-DRT21<\/td>\n<td valign=\"top\" width=\"468\">CompoBus\/D (DeviceNet) slave<\/td>\n<\/tr>\n<tr>\n<td valign=\"top\" width=\"169\">CP1W-SRT21CPM1A-SRT2<\/td>\n<td valign=\"top\" width=\"468\">CompoBus\/S slave<\/td>\n<\/tr>\n<tr>\n<td valign=\"top\" width=\"169\">CP1W-MAD11CPM1A-MAD11<\/td>\n<td valign=\"top\" width=\"468\">Analog 2 v\u00e0o, 1 ra (1\/6000)<\/td>\n<\/tr>\n<tr>\n<td valign=\"top\" width=\"169\">CPM1A-MAD01<\/td>\n<td valign=\"top\" width=\"468\">Analog 2 v\u00e0o, 1 ra (1\/256)<\/td>\n<\/tr>\n<tr>\n<td valign=\"top\" width=\"169\">CP1W-AD041CPM1A-AD041<\/td>\n<td valign=\"top\" width=\"468\">Analog 4 v\u00e0o (1\/6000)<\/td>\n<\/tr>\n<tr>\n<td valign=\"top\" width=\"169\">CP1W-DA041CPM1A-DA041<\/td>\n<td valign=\"top\" width=\"468\">Analog 4 ra (1\/6000)<\/td>\n<\/tr>\n<tr>\n<td valign=\"top\" width=\"169\">CP1W-TS001(2)CPM1A-TS001(2)<\/td>\n<td valign=\"top\" width=\"468\">2 ho\u1eb7c 4 \u0111\u1ea7u v\u00e0o c\u1eb7p nhi\u1ec7t<\/td>\n<\/tr>\n<tr>\n<td valign=\"top\" width=\"169\">CP1W-TS101(2)CPM1A-TS101(2)<\/td>\n<td valign=\"top\" width=\"468\">2 ho\u1eb7c 4 \u0111\u1ea7u v\u00e0o nhi\u1ec7t \u0111i\u1ec7n tr\u1edf Pt100<\/td>\n<\/tr>\n<\/tbody>\n<\/table>\n<\/div>\n<div>\n<div><\/div>\n<div><strong><a href=\"https:\/\/banbientan.com\/wp-content\/uploads\/2011\/10\/CP1L_huong-dan-lap-trinh-plc.pdf\">T\u00e0i li\u1ec7u h\u01b0\u1edbng d\u1eabn l\u1eadp tr\u00ecnh PLC CP1L_ch\u01b0\u01a1ng 1<\/a><\/strong><\/div>\n<div><strong><a href=\"https:\/\/banbientan.com\/wp-content\/uploads\/2011\/10\/CP1L_Chuong-2.pdf\">T\u00e0i li\u1ec7u h\u01b0\u1edbng d\u1eabn l\u1eadp tr\u00ecnh CP1L_Ch\u01b0\u01a1ng 2<\/a><\/strong><\/div>\n<div><strong><a href=\"https:\/\/banbientan.com\/wp-content\/uploads\/2011\/10\/CP1L_Chuong-3-CX.pdf\">T\u00e0i li\u1ec7u h\u01b0\u1edbng d\u1eabn l\u1eadp tr\u00ecnh CP1L_ch\u01b0\u01a1ng 3<\/a><\/strong><\/div>\n<div><a href=\"https:\/\/banbientan.com\/wp-content\/uploads\/2011\/10\/cp1l_phu-luc1.pdf\">cp1l_phu-luc1<\/a><\/div>\n<div><a href=\"https:\/\/banbientan.com\/wp-content\/uploads\/2011\/10\/cp1l_phu-luc2.pdf\">cp1l_phu-luc2<\/a><\/div>\n<\/div>\n","protected":false},"excerpt":{"rendered":"<p>CP1L\u00a0&#8211; Micro PLC \u0111a n\u0103ng DOWNLOAD: Catalog ti\u1ebfng vi\u1ec7t PLC CP1L Catalong ti\u1ebfng anh CP1L T\u1ed1i \u0111a 180 I\/O, RS-232 \/ 485 \/ 422 K\u1ebft n\u1ed1i v\u1edbi m\u00f4\u0111un m\u1edf r\u1ed9ng t\u01b0\u01a1ng t\u1ef1 nh\u01b0 cho lo\u1ea1i CPM1 (t\u1ed1i \u0111a 3 m\u00f4\u0111un cho CPU 30,40, 60 I\/O v\u00e0 1 cho CPU 14, 20 I\/O)) \u0110\u1ea7u v\u00e0o analog [&hellip;]<\/p>\n","protected":false},"author":2,"featured_media":4921,"parent":128,"menu_order":2,"comment_status":"open","ping_status":"closed","template":"","meta":{"footnotes":""},"class_list":["post-853","page","type-page","status-publish","has-post-thumbnail","hentry"],"_links":{"self":[{"href":"https:\/\/hunglong.banbientan.com\/index.php?rest_route=\/wp\/v2\/pages\/853","targetHints":{"allow":["GET"]}}],"collection":[{"href":"https:\/\/hunglong.banbientan.com\/index.php?rest_route=\/wp\/v2\/pages"}],"about":[{"href":"https:\/\/hunglong.banbientan.com\/index.php?rest_route=\/wp\/v2\/types\/page"}],"author":[{"embeddable":true,"href":"https:\/\/hunglong.banbientan.com\/index.php?rest_route=\/wp\/v2\/users\/2"}],"replies":[{"embeddable":true,"href":"https:\/\/hunglong.banbientan.com\/index.php?rest_route=%2Fwp%2Fv2%2Fcomments&post=853"}],"version-history":[{"count":0,"href":"https:\/\/hunglong.banbientan.com\/index.php?rest_route=\/wp\/v2\/pages\/853\/revisions"}],"up":[{"embeddable":true,"href":"https:\/\/hunglong.banbientan.com\/index.php?rest_route=\/wp\/v2\/pages\/128"}],"wp:featuredmedia":[{"embeddable":true,"href":"https:\/\/hunglong.banbientan.com\/index.php?rest_route=\/"}],"wp:attachment":[{"href":"https:\/\/hunglong.banbientan.com\/index.php?rest_route=%2Fwp%2Fv2%2Fmedia&parent=853"}],"curies":[{"name":"wp","href":"https:\/\/api.w.org\/{rel}","templated":true}]}}