{"id":8604,"date":"2013-07-09T00:00:19","date_gmt":"2013-07-08T17:00:19","guid":{"rendered":"https:\/\/banbientan.com\/?page_id=8604"},"modified":"2013-07-09T00:00:19","modified_gmt":"2013-07-08T17:00:19","slug":"m22r","status":"publish","type":"page","link":"https:\/\/hunglong.banbientan.com\/?page_id=8604","title":{"rendered":"M22R"},"content":{"rendered":"<table style=\"width: 699px;\" border=\"0\" cellspacing=\"0\" cellpadding=\"0\">\n<colgroup>\n<col width=\"242\" \/>\n<col width=\"229\" \/>\n<col width=\"228\" \/> <\/colgroup>\n<tbody>\n<tr>\n<td width=\"242\" height=\"17\"><a href=\"https:\/\/banbientan.com\/m22r-eg-24a\">\u00a0M22R-EG-24A<\/a><\/td>\n<td width=\"229\">\u00a0<a href=\"https:\/\/banbientan.com\/m22r-eg-t2\/\">M22R-EG-T2\u00a0<\/a><\/td>\n<td width=\"228\"><a href=\"https:\/\/banbientan.com\/m22r-er-24a\/\">\u00a0M22R-ER-24A<\/a><\/td>\n<\/tr>\n<tr>\n<td height=\"17\">\u00a0<a href=\"https:\/\/banbientan.com\/wp-content\/uploads\/2012\/09\/M22R-EG-24A.jpg\"><img loading=\"lazy\" decoding=\"async\" title=\"M22R-EG-24A\" src=\"https:\/\/banbientan.com\/wp-content\/uploads\/2012\/09\/M22R-EG-24A-300x290.jpg\" alt=\"\" width=\"198\" height=\"191\" \/><\/a><\/td>\n<td>\u00a0<a href=\"https:\/\/banbientan.com\/wp-content\/uploads\/2012\/09\/M22R-EG-24A.jpg\"><img loading=\"lazy\" decoding=\"async\" title=\"M22R-EG-24A\" src=\"https:\/\/banbientan.com\/wp-content\/uploads\/2012\/09\/M22R-EG-24A-300x290.jpg\" alt=\"\" width=\"198\" height=\"191\" \/><\/a><\/td>\n<td>\u00a0<a href=\"https:\/\/banbientan.com\/wp-content\/uploads\/2012\/09\/M22R-ER-24A.jpg\"><img loading=\"lazy\" decoding=\"async\" title=\"M22R-ER-24A\" src=\"https:\/\/banbientan.com\/wp-content\/uploads\/2012\/09\/M22R-ER-24A-300x290.jpg\" alt=\"\" width=\"189\" height=\"183\" \/><\/a><\/td>\n<\/tr>\n<tr>\n<td height=\"17\">\u00a0<strong>\u0110\u00e8n b\u00e1o xanh, LED 24V<\/strong><\/td>\n<td>\u00a0<strong>\u0110\u00e8n b\u00e1o xanh, LED 220AC<\/strong><\/td>\n<td>\u00a0<strong>\u0110\u00e8n b\u00e1o \u0111\u1ecf, LED 24V<\/strong><\/td>\n<\/tr>\n<tr>\n<td height=\"17\">\u00a0<a href=\"https:\/\/banbientan.com\/m22r-er-t2\">M22R-ER-T2<\/a><\/td>\n<td>\u00a0<a href=\"https:\/\/banbientan.com\/m22r-ey-24a\/\">\u00a0M22R-EY-24A<\/a><\/td>\n<td>\u00a0<a href=\"https:\/\/banbientan.com\/m22r-eg-24a\">\u00a0<\/a><a href=\"https:\/\/banbientan.com\/m22r-ey-t2\/\">M22R-EY-T2<\/a><\/td>\n<\/tr>\n<tr>\n<td height=\"17\">\u00a0<a href=\"https:\/\/banbientan.com\/wp-content\/uploads\/2012\/09\/M22R-ER-24A.jpg\"><img loading=\"lazy\" decoding=\"async\" title=\"M22R-ER-24A\" src=\"https:\/\/banbientan.com\/wp-content\/uploads\/2012\/09\/M22R-ER-24A-300x290.jpg\" alt=\"\" width=\"189\" height=\"183\" \/><\/a><\/td>\n<td>\u00a0<a href=\"https:\/\/banbientan.com\/wp-content\/uploads\/2012\/09\/M22R-EY-24A.jpg\"><img loading=\"lazy\" decoding=\"async\" title=\"M22R-EY-24A\" src=\"https:\/\/banbientan.com\/wp-content\/uploads\/2012\/09\/M22R-EY-24A.jpg\" alt=\"\" width=\"175\" height=\"191\" \/><\/a><\/td>\n<td>\u00a0<a href=\"https:\/\/banbientan.com\/wp-content\/uploads\/2012\/09\/M22R-EY-24A.jpg\"><img loading=\"lazy\" decoding=\"async\" title=\"M22R-EY-24A\" src=\"https:\/\/banbientan.com\/wp-content\/uploads\/2012\/09\/M22R-EY-24A.jpg\" alt=\"\" width=\"175\" height=\"191\" \/><\/a><\/td>\n<\/tr>\n<tr>\n<td height=\"17\">\u00a0<strong>\u0110\u00e8n b\u00e1o \u0111\u1ecf, LED 220AC<\/strong><\/td>\n<td>\u00a0<strong>\u0110\u00e8n b\u00e1o v\u00e0ng, LED 2V<\/strong><\/td>\n<td>\u00a0<strong>\u0110\u00e8n b\u00e1o v\u00e0ng, LED 220AC<\/strong><\/td>\n<\/tr>\n<\/tbody>\n<\/table>\n","protected":false},"excerpt":{"rendered":"<p>\u00a0M22R-EG-24A \u00a0M22R-EG-T2\u00a0 \u00a0M22R-ER-24A \u00a0 \u00a0 \u00a0 \u00a0\u0110\u00e8n b\u00e1o xanh, LED 24V \u00a0\u0110\u00e8n b\u00e1o xanh, LED 220AC \u00a0\u0110\u00e8n b\u00e1o \u0111\u1ecf, LED 24V \u00a0M22R-ER-T2 \u00a0\u00a0M22R-EY-24A \u00a0\u00a0M22R-EY-T2 \u00a0 \u00a0 \u00a0 \u00a0\u0110\u00e8n b\u00e1o \u0111\u1ecf, LED 220AC \u00a0\u0110\u00e8n b\u00e1o v\u00e0ng, LED 2V \u00a0\u0110\u00e8n b\u00e1o v\u00e0ng, LED 220AC<\/p>\n","protected":false},"author":2,"featured_media":0,"parent":8443,"menu_order":1,"comment_status":"open","ping_status":"closed","template":"","meta":{"footnotes":""},"class_list":["post-8604","page","type-page","status-publish","hentry"],"_links":{"self":[{"href":"https:\/\/hunglong.banbientan.com\/index.php?rest_route=\/wp\/v2\/pages\/8604","targetHints":{"allow":["GET"]}}],"collection":[{"href":"https:\/\/hunglong.banbientan.com\/index.php?rest_route=\/wp\/v2\/pages"}],"about":[{"href":"https:\/\/hunglong.banbientan.com\/index.php?rest_route=\/wp\/v2\/types\/page"}],"author":[{"embeddable":true,"href":"https:\/\/hunglong.banbientan.com\/index.php?rest_route=\/wp\/v2\/users\/2"}],"replies":[{"embeddable":true,"href":"https:\/\/hunglong.banbientan.com\/index.php?rest_route=%2Fwp%2Fv2%2Fcomments&post=8604"}],"version-history":[{"count":0,"href":"https:\/\/hunglong.banbientan.com\/index.php?rest_route=\/wp\/v2\/pages\/8604\/revisions"}],"up":[{"embeddable":true,"href":"https:\/\/hunglong.banbientan.com\/index.php?rest_route=\/wp\/v2\/pages\/8443"}],"wp:attachment":[{"href":"https:\/\/hunglong.banbientan.com\/index.php?rest_route=%2Fwp%2Fv2%2Fmedia&parent=8604"}],"curies":[{"name":"wp","href":"https:\/\/api.w.org\/{rel}","templated":true}]}}