{"id":8632,"date":"2013-06-09T00:00:41","date_gmt":"2013-06-08T17:00:41","guid":{"rendered":"https:\/\/banbientan.com\/?page_id=8632"},"modified":"2013-06-09T00:00:41","modified_gmt":"2013-06-08T17:00:41","slug":"d4v","status":"publish","type":"page","link":"https:\/\/hunglong.banbientan.com\/?page_id=8632","title":{"rendered":"D4V"},"content":{"rendered":"<table style=\"width: 703px;\" border=\"0\" cellspacing=\"0\" cellpadding=\"0\">\n<colgroup>\n<col width=\"350\" \/>\n<col width=\"353\" \/> <\/colgroup>\n<tbody>\n<tr>\n<td width=\"350\" height=\"17\"><a href=\"https:\/\/banbientan.com\/d4v-8104z\/\">\u00a0<strong>D4V-8104Z<\/strong><\/a><\/td>\n<td width=\"353\">\u00a0<a href=\"https:\/\/banbientan.com\/d4v-8108z\/\"><strong>D4V-8108Z<\/strong><\/a><\/td>\n<\/tr>\n<tr>\n<td height=\"17\">\u00a0<a href=\"https:\/\/banbientan.com\/wp-content\/uploads\/2012\/09\/D4V-8104Z.jpg\"><img loading=\"lazy\" decoding=\"async\" title=\"D4V-8104Z\" src=\"https:\/\/banbientan.com\/wp-content\/uploads\/2012\/09\/D4V-8104Z.jpg\" alt=\"\" width=\"200\" height=\"200\" \/><\/a><\/td>\n<td>\u00a0<a href=\"https:\/\/banbientan.com\/wp-content\/uploads\/2012\/09\/D4V-8108Z.jpg\"><img loading=\"lazy\" decoding=\"async\" title=\"D4V-8108Z\" src=\"https:\/\/banbientan.com\/wp-content\/uploads\/2012\/09\/D4V-8108Z.jpg\" alt=\"\" width=\"200\" height=\"200\" \/><\/a><\/td>\n<\/tr>\n<tr>\n<td height=\"17\">\u00a0C\u1ea7n c\u00f3 b\u00e1nh xe<\/td>\n<td>\u00a0C\u1ea7n c\u00f3 b\u00e1nh xe, c\u00f3 th\u1ec3 \u0111i\u1ec1u ch\u1ec9nh<\/td>\n<\/tr>\n<tr>\n<td height=\"17\">\u00a0<a href=\"https:\/\/banbientan.com\/d4v-8111z\/\">D4V-8111Z<\/a><\/td>\n<td>\u00a0<a href=\"https:\/\/banbientan.com\/d4v-8112z\">D4V-8112Z<\/a><\/td>\n<\/tr>\n<tr>\n<td height=\"17\">\u00a0<a href=\"https:\/\/banbientan.com\/wp-content\/uploads\/2012\/09\/D4V-8111Z.jpg\"><img loading=\"lazy\" decoding=\"async\" title=\"D4V-8111Z\" src=\"https:\/\/banbientan.com\/wp-content\/uploads\/2012\/09\/D4V-8111Z-270x300.jpg\" alt=\"\" width=\"216\" height=\"240\" \/><\/a><\/td>\n<td>\u00a0<a href=\"https:\/\/banbientan.com\/wp-content\/uploads\/2012\/09\/D4V-8112Z.jpg\"><img loading=\"lazy\" decoding=\"async\" title=\"D4V-8112Z\" src=\"https:\/\/banbientan.com\/wp-content\/uploads\/2012\/09\/D4V-8112Z.jpg\" alt=\"\" width=\"230\" height=\"230\" \/><\/a><\/td>\n<\/tr>\n<tr>\n<td height=\"17\">\u00a0C\u00f3 ch\u1ed1t \u0111\u1ea9y<\/td>\n<td>\u00a0Ch\u1ed1t \u0111\u1ea9y c\u00f3 b\u00e1nh xe ngang<\/td>\n<\/tr>\n<tr>\n<td height=\"17\"><a href=\"https:\/\/banbientan.com\/d4v-8111z\/\" target=\"_blank\" rel=\"noopener\">\u00a0<strong>\u00a0Xem chi ti\u1ebft &gt;&gt;<\/strong><\/a><\/td>\n<td>\u00a0<strong>\u00a0<a href=\"https:\/\/banbientan.com\/d4v-8112z\" target=\"_blank\" rel=\"noopener\">Xem chi ti\u1ebft &gt;&gt;<\/a><\/strong><\/td>\n<\/tr>\n<tr>\n<td height=\"17\"><a href=\"https:\/\/banbientan.com\/d4v-8122z\/\">\u00a0D4V-8122Z<\/a><\/td>\n<td>\u00a0<a href=\"https:\/\/banbientan.com\/d4v-8169z\">D4V-8169Z<\/a><\/td>\n<\/tr>\n<tr>\n<td height=\"17\">\u00a0<a href=\"https:\/\/banbientan.com\/wp-content\/uploads\/2012\/09\/D4V-8122Z.jpg\"><img loading=\"lazy\" decoding=\"async\" title=\"D4V-8122Z\" src=\"https:\/\/banbientan.com\/wp-content\/uploads\/2012\/09\/D4V-8122Z.jpg\" alt=\"\" width=\"230\" height=\"230\" \/><\/a><\/td>\n<td>\u00a0<a href=\"https:\/\/banbientan.com\/wp-content\/uploads\/2012\/09\/D4V-8169Z.jpg\"><img loading=\"lazy\" decoding=\"async\" title=\"D4V-8169Z\" src=\"https:\/\/banbientan.com\/wp-content\/uploads\/2012\/09\/D4V-8169Z-203x300.jpg\" alt=\"\" width=\"203\" height=\"300\" \/><\/a><\/td>\n<\/tr>\n<tr>\n<td height=\"17\">\u00a0C\u00f3 ch\u1ed1t \u0111\u1ea9y, b\u00e1nh xe d\u1ecdc.<\/td>\n<td>\u00a0Cu\u1ed9n d\u00e2y l\u00f2 xo<\/td>\n<\/tr>\n<tr>\n<td height=\"17\">\u00a0<a href=\"https:\/\/banbientan.com\/d4v-8107z\/\">D4V-8107Z<\/a><\/td>\n<td>\u00a0<a href=\"https:\/\/banbientan.com\/d4v-8166z\">D4V-8166Z<\/a><\/td>\n<\/tr>\n<tr>\n<td height=\"17\">\u00a0<a href=\"https:\/\/banbientan.com\/wp-content\/uploads\/2012\/09\/D4V-8107Z.jpg\"><img loading=\"lazy\" decoding=\"async\" title=\"D4V-8107Z\" src=\"https:\/\/banbientan.com\/wp-content\/uploads\/2012\/09\/D4V-8107Z-242x300.jpg\" alt=\"\" width=\"242\" height=\"300\" \/><\/a><\/td>\n<td>\u00a0<a href=\"https:\/\/banbientan.com\/wp-content\/uploads\/2012\/09\/D4V-8166Z.jpg\"><img loading=\"lazy\" decoding=\"async\" title=\"D4V-8166Z\" src=\"https:\/\/banbientan.com\/wp-content\/uploads\/2012\/09\/D4V-8166Z-203x300.jpg\" alt=\"\" width=\"203\" height=\"300\" \/><\/a><\/td>\n<\/tr>\n<tr>\n<td height=\"17\">\u00a0C\u1ea7n c\u00f3 th\u1ec3 \u0111i\u1ec1u ch\u1ec9nh<\/td>\n<td>\u00a0Cu\u1ed9n d\u00e2y l\u00f2 xo\u00a0c\u00f3 th\u1ec3 \u0111i\u1ec1u ch\u1ec9nh<\/td>\n<\/tr>\n<\/tbody>\n<\/table>\n","protected":false},"excerpt":{"rendered":"<p>\u00a0D4V-8104Z \u00a0D4V-8108Z \u00a0 \u00a0 \u00a0C\u1ea7n c\u00f3 b\u00e1nh xe \u00a0C\u1ea7n c\u00f3 b\u00e1nh xe, c\u00f3 th\u1ec3 \u0111i\u1ec1u ch\u1ec9nh \u00a0D4V-8111Z \u00a0D4V-8112Z \u00a0 \u00a0 \u00a0C\u00f3 ch\u1ed1t \u0111\u1ea9y \u00a0Ch\u1ed1t \u0111\u1ea9y c\u00f3 b\u00e1nh xe ngang \u00a0\u00a0Xem chi ti\u1ebft &gt;&gt; \u00a0\u00a0Xem chi ti\u1ebft &gt;&gt; \u00a0D4V-8122Z \u00a0D4V-8169Z \u00a0 \u00a0 \u00a0C\u00f3 ch\u1ed1t \u0111\u1ea9y, b\u00e1nh xe d\u1ecdc. \u00a0Cu\u1ed9n d\u00e2y l\u00f2 xo \u00a0D4V-8107Z \u00a0D4V-8166Z \u00a0 \u00a0 [&hellip;]<\/p>\n","protected":false},"author":2,"featured_media":0,"parent":8445,"menu_order":0,"comment_status":"open","ping_status":"closed","template":"","meta":{"footnotes":""},"class_list":["post-8632","page","type-page","status-publish","hentry"],"_links":{"self":[{"href":"https:\/\/hunglong.banbientan.com\/index.php?rest_route=\/wp\/v2\/pages\/8632","targetHints":{"allow":["GET"]}}],"collection":[{"href":"https:\/\/hunglong.banbientan.com\/index.php?rest_route=\/wp\/v2\/pages"}],"about":[{"href":"https:\/\/hunglong.banbientan.com\/index.php?rest_route=\/wp\/v2\/types\/page"}],"author":[{"embeddable":true,"href":"https:\/\/hunglong.banbientan.com\/index.php?rest_route=\/wp\/v2\/users\/2"}],"replies":[{"embeddable":true,"href":"https:\/\/hunglong.banbientan.com\/index.php?rest_route=%2Fwp%2Fv2%2Fcomments&post=8632"}],"version-history":[{"count":0,"href":"https:\/\/hunglong.banbientan.com\/index.php?rest_route=\/wp\/v2\/pages\/8632\/revisions"}],"up":[{"embeddable":true,"href":"https:\/\/hunglong.banbientan.com\/index.php?rest_route=\/wp\/v2\/pages\/8445"}],"wp:attachment":[{"href":"https:\/\/hunglong.banbientan.com\/index.php?rest_route=%2Fwp%2Fv2%2Fmedia&parent=8632"}],"curies":[{"name":"wp","href":"https:\/\/api.w.org\/{rel}","templated":true}]}}