{"id":8705,"date":"2013-06-09T00:00:07","date_gmt":"2013-06-08T17:00:07","guid":{"rendered":"https:\/\/banbientan.com\/?page_id=8705"},"modified":"2013-06-09T00:00:07","modified_gmt":"2013-06-08T17:00:07","slug":"wl","status":"publish","type":"page","link":"https:\/\/hunglong.banbientan.com\/?page_id=8705","title":{"rendered":"WL"},"content":{"rendered":"<p>&nbsp;<\/p>\n<table border=\"0\" cellspacing=\"0\" cellpadding=\"0\">\n<colgroup>\n<col width=\"239\" \/>\n<col width=\"245\" \/>\n<col width=\"219\" \/><\/colgroup>\n<tbody>\n<tr>\n<td width=\"239\" height=\"17\">\u00a0<a href=\"https:\/\/banbientan.com\/wlca12\/\">WLCA12<\/a><\/td>\n<td width=\"245\"><a href=\"https:\/\/banbientan.com\/wlca12-2n\/\">\u00a0WLCA12-2N<\/a><\/td>\n<td width=\"219\">\u00a0<a href=\"https:\/\/banbientan.com\/wlca2\/\">WLCA2<\/a><\/td>\n<\/tr>\n<tr>\n<td height=\"17\">\u00a0<a href=\"https:\/\/banbientan.com\/wp-content\/uploads\/2012\/09\/WLCA12.jpg\"><img loading=\"lazy\" decoding=\"async\" title=\"WLCA12\" src=\"https:\/\/banbientan.com\/wp-content\/uploads\/2012\/09\/WLCA12-158x300.jpg\" alt=\"\" width=\"158\" height=\"300\" \/><\/a><\/td>\n<td>\u00a0<a href=\"https:\/\/banbientan.com\/wp-content\/uploads\/2012\/09\/WLCA12-2N.jpg\"><img loading=\"lazy\" decoding=\"async\" title=\"WLCA12-2N\" src=\"https:\/\/banbientan.com\/wp-content\/uploads\/2012\/09\/WLCA12-2N-158x300.jpg\" alt=\"\" width=\"158\" height=\"300\" \/><\/a><\/td>\n<td>\u00a0<a href=\"https:\/\/banbientan.com\/wp-content\/uploads\/2012\/09\/WLCA2.jpg\"><img loading=\"lazy\" decoding=\"async\" title=\"WLCA2\" src=\"https:\/\/banbientan.com\/wp-content\/uploads\/2012\/09\/WLCA2.jpg\" alt=\"\" width=\"225\" height=\"225\" \/><\/a><\/td>\n<\/tr>\n<tr>\n<td height=\"17\">\u00a0b\u00e1nh xe c\u1ea7n d\u00e0i 25-90mm,\u00a0c\u00f3 th\u1ec3 \u0111i\u1ec1u ch\u1ec9nh, g\u00f3c quay 180 \u0111\u1ed9<\/td>\n<td>\u00a0lo\u1ea1i b\u00e1nh xe c\u1ea7n d\u00e0i 25-90mm, c\u00f3 th\u1ec3 \u0111i\u1ec1u ch\u1ec9nh,g\u00f3c \u00a0quay 90\u0111\u1ed9<\/td>\n<td>\u00a0lo\u1ea1i b\u00e1nh xe c\u1ea7n ng\u1eafn 38mm, g\u00f3c quay 180 \u0111\u1ed9<\/td>\n<\/tr>\n<tr>\n<td height=\"17\"><a href=\"https:\/\/banbientan.com\/wlca2-2\">\u00a0WLCA2-2<\/a><\/td>\n<td>\u00a0<a href=\"https:\/\/banbientan.com\/wlcl\">WLCL\u00a0<\/a><\/td>\n<td><a href=\"https:\/\/banbientan.com\/wlcl-2n\">\u00a0WLCL-2N<\/a><\/td>\n<\/tr>\n<tr>\n<td height=\"17\">\u00a0<a href=\"https:\/\/banbientan.com\/wp-content\/uploads\/2012\/09\/WLCA2-2.jpg\"><img loading=\"lazy\" decoding=\"async\" title=\"WLCA2-2\" src=\"https:\/\/banbientan.com\/wp-content\/uploads\/2012\/09\/WLCA2-2.jpg\" alt=\"\" width=\"225\" height=\"225\" \/><\/a><\/td>\n<td>\u00a0<a href=\"https:\/\/banbientan.com\/wp-content\/uploads\/2012\/09\/WLCL.jpg\"><img loading=\"lazy\" decoding=\"async\" title=\"WLCL\" src=\"https:\/\/banbientan.com\/wp-content\/uploads\/2012\/09\/WLCL-222x300.jpg\" alt=\"\" width=\"178\" height=\"240\" \/><\/a><\/td>\n<td>\u00a0<a href=\"https:\/\/banbientan.com\/wp-content\/uploads\/2012\/09\/WLCL-2N.jpg\"><img loading=\"lazy\" decoding=\"async\" title=\"WLCL-2N\" src=\"https:\/\/banbientan.com\/wp-content\/uploads\/2012\/09\/WLCL-2N.jpg\" alt=\"\" width=\"222\" height=\"300\" \/><\/a><\/td>\n<\/tr>\n<tr>\n<td height=\"17\">\u00a0lo\u1ea1i b\u00e1nh xe c\u1ea7n ng\u1eafn 38mm, kh\u00f4ng \u0111i\u1ec1u ch\u1ec9nh, g\u00f3c quay 90 \u0111\u1ed9<\/td>\n<td>\u00a0Thanh \u0111\u00f2n b\u1ea5y, c\u00f3 th\u1ec3 \u0111i\u1ec1u ch\u1ec9nh, g\u00f3c quay 180 \u0111\u1ed9.<\/td>\n<td>\u00a0Thanh \u0111\u00f2n b\u1ea5y, c\u00f3 th\u1ec3 \u0111i\u1ec1u ch\u1ec9nh, g\u00f3c quay 90 \u0111\u1ed9.<\/td>\n<\/tr>\n<tr>\n<td height=\"17\">\u00a0<a href=\"https:\/\/banbientan.com\/wld2\"><strong>WLD2<\/strong><\/a><\/td>\n<td>\u00a0<a href=\"https:\/\/banbientan.com\/wlnj\/\">WLNJ<\/a><\/td>\n<td><\/td>\n<\/tr>\n<tr>\n<td height=\"17\">\u00a0<a href=\"https:\/\/banbientan.com\/wp-content\/uploads\/2012\/09\/WLD2.jpg\"><img loading=\"lazy\" decoding=\"async\" title=\"WLD2\" src=\"https:\/\/banbientan.com\/wp-content\/uploads\/2012\/09\/WLD2-300x300.jpg\" alt=\"\" width=\"216\" height=\"216\" \/><\/a><\/td>\n<td>\u00a0<a href=\"https:\/\/banbientan.com\/wp-content\/uploads\/2012\/09\/WLNJ.jpg\"><img loading=\"lazy\" decoding=\"async\" title=\"WLNJ\" src=\"https:\/\/banbientan.com\/wp-content\/uploads\/2012\/09\/WLNJ-300x300.jpg\" alt=\"\" width=\"240\" height=\"240\" \/><\/a><\/td>\n<td><\/td>\n<\/tr>\n<tr>\n<td height=\"17\">\u00a0lo\u1ea1i b\u00e1nh xe t\u00e1c \u0111\u1ed9ng l\u00ean\/xu\u1ed1ng<\/td>\n<td>\u00a0lo\u1ea1i thanh l\u00f2 xo d=6.5mm d\u00e0i 140mm<\/td>\n<td><\/td>\n<\/tr>\n<\/tbody>\n<\/table>\n","protected":false},"excerpt":{"rendered":"<p>&nbsp; \u00a0WLCA12 \u00a0WLCA12-2N \u00a0WLCA2 \u00a0 \u00a0 \u00a0 \u00a0b\u00e1nh xe c\u1ea7n d\u00e0i 25-90mm,\u00a0c\u00f3 th\u1ec3 \u0111i\u1ec1u ch\u1ec9nh, g\u00f3c quay 180 \u0111\u1ed9 \u00a0lo\u1ea1i b\u00e1nh xe c\u1ea7n d\u00e0i 25-90mm, c\u00f3 th\u1ec3 \u0111i\u1ec1u ch\u1ec9nh,g\u00f3c \u00a0quay 90\u0111\u1ed9 \u00a0lo\u1ea1i b\u00e1nh xe c\u1ea7n ng\u1eafn 38mm, g\u00f3c quay 180 \u0111\u1ed9 \u00a0WLCA2-2 \u00a0WLCL\u00a0 \u00a0WLCL-2N \u00a0 \u00a0 \u00a0 \u00a0lo\u1ea1i b\u00e1nh xe c\u1ea7n ng\u1eafn 38mm, kh\u00f4ng \u0111i\u1ec1u [&hellip;]<\/p>\n","protected":false},"author":2,"featured_media":0,"parent":8445,"menu_order":2,"comment_status":"open","ping_status":"closed","template":"","meta":{"footnotes":""},"class_list":["post-8705","page","type-page","status-publish","hentry"],"_links":{"self":[{"href":"https:\/\/hunglong.banbientan.com\/index.php?rest_route=\/wp\/v2\/pages\/8705","targetHints":{"allow":["GET"]}}],"collection":[{"href":"https:\/\/hunglong.banbientan.com\/index.php?rest_route=\/wp\/v2\/pages"}],"about":[{"href":"https:\/\/hunglong.banbientan.com\/index.php?rest_route=\/wp\/v2\/types\/page"}],"author":[{"embeddable":true,"href":"https:\/\/hunglong.banbientan.com\/index.php?rest_route=\/wp\/v2\/users\/2"}],"replies":[{"embeddable":true,"href":"https:\/\/hunglong.banbientan.com\/index.php?rest_route=%2Fwp%2Fv2%2Fcomments&post=8705"}],"version-history":[{"count":0,"href":"https:\/\/hunglong.banbientan.com\/index.php?rest_route=\/wp\/v2\/pages\/8705\/revisions"}],"up":[{"embeddable":true,"href":"https:\/\/hunglong.banbientan.com\/index.php?rest_route=\/wp\/v2\/pages\/8445"}],"wp:attachment":[{"href":"https:\/\/hunglong.banbientan.com\/index.php?rest_route=%2Fwp%2Fv2%2Fmedia&parent=8705"}],"curies":[{"name":"wp","href":"https:\/\/api.w.org\/{rel}","templated":true}]}}