{"id":8743,"date":"2013-06-09T00:00:03","date_gmt":"2013-06-08T17:00:03","guid":{"rendered":"https:\/\/banbientan.com\/?page_id=8743"},"modified":"2013-06-09T00:00:03","modified_gmt":"2013-06-08T17:00:03","slug":"z","status":"publish","type":"page","link":"https:\/\/hunglong.banbientan.com\/?page_id=8743","title":{"rendered":"Z"},"content":{"rendered":"<table style=\"width: 703px;\" border=\"0\" cellspacing=\"0\" cellpadding=\"0\">\n<colgroup>\n<col width=\"239\" \/>\n<col width=\"245\" \/>\n<col width=\"219\" \/> <\/colgroup>\n<tbody>\n<tr>\n<td width=\"239\" height=\"17\"><a href=\"https:\/\/banbientan.com\/z-15g-b\/\">\u00a0Z-15G-B<\/a><\/td>\n<td width=\"245\">\u00a0<a href=\"https:\/\/banbientan.com\/z-15gd-b\"><strong>Z-15GD-B<\/strong><\/a><\/td>\n<td width=\"219\">\u00a0<a href=\"https:\/\/banbientan.com\/z-15gq-b\"><strong>Z-15GQ-B<\/strong><\/a><\/td>\n<\/tr>\n<tr>\n<td height=\"17\">\u00a0<a href=\"https:\/\/banbientan.com\/wp-content\/uploads\/2012\/09\/Z-15G-B.jpg\"><img loading=\"lazy\" decoding=\"async\" title=\"Z-15G-B\" src=\"https:\/\/banbientan.com\/wp-content\/uploads\/2012\/09\/Z-15G-B.jpg\" alt=\"\" width=\"235\" height=\"200\" \/><\/a><\/td>\n<td>\u00a0<a href=\"https:\/\/banbientan.com\/wp-content\/uploads\/2012\/09\/Z-15GD-B.jpg\"><img loading=\"lazy\" decoding=\"async\" title=\"Z-15GD-B\" src=\"https:\/\/banbientan.com\/wp-content\/uploads\/2012\/09\/Z-15GD-B.jpg\" alt=\"\" width=\"250\" height=\"203\" \/><\/a><\/td>\n<td>\u00a0<a href=\"https:\/\/banbientan.com\/wp-content\/uploads\/2012\/09\/Z-15GQ-B.jpg\"><img loading=\"lazy\" decoding=\"async\" title=\"Z-15GQ-B\" src=\"https:\/\/banbientan.com\/wp-content\/uploads\/2012\/09\/Z-15GQ-B-300x276.jpg\" alt=\"\" width=\"216\" height=\"199\" \/><\/a><\/td>\n<\/tr>\n<tr>\n<td height=\"17\">\u00a0Lo\u1ea1i ch\u1ed1t ng\u1eafn, nh\u1ecf, t\u00e1c \u0111\u1ed9ng l\u00ean xu\u1ed1ng.<\/td>\n<td>\u00a0Lo\u1ea1i ch\u1ed1t ng\u1eafn, t\u00e1c \u0111\u1ed9ng l\u00ean xu\u1ed1ng.<\/td>\n<td>\u00a0Lo\u1ea1i ch\u1ed1t d\u00e0i t\u00e1c \u0111\u1ed9ng l\u00ean\/xu\u1ed1ng<\/td>\n<\/tr>\n<tr>\n<td height=\"17\">\u00a0<a href=\"https:\/\/banbientan.com\/z-15gq22-b\"><strong>Z-15GQ22-B<\/strong><\/a><\/td>\n<td><a href=\"https:\/\/banbientan.com\/z-15gw-b\/\">\u00a0<strong>Z-15GW-B<\/strong><\/a><\/td>\n<td>\u00a0<a href=\"https:\/\/banbientan.com\/z-15gw22-b\"><strong>Z-15GW22-B<\/strong><\/a><\/td>\n<\/tr>\n<tr>\n<td height=\"17\">\u00a0<a href=\"https:\/\/banbientan.com\/wp-content\/uploads\/2012\/09\/Z-15GQ22-B.jpg\"><img loading=\"lazy\" decoding=\"async\" title=\"Z-15GQ22-B\" src=\"https:\/\/banbientan.com\/wp-content\/uploads\/2012\/09\/Z-15GQ22-B-300x300.jpg\" alt=\"\" width=\"240\" height=\"240\" \/><\/a><\/td>\n<td>\u00a0<a href=\"https:\/\/banbientan.com\/wp-content\/uploads\/2012\/09\/Z-15GW-B.jpg\"><img loading=\"lazy\" decoding=\"async\" title=\"Z-15GW-B\" src=\"https:\/\/banbientan.com\/wp-content\/uploads\/2012\/09\/Z-15GW-B-300x300.jpg\" alt=\"\" width=\"240\" height=\"240\" \/><\/a><\/td>\n<td>\u00a0<a href=\"https:\/\/banbientan.com\/wp-content\/uploads\/2012\/09\/Z-15GW22-B.jpg\"><img loading=\"lazy\" decoding=\"async\" title=\"Z-15GW22-B\" src=\"https:\/\/banbientan.com\/wp-content\/uploads\/2012\/09\/Z-15GW22-B-300x300.jpg\" alt=\"\" width=\"216\" height=\"216\" \/><\/a><\/td>\n<\/tr>\n<tr>\n<td height=\"17\">\u00a0\u00a0Lo\u1ea1i ch\u1ed1t d\u00e0i c\u00f3 b\u00e1nh xe t\u00e1c \u0111\u1ed9ng l\u00ean\/xu\u1ed1ng<\/td>\n<td>\u00a0lo\u1ea1i c\u1ea7n d\u00e0i 63mm<\/td>\n<td>\u00a0lo\u1ea1i c\u1ea7n d\u00e0i 26mm c\u00f3 b\u00e1nh xe<\/td>\n<\/tr>\n<tr>\n<td height=\"17\"><a href=\"https:\/\/banbientan.com\/z-15hw78-b\/\">\u00a0<strong>Z-15HW78-B<\/strong><\/a><\/td>\n<td><a href=\"https:\/\/banbientan.com\/z-15gw55-b\/ \">\u00a0Z-15GW55-B<\/a><\/td>\n<td><\/td>\n<\/tr>\n<tr>\n<td height=\"17\">\u00a0<a href=\"https:\/\/banbientan.com\/wp-content\/uploads\/2012\/09\/Z-15HW78-B.jpg\"><img loading=\"lazy\" decoding=\"async\" title=\"Z-15HW78-B\" src=\"https:\/\/banbientan.com\/wp-content\/uploads\/2012\/09\/Z-15HW78-B.jpg\" alt=\"\" width=\"259\" height=\"200\" \/><\/a><\/td>\n<td>\u00a0<a href=\"https:\/\/banbientan.com\/wp-content\/uploads\/2012\/09\/Z-15GW55-B.png\"><img loading=\"lazy\" decoding=\"async\" title=\"Z-15GW55-B\" src=\"https:\/\/banbientan.com\/wp-content\/uploads\/2012\/09\/Z-15GW55-B-300x275.png\" alt=\"\" width=\"240\" height=\"220\" \/><\/a><\/td>\n<td><\/td>\n<\/tr>\n<tr>\n<td height=\"17\">\u00a0lo\u1ea1i thanh d=0.5mm d\u00e0i 100mm<\/td>\n<td>\u00a0Lo\u1ea1i c\u1ea7n d\u00e0i<\/td>\n<td><\/td>\n<\/tr>\n<\/tbody>\n<\/table>\n","protected":false},"excerpt":{"rendered":"<p>\u00a0Z-15G-B \u00a0Z-15GD-B \u00a0Z-15GQ-B \u00a0 \u00a0 \u00a0 \u00a0Lo\u1ea1i ch\u1ed1t ng\u1eafn, nh\u1ecf, t\u00e1c \u0111\u1ed9ng l\u00ean xu\u1ed1ng. \u00a0Lo\u1ea1i ch\u1ed1t ng\u1eafn, t\u00e1c \u0111\u1ed9ng l\u00ean xu\u1ed1ng. \u00a0Lo\u1ea1i ch\u1ed1t d\u00e0i t\u00e1c \u0111\u1ed9ng l\u00ean\/xu\u1ed1ng \u00a0Z-15GQ22-B \u00a0Z-15GW-B \u00a0Z-15GW22-B \u00a0 \u00a0 \u00a0 \u00a0\u00a0Lo\u1ea1i ch\u1ed1t d\u00e0i c\u00f3 b\u00e1nh xe t\u00e1c \u0111\u1ed9ng l\u00ean\/xu\u1ed1ng \u00a0lo\u1ea1i c\u1ea7n d\u00e0i 63mm \u00a0lo\u1ea1i c\u1ea7n d\u00e0i 26mm c\u00f3 b\u00e1nh xe \u00a0Z-15HW78-B \u00a0Z-15GW55-B [&hellip;]<\/p>\n","protected":false},"author":2,"featured_media":0,"parent":8445,"menu_order":3,"comment_status":"open","ping_status":"closed","template":"","meta":{"footnotes":""},"class_list":["post-8743","page","type-page","status-publish","hentry"],"_links":{"self":[{"href":"https:\/\/hunglong.banbientan.com\/index.php?rest_route=\/wp\/v2\/pages\/8743","targetHints":{"allow":["GET"]}}],"collection":[{"href":"https:\/\/hunglong.banbientan.com\/index.php?rest_route=\/wp\/v2\/pages"}],"about":[{"href":"https:\/\/hunglong.banbientan.com\/index.php?rest_route=\/wp\/v2\/types\/page"}],"author":[{"embeddable":true,"href":"https:\/\/hunglong.banbientan.com\/index.php?rest_route=\/wp\/v2\/users\/2"}],"replies":[{"embeddable":true,"href":"https:\/\/hunglong.banbientan.com\/index.php?rest_route=%2Fwp%2Fv2%2Fcomments&post=8743"}],"version-history":[{"count":0,"href":"https:\/\/hunglong.banbientan.com\/index.php?rest_route=\/wp\/v2\/pages\/8743\/revisions"}],"up":[{"embeddable":true,"href":"https:\/\/hunglong.banbientan.com\/index.php?rest_route=\/wp\/v2\/pages\/8445"}],"wp:attachment":[{"href":"https:\/\/hunglong.banbientan.com\/index.php?rest_route=%2Fwp%2Fv2%2Fmedia&parent=8743"}],"curies":[{"name":"wp","href":"https:\/\/api.w.org\/{rel}","templated":true}]}}