{"id":9112,"date":"2013-06-09T00:00:20","date_gmt":"2013-06-08T17:00:20","guid":{"rendered":"https:\/\/banbientan.com\/?page_id=9112"},"modified":"2013-06-09T00:00:20","modified_gmt":"2013-06-08T17:00:20","slug":"my","status":"publish","type":"page","link":"https:\/\/hunglong.banbientan.com\/?page_id=9112","title":{"rendered":"MY"},"content":{"rendered":"<table style=\"width: 703px;\" border=\"0\" cellspacing=\"0\" cellpadding=\"0\">\n<colgroup>\n<col width=\"239\" \/>\n<col width=\"245\" \/>\n<col width=\"219\" \/> <\/colgroup>\n<tbody>\n<tr>\n<td width=\"239\" height=\"17\"><a href=\"https:\/\/banbientan.com\/my4n-ac100110\"><strong>MY4N AC100\/110<\/strong><\/a><\/td>\n<td width=\"245\"><strong>\u00a0<a href=\"https:\/\/banbientan.com\/my4n-ac220-240\/\">MY4N AC220\/240\u00a0<\/a><\/strong><\/td>\n<td width=\"219\"><a href=\"https:\/\/banbientan.com\/my4n-dc100-110\"><strong>\u00a0MY4N DC100\/110<\/strong><\/a><\/td>\n<\/tr>\n<tr>\n<td width=\"239\" height=\"17\">\u00a0<a href=\"https:\/\/banbientan.com\/wp-content\/uploads\/2012\/09\/MY4N-AC100-110.jpg\"><img loading=\"lazy\" decoding=\"async\" title=\"MY4N AC100-110\" src=\"https:\/\/banbientan.com\/wp-content\/uploads\/2012\/09\/MY4N-AC100-110.jpg\" alt=\"\" width=\"189\" height=\"189\" \/><\/a><\/td>\n<td width=\"245\">\u00a0<a href=\"https:\/\/banbientan.com\/wp-content\/uploads\/2012\/09\/MY4N-AC100-110.jpg\"><img loading=\"lazy\" decoding=\"async\" title=\"MY4N AC100-110\" src=\"https:\/\/banbientan.com\/wp-content\/uploads\/2012\/09\/MY4N-AC100-110.jpg\" alt=\"\" width=\"189\" height=\"189\" \/><\/a><\/td>\n<td width=\"219\">\u00a0<a href=\"https:\/\/banbientan.com\/wp-content\/uploads\/2012\/09\/MY4N-AC100-110.jpg\"><img loading=\"lazy\" decoding=\"async\" title=\"MY4N AC100-110\" src=\"https:\/\/banbientan.com\/wp-content\/uploads\/2012\/09\/MY4N-AC100-110.jpg\" alt=\"\" width=\"189\" height=\"189\" \/><\/a><\/td>\n<\/tr>\n<tr>\n<td width=\"239\" height=\"30\">R\u01a1 le 14 ch\u00e2n, ti\u1ebfp \u0111i\u1ec3m 4PDT 3A, Coil AC100\/110<\/td>\n<td width=\"245\">R\u01a1 le 14 ch\u00e2n, ti\u1ebfp \u0111i\u1ec3m 4PDT 3A, Coil AC220\/240<\/td>\n<td width=\"219\">R\u01a1 le 14 ch\u00e2n, ti\u1ebfp \u0111i\u1ec3m 4PDT 3A, Coil DC100\/110<\/td>\n<\/tr>\n<tr>\n<td width=\"239\" height=\"17\"><strong>\u00a0<a href=\"https:\/\/banbientan.com\/my4n-dc12\">MY4N DC12<\/a><\/strong><\/td>\n<td width=\"245\"><a href=\"https:\/\/banbientan.com\/my4n-dc24\"><strong>\u00a0MY4N DC24<\/strong><\/a><\/td>\n<td width=\"219\"><strong>\u00a0<a href=\"https:\/\/banbientan.com\/my4n-dc48\/\">MY4N DC48<\/a><\/strong><\/td>\n<\/tr>\n<tr>\n<td width=\"239\" height=\"17\">\u00a0<a href=\"https:\/\/banbientan.com\/wp-content\/uploads\/2012\/09\/MY4N-AC100-110.jpg\"><img loading=\"lazy\" decoding=\"async\" title=\"MY4N AC100-110\" src=\"https:\/\/banbientan.com\/wp-content\/uploads\/2012\/09\/MY4N-AC100-110.jpg\" alt=\"\" width=\"189\" height=\"189\" \/><\/a><\/td>\n<td width=\"245\">\u00a0<a href=\"https:\/\/banbientan.com\/wp-content\/uploads\/2012\/09\/MY4N-AC100-110.jpg\"><img loading=\"lazy\" decoding=\"async\" title=\"MY4N AC100-110\" src=\"https:\/\/banbientan.com\/wp-content\/uploads\/2012\/09\/MY4N-AC100-110.jpg\" alt=\"\" width=\"189\" height=\"189\" \/><\/a><\/td>\n<td width=\"219\">\u00a0<a href=\"https:\/\/banbientan.com\/wp-content\/uploads\/2012\/09\/MY4N-AC100-110.jpg\"><img loading=\"lazy\" decoding=\"async\" title=\"MY4N AC100-110\" src=\"https:\/\/banbientan.com\/wp-content\/uploads\/2012\/09\/MY4N-AC100-110.jpg\" alt=\"\" width=\"189\" height=\"189\" \/><\/a><\/td>\n<\/tr>\n<tr>\n<td width=\"239\" height=\"30\">R\u01a1 le 14 ch\u00e2n, ti\u1ebfp \u0111i\u1ec3m 4PDT 3A, Coil DC12<\/td>\n<td width=\"245\">R\u01a1 le 14 ch\u00e2n, ti\u1ebfp \u0111i\u1ec3m 4PDT 3A, Coil DC24<\/td>\n<td width=\"219\">R\u01a1 le 14 ch\u00e2n, ti\u1ebfp \u0111i\u1ec3m 4PDT 3A, Coil DC48<\/td>\n<\/tr>\n<tr>\n<td width=\"239\" height=\"17\"><strong>\u00a0<a href=\"https:\/\/banbientan.com\/my2n-ac100-110\">MY2N AC100\/110<\/a><\/strong><\/td>\n<td width=\"245\"><strong>\u00a0<a href=\"https:\/\/banbientan.com\/my2n-ac220-240\/\">MY2N AC220\/240<\/a><\/strong><\/td>\n<td width=\"219\"><a href=\"https:\/\/banbientan.com\/my2n-dc100-110\/\"><strong>\u00a0MY2N DC100\/110<\/strong><\/a><\/td>\n<\/tr>\n<tr>\n<td width=\"239\" height=\"17\">\u00a0<a href=\"https:\/\/banbientan.com\/wp-content\/uploads\/2012\/09\/MY2N-AC100-110.jpg\"><img loading=\"lazy\" decoding=\"async\" title=\"MY2N AC100-110\" src=\"https:\/\/banbientan.com\/wp-content\/uploads\/2012\/09\/MY2N-AC100-110.jpg\" alt=\"\" width=\"180\" height=\"180\" \/><\/a><\/td>\n<td width=\"245\">\u00a0<a href=\"https:\/\/banbientan.com\/wp-content\/uploads\/2012\/09\/MY2N-AC100-110.jpg\"><img loading=\"lazy\" decoding=\"async\" title=\"MY2N AC100-110\" src=\"https:\/\/banbientan.com\/wp-content\/uploads\/2012\/09\/MY2N-AC100-110.jpg\" alt=\"\" width=\"180\" height=\"180\" \/><\/a><\/td>\n<td width=\"219\">\u00a0<a href=\"https:\/\/banbientan.com\/wp-content\/uploads\/2012\/09\/MY2N-AC100-110.jpg\"><img loading=\"lazy\" decoding=\"async\" title=\"MY2N AC100-110\" src=\"https:\/\/banbientan.com\/wp-content\/uploads\/2012\/09\/MY2N-AC100-110.jpg\" alt=\"\" width=\"180\" height=\"180\" \/><\/a><\/td>\n<\/tr>\n<tr>\n<td width=\"239\" height=\"30\">R\u01a1 le 8 ch\u00e2n, ti\u1ebfp \u0111i\u1ec3m DPDT 5A, Coil AC100\/110<\/td>\n<td width=\"245\">R\u01a1 le 8 ch\u00e2n, ti\u1ebfp \u0111i\u1ec3m DPDT 5A, Coil AC220\/240<\/td>\n<td width=\"219\">R\u01a1 le 8 ch\u00e2n, ti\u1ebfp \u0111i\u1ec3m DPDT 5A, Coil DC100\/110<\/td>\n<\/tr>\n<tr>\n<td width=\"239\" height=\"17\"><strong>\u00a0<a href=\"https:\/\/banbientan.com\/my2n-dc12\">MY2N DC12<\/a><\/strong><\/td>\n<td width=\"245\"><a href=\"https:\/\/banbientan.com\/my2n-dc24\/\"><strong>\u00a0MY2N DC24<\/strong><\/a><\/td>\n<td width=\"219\"><strong>\u00a0<a href=\"https:\/\/banbientan.com\/my42-dc48\">MY42 DC48<\/a><\/strong><\/td>\n<\/tr>\n<tr>\n<td width=\"239\" height=\"17\">\u00a0<a href=\"https:\/\/banbientan.com\/wp-content\/uploads\/2012\/09\/MY2N-AC100-110.jpg\"><img loading=\"lazy\" decoding=\"async\" title=\"MY2N AC100-110\" src=\"https:\/\/banbientan.com\/wp-content\/uploads\/2012\/09\/MY2N-AC100-110.jpg\" alt=\"\" width=\"180\" height=\"180\" \/><\/a><\/td>\n<td width=\"245\">\u00a0<a href=\"https:\/\/banbientan.com\/wp-content\/uploads\/2012\/09\/MY2N-AC100-110.jpg\"><img loading=\"lazy\" decoding=\"async\" title=\"MY2N AC100-110\" src=\"https:\/\/banbientan.com\/wp-content\/uploads\/2012\/09\/MY2N-AC100-110.jpg\" alt=\"\" width=\"180\" height=\"180\" \/><\/a><\/td>\n<td width=\"219\">\u00a0<a href=\"https:\/\/banbientan.com\/wp-content\/uploads\/2012\/09\/MY2N-AC100-110.jpg\"><img loading=\"lazy\" decoding=\"async\" title=\"MY2N AC100-110\" src=\"https:\/\/banbientan.com\/wp-content\/uploads\/2012\/09\/MY2N-AC100-110.jpg\" alt=\"\" width=\"180\" height=\"180\" \/><\/a><\/td>\n<\/tr>\n<tr>\n<td width=\"239\" height=\"17\">R\u01a1 le 8 ch\u00e2n, ti\u1ebfp \u0111i\u1ec3m DPDT 5A, Coil DC12<\/td>\n<td width=\"245\">R\u01a1 le 8 ch\u00e2n, ti\u1ebfp \u0111i\u1ec3m DPDT 5A, Coil DC24<\/td>\n<td width=\"219\">R\u01a1 le 8 ch\u00e2n, ti\u1ebfp \u0111i\u1ec3m DPDT 5A, Coil DC48<\/td>\n<\/tr>\n<tr>\n<td width=\"239\" height=\"17\"><strong>\u00a0<a href=\"https:\/\/banbientan.com\/pyf08a-e\">PYF08A-E<\/a><\/strong><\/td>\n<td width=\"245\"><a href=\"https:\/\/banbientan.com\/pyf08a-n\"><strong>\u00a0PYF08A-N<\/strong><\/a><\/td>\n<td width=\"219\"><a href=\"https:\/\/banbientan.com\/pyf14a-e\"><strong>\u00a0PYF14A-E<\/strong><\/a><\/td>\n<\/tr>\n<tr>\n<td height=\"17\">\u00a0<a href=\"https:\/\/banbientan.com\/wp-content\/uploads\/2012\/09\/PYF08A-E.jpg\"><img loading=\"lazy\" decoding=\"async\" title=\"PYF08A-E\" src=\"https:\/\/banbientan.com\/wp-content\/uploads\/2012\/09\/PYF08A-E.jpg\" alt=\"\" width=\"210\" height=\"182\" \/><\/a><\/td>\n<td width=\"245\">\u00a0<a href=\"https:\/\/banbientan.com\/wp-content\/uploads\/2012\/09\/PYF08A-N.jpg\"><img loading=\"lazy\" decoding=\"async\" title=\"PYF08A-N\" src=\"https:\/\/banbientan.com\/wp-content\/uploads\/2012\/09\/PYF08A-N.jpg\" alt=\"\" width=\"203\" height=\"203\" \/><\/a><\/td>\n<td>\u00a0<a href=\"https:\/\/banbientan.com\/wp-content\/uploads\/2012\/09\/PYF14A-E.jpg\"><img loading=\"lazy\" decoding=\"async\" title=\"PYF14A-E\" src=\"https:\/\/banbientan.com\/wp-content\/uploads\/2012\/09\/PYF14A-E-300x225.jpg\" alt=\"\" width=\"180\" height=\"135\" \/><\/a><\/td>\n<\/tr>\n<tr>\n<td width=\"239\" height=\"17\">\u0110\u1ebf c\u1eafm m\u00e0u \u0111en 8 ch\u00e2n cho MY2<\/td>\n<td width=\"245\">\u0110\u1ebf c\u1eafm m\u00e0u tr\u1eafng 8 ch\u00e2n cho MY2<\/td>\n<td width=\"219\">\u0110\u1ebf c\u1eafm m\u00e0u \u0111en 14 ch\u00e2n cho MY4<\/td>\n<\/tr>\n<tr>\n<td width=\"239\" height=\"17\"><strong>\u00a0<a href=\"https:\/\/banbientan.com\/pyf14a-n\">PYF14A-N<\/a><\/strong><\/td>\n<td><strong>\u00a0<\/strong><\/td>\n<td><strong>\u00a0<\/strong><\/td>\n<\/tr>\n<tr>\n<td width=\"239\" height=\"17\">\u00a0<a href=\"https:\/\/banbientan.com\/wp-content\/uploads\/2012\/09\/PYF14A-N.jpg\"><img loading=\"lazy\" decoding=\"async\" title=\"PYF14A-N\" src=\"https:\/\/banbientan.com\/wp-content\/uploads\/2012\/09\/PYF14A-N-300x300.jpg\" alt=\"\" width=\"210\" height=\"210\" \/><\/a><\/td>\n<td width=\"245\"><\/td>\n<td width=\"219\"><\/td>\n<\/tr>\n<tr>\n<td width=\"239\" height=\"17\">\u0110\u1ebf c\u1eafm m\u00e0u tr\u1eafng 14 ch\u00e2n cho MY4<\/td>\n<td width=\"245\"><\/td>\n<td width=\"219\"><\/td>\n<\/tr>\n<\/tbody>\n<\/table>\n","protected":false},"excerpt":{"rendered":"<p>MY4N AC100\/110 \u00a0MY4N AC220\/240\u00a0 \u00a0MY4N DC100\/110 \u00a0 \u00a0 \u00a0 R\u01a1 le 14 ch\u00e2n, ti\u1ebfp \u0111i\u1ec3m 4PDT 3A, Coil AC100\/110 R\u01a1 le 14 ch\u00e2n, ti\u1ebfp \u0111i\u1ec3m 4PDT 3A, Coil AC220\/240 R\u01a1 le 14 ch\u00e2n, ti\u1ebfp \u0111i\u1ec3m 4PDT 3A, Coil DC100\/110 \u00a0MY4N DC12 \u00a0MY4N DC24 \u00a0MY4N DC48 \u00a0 \u00a0 \u00a0 R\u01a1 le 14 ch\u00e2n, ti\u1ebfp \u0111i\u1ec3m 4PDT [&hellip;]<\/p>\n","protected":false},"author":2,"featured_media":0,"parent":8777,"menu_order":6,"comment_status":"open","ping_status":"closed","template":"","meta":{"footnotes":""},"class_list":["post-9112","page","type-page","status-publish","hentry"],"_links":{"self":[{"href":"https:\/\/hunglong.banbientan.com\/index.php?rest_route=\/wp\/v2\/pages\/9112","targetHints":{"allow":["GET"]}}],"collection":[{"href":"https:\/\/hunglong.banbientan.com\/index.php?rest_route=\/wp\/v2\/pages"}],"about":[{"href":"https:\/\/hunglong.banbientan.com\/index.php?rest_route=\/wp\/v2\/types\/page"}],"author":[{"embeddable":true,"href":"https:\/\/hunglong.banbientan.com\/index.php?rest_route=\/wp\/v2\/users\/2"}],"replies":[{"embeddable":true,"href":"https:\/\/hunglong.banbientan.com\/index.php?rest_route=%2Fwp%2Fv2%2Fcomments&post=9112"}],"version-history":[{"count":0,"href":"https:\/\/hunglong.banbientan.com\/index.php?rest_route=\/wp\/v2\/pages\/9112\/revisions"}],"up":[{"embeddable":true,"href":"https:\/\/hunglong.banbientan.com\/index.php?rest_route=\/wp\/v2\/pages\/8777"}],"wp:attachment":[{"href":"https:\/\/hunglong.banbientan.com\/index.php?rest_route=%2Fwp%2Fv2%2Fmedia&parent=9112"}],"curies":[{"name":"wp","href":"https:\/\/api.w.org\/{rel}","templated":true}]}}