{"id":9943,"date":"2013-07-06T00:00:01","date_gmt":"2013-07-05T17:00:01","guid":{"rendered":"https:\/\/banbientan.com\/?page_id=9943"},"modified":"2013-07-06T00:00:01","modified_gmt":"2013-07-05T17:00:01","slug":"h3cr","status":"publish","type":"page","link":"https:\/\/hunglong.banbientan.com\/?page_id=9943","title":{"rendered":"H3CR"},"content":{"rendered":"<table style=\"width: 705px;\" border=\"0\" cellspacing=\"0\" cellpadding=\"0\">\n<colgroup>\n<col width=\"239\" \/>\n<col width=\"236\" \/>\n<col width=\"230\" \/> <\/colgroup>\n<tbody>\n<tr>\n<td width=\"239\" height=\"17\"><a href=\"https:\/\/banbientan.com\/h3cr-a-ac100-240-dc100-125\"><strong>H3CR-A AC100-240\/DC100-125<\/strong><\/a><\/td>\n<td width=\"236\"><a href=\"https:\/\/banbientan.com\/h3cr-a-ac24-48-dc12-48\"><strong>H3CR-A AC24-48\/DC12-48<\/strong><\/a><\/td>\n<td width=\"230\"><a href=\"https:\/\/banbientan.com\/h3cr-a8-ac100-240-dc100-125\"><strong>H3CR-A8 AC100-240\/DC100-125<\/strong><\/a><\/td>\n<\/tr>\n<tr>\n<td height=\"17\">\u00a0<a href=\"https:\/\/banbientan.com\/wp-content\/uploads\/2012\/10\/h3cr-a-ac100-240-dc100-125.jpg\"><img loading=\"lazy\" decoding=\"async\" title=\"h3cr-a-ac100-240-dc100-125\" src=\"https:\/\/banbientan.com\/wp-content\/uploads\/2012\/10\/h3cr-a-ac100-240-dc100-125.jpg\" alt=\"\" width=\"173\" height=\"168\" \/><\/a><\/td>\n<td>\u00a0<a href=\"https:\/\/banbientan.com\/wp-content\/uploads\/2012\/10\/h3cr-a-ac100-240-dc100-125.jpg\"><img loading=\"lazy\" decoding=\"async\" title=\"h3cr-a-ac100-240-dc100-125\" src=\"https:\/\/banbientan.com\/wp-content\/uploads\/2012\/10\/h3cr-a-ac100-240-dc100-125.jpg\" alt=\"\" width=\"173\" height=\"168\" \/><\/a><\/td>\n<td>\u00a0<a href=\"https:\/\/banbientan.com\/wp-content\/uploads\/2012\/10\/H3CR-A8-AC100-240-DC100-125.jpg\"><img loading=\"lazy\" decoding=\"async\" title=\"H3CR-A8 AC100-240-DC100-125\" src=\"https:\/\/banbientan.com\/wp-content\/uploads\/2012\/10\/H3CR-A8-AC100-240-DC100-125.jpg\" alt=\"\" width=\"173\" height=\"168\" \/><\/a><\/td>\n<\/tr>\n<tr>\n<td width=\"239\" height=\"34\">B\u1ed9 \u0111\u1ecbnh th\u1eddi gian \u0111a ch\u1ee9c n\u0103ng, 11-ch\u00e2n tr\u00f2n, analog<\/td>\n<td width=\"236\">B\u1ed9 \u0111\u1ecbnh th\u1eddi gian \u0111a ch\u1ee9c n\u0103ng, 11-ch\u00e2n tr\u00f2n, analog<\/td>\n<td width=\"230\">B\u1ed9 \u0111\u1ecbnh th\u1eddi gian \u0111a ch\u1ee9c n\u0103ng, 8-ch\u00e2n tr\u00f2n, analog<\/td>\n<\/tr>\n<tr>\n<td height=\"17\"><a href=\"https:\/\/banbientan.com\/h3cr-a8-ac24-48-dc12-48\/\"><strong>H3CR-A8 AC24-48\/DC12-48<\/strong><\/a><\/td>\n<td><a href=\"https:\/\/banbientan.com\/h3cr-f8-ac100-240\"><strong>H3CR-F8 AC100-240<\/strong><\/a><\/td>\n<td><a href=\"https:\/\/banbientan.com\/h3cr-f-ac100-240\/\"><strong>H3CR-F AC100-240<\/strong><\/a><\/td>\n<\/tr>\n<tr>\n<td height=\"17\">\u00a0<a href=\"https:\/\/banbientan.com\/wp-content\/uploads\/2012\/10\/h3cr-a-ac100-240-dc100-125.jpg\"><img loading=\"lazy\" decoding=\"async\" title=\"h3cr-a-ac100-240-dc100-125\" src=\"https:\/\/banbientan.com\/wp-content\/uploads\/2012\/10\/h3cr-a-ac100-240-dc100-125.jpg\" alt=\"\" width=\"173\" height=\"168\" \/><\/a><\/td>\n<td>\u00a0<a href=\"https:\/\/banbientan.com\/wp-content\/uploads\/2012\/10\/H3CR-F8-AC100-240.jpg\"><img loading=\"lazy\" decoding=\"async\" title=\"H3CR-F8 AC100-240\" src=\"https:\/\/banbientan.com\/wp-content\/uploads\/2012\/10\/H3CR-F8-AC100-240.jpg\" alt=\"\" width=\"148\" height=\"148\" \/><\/a><\/td>\n<td>\u00a0<a href=\"https:\/\/banbientan.com\/wp-content\/uploads\/2012\/10\/H3CR-F8-AC100-240.jpg\"><img loading=\"lazy\" decoding=\"async\" title=\"H3CR-F8 AC100-240\" src=\"https:\/\/banbientan.com\/wp-content\/uploads\/2012\/10\/H3CR-F8-AC100-240.jpg\" alt=\"\" width=\"148\" height=\"148\" \/><\/a><\/td>\n<\/tr>\n<tr>\n<td width=\"239\" height=\"68\">B\u1ed9 \u0111\u1ecbnh th\u1eddi gian \u0111a ch\u1ee9c n\u0103ng, 8-ch\u00e2n tr\u00f2n, analog<\/td>\n<td width=\"236\">B\u1ed9 \u0111\u1ecbnh th\u1eddi gian k\u00e9p (\u0111\u1ecbnh th\u1eddi gian ON v\u00e0 OFF), 8-ch\u00e2n tr\u00f2n, analog<\/td>\n<td width=\"230\">B\u1ed9 \u0111\u1ecbnh th\u1eddi gian k\u00e9p (\u0111\u1ecbnh th\u1eddi gian ON v\u00e0 OFF), 11-ch\u00e2n tr\u00f2n, analog<\/td>\n<\/tr>\n<tr>\n<td height=\"20\"><a href=\"https:\/\/banbientan.com\/h3cr-h8l-ac200-240-m\"><strong>H3CR-H8L AC200-240 M<\/strong><\/a><\/td>\n<td><a href=\"https:\/\/banbientan.com\/h3cr-h8l-ac200-240-s\"><strong>H3CR-H8L AC200-240 S<\/strong><\/a><\/td>\n<td><a href=\"https:\/\/banbientan.com\/h3cr-g8el-ac200-240\"><strong>H3CR-G8EL AC200-240<\/strong><\/a><\/td>\n<\/tr>\n<tr>\n<td height=\"17\">\u00a0<a href=\"https:\/\/banbientan.com\/wp-content\/uploads\/2012\/10\/H3CR-H8L-AC200-240-M.jpg\"><img loading=\"lazy\" decoding=\"async\" title=\"H3CR-H8L AC200-240 M\" src=\"https:\/\/banbientan.com\/wp-content\/uploads\/2012\/10\/H3CR-H8L-AC200-240-M.jpg\" alt=\"\" width=\"166\" height=\"175\" \/><\/a><\/td>\n<td>\u00a0<a href=\"https:\/\/banbientan.com\/wp-content\/uploads\/2012\/10\/H3CR-H8L-AC200-240-M.jpg\"><img loading=\"lazy\" decoding=\"async\" title=\"H3CR-H8L AC200-240 M\" src=\"https:\/\/banbientan.com\/wp-content\/uploads\/2012\/10\/H3CR-H8L-AC200-240-M.jpg\" alt=\"\" width=\"166\" height=\"175\" \/><\/a><\/td>\n<td>\u00a0<a href=\"https:\/\/banbientan.com\/wp-content\/uploads\/2012\/10\/H3CR-G8EL-AC200-240.png\"><img loading=\"lazy\" decoding=\"async\" title=\"H3CR-G8EL AC200-240\" src=\"https:\/\/banbientan.com\/wp-content\/uploads\/2012\/10\/H3CR-G8EL-AC200-240.png\" alt=\"\" width=\"150\" height=\"175\" \/><\/a><\/td>\n<\/tr>\n<tr>\n<td width=\"239\" height=\"51\">B\u1ed9 \u0111\u1ecbnh th\u1eddi gian OFF-Delay, 0.05 ~ 12 ph\u00fat<\/td>\n<td width=\"236\">B\u1ed9 \u0111\u1ecbnh th\u1eddi gian OFF-Delay, 0.05 ~ 12 gi\u00e2y<\/td>\n<td width=\"230\">B\u1ed9 \u0111\u1ecbnh th\u1eddi gian kh\u1edfi \u0111\u1ed9ng Sao-Tam gi\u00e1c (Y-\u2206)<\/td>\n<\/tr>\n<\/tbody>\n<\/table>\n","protected":false},"excerpt":{"rendered":"<p>H3CR-A AC100-240\/DC100-125 H3CR-A AC24-48\/DC12-48 H3CR-A8 AC100-240\/DC100-125 \u00a0 \u00a0 \u00a0 B\u1ed9 \u0111\u1ecbnh th\u1eddi gian \u0111a ch\u1ee9c n\u0103ng, 11-ch\u00e2n tr\u00f2n, analog B\u1ed9 \u0111\u1ecbnh th\u1eddi gian \u0111a ch\u1ee9c n\u0103ng, 11-ch\u00e2n tr\u00f2n, analog B\u1ed9 \u0111\u1ecbnh th\u1eddi gian \u0111a ch\u1ee9c n\u0103ng, 8-ch\u00e2n tr\u00f2n, analog H3CR-A8 AC24-48\/DC12-48 H3CR-F8 AC100-240 H3CR-F AC100-240 \u00a0 \u00a0 \u00a0 B\u1ed9 \u0111\u1ecbnh th\u1eddi gian \u0111a ch\u1ee9c n\u0103ng, [&hellip;]<\/p>\n","protected":false},"author":2,"featured_media":0,"parent":8466,"menu_order":3,"comment_status":"open","ping_status":"closed","template":"","meta":{"footnotes":""},"class_list":["post-9943","page","type-page","status-publish","hentry"],"_links":{"self":[{"href":"https:\/\/hunglong.banbientan.com\/index.php?rest_route=\/wp\/v2\/pages\/9943","targetHints":{"allow":["GET"]}}],"collection":[{"href":"https:\/\/hunglong.banbientan.com\/index.php?rest_route=\/wp\/v2\/pages"}],"about":[{"href":"https:\/\/hunglong.banbientan.com\/index.php?rest_route=\/wp\/v2\/types\/page"}],"author":[{"embeddable":true,"href":"https:\/\/hunglong.banbientan.com\/index.php?rest_route=\/wp\/v2\/users\/2"}],"replies":[{"embeddable":true,"href":"https:\/\/hunglong.banbientan.com\/index.php?rest_route=%2Fwp%2Fv2%2Fcomments&post=9943"}],"version-history":[{"count":0,"href":"https:\/\/hunglong.banbientan.com\/index.php?rest_route=\/wp\/v2\/pages\/9943\/revisions"}],"up":[{"embeddable":true,"href":"https:\/\/hunglong.banbientan.com\/index.php?rest_route=\/wp\/v2\/pages\/8466"}],"wp:attachment":[{"href":"https:\/\/hunglong.banbientan.com\/index.php?rest_route=%2Fwp%2Fv2%2Fmedia&parent=9943"}],"curies":[{"name":"wp","href":"https:\/\/api.w.org\/{rel}","templated":true}]}}